{"id":428,"date":"2024-04-24T19:41:15","date_gmt":"2024-04-24T19:41:15","guid":{"rendered":"https:\/\/civicgreen.erasmus.site\/?page_id=428"},"modified":"2024-06-12T15:20:49","modified_gmt":"2024-06-12T15:20:49","slug":"framework-parameters-of-civic-monitoring","status":"publish","type":"page","link":"https:\/\/civicgreen.erasmus.site\/de\/civic-monitoring-tool\/framework-parameters-of-civic-monitoring\/","title":{"rendered":"RAHMENWERK: PARAMETER DES B\u00dcRGERLICHEN MONITORINGS"},"content":{"rendered":"<p><nav aria-label=\"breadcrumbs\">\n            <div class=\"breadcrumb-container theme5\">\n                <ol>\n                                    <\/ol>\n            <\/div>\n        <\/nav>    <script type=\"application\/ld+json\">\n        {\n            \"@context\": \"http:\/\/schema.org\",\n            \"@type\": \"BreadcrumbList\",\n            \"itemListElement\": [\n                            ]\n        }\n    <\/script>\n   \n    <script>\n            <\/script>\n<\/p>\n<p><strong>Einf\u00fchrung <\/strong><\/p>\n<p>Das B\u00fcrgermonitoring ist eine wichtige Praxis, die die B\u00fcrger*innen in die Lage versetzt, sich aktiv an der \u00dcberwachung der \u00f6ffentlichen Politik und der Ressourcenverteilung zu beteiligen. Um ihre Wirkung vollst\u00e4ndig zu verstehen, m\u00fcssen wir sechs wesentliche Parameter ber\u00fccksichtigen. Diese Parameter &#8211; Transparenz, Rechenschaftspflicht, Partizipation, Effizienz und Effektivit\u00e4t, Leistungserbringung und Korruptionsbek\u00e4mpfung &#8211; bilden den Rahmen, durch den das B\u00fcrgermonitoring die Regierungsf\u00fchrung verbessert, die B\u00fcrgerbeteiligung f\u00f6rdern und eine verantwortungsvolle Zuweisung \u00f6ffentlicher Ressourcen gew\u00e4hrleisten soll.<\/p>\n<p><strong>(1) Transparenz<\/strong><\/p>\n<p>Transparenz ist die Grundlage f\u00fcr das Monitoring durch die B\u00fcrger*innen. Sie bedeutet, dass staatliche Ma\u00dfnahmen, Entscheidungen und Informationen f\u00fcr die \u00d6ffentlichkeit zug\u00e4nglich gemacht werden. Die B\u00fcrgerkontrolle stellt sicher, dass relevante Daten, Haushaltspl\u00e4ne und politische Ma\u00dfnahmen offen zug\u00e4nglich sind, so dass die B\u00fcrgerinnen und B\u00fcrger die T\u00e4tigkeit der Regierung wirksam \u00fcberpr\u00fcfen k\u00f6nnen. Transparentes Regieren schafft Vertrauen und versetzt die B\u00fcrger*innen in die Lage, die Beh\u00f6rden f\u00fcr ihr Handeln zur Rechenschaft zu ziehen. Durch Transparenz kann die \u00d6ffentlichkeit beurteilen, wie die Mittel der Steuerzahler*innen eingesetzt werden und ob die Politik mit dem Gemeinwohl \u00fcbereinstimmt, wodurch eine informierte B\u00fcrgerschaft und eine Kultur der offenen Verwaltung gef\u00f6rdert werden.<\/p>\n<p><strong>(2) Rechenschaftspflicht<\/strong><\/p>\n<p>Die Rechenschaftspflicht erg\u00e4nzt die Transparenz und stellt sicher, dass die Machthaber*innen f\u00fcr ihre Handlungen verantwortlich sind. Durch zivilgesellschaftliche \u00dcberwachungsmechanismen werden Mechanismen geschaffen, um Regierungsbeamt*innen, Beh\u00f6rden und Institutionen f\u00fcr ihre Entscheidungen verantwortlich zu machen. Die B\u00fcrger*innen k\u00f6nnen Erkl\u00e4rungen f\u00fcr politische Ergebnisse, Haushaltszuweisungen und die Durchf\u00fchrung von Projekten verlangen. Rechenschaftspflicht schreckt nicht nur von Korruption und Ressourcenmissbrauch ab, sondern ermutigt auch staatliche Stellen, die h\u00f6chsten Integrit\u00e4tsstandards einzuhalten. Sie ist ein entscheidender Faktor, der die Wirksamkeit b\u00fcrgerschaftlicher \u00dcberwachungsbem\u00fchungen sicherstellt und eine Kultur der Verantwortung und des Entgegenkommens innerhalb \u00f6ffentlicher Einrichtungen f\u00f6rdert.<\/p>\n<p><strong>(3) Teilnahme<\/strong><\/p>\n<p>Partizipation ist das Herzst\u00fcck der zivilen \u00dcberwachung. Es geht darum, die B\u00fcrger*innen aktiv in den Entscheidungsfindungsprozess einzubeziehen, von der Politikentwicklung bis zur Projektumsetzung. Das B\u00fcrgermonitoring gibt Einzelpersonen und Gemeinschaften die M\u00f6glichkeit, ihre Bedenken, Vorschl\u00e4ge und R\u00fcckmeldungen zu \u00e4u\u00dfern. Auf diese Weise werden die B\u00fcrger*innen von passiven Beobachtern zu Mitgestalter*innen der \u00f6ffentlichen Politik. Ihre Erkenntnisse und Beitr\u00e4ge verbessern die Qualit\u00e4t, Relevanz und Wirksamkeit der Politik. Das B\u00fcrgermonitoring f\u00f6rdert die Inklusion und stellt sicher, dass die unterschiedlichen Bed\u00fcrfnisse und W\u00fcnsche der Bev\u00f6lkerung ber\u00fccksichtigt werden, was letztlich eine demokratische und reaktionsf\u00e4hige Regierung f\u00f6rdert.<\/p>\n<p><strong>(4) Effizienz und Effektivit\u00e4t <\/strong><\/p>\n<p>Effizienz und Effektivit\u00e4t sind die Hauptergebnisse des B\u00fcrgermonitorings. Indem sie sich aktiv an der Bewertung \u00f6ffentlicher Ma\u00dfnahmen beteiligen, tragen die B\u00fcrger*innen und die Instrumente des B\u00fcrgermonitorings dazu bei, dass die staatlichen Ressourcen optimal genutzt werden. Sie messen die Leistung von Ma\u00dfnahmen und Projekten anhand der angestrebten Ziele und Ergebnisse. Die Ergebnisse der \u00dcberwachung k\u00f6nnen den Entscheidungstr\u00e4gern bei der Umverteilung von Ressourcen oder der \u00c4nderung von Strategien helfen, um die Wirkung zu maximieren. Das Monitoring durch die B\u00fcrger*innen zielt darauf ab, die \u00f6ffentliche Politik effizienter zu gestalten, die Verschwendung zu verringern und ihre Gesamtwirksamkeit zu verbessern, um den Gemeinschaften sinnvolle Vorteile zu bieten.<\/p>\n<p><strong>(5) Erbringung von Dienstleistungen<\/strong><\/p>\n<p>Das Monitoring durch die B\u00fcrgerinnen und B\u00fcrger hat erheblichen Einfluss auf die Qualit\u00e4t und Zug\u00e4nglichkeit \u00f6ffentlicher Dienstleistungen. Sie bef\u00e4higt die B\u00fcrger*innen die Erbringung grundlegender Dienstleistungen wie Gesundheitsversorgung, Bildung und Infrastruktur zu beurteilen. Durch die aktive \u00dcberwachung dieser Dienstleistungen k\u00f6nnen die Gemeinschaften die Regierungen f\u00fcr die Bereitstellung rechtzeitiger, gerechter und hochwertiger Dienstleistungen zur Verantwortung ziehen. Das Monitoring durch die B\u00fcrgerinnen und B\u00fcrger hilft dabei, L\u00fccken in der Leistungserbringung zu erkennen und stellt sicher, dass die Regierungen auf die spezifischen Bed\u00fcrfnisse ihrer B\u00fcrgerinnen und B\u00fcrger eingehen. Sie f\u00f6rdert die Entwicklung innovativer L\u00f6sungen, die es den Regierungen erm\u00f6glichen, die Bereitstellung von Dienstleistungen zu verbessern und ihren B\u00fcrger*innen besser zu dienen.<\/p>\n<p><strong>(6) Korruptionsbek\u00e4mpfung <\/strong><\/p>\n<p>Eines der Hauptziele der b\u00fcrgerlichen \u00dcberwachung ist die Bek\u00e4mpfung der Korruption. Korruption untergr\u00e4bt das Vertrauen der \u00d6ffentlichkeit, untergr\u00e4bt die Effektivit\u00e4t der Regierung und lenkt Ressourcen von ihren eigentlichen Zielen ab. Instrumente des B\u00fcrgermonitorings und b\u00fcrgerschaftlichen Engagements sind wirksame Gegenmittel gegen Korruption. Sie schaffen ein Umfeld, in dem korrupte Praktiken aufgedeckt, gemeldet und abgeschreckt werden. Indem sie sich aktiv an der \u00dcberwachung der \u00f6ffentlichen Politik beteiligen, werden die B\u00fcrger*innen zu Wachhunden gegen korrupte Aktivit\u00e4ten. Das Monitoring durch die B\u00fcrger*innen f\u00f6rdert die Meldung von Unregelm\u00e4\u00dfigkeiten und die missbr\u00e4uchliche Verwendung \u00f6ffentlicher Gelder, was das Gedeihen von Korruption erschwert und eine Kultur der ethischen Staatsf\u00fchrung f\u00f6rdert.<\/p>\n<p><img decoding=\"async\" class=\"wp-image-877 size-full aligncenter\" src=\"https:\/\/civicgreen.erasmus.site\/wp-content\/uploads\/2024\/06\/image005.gif\" alt=\"\" width=\"648\" height=\"267\" \/><\/p>\n<p style=\"text-align: center;\"><strong>RAHMENWERK: PARAMETER DES\u00a0 B\u00dcRGERLICHEN MONITORINGS<\/strong><\/p>\n<p>Zusammenfassend l\u00e4sst sich sagen, dass das B\u00fcrgermonitoring ein wirksames Instrument ist, das die B\u00fcrger*innen in die Lage versetzt, sich aktiv an der \u00dcberwachung der \u00f6ffentlichen Politik und der Ressourcenverteilung zu beteiligen. Innerhalb seines umfassenden Rahmens dienen sechs Kernparameter &#8211; Transparenz, Rechenschaftspflicht, Partizipation, Effizienz und Effektivit\u00e4t, Leistungserbringung und Korruptionsbek\u00e4mpfung &#8211; als Leitprinzipien. Transparenz und Rechenschaftspflicht stellen sicher, dass das Regierungshandeln einer \u00f6ffentlichen Pr\u00fcfung unterzogen wird, w\u00e4hrend die Beteiligung die B\u00fcrger*innen zu Mitgestalter*innen der \u00f6ffentlichen Politik macht. Das Monitoring durch die B\u00fcrger*innen erh\u00f6ht die Effizienz und Effektivit\u00e4t, indem sie die Ressourcenzuteilung und die Erbringung von Dienstleistungen optimiert, was letztlich eine gute Regierungsf\u00fchrung f\u00f6rdert. Dar\u00fcber hinaus dient sie als wirksame Abschreckung gegen Korruption und h\u00e4lt die Grunds\u00e4tze der Integrit\u00e4t im \u00f6ffentlichen Dienst aufrecht. Durch die Ber\u00fccksichtigung dieser Parameter st\u00e4rkt die B\u00fcrger\u00fcberwachung die Rolle der B\u00fcrger*innen bei der Gestaltung ihres Gemeinwesens, gew\u00e4hrleistet die verantwortungsvolle Zuweisung \u00f6ffentlicher Ressourcen und verbessert die allgemeine Qualit\u00e4t der Regierungsf\u00fchrung.<\/p>","protected":false},"excerpt":{"rendered":"<p>Einf\u00fchrung Das B\u00fcrgermonitoring ist eine wichtige Praxis, die die B\u00fcrger*innen in die Lage versetzt, sich aktiv an der \u00dcberwachung der \u00f6ffentlichen Politik und der Ressourcenverteilung zu beteiligen. Um ihre Wirkung vollst\u00e4ndig zu verstehen, m\u00fcssen wir sechs wesentliche Parameter ber\u00fccksichtigen. Diese Parameter &#8211; Transparenz, Rechenschaftspflicht, Partizipation, Effizienz und Effektivit\u00e4t, Leistungserbringung und Korruptionsbek\u00e4mpfung &#8211; bilden den Rahmen,&hellip;&nbsp;<a href=\"https:\/\/civicgreen.erasmus.site\/de\/civic-monitoring-tool\/framework-parameters-of-civic-monitoring\/\" rel=\"bookmark\">Weiterlesen &raquo;<span class=\"screen-reader-text\">RAHMENWERK: PARAMETER DES B\u00dcRGERLICHEN MONITORINGS<\/span><\/a><\/p>\n","protected":false},"author":1,"featured_media":0,"parent":103,"menu_order":0,"comment_status":"closed","ping_status":"closed","template":"","meta":{"neve_meta_sidebar":"","neve_meta_container":"","neve_meta_enable_content_width":"off","neve_meta_content_width":100,"neve_meta_title_alignment":"","neve_meta_author_avatar":"","neve_post_elements_order":"","neve_meta_disable_header":"","neve_meta_disable_footer":"","neve_meta_disable_title":"on","footnotes":""},"class_list":["post-428","page","type-page","status-publish","hentry"],"_links":{"self":[{"href":"https:\/\/civicgreen.erasmus.site\/de\/wp-json\/wp\/v2\/pages\/428","targetHints":{"allow":["GET"]}}],"collection":[{"href":"https:\/\/civicgreen.erasmus.site\/de\/wp-json\/wp\/v2\/pages"}],"about":[{"href":"https:\/\/civicgreen.erasmus.site\/de\/wp-json\/wp\/v2\/types\/page"}],"author":[{"embeddable":true,"href":"https:\/\/civicgreen.erasmus.site\/de\/wp-json\/wp\/v2\/users\/1"}],"replies":[{"embeddable":true,"href":"https:\/\/civicgreen.erasmus.site\/de\/wp-json\/wp\/v2\/comments?post=428"}],"version-history":[{"count":10,"href":"https:\/\/civicgreen.erasmus.site\/de\/wp-json\/wp\/v2\/pages\/428\/revisions"}],"predecessor-version":[{"id":909,"href":"https:\/\/civicgreen.erasmus.site\/de\/wp-json\/wp\/v2\/pages\/428\/revisions\/909"}],"up":[{"embeddable":true,"href":"https:\/\/civicgreen.erasmus.site\/de\/wp-json\/wp\/v2\/pages\/103"}],"wp:attachment":[{"href":"https:\/\/civicgreen.erasmus.site\/de\/wp-json\/wp\/v2\/media?parent=428"}],"curies":[{"name":"wp","href":"https:\/\/api.w.org\/{rel}","templated":true}]}}