{"id":435,"date":"2024-04-24T19:45:55","date_gmt":"2024-04-24T19:45:55","guid":{"rendered":"https:\/\/civicgreen.erasmus.site\/?page_id=435"},"modified":"2024-06-12T15:22:03","modified_gmt":"2024-06-12T15:22:03","slug":"elements-of-civic-monitoring","status":"publish","type":"page","link":"https:\/\/civicgreen.erasmus.site\/de\/civic-monitoring-tool\/elements-of-civic-monitoring\/","title":{"rendered":"ELEMENTE DES B\u00dcRGERLICHEN MONITORINGS"},"content":{"rendered":"<p><nav aria-label=\"breadcrumbs\">\n            <div class=\"breadcrumb-container theme5\">\n                <ol>\n                                    <\/ol>\n            <\/div>\n        <\/nav>    <script type=\"application\/ld+json\">\n        {\n            \"@context\": \"http:\/\/schema.org\",\n            \"@type\": \"BreadcrumbList\",\n            \"itemListElement\": [\n                            ]\n        }\n    <\/script>\n   \n    <script>\n            <\/script>\n<\/p>\n<p><strong>Einf\u00fchrung <\/strong><\/p>\n<p>Das B\u00fcrgermonitoring ist ein dynamischer Prozess, der die B\u00fcrgerinnen und B\u00fcrger bef\u00e4higt, sich aktiv an der Bewertung und \u00dcberwachung der \u00f6ffentlichen Politik und der Ressourcenverteilung zu beteiligen. Diese vielschichtige Praxis umfasst sechs Schl\u00fcsselelemente, die den Kern ihrer Funktionsweise bilden. Diese Elemente &#8211; Datenerhebung, Datenanalyse, Transparenz, B\u00fcrgerbeteiligung, Rechenschaftspflicht und Kontrolle sowie das Eintreten f\u00fcr Ver\u00e4nderungen &#8211; bilden die Grundlage f\u00fcr ein wirksames B\u00fcrgermonitoring, das Transparenz, Rechenschaftspflicht und eine bessere Regierungsf\u00fchrung f\u00f6rdert.<\/p>\n<p><strong>(1) Datenerhebung<\/strong><\/p>\n<p>Die Datenerhebung ist der Eckpfeiler der B\u00fcrger\u00fcberwachung. Sie umfasst das Sammeln relevanter Informationen \u00fcber die \u00f6ffentliche Politik, die Haushalte und die Zuweisung von Ressourcen. Diese Daten k\u00f6nnen aus einer Vielzahl von Quellen stammen, von offiziellen Regierungsdokumenten bis hin zum Feedback aus den Gemeinden vor Ort. Tools f\u00fcr die B\u00fcrger\u00fcberwachung spielen oft eine zentrale Rolle bei der Sammlung und Konsolidierung von Daten und stellen sicher, dass diese genau, relevant und f\u00fcr die B\u00fcrger*innen zug\u00e4nglich sind. Eine solide Datenerfassung bef\u00e4higt die B\u00fcrger*innen, fundierte Entscheidungen zu treffen, da sie die faktische Grundlage f\u00fcr die Bewertung der politischen Ergebnisse und der Leistung der Regierung bildet.<\/p>\n<p><strong>(2) Datenanalyse<\/strong><\/p>\n<p>Bei der Datenanalyse geht es darum, die durch das B\u00fcrgermonitoring gesammelten Informationen sinnvoll zu nutzen. Dabei werden die Daten auf Muster, Trends und Anomalien untersucht, die wertvolle Einblicke in die Auswirkungen und die Effektivit\u00e4t der \u00f6ffentlichen Politik liefern k\u00f6nnen. Die Datenanalyse st\u00fctzt sich h\u00e4ufig auf quantitative und qualitative Techniken, die es den B\u00fcrgerbeobachtern erm\u00f6glichen, fundierte Schlussfolgerungen \u00fcber die Ergebnisse der Politik zu ziehen. Durch eine wirksame Analyse helfen die Instrumente des B\u00fcrgermonitorings den B\u00fcrger*innen, Bereiche zu identifizieren, in denen die Politik erfolgreich ist oder versagt, was eine faktengest\u00fctzte Entscheidungsfindung erleichtert und zur allgemeinen Verbesserung der Regierungsf\u00fchrung beitr\u00e4gt.<\/p>\n<p><strong>(3) Transparenz oder Zugang zu Informationen<\/strong><\/p>\n<p>Transparenz und Zugang zu Informationen sind Grundprinzipien des b\u00fcrgerlichen Monitorings. Sie stellen sicher, dass staatliche Ma\u00dfnahmen, Entscheidungen und Daten offen und f\u00fcr die \u00d6ffentlichkeit zug\u00e4nglich sind. Das B\u00fcrgermonitoring ist bestrebt, Informationssilos aufzubrechen und wichtige Daten f\u00fcr alle B\u00fcrger*innen zug\u00e4nglich zu machen. Durch eine transparente Verwaltung k\u00f6nnen die B\u00fcrgerinnen und B\u00fcrger pr\u00fcfen und verstehen, wie \u00f6ffentliche Mittel zugewiesen werden, welche politischen Ma\u00dfnahmen umgesetzt werden und ob sie mit dem Gemeinwohl in Einklang stehen. Dieser Zugang zu Informationen verbessert nicht nur die Rechenschaftspflicht, sondern f\u00f6rdert auch das Vertrauen zwischen B\u00fcrger*innen und staatlichen Institutionen und damit eine Kultur der offenen und reaktionsf\u00e4higen Verwaltung.<\/p>\n<p><strong>(4) B\u00fcrgerschaftliches Engagement<\/strong><\/p>\n<p>B\u00fcrgerschaftliches Engagement ist das Herzst\u00fcck der zivilen \u00dcberwachung. Es f\u00f6rdert die aktive Beteiligung von Einzelpersonen und Gemeinschaften am Entscheidungsprozess. Instrumente des B\u00fcrgermonitorings bieten Plattformen und Kan\u00e4le, \u00fcber die die B\u00fcrger*innen ihre Bedenken, Vorschl\u00e4ge und R\u00fcckmeldungen \u00e4u\u00dfern k\u00f6nnen. Indem sie sich an Dialogen und Konsultationen beteiligen, werden die B\u00fcrger*innen von passiven Beobachtern zu Mitgestalter*innen der \u00f6ffentlichen Politik. Ihre Einsichten und Beitr\u00e4ge bereichern die Politikentwicklung und machen sie relevanter, reaktionsf\u00e4higer und effektiver. Die zivilgesellschaftliche \u00dcberwachung stellt sicher, dass die unterschiedlichen Bed\u00fcrfnisse und W\u00fcnsche der Bev\u00f6lkerung ber\u00fccksichtigt werden, und f\u00f6rdert so eine demokratische und integrative Form der Regierungsf\u00fchrung.<\/p>\n<p><strong>(5) Rechenschaftspflicht und Beaufsichtigung<\/strong><\/p>\n<p>Rechenschaftspflicht und Aufsicht sind entscheidende Elemente der zivilen \u00dcberwachung, die sicherstellen, dass die Machthaber*innen f\u00fcr ihre Handlungen zur Verantwortung gezogen werden. Mechanismen der b\u00fcrgerlichen \u00dcberwachung schaffen Verfahren, mit denen Regierungsbeamt*innen, Beh\u00f6rden und Institutionen f\u00fcr ihre Entscheidungen zur Verantwortung gezogen werden k\u00f6nnen. Die B\u00fcrgerinnen und B\u00fcrger k\u00f6nnen Erkl\u00e4rungen f\u00fcr die Ergebnisse ihrer Politik, die Zuweisung von Haushaltsmitteln und die Durchf\u00fchrung von Projekten verlangen. Rechenschaftspflicht schreckt nicht nur von Korruption und Ressourcenmissbrauch ab, sondern ermutigt auch staatliche Stellen, hohe Integrit\u00e4tsstandards einzuhalten. Durch die F\u00f6rderung einer Kultur der Verantwortung und des Verantwortungsbewusstseins innerhalb der \u00f6ffentlichen Einrichtungen sind Rechenschaftspflicht und Aufsicht von zentraler Bedeutung f\u00fcr die Wirksamkeit der zivilen \u00dcberwachungsma\u00dfnahmen.<\/p>\n<p><strong>(6) F\u00fcrsprache f\u00fcr die Transformation <\/strong><\/p>\n<p>F\u00fcrsprache f\u00fcr die Transformation ist das zukunftsweisende Element des B\u00fcrgermonitorings. Es geht darum, die durch die Datensammlung und -analyse gewonnenen Erkenntnisse und Beweise zu nutzen, um sich f\u00fcr politische Ver\u00e4nderungen und\u00a0 Verbesserungen einzusetzen. B\u00fcrgerbeobachter setzen sich, oft in Zusammenarbeit mit Organisationen der Zivilgesellschaft, f\u00fcr eine positive Ver\u00e4nderung der \u00f6ffentlichen Politik ein. Sie treten mit Regierungsbeh\u00f6rden in Kontakt und setzen sich f\u00fcr Reformen ein, um die Wirksamkeit und Reaktionsf\u00e4higkeit der Politik zu verbessern. Indem sie die Kluft zwischen den Anliegen der B\u00fcrger*innen und den Ma\u00dfnahmen der Regierung \u00fcberbr\u00fccken, katalysieren sie Verbesserungen in der Regierungsf\u00fchrung und tragen letztendlich zu einer besseren \u00f6ffentlichen Politik und besseren Ergebnissen bei.<\/p>\n<p><img decoding=\"async\" class=\"aligncenter wp-image-879 size-full\" src=\"https:\/\/civicgreen.erasmus.site\/wp-content\/uploads\/2024\/06\/image006.gif\" alt=\"\" width=\"647\" height=\"256\" \/><\/p>\n<p style=\"text-align: center;\"><strong>ELEMENTE DES B\u00dcRGERLICHEN MONITORINGS<\/strong><\/p>\n<p>B\u00fcrgerliches Monitoring ist schlie\u00dflich\u00a0 ein umfassender Prozess, der die B\u00fcrgerinnen und B\u00fcrger in die Lage versetzt, sich aktiv an der Bewertung und \u00dcberwachung der \u00f6ffentlichen Politik und der Ressourcenverteilung zu beteiligen. Seine Schl\u00fcsselelemente &#8211; Datenerhebung, Datenanalyse, Transparenz, B\u00fcrgerbeteiligung, Rechenschaftspflicht und Kontrolle sowie das Eintreten f\u00fcr Ver\u00e4nderungen &#8211; arbeiten zusammen, um Transparenz, Rechenschaftspflicht und eine bessere Regierungsf\u00fchrung zu f\u00f6rdern. Durch diese Elemente dient das B\u00fcrgermonitoring als Br\u00fccke zwischen den B\u00fcrger*innen und der Regierung und erm\u00f6glicht eine fundierte Entscheidungsfindung, verbesserte politische Ergebnisse und das kontinuierliche Streben nach einer integrativeren und reaktionsf\u00e4higeren Demokratie. Durch die Nutzung dieser Elemente tr\u00e4gt das B\u00fcrgermonitoring zu einer engagierten, besser informierten und st\u00e4rker bef\u00e4higten B\u00fcrgerschaft bei.<\/p>","protected":false},"excerpt":{"rendered":"<p>Einf\u00fchrung Das B\u00fcrgermonitoring ist ein dynamischer Prozess, der die B\u00fcrgerinnen und B\u00fcrger bef\u00e4higt, sich aktiv an der Bewertung und \u00dcberwachung der \u00f6ffentlichen Politik und der Ressourcenverteilung zu beteiligen. Diese vielschichtige Praxis umfasst sechs Schl\u00fcsselelemente, die den Kern ihrer Funktionsweise bilden. Diese Elemente &#8211; Datenerhebung, Datenanalyse, Transparenz, B\u00fcrgerbeteiligung, Rechenschaftspflicht und Kontrolle sowie das Eintreten f\u00fcr Ver\u00e4nderungen&hellip;&nbsp;<a href=\"https:\/\/civicgreen.erasmus.site\/de\/civic-monitoring-tool\/elements-of-civic-monitoring\/\" rel=\"bookmark\">Weiterlesen &raquo;<span class=\"screen-reader-text\">ELEMENTE DES B\u00dcRGERLICHEN MONITORINGS<\/span><\/a><\/p>\n","protected":false},"author":1,"featured_media":0,"parent":103,"menu_order":0,"comment_status":"closed","ping_status":"closed","template":"","meta":{"neve_meta_sidebar":"","neve_meta_container":"","neve_meta_enable_content_width":"off","neve_meta_content_width":100,"neve_meta_title_alignment":"","neve_meta_author_avatar":"","neve_post_elements_order":"","neve_meta_disable_header":"","neve_meta_disable_footer":"","neve_meta_disable_title":"on","footnotes":""},"class_list":["post-435","page","type-page","status-publish","hentry"],"_links":{"self":[{"href":"https:\/\/civicgreen.erasmus.site\/de\/wp-json\/wp\/v2\/pages\/435","targetHints":{"allow":["GET"]}}],"collection":[{"href":"https:\/\/civicgreen.erasmus.site\/de\/wp-json\/wp\/v2\/pages"}],"about":[{"href":"https:\/\/civicgreen.erasmus.site\/de\/wp-json\/wp\/v2\/types\/page"}],"author":[{"embeddable":true,"href":"https:\/\/civicgreen.erasmus.site\/de\/wp-json\/wp\/v2\/users\/1"}],"replies":[{"embeddable":true,"href":"https:\/\/civicgreen.erasmus.site\/de\/wp-json\/wp\/v2\/comments?post=435"}],"version-history":[{"count":10,"href":"https:\/\/civicgreen.erasmus.site\/de\/wp-json\/wp\/v2\/pages\/435\/revisions"}],"predecessor-version":[{"id":911,"href":"https:\/\/civicgreen.erasmus.site\/de\/wp-json\/wp\/v2\/pages\/435\/revisions\/911"}],"up":[{"embeddable":true,"href":"https:\/\/civicgreen.erasmus.site\/de\/wp-json\/wp\/v2\/pages\/103"}],"wp:attachment":[{"href":"https:\/\/civicgreen.erasmus.site\/de\/wp-json\/wp\/v2\/media?parent=435"}],"curies":[{"name":"wp","href":"https:\/\/api.w.org\/{rel}","templated":true}]}}