{"id":441,"date":"2024-04-24T19:47:29","date_gmt":"2024-04-24T19:47:29","guid":{"rendered":"https:\/\/civicgreen.erasmus.site\/?page_id=441"},"modified":"2024-06-12T15:23:28","modified_gmt":"2024-06-12T15:23:28","slug":"the-6-phases-of-applying-a-civic-monitoring-tool","status":"publish","type":"page","link":"https:\/\/civicgreen.erasmus.site\/de\/civic-monitoring-tool\/the-6-phases-of-applying-a-civic-monitoring-tool\/","title":{"rendered":"DIE 6 PHASEN DER ANWENDUNG DES TOOLS ZUM MONITORING VON B\u00dcRGERBETEILIGUNG"},"content":{"rendered":"<p><nav aria-label=\"breadcrumbs\">\n            <div class=\"breadcrumb-container theme5\">\n                <ol>\n                                    <\/ol>\n            <\/div>\n        <\/nav>    <script type=\"application\/ld+json\">\n        {\n            \"@context\": \"http:\/\/schema.org\",\n            \"@type\": \"BreadcrumbList\",\n            \"itemListElement\": [\n                            ]\n        }\n    <\/script>\n   \n    <script>\n            <\/script>\n<\/p>\n<p>Instrumente des B\u00fcrgermonitorings tragen entscheidend dazu bei, Transparenz, Rechenschaftspflicht und B\u00fcrgerbeteiligung an der Regierungsf\u00fchrung zu gew\u00e4hrleisten. Um ihre Wirkung zu maximieren, folgen diese Tools einem strukturierten Prozess, der sechs verschiedene Phasen umfasst. Jede Phase spielt eine wichtige Rolle bei der Anwendung von B\u00fcrgermonitoringsinstrumenten und tr\u00e4gt zur Gesamteffektivit\u00e4t des Prozesses bei.<\/p>\n<p><img decoding=\"async\" class=\"wp-image-882 aligncenter\" src=\"https:\/\/civicgreen.erasmus.site\/wp-content\/uploads\/2024\/06\/Screenshot_1.png\" alt=\"\" width=\"572\" height=\"499\" srcset=\"https:\/\/civicgreen.erasmus.site\/wp-content\/uploads\/2024\/06\/Screenshot_1.png 800w, https:\/\/civicgreen.erasmus.site\/wp-content\/uploads\/2024\/06\/Screenshot_1-300x262.png 300w, https:\/\/civicgreen.erasmus.site\/wp-content\/uploads\/2024\/06\/Screenshot_1-768x670.png 768w\" sizes=\"(max-width: 572px) 100vw, 572px\" \/><\/p>\n<p style=\"text-align: center;\"><strong>DIE 6\u00a0 PHASEN DER ANWENDUNG DES TOOLS ZUM MONITORING VON B\u00dcRGERBETEILIGUNG<\/strong><\/p>\n<ol>\n<li><strong> Projektauswahl:<\/strong><\/li>\n<\/ol>\n<p>Die erste Phase umfasst die Projektauswahl, bei der Tools des B\u00fcrgermonitorings eingesetzt werden, um bestimmte \u00f6ffentliche Ma\u00dfnahmen, Projekte oder Mittelzuweisungen f\u00fcr die Bewertung zu ermitteln und auszuw\u00e4hlen. Diese Phase beginnt oft mit der Identifizierung von Themen oder Ma\u00dfnahmen, die f\u00fcr die Gemeinschaft von Interesse sind. Durch die Einbeziehung der B\u00fcrger*innen in diesen Auswahlprozess hilft das Instrument bei der Festlegung von Priorit\u00e4ten f\u00fcr die zu \u00fcberwachenden Bereiche und stellt sicher, dass diese mit den Anliegen und W\u00fcnschen der lokalen Bev\u00f6lkerung \u00fcbereinstimmen.<\/p>\n<ol start=\"2\">\n<li><strong> Engagement f\u00fcr die Gemeinschaft:<\/strong><\/li>\n<\/ol>\n<p>Die Einbeziehung der Bev\u00f6lkerung ist ein grundlegender Schritt beim B\u00fcrgermonitoring. In dieser Phase wird das Tool eingesetzt, um Dialoge, Konsultationen und Diskussionen mit der Gemeinschaft zu erleichtern und das Bewusstsein f\u00fcr das gew\u00e4hlte Projekt oder die Politik zu sch\u00e4rfen. Es f\u00f6rdert die aktive Beteiligung und gibt den B\u00fcrger*innen die M\u00f6glichkeit, ihre Meinungen und Bedenken zu \u00e4u\u00dfern. Durch die F\u00f6rderung von offenen Gespr\u00e4chen und Zusammenarbeit stellt das Tool sicher, dass die B\u00fcrger*innen informiert und engagiert sind und sich f\u00fcr den \u00dcberwachungsprozess einsetzen.<\/p>\n<ol start=\"3\">\n<li><strong> Desk Research und Analyse:<\/strong><\/li>\n<\/ol>\n<p>Die Instrumente des B\u00fcrgermonitorings erleichtern die Datenerfassung und -analyse in der Desk Research-Phase. Sie erm\u00f6glichen die Sammlung relevanter Dokumente, Budgets und Berichte, die es den Beobachtern erm\u00f6glichen, den Hintergrund und die erwarteten Ergebnisse des Projekts zu bewerten. Analysewerkzeuge helfen bei der Identifizierung potenzieller Probleme oder Ineffizienzen und bilden eine solide Grundlage f\u00fcr die nachfolgenden \u00dcberwachungsschritte.<\/p>\n<ol start=\"4\">\n<li><strong> Bodenuntersuchung:<\/strong><\/li>\n<\/ol>\n<p>Die Erhebungsphase vor Ort umfasst die Sammlung von Echtzeitdaten durch zivile \u00dcberwachungsinstrumente. Bei diesen Instrumenten wird h\u00e4ufig eine Mischung aus verschiedenen Methoden eingesetzt, darunter Umfragen, Besuche vor Ort und Interviews, um Informationen direkt am Projektstandort und in den lokalen Gemeinschaften zu sammeln. Die Beobachter dokumentieren ihre Beobachtungen, sammeln Feedback von den Beg\u00fcnstigten und bewerten, ob das Projekt seinen Zielen entspricht. Durch Erhebungen vor Ort wird sichergestellt, dass das Monitoring auf konkreten Nachweisen und der Realit\u00e4t vor Ort beruht.<\/p>\n<ol start=\"5\">\n<li><strong> Bewertungsbericht:<\/strong><\/li>\n<\/ol>\n<p>In dieser Phase werden die in den vorangegangenen Phasen gesammelten Daten und Erkenntnisse mit Hilfe zivilgesellschaftlicher \u00dcberwachungsinstrumente in einem umfassenden Bewertungsbericht zusammengefasst. Dieser Bericht beschreibt die Ergebnisse, hebt Erfolge hervor, identifiziert Herausforderungen und bietet evidenzbasierte Empfehlungen zur Verbesserung des Projekts oder der Politik. Der Bericht dient als wichtiges Dokument sowohl f\u00fcr die Beh\u00f6rden als auch f\u00fcr die \u00d6ffentlichkeit und f\u00f6rdert Transparenz und Rechenschaftspflicht.<\/p>\n<ol start=\"6\">\n<li><strong> Sensibilisierung der \u00d6ffentlichkeit:<\/strong><\/li>\n<\/ol>\n<p>Das \u00f6ffentliche Bewusstsein ist die letzte Phase, in der das Tool des B\u00fcrgermonitorings eine Schl\u00fcsselrolle bei der Verbreitung des Bewertungsberichts und seiner Ergebnisse spielt. Es bezieht die B\u00fcrgerinnen und B\u00fcrger in die Diskussion \u00fcber die Ergebnisse ein, setzt sich f\u00fcr politische Ver\u00e4nderungen ein und sch\u00e4rft das Bewusstsein f\u00fcr die Ergebnisse des Projekts. Das Tool des B\u00fcrgermonitorings hilft bei der Entwicklung von Kampagnen, der Durchf\u00fchrung von Workshops und der Nutzung verschiedener Kommunikationskan\u00e4le, um sicherzustellen, dass die Ergebnisse weithin verbreitet und verstanden werden und eine Kultur der Transparenz und Verantwortlichkeit gef\u00f6rdert wird.<\/p>\n<p>Zusammenfassend l\u00e4sst sich sagen, dass die sechs Phasen der Anwendung eines B\u00fcrgermonitoringsinstruments &#8211; Projektauswahl, Engagement in der Gemeinde, Sekund\u00e4rforschung und -analyse, Erhebung vor Ort, Evaluierungsbericht und Sensibilisierung der \u00d6ffentlichkeit &#8211; einen umfassenden Prozess darstellen, der die B\u00fcrger*innen in die Lage versetzt, sich aktiv an der Bewertung der \u00f6ffentlichen Politik und der Ressourcenverteilung zu beteiligen. Diese Instrumente sind entscheidend f\u00fcr die F\u00f6rderung von Transparenz, Rechenschaftspflicht und fundierter Entscheidungsfindung und stellen sicher, dass die Verwaltung st\u00e4rker auf die Bed\u00fcrfnisse und Anliegen der Gemeinschaft eingeht.<\/p>\n<p>&nbsp;<\/p>","protected":false},"excerpt":{"rendered":"<p>Instrumente des B\u00fcrgermonitorings tragen entscheidend dazu bei, Transparenz, Rechenschaftspflicht und B\u00fcrgerbeteiligung an der Regierungsf\u00fchrung zu gew\u00e4hrleisten. Um ihre Wirkung zu maximieren, folgen diese Tools einem strukturierten Prozess, der sechs verschiedene Phasen umfasst. Jede Phase spielt eine wichtige Rolle bei der Anwendung von B\u00fcrgermonitoringsinstrumenten und tr\u00e4gt zur Gesamteffektivit\u00e4t des Prozesses bei. DIE 6\u00a0 PHASEN DER ANWENDUNG&hellip;&nbsp;<a href=\"https:\/\/civicgreen.erasmus.site\/de\/civic-monitoring-tool\/the-6-phases-of-applying-a-civic-monitoring-tool\/\" rel=\"bookmark\">Weiterlesen &raquo;<span class=\"screen-reader-text\">DIE 6 PHASEN DER ANWENDUNG DES TOOLS ZUM MONITORING VON B\u00dcRGERBETEILIGUNG<\/span><\/a><\/p>\n","protected":false},"author":1,"featured_media":0,"parent":103,"menu_order":0,"comment_status":"closed","ping_status":"closed","template":"","meta":{"neve_meta_sidebar":"","neve_meta_container":"","neve_meta_enable_content_width":"off","neve_meta_content_width":100,"neve_meta_title_alignment":"","neve_meta_author_avatar":"","neve_post_elements_order":"","neve_meta_disable_header":"","neve_meta_disable_footer":"","neve_meta_disable_title":"on","footnotes":""},"class_list":["post-441","page","type-page","status-publish","hentry"],"_links":{"self":[{"href":"https:\/\/civicgreen.erasmus.site\/de\/wp-json\/wp\/v2\/pages\/441","targetHints":{"allow":["GET"]}}],"collection":[{"href":"https:\/\/civicgreen.erasmus.site\/de\/wp-json\/wp\/v2\/pages"}],"about":[{"href":"https:\/\/civicgreen.erasmus.site\/de\/wp-json\/wp\/v2\/types\/page"}],"author":[{"embeddable":true,"href":"https:\/\/civicgreen.erasmus.site\/de\/wp-json\/wp\/v2\/users\/1"}],"replies":[{"embeddable":true,"href":"https:\/\/civicgreen.erasmus.site\/de\/wp-json\/wp\/v2\/comments?post=441"}],"version-history":[{"count":8,"href":"https:\/\/civicgreen.erasmus.site\/de\/wp-json\/wp\/v2\/pages\/441\/revisions"}],"predecessor-version":[{"id":913,"href":"https:\/\/civicgreen.erasmus.site\/de\/wp-json\/wp\/v2\/pages\/441\/revisions\/913"}],"up":[{"embeddable":true,"href":"https:\/\/civicgreen.erasmus.site\/de\/wp-json\/wp\/v2\/pages\/103"}],"wp:attachment":[{"href":"https:\/\/civicgreen.erasmus.site\/de\/wp-json\/wp\/v2\/media?parent=441"}],"curies":[{"name":"wp","href":"https:\/\/api.w.org\/{rel}","templated":true}]}}