{"id":535,"date":"2024-04-25T19:27:56","date_gmt":"2024-04-25T19:27:56","guid":{"rendered":"https:\/\/civicgreen.erasmus.site\/?page_id=535"},"modified":"2024-06-13T09:47:45","modified_gmt":"2024-06-13T09:47:45","slug":"6-place-making-community-development","status":"publish","type":"page","link":"https:\/\/civicgreen.erasmus.site\/de\/platform\/6-place-making-community-development\/","title":{"rendered":"6. ORTSGESTALTUNG UND GEMEINDEENTWICKLUNG"},"content":{"rendered":"\t\t<div data-elementor-type=\"wp-page\" data-elementor-id=\"535\" class=\"elementor elementor-535\">\n\t\t\t\t<div class=\"elementor-element elementor-element-18f8ca0e e-flex e-con-boxed e-con e-parent\" data-id=\"18f8ca0e\" data-element_type=\"container\" data-e-type=\"container\">\n\t\t\t\t\t<div class=\"e-con-inner\">\n\t\t\t\t<div class=\"elementor-element elementor-element-1c68eef6 elementor-widget elementor-widget-shortcode\" data-id=\"1c68eef6\" data-element_type=\"widget\" data-e-type=\"widget\" data-widget_type=\"shortcode.default\">\n\t\t\t\t<div class=\"elementor-widget-container\">\n\t\t\t\t\t\t\t<div class=\"elementor-shortcode\"><nav aria-label=\"breadcrumbs\">\n            <div class=\"breadcrumb-container theme5\">\n                <ol>\n                                    <\/ol>\n            <\/div>\n        <\/nav>    <script type=\"application\/ld+json\">\n        {\n            \"@context\": \"http:\/\/schema.org\",\n            \"@type\": \"BreadcrumbList\",\n            \"itemListElement\": [\n                            ]\n        }\n    <\/script>\n   \n    <script>\n            <\/script>\n\r\n<\/div>\n\t\t\t\t\t\t<\/div>\n\t\t\t\t<\/div>\n\t\t\t\t\t<\/div>\n\t\t\t\t<\/div>\n\t\t<div class=\"elementor-element elementor-element-c8e516d e-flex e-con-boxed e-con e-parent\" data-id=\"c8e516d\" data-element_type=\"container\" data-e-type=\"container\">\n\t\t\t\t\t<div class=\"e-con-inner\">\n\t\t\t\t<div class=\"elementor-element elementor-element-2e551be elementor-widget elementor-widget-image\" data-id=\"2e551be\" data-element_type=\"widget\" data-e-type=\"widget\" data-widget_type=\"image.default\">\n\t\t\t\t<div class=\"elementor-widget-container\">\n\t\t\t\t\t\t\t\t\t\t\t\t\t\t\t<img fetchpriority=\"high\" decoding=\"async\" width=\"300\" height=\"300\" src=\"https:\/\/civicgreen.erasmus.site\/wp-content\/uploads\/2024\/04\/module-6.png\" class=\"attachment-large size-large wp-image-179\" alt=\"\" srcset=\"https:\/\/civicgreen.erasmus.site\/wp-content\/uploads\/2024\/04\/module-6.png 300w, https:\/\/civicgreen.erasmus.site\/wp-content\/uploads\/2024\/04\/module-6-150x150.png 150w\" sizes=\"(max-width: 300px) 100vw, 300px\" \/>\t\t\t\t\t\t\t\t\t\t\t\t\t\t\t<\/div>\n\t\t\t\t<\/div>\n\t\t\t\t<div class=\"elementor-element elementor-element-1d8aecd elementor-widget elementor-widget-text-editor\" data-id=\"1d8aecd\" data-element_type=\"widget\" data-e-type=\"widget\" data-widget_type=\"text-editor.default\">\n\t\t\t\t<div class=\"elementor-widget-container\">\n\t\t\t\t\t\t\t\t\t<p><strong>MODUL 6 &#8211; ORTSGESTALTUNG UND GEMEINDEENTWICKLUNG<br \/><\/strong><\/p>\t\t\t\t\t\t\t\t<\/div>\n\t\t\t\t<\/div>\n\t\t\t\t\t<\/div>\n\t\t\t\t<\/div>\n\t\t<div class=\"elementor-element elementor-element-71994ea e-flex e-con-boxed e-con e-parent\" data-id=\"71994ea\" data-element_type=\"container\" data-e-type=\"container\">\n\t\t\t\t\t<div class=\"e-con-inner\">\n\t\t\t\t<div class=\"elementor-element elementor-element-b465a50 elementor-widget elementor-widget-text-editor\" data-id=\"b465a50\" data-element_type=\"widget\" data-e-type=\"widget\" data-widget_type=\"text-editor.default\">\n\t\t\t\t<div class=\"elementor-widget-container\">\n\t\t\t\t\t\t\t\t\t<p>Die Gestaltung von Orten und die Entwicklung von Gemeinschaften sind miteinander verbundene Konzepte, die sich auf die Schaffung lebendiger und nachhaltiger Umgebungen konzentrieren, die den Bed\u00fcrfnissen und Bestrebungen der Menschen entsprechen, die in ihnen leben, arbeiten und interagieren. Diese Konzepte zielen darauf ab, ein Gef\u00fchl der Zugeh\u00f6rigkeit, der Identit\u00e4t und des gemeinschaftlichen Engagements zu f\u00f6rdern und gleichzeitig das \u00f6kologische, soziale und wirtschaftliche Wohlergehen des Gebiets sicherzustellen.<\/p><p>Dieser Kompetenzbereich vermittelt den TeilnehmerInnen das Wissen, die Fertigkeiten und die Einstellungen, um eine lebendige, nachhaltige und sozial koh\u00e4sive Umgebung zu schaffen. Dieser Kompetenzbereich befasst sich mit den miteinander verbundenen Konzepten der Gestaltung von Orten und der Entwicklung von Gemeinschaften und hebt deren Bedeutung f\u00fcr die F\u00f6rderung eines Gef\u00fchls der Zugeh\u00f6rigkeit und Identit\u00e4t innerhalb von Gemeinschaften hervor, w\u00e4hrend gleichzeitig das \u00f6kologische, soziale und wirtschaftliche Wohlergehen gef\u00f6rdert wird.<\/p>\t\t\t\t\t\t\t\t<\/div>\n\t\t\t\t<\/div>\n\t\t\t\t\t<\/div>\n\t\t\t\t<\/div>\n\t\t<div class=\"elementor-element elementor-element-e90fa60 e-flex e-con-boxed e-con e-child\" data-id=\"e90fa60\" data-element_type=\"container\" data-e-type=\"container\">\n\t\t\t\t\t<div class=\"e-con-inner\">\n\t\t<div class=\"elementor-element elementor-element-03e30e3 e-grid e-con-boxed e-con e-child\" data-id=\"03e30e3\" data-element_type=\"container\" data-e-type=\"container\">\n\t\t\t\t\t<div class=\"e-con-inner\">\n\t\t\t\t<div class=\"elementor-element elementor-element-1f1be91 elementor-align-center elementor-widget elementor-widget-button\" data-id=\"1f1be91\" data-element_type=\"widget\" data-e-type=\"widget\" data-widget_type=\"button.default\">\n\t\t\t\t<div class=\"elementor-widget-container\">\n\t\t\t\t\t\t\t\t\t<div class=\"elementor-button-wrapper\">\n\t\t\t\t\t<a class=\"elementor-button elementor-button-link elementor-size-sm\" href=\"https:\/\/civicgreen.erasmus.site\/platform\/6-place-making-community-development\/e-learning\/\">\n\t\t\t\t\t\t<span class=\"elementor-button-content-wrapper\">\n\t\t\t\t\t\t\t\t\t<span class=\"elementor-button-text\">E-Learning<\/span>\n\t\t\t\t\t<\/span>\n\t\t\t\t\t<\/a>\n\t\t\t\t<\/div>\n\t\t\t\t\t\t\t\t<\/div>\n\t\t\t\t<\/div>\n\t\t\t\t<div class=\"elementor-element elementor-element-d47a73e elementor-align-center elementor-widget elementor-widget-button\" data-id=\"d47a73e\" data-element_type=\"widget\" data-e-type=\"widget\" data-widget_type=\"button.default\">\n\t\t\t\t<div class=\"elementor-widget-container\">\n\t\t\t\t\t\t\t\t\t<div class=\"elementor-button-wrapper\">\n\t\t\t\t\t<a class=\"elementor-button elementor-button-link elementor-size-sm\" href=\"https:\/\/civicgreen.erasmus.site\/platform\/6-place-making-community-development\/community-of-practice\/\">\n\t\t\t\t\t\t<span class=\"elementor-button-content-wrapper\">\n\t\t\t\t\t\t\t\t\t<span class=\"elementor-button-text\">Praxisgemeinschaft<\/span>\n\t\t\t\t\t<\/span>\n\t\t\t\t\t<\/a>\n\t\t\t\t<\/div>\n\t\t\t\t\t\t\t\t<\/div>\n\t\t\t\t<\/div>\n\t\t\t\t\t<\/div>\n\t\t\t\t<\/div>\n\t\t\t\t\t<\/div>\n\t\t\t\t<\/div>\n\t\t\t\t<\/div>\n\t\t","protected":false},"excerpt":{"rendered":"<p>MODUL 6 &#8211; ORTSGESTALTUNG UND GEMEINDEENTWICKLUNG Die Gestaltung von Orten und die Entwicklung von Gemeinschaften sind miteinander verbundene Konzepte, die sich auf die Schaffung lebendiger und nachhaltiger Umgebungen konzentrieren, die den Bed\u00fcrfnissen und Bestrebungen der Menschen entsprechen, die in ihnen leben, arbeiten und interagieren. Diese Konzepte zielen darauf ab, ein Gef\u00fchl der Zugeh\u00f6rigkeit, der Identit\u00e4t&hellip;&nbsp;<a href=\"https:\/\/civicgreen.erasmus.site\/de\/platform\/6-place-making-community-development\/\" rel=\"bookmark\">Weiterlesen &raquo;<span class=\"screen-reader-text\">6. ORTSGESTALTUNG UND GEMEINDEENTWICKLUNG<\/span><\/a><\/p>\n","protected":false},"author":1,"featured_media":0,"parent":41,"menu_order":0,"comment_status":"closed","ping_status":"closed","template":"","meta":{"neve_meta_sidebar":"","neve_meta_container":"","neve_meta_enable_content_width":"off","neve_meta_content_width":100,"neve_meta_title_alignment":"","neve_meta_author_avatar":"","neve_post_elements_order":"","neve_meta_disable_header":"","neve_meta_disable_footer":"","neve_meta_disable_title":"on","footnotes":""},"class_list":["post-535","page","type-page","status-publish","hentry"],"_links":{"self":[{"href":"https:\/\/civicgreen.erasmus.site\/de\/wp-json\/wp\/v2\/pages\/535","targetHints":{"allow":["GET"]}}],"collection":[{"href":"https:\/\/civicgreen.erasmus.site\/de\/wp-json\/wp\/v2\/pages"}],"about":[{"href":"https:\/\/civicgreen.erasmus.site\/de\/wp-json\/wp\/v2\/types\/page"}],"author":[{"embeddable":true,"href":"https:\/\/civicgreen.erasmus.site\/de\/wp-json\/wp\/v2\/users\/1"}],"replies":[{"embeddable":true,"href":"https:\/\/civicgreen.erasmus.site\/de\/wp-json\/wp\/v2\/comments?post=535"}],"version-history":[{"count":47,"href":"https:\/\/civicgreen.erasmus.site\/de\/wp-json\/wp\/v2\/pages\/535\/revisions"}],"predecessor-version":[{"id":1257,"href":"https:\/\/civicgreen.erasmus.site\/de\/wp-json\/wp\/v2\/pages\/535\/revisions\/1257"}],"up":[{"embeddable":true,"href":"https:\/\/civicgreen.erasmus.site\/de\/wp-json\/wp\/v2\/pages\/41"}],"wp:attachment":[{"href":"https:\/\/civicgreen.erasmus.site\/de\/wp-json\/wp\/v2\/media?parent=535"}],"curies":[{"name":"wp","href":"https:\/\/api.w.org\/{rel}","templated":true}]}}