{"id":428,"date":"2024-04-24T19:41:15","date_gmt":"2024-04-24T19:41:15","guid":{"rendered":"https:\/\/civicgreen.erasmus.site\/?page_id=428"},"modified":"2024-06-12T15:20:49","modified_gmt":"2024-06-12T15:20:49","slug":"framework-parameters-of-civic-monitoring","status":"publish","type":"page","link":"https:\/\/civicgreen.erasmus.site\/es\/civic-monitoring-tool\/framework-parameters-of-civic-monitoring\/","title":{"rendered":"MARCO: PAR\u00c1METROS DEL MONITOREO C\u00cdVICO"},"content":{"rendered":"<p><nav aria-label=\"breadcrumbs\">\n            <div class=\"breadcrumb-container theme5\">\n                <ol>\n                                    <\/ol>\n            <\/div>\n        <\/nav>    <script type=\"application\/ld+json\">\n        {\n            \"@context\": \"http:\/\/schema.org\",\n            \"@type\": \"BreadcrumbList\",\n            \"itemListElement\": [\n                            ]\n        }\n    <\/script>\n   \n    <script>\n            <\/script>\n<\/p>\n<p><strong>Introducci\u00f3n<\/strong><\/p>\n<p>El monitoreo c\u00edvico es una pr\u00e1ctica vital que capacita a los ciudadanos para participar activamente en la supervisi\u00f3n de las pol\u00edticas p\u00fablicas y la asignaci\u00f3n de recursos. Para comprender plenamente su impacto, debemos considerar seis par\u00e1metros esenciales. Estos par\u00e1metros (transparencia, rendici\u00f3n de cuentas, participaci\u00f3n, eficiencia y eficacia, prestaci\u00f3n de servicios y anticorrupci\u00f3n) forman el marco a trav\u00e9s del cual el monitoreo c\u00edvico se esfuerza por mejorar la gobernanza, fomentar la participaci\u00f3n ciudadana y garantizar la asignaci\u00f3n responsable de los recursos p\u00fablicos.<\/p>\n<p><strong>(1)\u00a0 Transparencia<\/strong><\/p>\n<p>La transparencia es la base del monitoreo c\u00edvico. Implica hacer que las acciones, decisiones e informaci\u00f3n del gobierno sean accesibles al p\u00fablico. El monitoreo c\u00edvico garantiza que los datos, presupuestos y pol\u00edticas relevantes est\u00e9n disponibles abiertamente, lo que permite a los ciudadanos examinar las actividades gubernamentales de manera efectiva. La gobernanza transparente genera confianza y empodera a los ciudadanos para exigir responsabilidades a las autoridades por sus acciones. Es a trav\u00e9s de la transparencia que el p\u00fablico puede evaluar c\u00f3mo se asignan los fondos de los contribuyentes y si las pol\u00edticas se alinean con el bien com\u00fan, promoviendo una ciudadan\u00eda informada y una cultura de gobernanza abierta.<\/p>\n<p><strong>(2)\u00a0 Responsabilidad<\/strong><\/p>\n<p>La rendici\u00f3n de cuentas complementa la transparencia, asegurando que quienes est\u00e1n en el poder respondan por sus acciones. Los mecanismos de monitoreo c\u00edvico establecen mecanismos para responsabilizar a los funcionarios, agencias e instituciones gubernamentales por sus decisiones. Los ciudadanos pueden exigir explicaciones sobre los resultados de las pol\u00edticas, las asignaciones presupuestarias y la ejecuci\u00f3n de proyectos. La rendici\u00f3n de cuentas no s\u00f3lo desalienta la corrupci\u00f3n y el mal uso de los recursos, sino que tambi\u00e9n alienta a los organismos gubernamentales a mantener los m\u00e1s altos est\u00e1ndares de integridad. Es un componente cr\u00edtico que garantiza la eficacia de los esfuerzos de monitoreo c\u00edvico, fomentando una cultura de responsabilidad y capacidad de respuesta dentro de las instituciones p\u00fablicas.<\/p>\n<p><strong>(3)\u00a0 Participaci\u00f3n<\/strong><\/p>\n<p>La participaci\u00f3n es el coraz\u00f3n del monitoreo c\u00edvico. Implica involucrar activamente a los ciudadanos en el proceso de toma de decisiones, desde el desarrollo de pol\u00edticas hasta la implementaci\u00f3n de proyectos. El monitoreo c\u00edvico permite a las personas y comunidades expresar sus inquietudes, sugerencias y comentarios. Al hacerlo, transforma a los ciudadanos de observadores pasivos en cocreadores de pol\u00edticas p\u00fablicas. Sus ideas y contribuciones mejoran la calidad, relevancia y eficacia de las pol\u00edticas. El monitoreo c\u00edvico fomenta la inclusi\u00f3n, garantizando que se consideren las diversas necesidades y aspiraciones de la poblaci\u00f3n y, en \u00faltima instancia, promoviendo un gobierno democr\u00e1tico y receptivo.<\/p>\n<p><strong>(4)\u00a0 Eficiencia y eficacia<\/strong><\/p>\n<p>La eficiencia y la eficacia son resultados clave del monitoreo c\u00edvico. Al participar activamente en la evaluaci\u00f3n de las pol\u00edticas p\u00fablicas, los ciudadanos y las herramientas de monitoreo c\u00edvico ayudan a garantizar que los recursos gubernamentales se utilicen de manera \u00f3ptima. Miden el desempe\u00f1o de las pol\u00edticas y proyectos en comparaci\u00f3n con sus objetivos y resultados previstos. Los resultados del seguimiento pueden guiar a los responsables de la toma de decisiones a la hora de reasignar recursos o modificar estrategias para maximizar el impacto. El monitoreo c\u00edvico tiene como objetivo hacer que las pol\u00edticas p\u00fablicas sean m\u00e1s eficientes, reduciendo el desperdicio y mejorando su efectividad general para brindar beneficios significativos a las comunidades.<\/p>\n<p><strong>(5)\u00a0 Prestaci\u00f3n de servicios<\/strong><\/p>\n<p>El seguimiento c\u00edvico influye significativamente en la calidad y accesibilidad de los servicios p\u00fablicos. Permite a los ciudadanos evaluar la prestaci\u00f3n de servicios esenciales como la atenci\u00f3n sanitaria, la educaci\u00f3n y la infraestructura. Al monitorear activamente estos servicios, las comunidades pueden responsabilizar a los gobiernos por la prestaci\u00f3n de servicios oportunos, equitativos y de alta calidad. El monitoreo c\u00edvico ayuda a identificar brechas en la prestaci\u00f3n de servicios, asegurando que los gobiernos respondan a las necesidades espec\u00edficas de sus electores. Fomenta el desarrollo de soluciones innovadoras, que permitan a los gobiernos mejorar la prestaci\u00f3n de servicios y servir mejor a sus ciudadanos.<\/p>\n<p><strong>(6)\u00a0 Anticorrupci\u00f3n<\/strong><\/p>\n<p>Uno de los objetivos principales del monitoreo c\u00edvico es combatir la corrupci\u00f3n. La corrupci\u00f3n erosiona la confianza p\u00fablica, socava la eficacia del gobierno y desv\u00eda recursos de los fines previstos.<\/p>\n<p>Las herramientas de monitoreo c\u00edvico y la participaci\u00f3n ciudadana son potentes ant\u00eddotos contra la corrupci\u00f3n. Crean un entorno donde las pr\u00e1cticas corruptas quedan expuestas, denunciadas y disuadidas. Al participar activamente en la supervisi\u00f3n de las pol\u00edticas p\u00fablicas, los ciudadanos se convierten en guardianes de las actividades corruptas. El monitoreo c\u00edvico promueve la denuncia de irregularidades y malversaciones de fondos p\u00fablicos, lo que dificulta que prospere la corrupci\u00f3n y fomenta una cultura de gobernanza \u00e9tica.<\/p>\n<p><img decoding=\"async\" class=\"size-full wp-image-900 aligncenter\" src=\"https:\/\/civicgreen.erasmus.site\/wp-content\/uploads\/2024\/06\/Screenshot_2.png\" alt=\"\" width=\"733\" height=\"302\" srcset=\"https:\/\/civicgreen.erasmus.site\/wp-content\/uploads\/2024\/06\/Screenshot_2.png 733w, https:\/\/civicgreen.erasmus.site\/wp-content\/uploads\/2024\/06\/Screenshot_2-300x124.png 300w\" sizes=\"(max-width: 733px) 100vw, 733px\" \/><\/p>\n<p style=\"text-align: center;\"><strong>MARCO: PAR\u00c1METROS DEL MONITOREO C\u00cdVICO<\/strong><\/p>\n<p>En conclusi\u00f3n, el monitoreo c\u00edvico es un instrumento poderoso que capacita a los ciudadanos para participar activamente en la supervisi\u00f3n de las pol\u00edticas p\u00fablicas y la asignaci\u00f3n de recursos. Dentro de su marco integral, seis par\u00e1metros centrales (transparencia, rendici\u00f3n de cuentas, participaci\u00f3n, eficiencia y eficacia, prestaci\u00f3n de servicios y anticorrupci\u00f3n) sirven como principios rectores. La transparencia y la rendici\u00f3n de cuentas garantizan que las acciones gubernamentales est\u00e9n abiertas al escrutinio p\u00fablico, mientras que la participaci\u00f3n transforma a los ciudadanos en cocreadores de pol\u00edticas p\u00fablicas.<\/p>\n<p>El monitoreo c\u00edvico mejora la eficiencia y la eficacia al optimizar la asignaci\u00f3n de recursos y la prestaci\u00f3n de servicios, fomentando en \u00faltima instancia la buena gobernanza. Adem\u00e1s, sirve como un potente elemento disuasivo contra la corrupci\u00f3n, manteniendo los principios de integridad en el servicio p\u00fablico. Al adoptar estos par\u00e1metros, el monitoreo c\u00edvico eleva el papel de los ciudadanos en la configuraci\u00f3n de sus comunidades, asegurando la asignaci\u00f3n responsable de los recursos p\u00fablicos y mejorando la calidad general de la gobernanza.<\/p>","protected":false},"excerpt":{"rendered":"<p>Introducci\u00f3n El monitoreo c\u00edvico es una pr\u00e1ctica vital que capacita a los ciudadanos para participar activamente en la supervisi\u00f3n de las pol\u00edticas p\u00fablicas y la asignaci\u00f3n de recursos. Para comprender plenamente su impacto, debemos considerar seis par\u00e1metros esenciales. Estos par\u00e1metros (transparencia, rendici\u00f3n de cuentas, participaci\u00f3n, eficiencia y eficacia, prestaci\u00f3n de servicios y anticorrupci\u00f3n) forman el&hellip;&nbsp;<a href=\"https:\/\/civicgreen.erasmus.site\/es\/civic-monitoring-tool\/framework-parameters-of-civic-monitoring\/\" rel=\"bookmark\">Leer m\u00e1s &raquo;<span class=\"screen-reader-text\">MARCO: PAR\u00c1METROS DEL MONITOREO C\u00cdVICO<\/span><\/a><\/p>\n","protected":false},"author":1,"featured_media":0,"parent":103,"menu_order":0,"comment_status":"closed","ping_status":"closed","template":"","meta":{"neve_meta_sidebar":"","neve_meta_container":"","neve_meta_enable_content_width":"off","neve_meta_content_width":100,"neve_meta_title_alignment":"","neve_meta_author_avatar":"","neve_post_elements_order":"","neve_meta_disable_header":"","neve_meta_disable_footer":"","neve_meta_disable_title":"on","footnotes":""},"class_list":["post-428","page","type-page","status-publish","hentry"],"_links":{"self":[{"href":"https:\/\/civicgreen.erasmus.site\/es\/wp-json\/wp\/v2\/pages\/428","targetHints":{"allow":["GET"]}}],"collection":[{"href":"https:\/\/civicgreen.erasmus.site\/es\/wp-json\/wp\/v2\/pages"}],"about":[{"href":"https:\/\/civicgreen.erasmus.site\/es\/wp-json\/wp\/v2\/types\/page"}],"author":[{"embeddable":true,"href":"https:\/\/civicgreen.erasmus.site\/es\/wp-json\/wp\/v2\/users\/1"}],"replies":[{"embeddable":true,"href":"https:\/\/civicgreen.erasmus.site\/es\/wp-json\/wp\/v2\/comments?post=428"}],"version-history":[{"count":10,"href":"https:\/\/civicgreen.erasmus.site\/es\/wp-json\/wp\/v2\/pages\/428\/revisions"}],"predecessor-version":[{"id":909,"href":"https:\/\/civicgreen.erasmus.site\/es\/wp-json\/wp\/v2\/pages\/428\/revisions\/909"}],"up":[{"embeddable":true,"href":"https:\/\/civicgreen.erasmus.site\/es\/wp-json\/wp\/v2\/pages\/103"}],"wp:attachment":[{"href":"https:\/\/civicgreen.erasmus.site\/es\/wp-json\/wp\/v2\/media?parent=428"}],"curies":[{"name":"wp","href":"https:\/\/api.w.org\/{rel}","templated":true}]}}