{"id":435,"date":"2024-04-24T19:45:55","date_gmt":"2024-04-24T19:45:55","guid":{"rendered":"https:\/\/civicgreen.erasmus.site\/?page_id=435"},"modified":"2024-06-12T15:22:03","modified_gmt":"2024-06-12T15:22:03","slug":"elements-of-civic-monitoring","status":"publish","type":"page","link":"https:\/\/civicgreen.erasmus.site\/es\/civic-monitoring-tool\/elements-of-civic-monitoring\/","title":{"rendered":"ELEMENTOS DEL MONITOREO C\u00cdVICO"},"content":{"rendered":"<p><nav aria-label=\"breadcrumbs\">\n            <div class=\"breadcrumb-container theme5\">\n                <ol>\n                                    <\/ol>\n            <\/div>\n        <\/nav>    <script type=\"application\/ld+json\">\n        {\n            \"@context\": \"http:\/\/schema.org\",\n            \"@type\": \"BreadcrumbList\",\n            \"itemListElement\": [\n                            ]\n        }\n    <\/script>\n   \n    <script>\n            <\/script>\n<\/p>\n<p><strong>Introducci\u00f3n<\/strong><\/p>\n<p>El monitoreo c\u00edvico es un proceso din\u00e1mico que capacita a los ciudadanos para participar activamente en la evaluaci\u00f3n y supervisi\u00f3n de las pol\u00edticas p\u00fablicas y la asignaci\u00f3n de recursos. Esta pr\u00e1ctica multifac\u00e9tica abarca seis elementos clave que forman el n\u00facleo de su funcionamiento. Estos elementos (recopilaci\u00f3n de datos, an\u00e1lisis de datos, transparencia, participaci\u00f3n ciudadana, rendici\u00f3n de cuentas y supervisi\u00f3n, y promoci\u00f3n de la transformaci\u00f3n) sientan las bases para un seguimiento c\u00edvico eficaz, fomentando la transparencia, la rendici\u00f3n de cuentas y una mejor gobernanza.<\/p>\n<p><strong>(1) Recopilaci\u00f3n de datos<\/strong><\/p>\n<p>La recopilaci\u00f3n de datos es la piedra angular del seguimiento c\u00edvico. Implica recopilar informaci\u00f3n pertinente sobre pol\u00edticas p\u00fablicas, presupuestos y asignaci\u00f3n de recursos. Estos datos pueden abarcar una amplia gama de fuentes, desde documentos oficiales del gobierno hasta comentarios sobre el terreno de las comunidades. Las herramientas de monitoreo c\u00edvico a menudo desempe\u00f1an un papel fundamental en la recopilaci\u00f3n y consolidaci\u00f3n de datos, asegurando que sean precisos, relevantes y accesibles para los ciudadanos. Una recopilaci\u00f3n s\u00f3lida de datos permite a los ciudadanos tomar decisiones informadas, ya que proporciona la base objetiva para evaluar los resultados de las pol\u00edticas y el desempe\u00f1o del gobierno.<\/p>\n<p><strong>(2) An\u00e1lisis de datos<\/strong><\/p>\n<p>El an\u00e1lisis de datos es el proceso de dar sentido a la informaci\u00f3n recopilada a trav\u00e9s del monitoreo c\u00edvico. Implica examinar datos en busca de patrones, tendencias y anomal\u00edas, que pueden proporcionar informaci\u00f3n valiosa sobre el impacto y la eficacia de las pol\u00edticas p\u00fablicas. El an\u00e1lisis de datos a menudo se basa en t\u00e9cnicas cuantitativas y cualitativas, lo que permite a los observadores c\u00edvicos sacar conclusiones informadas sobre los resultados de las pol\u00edticas. A trav\u00e9s de un an\u00e1lisis efectivo, las herramientas de monitoreo c\u00edvico ayudan a los ciudadanos a identificar \u00e1reas donde las pol\u00edticas est\u00e1n teniendo \u00e9xito o fracasando, facilitando evidencia- basada en la toma de decisiones y contribuyendo a la mejora general de la gobernanza.<\/p>\n<p><strong>(3)\u00a0 Transparencia o Acceso a la Informaci\u00f3n<\/strong><\/p>\n<p>La transparencia y el acceso a la informaci\u00f3n son principios fundamentales del monitoreo c\u00edvico. Estos elementos garantizan que las acciones, decisiones y datos del gobierno sean abiertos y accesibles al p\u00fablico. Monitoreo c\u00edvico se esfuerza por romper los silos de informaci\u00f3n, poniendo los datos esenciales a disposici\u00f3n de todos los ciudadanos. La gobernanza transparente permite a los ciudadanos examinar y comprender c\u00f3mo se asignan los fondos p\u00fablicos, qu\u00e9 pol\u00edticas se est\u00e1n implementando y si se alinean con el bien com\u00fan. Este acceso a la informaci\u00f3n no s\u00f3lo mejora la rendici\u00f3n de cuentas sino que tambi\u00e9n fomenta la confianza entre los ciudadanos y las instituciones gubernamentales, promoviendo una cultura de gobernanza abierta y receptiva.<\/p>\n<p><strong>(4)\u00a0 Participaci\u00f3n ciudadana<\/strong><\/p>\n<p>La participaci\u00f3n ciudadana est\u00e1 en el centro del monitoreo c\u00edvico. Fomenta la participaci\u00f3n activa de individuos y comunidades en el proceso de toma de decisiones. Las herramientas de monitoreo c\u00edvico brindan plataformas y canales para que los ciudadanos expresen sus inquietudes, sugerencias y comentarios. Al participar en di\u00e1logos y consultas, los ciudadanos pasan de ser observadores pasivos a ser cocreadores de pol\u00edticas p\u00fablicas. Sus ideas y contribuciones enriquecen el desarrollo de pol\u00edticas, haci\u00e9ndolas m\u00e1s relevantes, receptivas y efectivas. El seguimiento c\u00edvico garantiza que se tengan en cuenta las diversas necesidades y aspiraciones de la poblaci\u00f3n, promoviendo as\u00ed una forma de gobernanza democr\u00e1tica e inclusiva.<\/p>\n<p><strong>(5)\u00a0 Responsabilidad y supervisi\u00f3n<\/strong><\/p>\n<p>La rendici\u00f3n de cuentas y la supervisi\u00f3n son elementos cr\u00edticos del monitoreo c\u00edvico que garantizan que quienes est\u00e1n en el poder sean responsables de sus acciones. Los mecanismos de monitoreo c\u00edvico establecen procedimientos para responsabilizar a los funcionarios, agencias e instituciones gubernamentales por sus decisiones. Los ciudadanos pueden exigir explicaciones sobre los resultados de las pol\u00edticas, las asignaciones presupuestarias y la ejecuci\u00f3n de proyectos. La rendici\u00f3n de cuentas no s\u00f3lo desalienta la corrupci\u00f3n y el mal uso de los recursos, sino que tambi\u00e9n alienta a los organismos gubernamentales a mantener altos est\u00e1ndares de integridad. Al fomentar una cultura de responsabilidad y capacidad de respuesta dentro de las instituciones p\u00fablicas, la rendici\u00f3n de cuentas y la supervisi\u00f3n son fundamentales para garantizar la eficacia de los esfuerzos de monitoreo c\u00edvico.<\/p>\n<p><strong>(6)\u00a0 Promoci\u00f3n de la transformaci\u00f3n<\/strong><\/p>\n<p>La promoci\u00f3n de la transformaci\u00f3n es el elemento prospectivo del monitoreo c\u00edvico. Implica utilizar los conocimientos y la evidencia recopilados a trav\u00e9s de la recopilaci\u00f3n y el an\u00e1lisis de datos para abogar por cambios y mejoras en las pol\u00edticas.<\/p>\n<p>rLos observadores c\u00edvicos, a menudo en colaboraci\u00f3n con organizaciones de la sociedad civil, trabajan para lograr una transformaci\u00f3n positiva en las pol\u00edticas p\u00fablicas. Se relacionan con las autoridades gubernamentales y abogan por formas para mejorar la eficacia y la capacidad de respuesta de las pol\u00edticas. Al cerrar la brecha entre las preocupaciones de los ciudadanos y las acciones gubernamentales, la promoci\u00f3n de la transformaci\u00f3n cataliza mejoras en la gobernanza y, en \u00faltima instancia, contribuye a mejores pol\u00edticas p\u00fablicas y resultados.<\/p>\n<p><img decoding=\"async\" class=\"wp-image-902 size-full aligncenter\" src=\"https:\/\/civicgreen.erasmus.site\/wp-content\/uploads\/2024\/06\/Screenshot_1-1.png\" alt=\"\" width=\"706\" height=\"299\" srcset=\"https:\/\/civicgreen.erasmus.site\/wp-content\/uploads\/2024\/06\/Screenshot_1-1.png 706w, https:\/\/civicgreen.erasmus.site\/wp-content\/uploads\/2024\/06\/Screenshot_1-1-300x127.png 300w\" sizes=\"(max-width: 706px) 100vw, 706px\" \/><\/p>\n<p style=\"text-align: center;\"><strong><span lang=\"ES\">ELEMENTOS DEL MONITOREO <span style=\"letter-spacing: -.1pt;\">C\u00cdVICO<\/span><\/span><\/strong><\/p>\n<p>Finalmente, el monitoreo c\u00edvico es un proceso integral que empodera a los ciudadanos para participar activamente en la evaluaci\u00f3n y supervisi\u00f3n de las pol\u00edticas p\u00fablicas y la asignaci\u00f3n de recursos. Sus elementos clave (recopilaci\u00f3n de datos, an\u00e1lisis de datos, transparencia, participaci\u00f3n ciudadana, rendici\u00f3n de cuentas y supervisi\u00f3n, y promoci\u00f3n de la transformaci\u00f3n) colaborar para fomentar la transparencia, la rendici\u00f3n de cuentas y una mejor gobernanza. A trav\u00e9s de estos elementos, el monitoreo c\u00edvico sirve como un puente entre los ciudadanos y el gobierno, permitiendo la toma de decisiones informadas, mejores resultados de pol\u00edticas y la b\u00fasqueda continua de una democracia m\u00e1s inclusiva y receptiva. Al aprovechar estos elementos, el monitoreo c\u00edvico contribuye a una ciudadan\u00eda m\u00e1s comprometida, informada y empoderada.<\/p>","protected":false},"excerpt":{"rendered":"<p>Introducci\u00f3n El monitoreo c\u00edvico es un proceso din\u00e1mico que capacita a los ciudadanos para participar activamente en la evaluaci\u00f3n y supervisi\u00f3n de las pol\u00edticas p\u00fablicas y la asignaci\u00f3n de recursos. Esta pr\u00e1ctica multifac\u00e9tica abarca seis elementos clave que forman el n\u00facleo de su funcionamiento. Estos elementos (recopilaci\u00f3n de datos, an\u00e1lisis de datos, transparencia, participaci\u00f3n ciudadana,&hellip;&nbsp;<a href=\"https:\/\/civicgreen.erasmus.site\/es\/civic-monitoring-tool\/elements-of-civic-monitoring\/\" rel=\"bookmark\">Leer m\u00e1s &raquo;<span class=\"screen-reader-text\">ELEMENTOS DEL MONITOREO C\u00cdVICO<\/span><\/a><\/p>\n","protected":false},"author":1,"featured_media":0,"parent":103,"menu_order":0,"comment_status":"closed","ping_status":"closed","template":"","meta":{"neve_meta_sidebar":"","neve_meta_container":"","neve_meta_enable_content_width":"off","neve_meta_content_width":100,"neve_meta_title_alignment":"","neve_meta_author_avatar":"","neve_post_elements_order":"","neve_meta_disable_header":"","neve_meta_disable_footer":"","neve_meta_disable_title":"on","footnotes":""},"class_list":["post-435","page","type-page","status-publish","hentry"],"_links":{"self":[{"href":"https:\/\/civicgreen.erasmus.site\/es\/wp-json\/wp\/v2\/pages\/435","targetHints":{"allow":["GET"]}}],"collection":[{"href":"https:\/\/civicgreen.erasmus.site\/es\/wp-json\/wp\/v2\/pages"}],"about":[{"href":"https:\/\/civicgreen.erasmus.site\/es\/wp-json\/wp\/v2\/types\/page"}],"author":[{"embeddable":true,"href":"https:\/\/civicgreen.erasmus.site\/es\/wp-json\/wp\/v2\/users\/1"}],"replies":[{"embeddable":true,"href":"https:\/\/civicgreen.erasmus.site\/es\/wp-json\/wp\/v2\/comments?post=435"}],"version-history":[{"count":10,"href":"https:\/\/civicgreen.erasmus.site\/es\/wp-json\/wp\/v2\/pages\/435\/revisions"}],"predecessor-version":[{"id":911,"href":"https:\/\/civicgreen.erasmus.site\/es\/wp-json\/wp\/v2\/pages\/435\/revisions\/911"}],"up":[{"embeddable":true,"href":"https:\/\/civicgreen.erasmus.site\/es\/wp-json\/wp\/v2\/pages\/103"}],"wp:attachment":[{"href":"https:\/\/civicgreen.erasmus.site\/es\/wp-json\/wp\/v2\/media?parent=435"}],"curies":[{"name":"wp","href":"https:\/\/api.w.org\/{rel}","templated":true}]}}