{"id":441,"date":"2024-04-24T19:47:29","date_gmt":"2024-04-24T19:47:29","guid":{"rendered":"https:\/\/civicgreen.erasmus.site\/?page_id=441"},"modified":"2024-06-12T15:23:28","modified_gmt":"2024-06-12T15:23:28","slug":"the-6-phases-of-applying-a-civic-monitoring-tool","status":"publish","type":"page","link":"https:\/\/civicgreen.erasmus.site\/es\/civic-monitoring-tool\/the-6-phases-of-applying-a-civic-monitoring-tool\/","title":{"rendered":"LAS 6 FASES DE APLICACI\u00d3N DE UNA HERRAMIENTA DE SEGUIMIENTO C\u00cdVICO"},"content":{"rendered":"<p><nav aria-label=\"breadcrumbs\">\n            <div class=\"breadcrumb-container theme5\">\n                <ol>\n                                    <\/ol>\n            <\/div>\n        <\/nav>    <script type=\"application\/ld+json\">\n        {\n            \"@context\": \"http:\/\/schema.org\",\n            \"@type\": \"BreadcrumbList\",\n            \"itemListElement\": [\n                            ]\n        }\n    <\/script>\n   \n    <script>\n            <\/script>\n<\/p>\n<p>Las herramientas de monitoreo c\u00edvico son fundamentales para garantizar la transparencia, la rendici\u00f3n de cuentas y la participaci\u00f3n ciudadana en la gobernanza. Para maximizar su impacto, estas herramientas siguen un proceso estructurado que abarca seis fases distintas. Cada fase juega un papel vital en la aplicaci\u00f3n de herramientas de monitoreo c\u00edvico, contribuyendo a la efectividad general del proceso.<\/p>\n<p><img decoding=\"async\" class=\"wp-image-906 size-full aligncenter\" src=\"https:\/\/civicgreen.erasmus.site\/wp-content\/uploads\/2024\/06\/Screenshot_3.png\" alt=\"\" width=\"737\" height=\"569\" srcset=\"https:\/\/civicgreen.erasmus.site\/wp-content\/uploads\/2024\/06\/Screenshot_3.png 737w, https:\/\/civicgreen.erasmus.site\/wp-content\/uploads\/2024\/06\/Screenshot_3-300x232.png 300w\" sizes=\"(max-width: 737px) 100vw, 737px\" \/><\/p>\n<p style=\"text-align: center;\"><strong>LAS FASES DE APLICACI\u00d3N DE UNA HERRAMIENTA DE MONITOREO C\u00cdVICO<\/strong><\/p>\n<p><strong>1.\u00a0 Selecci\u00f3n de Proyecto:<\/strong><\/p>\n<p>La primera fase implica la selecci\u00f3n de proyectos, donde se emplean herramientas de monitoreo c\u00edvico para identificar y elegir pol\u00edticas p\u00fablicas, proyectos o asignaciones de recursos espec\u00edficos para su evaluaci\u00f3n. Esta fase suele comenzar con la identificaci\u00f3n de cuestiones o pol\u00edticas de inter\u00e9s para la comunidad. Al involucrar a los ciudadanos en este proceso de selecci\u00f3n, la herramienta ayuda a priorizar \u00e1reas que necesitan monitoreo, asegurando que se alinee con las preocupaciones y aspiraciones de la poblaci\u00f3n local.<\/p>\n<p><strong>2.\u00a0 Participaci\u00f3n comunitaria:<\/strong><\/p>\n<p>La participaci\u00f3n comunitaria es un paso fundamental en el monitoreo c\u00edvico. En esta fase, la herramienta se utiliza para facilitar di\u00e1logos, consultas y discusiones con la comunidad para generar conciencia sobre el proyecto o pol\u00edtica elegido. Fomenta la participaci\u00f3n activa, empoderando a los ciudadanos para que expresen sus opiniones e inquietudes. Al promover conversaciones abiertas y colaboraci\u00f3n, la herramienta garantiza que los ciudadanos est\u00e9n informados, involucrados y comprometidos con el proceso de monitoreo.<\/p>\n<p><strong>3.\u00a0 Investigaci\u00f3n documental y an\u00e1lisis:<\/strong><\/p>\n<p>Las herramientas de seguimiento c\u00edvico facilitan la recopilaci\u00f3n y el an\u00e1lisis de datos en la fase de investigaci\u00f3n documental. Permiten la recopilaci\u00f3n de documentos, presupuestos e informes relevantes, lo que permite a los monitores evaluar los antecedentes del proyecto y los resultados esperados. Las herramientas de an\u00e1lisis ayudan a identificar posibles problemas o ineficiencias, proporcionando una base s\u00f3lida para los pasos de seguimiento posteriores.<\/p>\n<p><strong>4.\u00a0 Estudio del terreno:<\/strong><\/p>\n<p>La fase de estudio del terreno implica la recopilaci\u00f3n de datos en tiempo real a trav\u00e9s de herramientas de monitoreo c\u00edvico. Estas herramientas a menudo emplean una combinaci\u00f3n de metodolog\u00edas, incluidas encuestas, visitas de campo y entrevistas, para recopilar informaci\u00f3n directamente del sitio del proyecto y de las comunidades locales.<\/p>\n<p>Los monitores documentan las observaciones, recopilan comentarios de los beneficiarios y eval\u00faan si el proyecto se alinea con sus objetivos. Los estudios sobre el terreno garantizan que el seguimiento se base en pruebas concretas y en la realidad del terreno.<\/p>\n<p><strong>5.\u00a0 Informe de Evaluaci\u00f3n:<\/strong><\/p>\n<p>En esta fase, se utilizan herramientas de monitoreo c\u00edvico para compilar los datos y los conocimientos recopilados en las fases anteriores en un informe de evaluaci\u00f3n integral. Este informe describe los hallazgos, destaca los \u00e9xitos, identifica los desaf\u00edos y ofrece recomendaciones basadas en evidencia para mejorar el proyecto o la pol\u00edtica. El informe sirve como documento fundamental tanto para las autoridades gubernamentales como para el p\u00fablico, fomentando la transparencia y la rendici\u00f3n de cuentas.<\/p>\n<p><strong>6.\u00a0 Conciencia p\u00fablica:<\/strong><\/p>\n<p>La sensibilizaci\u00f3n p\u00fablica es la fase final, en la que la herramienta de seguimiento c\u00edvico desempe\u00f1a un papel clave en la difusi\u00f3n del informe de evaluaci\u00f3n y sus conclusiones. Involucra a los ciudadanos en la discusi\u00f3n de los resultados, la promoci\u00f3n de cambios de pol\u00edticas y la sensibilizaci\u00f3n sobre los resultados del proyecto. Las herramientas de monitoreo c\u00edvico ayudan a crear campa\u00f1as, realizar talleres y utilizar diversos canales de comunicaci\u00f3n para garantizar que los hallazgos se compartan y comprendan ampliamente, fomentando una cultura de transparencia y rendici\u00f3n de cuentas.<\/p>\n<p>En resumen, las seis fases de la aplicaci\u00f3n de una herramienta de monitoreo c\u00edvico (selecci\u00f3n de proyectos, participaci\u00f3n comunitaria, investigaci\u00f3n documental y an\u00e1lisis, estudio del terreno, informe de evaluaci\u00f3n y concientizaci\u00f3n p\u00fablica) constituyen un proceso integral que capacita a los ciudadanos para participar activamente en la evaluaci\u00f3n de las pol\u00edticas p\u00fablicas. y asignaci\u00f3n de recursos. Estas herramientas son fundamentales para promover la transparencia, la rendici\u00f3n de cuentas y la toma de decisiones informadas.decisiones, garantizando que la gobernanza responda mejor a las necesidades y preocupaciones de la comunidad.<\/p>\n<p>&nbsp;<\/p>","protected":false},"excerpt":{"rendered":"<p>Las herramientas de monitoreo c\u00edvico son fundamentales para garantizar la transparencia, la rendici\u00f3n de cuentas y la participaci\u00f3n ciudadana en la gobernanza. Para maximizar su impacto, estas herramientas siguen un proceso estructurado que abarca seis fases distintas. Cada fase juega un papel vital en la aplicaci\u00f3n de herramientas de monitoreo c\u00edvico, contribuyendo a la efectividad&hellip;&nbsp;<a href=\"https:\/\/civicgreen.erasmus.site\/es\/civic-monitoring-tool\/the-6-phases-of-applying-a-civic-monitoring-tool\/\" rel=\"bookmark\">Leer m\u00e1s &raquo;<span class=\"screen-reader-text\">LAS 6 FASES DE APLICACI\u00d3N DE UNA HERRAMIENTA DE SEGUIMIENTO C\u00cdVICO<\/span><\/a><\/p>\n","protected":false},"author":1,"featured_media":0,"parent":103,"menu_order":0,"comment_status":"closed","ping_status":"closed","template":"","meta":{"neve_meta_sidebar":"","neve_meta_container":"","neve_meta_enable_content_width":"off","neve_meta_content_width":100,"neve_meta_title_alignment":"","neve_meta_author_avatar":"","neve_post_elements_order":"","neve_meta_disable_header":"","neve_meta_disable_footer":"","neve_meta_disable_title":"on","footnotes":""},"class_list":["post-441","page","type-page","status-publish","hentry"],"_links":{"self":[{"href":"https:\/\/civicgreen.erasmus.site\/es\/wp-json\/wp\/v2\/pages\/441","targetHints":{"allow":["GET"]}}],"collection":[{"href":"https:\/\/civicgreen.erasmus.site\/es\/wp-json\/wp\/v2\/pages"}],"about":[{"href":"https:\/\/civicgreen.erasmus.site\/es\/wp-json\/wp\/v2\/types\/page"}],"author":[{"embeddable":true,"href":"https:\/\/civicgreen.erasmus.site\/es\/wp-json\/wp\/v2\/users\/1"}],"replies":[{"embeddable":true,"href":"https:\/\/civicgreen.erasmus.site\/es\/wp-json\/wp\/v2\/comments?post=441"}],"version-history":[{"count":8,"href":"https:\/\/civicgreen.erasmus.site\/es\/wp-json\/wp\/v2\/pages\/441\/revisions"}],"predecessor-version":[{"id":913,"href":"https:\/\/civicgreen.erasmus.site\/es\/wp-json\/wp\/v2\/pages\/441\/revisions\/913"}],"up":[{"embeddable":true,"href":"https:\/\/civicgreen.erasmus.site\/es\/wp-json\/wp\/v2\/pages\/103"}],"wp:attachment":[{"href":"https:\/\/civicgreen.erasmus.site\/es\/wp-json\/wp\/v2\/media?parent=441"}],"curies":[{"name":"wp","href":"https:\/\/api.w.org\/{rel}","templated":true}]}}