{"id":515,"date":"2024-04-25T19:27:33","date_gmt":"2024-04-25T19:27:33","guid":{"rendered":"https:\/\/civicgreen.erasmus.site\/?page_id=515"},"modified":"2024-06-13T09:46:21","modified_gmt":"2024-06-13T09:46:21","slug":"3-civic-infrastructure","status":"publish","type":"page","link":"https:\/\/civicgreen.erasmus.site\/es\/platform\/3-civic-infrastructure\/","title":{"rendered":"3. INFRAESTRUCTURAS C\u00cdVICAS"},"content":{"rendered":"\t\t<div data-elementor-type=\"wp-page\" data-elementor-id=\"515\" class=\"elementor elementor-515\">\n\t\t\t\t<div class=\"elementor-element elementor-element-18f8ca0e e-flex e-con-boxed e-con e-parent\" data-id=\"18f8ca0e\" data-element_type=\"container\" data-e-type=\"container\">\n\t\t\t\t\t<div class=\"e-con-inner\">\n\t\t\t\t<div class=\"elementor-element elementor-element-1c68eef6 elementor-widget elementor-widget-shortcode\" data-id=\"1c68eef6\" data-element_type=\"widget\" data-e-type=\"widget\" data-widget_type=\"shortcode.default\">\n\t\t\t\t<div class=\"elementor-widget-container\">\n\t\t\t\t\t\t\t<div class=\"elementor-shortcode\"><nav aria-label=\"breadcrumbs\">\n            <div class=\"breadcrumb-container theme5\">\n                <ol>\n                                    <\/ol>\n            <\/div>\n        <\/nav>    <script type=\"application\/ld+json\">\n        {\n            \"@context\": \"http:\/\/schema.org\",\n            \"@type\": \"BreadcrumbList\",\n            \"itemListElement\": [\n                            ]\n        }\n    <\/script>\n   \n    <script>\n            <\/script>\n\r\n<\/div>\n\t\t\t\t\t\t<\/div>\n\t\t\t\t<\/div>\n\t\t\t\t\t<\/div>\n\t\t\t\t<\/div>\n\t\t<div class=\"elementor-element elementor-element-c8e516d e-flex e-con-boxed e-con e-parent\" data-id=\"c8e516d\" data-element_type=\"container\" data-e-type=\"container\">\n\t\t\t\t\t<div class=\"e-con-inner\">\n\t\t\t\t<div class=\"elementor-element elementor-element-b4e1c6c elementor-widget elementor-widget-image\" data-id=\"b4e1c6c\" data-element_type=\"widget\" data-e-type=\"widget\" data-widget_type=\"image.default\">\n\t\t\t\t<div class=\"elementor-widget-container\">\n\t\t\t\t\t\t\t\t\t\t\t\t\t\t\t<img fetchpriority=\"high\" decoding=\"async\" width=\"300\" height=\"300\" src=\"https:\/\/civicgreen.erasmus.site\/wp-content\/uploads\/2024\/04\/module-3.png\" class=\"attachment-medium size-medium wp-image-161\" alt=\"\" srcset=\"https:\/\/civicgreen.erasmus.site\/wp-content\/uploads\/2024\/04\/module-3.png 300w, https:\/\/civicgreen.erasmus.site\/wp-content\/uploads\/2024\/04\/module-3-150x150.png 150w\" sizes=\"(max-width: 300px) 100vw, 300px\" \/>\t\t\t\t\t\t\t\t\t\t\t\t\t\t\t<\/div>\n\t\t\t\t<\/div>\n\t\t\t\t<div class=\"elementor-element elementor-element-1d8aecd elementor-widget elementor-widget-text-editor\" data-id=\"1d8aecd\" data-element_type=\"widget\" data-e-type=\"widget\" data-widget_type=\"text-editor.default\">\n\t\t\t\t<div class=\"elementor-widget-container\">\n\t\t\t\t\t\t\t\t\t<p><strong>M\u00d3DULO 3 &#8211; INFRAESTRUCTURAS C\u00cdVICAS<br \/><\/strong><\/p>\t\t\t\t\t\t\t\t<\/div>\n\t\t\t\t<\/div>\n\t\t\t\t\t<\/div>\n\t\t\t\t<\/div>\n\t\t<div class=\"elementor-element elementor-element-71994ea e-flex e-con-boxed e-con e-parent\" data-id=\"71994ea\" data-element_type=\"container\" data-e-type=\"container\">\n\t\t\t\t\t<div class=\"e-con-inner\">\n\t\t\t\t<div class=\"elementor-element elementor-element-b465a50 elementor-widget elementor-widget-text-editor\" data-id=\"b465a50\" data-element_type=\"widget\" data-e-type=\"widget\" data-widget_type=\"text-editor.default\">\n\t\t\t\t<div class=\"elementor-widget-container\">\n\t\t\t\t\t\t\t\t\t<p>Las infraestructuras c\u00edvicas son sistemas f\u00edsicos y organizativos que sustentan el funcionamiento de una comunidad o sociedad. Incluyen espacios p\u00fablicos, redes de transporte, instalaciones sanitarias, instituciones educativas y organismos gubernamentales. Estas infraestructuras desempe\u00f1an un papel vital en la promoci\u00f3n de la cohesi\u00f3n social, la prestaci\u00f3n de servicios esenciales y la facilitaci\u00f3n del compromiso y la participaci\u00f3n c\u00edvicos.<\/p><p>Los ciudadanos con competencias en Infraestructuras c\u00edvicas mostrar\u00e1n una profunda comprensi\u00f3n de la importancia de contar con sistemas f\u00edsicos y organizativos bien dise\u00f1ados y accesibles en sus comunidades. Se comprometer\u00e1n activamente a identificar y abordar las necesidades de infraestructuras, colaborando con las partes interesadas para un desarrollo y mantenimiento eficaces. Estos ciudadanos demostrar\u00e1n sentido de la responsabilidad, innovaci\u00f3n y sostenibilidad, trabajando para crear entornos c\u00edvicos resilientes, inclusivos y pr\u00f3speros.<\/p>\t\t\t\t\t\t\t\t<\/div>\n\t\t\t\t<\/div>\n\t\t\t\t\t<\/div>\n\t\t\t\t<\/div>\n\t\t<div class=\"elementor-element elementor-element-e90fa60 e-flex e-con-boxed e-con e-child\" data-id=\"e90fa60\" data-element_type=\"container\" data-e-type=\"container\">\n\t\t\t\t\t<div class=\"e-con-inner\">\n\t\t<div class=\"elementor-element elementor-element-03e30e3 e-grid e-con-boxed e-con e-child\" data-id=\"03e30e3\" data-element_type=\"container\" data-e-type=\"container\">\n\t\t\t\t\t<div class=\"e-con-inner\">\n\t\t\t\t<div class=\"elementor-element elementor-element-1f1be91 elementor-align-center elementor-widget elementor-widget-button\" data-id=\"1f1be91\" data-element_type=\"widget\" data-e-type=\"widget\" data-widget_type=\"button.default\">\n\t\t\t\t<div class=\"elementor-widget-container\">\n\t\t\t\t\t\t\t\t\t<div class=\"elementor-button-wrapper\">\n\t\t\t\t\t<a class=\"elementor-button elementor-button-link elementor-size-sm\" href=\"https:\/\/civicgreen.erasmus.site\/platform\/3-civic-infrastructure\/e-learning\/\">\n\t\t\t\t\t\t<span class=\"elementor-button-content-wrapper\">\n\t\t\t\t\t\t\t\t\t<span class=\"elementor-button-text\">Aprendizaje electr\u00f3nico<\/span>\n\t\t\t\t\t<\/span>\n\t\t\t\t\t<\/a>\n\t\t\t\t<\/div>\n\t\t\t\t\t\t\t\t<\/div>\n\t\t\t\t<\/div>\n\t\t\t\t<div class=\"elementor-element elementor-element-d47a73e elementor-align-center elementor-widget elementor-widget-button\" data-id=\"d47a73e\" data-element_type=\"widget\" data-e-type=\"widget\" data-widget_type=\"button.default\">\n\t\t\t\t<div class=\"elementor-widget-container\">\n\t\t\t\t\t\t\t\t\t<div class=\"elementor-button-wrapper\">\n\t\t\t\t\t<a class=\"elementor-button elementor-button-link elementor-size-sm\" href=\"https:\/\/civicgreen.erasmus.site\/platform\/3-civic-infrastructure\/community-of-practice\/\">\n\t\t\t\t\t\t<span class=\"elementor-button-content-wrapper\">\n\t\t\t\t\t\t\t\t\t<span class=\"elementor-button-text\">Comunidad de pr\u00e1ctica<\/span>\n\t\t\t\t\t<\/span>\n\t\t\t\t\t<\/a>\n\t\t\t\t<\/div>\n\t\t\t\t\t\t\t\t<\/div>\n\t\t\t\t<\/div>\n\t\t\t\t\t<\/div>\n\t\t\t\t<\/div>\n\t\t\t\t\t<\/div>\n\t\t\t\t<\/div>\n\t\t\t\t<\/div>\n\t\t","protected":false},"excerpt":{"rendered":"<p>M\u00d3DULO 3 &#8211; INFRAESTRUCTURAS C\u00cdVICAS Las infraestructuras c\u00edvicas son sistemas f\u00edsicos y organizativos que sustentan el funcionamiento de una comunidad o sociedad. Incluyen espacios p\u00fablicos, redes de transporte, instalaciones sanitarias, instituciones educativas y organismos gubernamentales. Estas infraestructuras desempe\u00f1an un papel vital en la promoci\u00f3n de la cohesi\u00f3n social, la prestaci\u00f3n de servicios esenciales y la&hellip;&nbsp;<a href=\"https:\/\/civicgreen.erasmus.site\/es\/platform\/3-civic-infrastructure\/\" rel=\"bookmark\">Leer m\u00e1s &raquo;<span class=\"screen-reader-text\">3. INFRAESTRUCTURAS C\u00cdVICAS<\/span><\/a><\/p>\n","protected":false},"author":1,"featured_media":0,"parent":41,"menu_order":0,"comment_status":"closed","ping_status":"closed","template":"","meta":{"neve_meta_sidebar":"","neve_meta_container":"","neve_meta_enable_content_width":"off","neve_meta_content_width":100,"neve_meta_title_alignment":"","neve_meta_author_avatar":"","neve_post_elements_order":"","neve_meta_disable_header":"","neve_meta_disable_footer":"","neve_meta_disable_title":"on","footnotes":""},"class_list":["post-515","page","type-page","status-publish","hentry"],"_links":{"self":[{"href":"https:\/\/civicgreen.erasmus.site\/es\/wp-json\/wp\/v2\/pages\/515","targetHints":{"allow":["GET"]}}],"collection":[{"href":"https:\/\/civicgreen.erasmus.site\/es\/wp-json\/wp\/v2\/pages"}],"about":[{"href":"https:\/\/civicgreen.erasmus.site\/es\/wp-json\/wp\/v2\/types\/page"}],"author":[{"embeddable":true,"href":"https:\/\/civicgreen.erasmus.site\/es\/wp-json\/wp\/v2\/users\/1"}],"replies":[{"embeddable":true,"href":"https:\/\/civicgreen.erasmus.site\/es\/wp-json\/wp\/v2\/comments?post=515"}],"version-history":[{"count":47,"href":"https:\/\/civicgreen.erasmus.site\/es\/wp-json\/wp\/v2\/pages\/515\/revisions"}],"predecessor-version":[{"id":1248,"href":"https:\/\/civicgreen.erasmus.site\/es\/wp-json\/wp\/v2\/pages\/515\/revisions\/1248"}],"up":[{"embeddable":true,"href":"https:\/\/civicgreen.erasmus.site\/es\/wp-json\/wp\/v2\/pages\/41"}],"wp:attachment":[{"href":"https:\/\/civicgreen.erasmus.site\/es\/wp-json\/wp\/v2\/media?parent=515"}],"curies":[{"name":"wp","href":"https:\/\/api.w.org\/{rel}","templated":true}]}}