{"id":669,"date":"2024-04-26T13:29:19","date_gmt":"2024-04-26T13:29:19","guid":{"rendered":"https:\/\/civicgreen.erasmus.site\/?page_id=669"},"modified":"2024-10-23T08:32:12","modified_gmt":"2024-10-23T08:32:12","slug":"community-of-practice","status":"publish","type":"page","link":"https:\/\/civicgreen.erasmus.site\/es\/platform\/1-civic-action-and-commitment\/community-of-practice\/","title":{"rendered":"Comunidad de pr\u00e1ctica"},"content":{"rendered":"<p><nav aria-label=\"breadcrumbs\">\n            <div class=\"breadcrumb-container theme5\">\n                <ol>\n                                    <\/ol>\n            <\/div>\n        <\/nav>    <script type=\"application\/ld+json\">\n        {\n            \"@context\": \"http:\/\/schema.org\",\n            \"@type\": \"BreadcrumbList\",\n            \"itemListElement\": [\n                            ]\n        }\n    <\/script>\n   \n    <script>\n            <\/script>\n<\/p>\n<h2>Buenas Pr\u00e1cticas<\/h2>\n<table>\n<tbody>\n<tr>\n<td><strong>Buena practica 1<\/strong><\/td>\n<td>MARCHA POR EL CLIMA B\u00c9LGICA<\/td>\n<\/tr>\n<tr>\n<td>&nbsp;<\/p>\n<p>Breve descripci\u00f3n de buenas pr\u00e1cticas<\/td>\n<td><strong>Duraci\u00f3n: <\/strong>La \u00faltima Marcha del Clima en B\u00e9lgica tuvo lugar el 3 de diciembre de 2023 en Bruselas, con la participaci\u00f3n de miles de manifestantes<\/p>\n<p>&nbsp;<\/p>\n<p><strong>Objetivos: <\/strong>La marcha por el clima es un acto que se celebra peri\u00f3dicamente en B\u00e9lgica para exigir medidas concretas para proteger el medio ambiente y luchar contra el cambio clim\u00e1tico. La Marcha por el Clima de B\u00e9lgica es una forma de hacerse o\u00edr y exigir acciones concretas para la lucha contra el cambio clim\u00e1tico.<\/p>\n<p>&nbsp;<\/p>\n<p><strong>Implementaci\u00f3n:<\/strong> La Marcha del Clima en B\u00e9lgica se suele acompa\u00f1ar de otras actividades como discursos, representaciones art\u00edsticas y puestos de informaci\u00f3n sobre asuntos clim\u00e1ticos.<\/p>\n<p>&nbsp;<\/p>\n<p>&nbsp;<\/td>\n<\/tr>\n<tr>\n<td>Grupo destinatario de la buena pr\u00e1ctica<\/td>\n<td>El grupo objetivo de la Marcha del Clima en B\u00e9lgica es diverso e incluye distintos segmentos de poblaci\u00f3n involucrados en la concienciaci\u00f3n y la movilizaci\u00f3n por la acci\u00f3n clim\u00e1tica. He aqu\u00ed algunos de los grupos objetivos de esta pr\u00e1ctica:<\/p>\n<p>&nbsp;<\/p>\n<p>J\u00f3venes activistas &#8211; Organizaciones civiles &#8211; Ciudadanos comprometidos &#8211; Sindicatos y asociaciones de trabajadores &#8211; Sector educativo &#8211; Asociados pol\u00edticos y de la comunidad<\/td>\n<\/tr>\n<tr>\n<td>Socios \/ Agentes de buenas pr\u00e1cticas<\/td>\n<td>Amnist\u00eda Internacional &#8211; Extinction Rebellion &#8211; Oxfam B\u00e9lgica &#8211; Fondos RISE para el\u00a0 clima &#8211; Foro Mundial para la Naturaleza- UNICEF B\u00e9lgica.<\/p>\n<p>La Marcha del Clima de B\u00e9lgica es un movimiento popular cuyo objetivo es la exigencia de medidas concretas en favor de la protecci\u00f3n del medio ambiente y la lucha contra el cambio clim\u00e1tico. Estos socios juegan un importante papel en la movilizaci\u00f3n y concienciaci\u00f3n de la poblaci\u00f3n. Ayudan a concienciar y actuar contra el cambio clim\u00e1tico.<\/td>\n<\/tr>\n<tr>\n<td>Factores de \u00e9xito y dificultades\/obst\u00e1culos a las buenas pr\u00e1cticas<\/td>\n<td><strong>Factores de \u00e9xito.<\/strong><\/p>\n<p>Factores clave que contribuyen al \u00e9xito de la marcha del clima:<\/p>\n<p><strong>Movilizaci\u00f3n ciudadana. Apoyo de organizaciones medioambientales &#8211; Compromiso de la juventud y estudiantes- Estrategias efectivas de comunicaci\u00f3n &#8211; Apoyo de personajes p\u00fablicos<\/strong><\/p>\n<p>Al unir todos estos factores de \u00e9xito, la marcha del clima tiene el potencial de crear conciencia, influir en las instancias tomadoras de decisiones y ayudar a fomentar acciones concretas contra el cambio clim\u00e1tico.<\/p>\n<p><strong>Dificultades \/ Obst\u00e1culos<\/strong><\/p>\n<p>Algunos de los retos a los que se puede enfrentar esta marcha:<\/p>\n<p><strong>Condiciones clim\u00e1ticas &#8211; Problemas con la Agenda &#8211; Oposici\u00f3n pol\u00edtica o social &#8211; Recursos financieros limitados &#8211; Seguridad y orden p\u00fablicos &#8211; Comunicaci\u00f3n deficiente &#8211; Desmotivaci\u00f3n de la protesta.<\/strong><\/p>\n<p>Al vencer estos retos y desarrollar estrategias para disminuir estos obst\u00e1culos, la marcha por el clima refuerza su impacto y moviliza un apoyo m\u00e1s amplio para la acci\u00f3n clim\u00e1tica.<\/p>\n<p>&nbsp;<\/td>\n<\/tr>\n<tr>\n<td>\u00bfC\u00f3mo pueden vincularse estas buenas pr\u00e1cticas al proyecto CIVIC GREEN, su \u00e1mbito de aplicaci\u00f3n y sus actividades?<\/td>\n<td>Las buenas pr\u00e1cticas de la marcha clim\u00e1tica tienen un gran potencial para la transferibilidad y la sostenibilidad, lo cual se puede ampliar a CIVICGREEN y conseguir un impacto a largo plazo.<\/p>\n<p><strong>Transferibilidad internacional- Aplicabilidad local y regional- Concienciaci\u00f3n permanente &#8211; Refuerzo de la presi\u00f3n pol\u00edtica nacional e internacional &#8211; colaboraci\u00f3n con m\u00faltiples actores.<\/strong><\/p>\n<p>La movilizaci\u00f3n exitosa de la Marcha del Clima de B\u00e9lgica puede fomentar la colaboraci\u00f3n entre distintos actores como organizaciones civiles, instituciones educativas, negocios y autoridades locales para una acci\u00f3n clim\u00e1tica conjunta.<\/p>\n<p>La organizaci\u00f3n peri\u00f3dica de marchas por el clima puede ayudar a mantener la concienciaci\u00f3n y crear una cultura de participaci\u00f3n y activismo para pol\u00edticas clim\u00e1ticas m\u00e1s ambiciosas.<\/td>\n<\/tr>\n<tr>\n<td>Enlaces relacionados<\/td>\n<td><strong>Sitio web de buenas pr\u00e1cticas:<\/strong><\/p>\n<blockquote class=\"wp-embedded-content\" data-secret=\"17UQ2ZCMEn\"><p><a href=\"https:\/\/coalitionclimat.be\/\">Accueil<\/a><\/p><\/blockquote>\n<p><iframe class=\"wp-embedded-content\" sandbox=\"allow-scripts\" security=\"restricted\" style=\"position: absolute; visibility: hidden;\" title=\"\u00ab\u00a0Accueil\u00a0\u00bb &#8212; Coalition Climat\" src=\"https:\/\/coalitionclimat.be\/embed\/#?secret=gZZwPd2bh2#?secret=17UQ2ZCMEn\" data-secret=\"17UQ2ZCMEn\" width=\"600\" height=\"338\" frameborder=\"0\" marginwidth=\"0\" marginheight=\"0\" scrolling=\"no\"><\/iframe><\/p>\n<p><strong>\u00a0<\/strong><\/p>\n<p><strong>Otras fuentes relacionadas que se han creado y est\u00e1n disponibles en l\u00ednea:<\/strong><\/p>\n<p>https:\/\/www.unicef.be\/fr\/marche-pour-le-climat\/<\/p>\n<p>&nbsp;<\/p>\n<blockquote class=\"wp-embedded-content\" data-secret=\"jCxuHNvaMy\"><p><a href=\"https:\/\/klimaatcoalitie.be\/fr\/accueil\/\">Accueil<\/a><\/p><\/blockquote>\n<p><iframe class=\"wp-embedded-content\" sandbox=\"allow-scripts\" security=\"restricted\" style=\"position: absolute; clip: rect(1px, 1px, 1px, 1px);\" title=\"\u00ab\u00a0Accueil\u00a0\u00bb &#8212; Klimaatcoalitie\" src=\"https:\/\/klimaatcoalitie.be\/fr\/accueil\/embed\/#?secret=Fj6WWFCRrk#?secret=jCxuHNvaMy\" data-secret=\"jCxuHNvaMy\" width=\"600\" height=\"338\" frameborder=\"0\" marginwidth=\"0\" marginheight=\"0\" scrolling=\"no\"><\/iframe><\/p>\n<p><strong>\u00a0<\/strong><\/td>\n<\/tr>\n<\/tbody>\n<\/table>\n<p>&nbsp;<\/p>\n<p>&nbsp;<\/p>\n<h2>Tools<\/h2>\n<table>\n<tbody>\n<tr>\n<td><strong>Herramienta 1<\/strong><\/td>\n<td>Directrices para el Desarrollo Local\u00a0 para actores locales guiado por la Comunidad<\/td>\n<\/tr>\n<tr>\n<td>Breve descripci\u00f3n de la herramienta<\/td>\n<td><strong>Fecha: <\/strong>Agosto de 2014<\/p>\n<p>&nbsp;<\/p>\n<p><strong>Objetivo:<\/strong> Fomentar el desarrollo local liderado por la comunidad (CLLD) y promover el compromiso social a nivel local.<\/p>\n<p>&nbsp;<\/p>\n<p><strong>Breve descripci\u00f3n:<\/strong> Este proyecto pretende empoderar a las comunidades al implementar iniciativas de desarrollo local lideradas por ellas. Al acoger la participaci\u00f3n activa de actores locales como la ciudadan\u00eda, las organizaciones comunitarias y las instituciones p\u00fablicas, el proyecto pretende identificar y abordar los retos locales de forma efectiva.<\/p>\n<p>Mediante el apoyo de los programas de fondos de la Uni\u00f3n Europea como los Fondos Estructurales y de Inversi\u00f3n Europeos (ESIF) el proyecto aspira a facilitar enfoques de abajo a arriba, priorizar las necesidades comunitarias y poner en marcha proyectos de desarrollo sostenibles que beneficien a las comunidades locales. Al promover CLLD, el proyecto pretende reforzar las capacidades locales, promover la cohesi\u00f3n social y contribuir al bienestar general y la prosperidad de la regi\u00f3n.<\/td>\n<\/tr>\n<tr>\n<td>Grupo destinatario de la herramienta<\/p>\n<p>&nbsp;<\/td>\n<td width=\"454\"><strong>Actores locales:<\/strong> Se incluyen individuos y organizaciones involucrados en el desarrollo rural a nivel local. Pueden incluirse l\u00edderes de la comunidad local, representantes de organizaciones de base comunitaria, oeneg\u00e9s, negocios locales, granjeros y otros actores con un inter\u00e9s directo en el desarrollo de \u00e1reas rurales.<\/p>\n<p><strong>Autoridades locales:<\/strong> instancias gubernamentales locales como municipalidades y administraciones regionales son tambi\u00e9n un p\u00fablico objetivo. Las directrices pretenden apoyarlas en su compromiso con otros actores locales para la implementaci\u00f3n de enfoques liderados por la comunidad para sus estrategias de desarrollo rural.<\/p>\n<p><strong>Comunidades locales: <\/strong>Las directrices persiguen el beneficio global de la comunidad y asegurarse de su participaci\u00f3n activa y empoderamiento para forjar sus propios procesos de desarrollo.<\/p>\n<p><strong>Legisladores regionales y nacionales:<\/strong> Los legisladores nacionales y regionales responsables del desarrollo de pol\u00edticas rurales tambi\u00e9n son un grupo objetivo. Las Directrices pueden proporcionar ideas sobre c\u00f3mo desarrollar pr\u00e1cticas efectivas guiadas por la comunidad para mejorar las decisiones\u00a0 pol\u00edticas.<\/p>\n<p><strong>Redes e Instituciones de la Uni\u00f3n Europea: <\/strong>Las autoridades de desarrollo rural de la Uni\u00f3n Europea pueden estar interesadas en las directrices para alinear sus esfuerzos con los enfoques guiados por las comunidades y fomentar el desarrollo rural sostenible en toda Europa.<\/td>\n<\/tr>\n<tr>\n<td>La herramienta ha sido desarrollada por &#8230;<\/td>\n<td>Red Europea de Desarrollo Rural; Fondos estructurales y de Inversi\u00f3n europeos; Directrices para Estados Miembros y las autoridades del Programa; Directrices para beneficiarios<\/td>\n<\/tr>\n<tr>\n<td>\u00bfC\u00f3mo puede relacionarse esta herramienta con el proyecto CIVIC GREEN y su \u00e1mbito de aplicaci\u00f3n y actividades?<\/td>\n<td>Las directrices facilitan el compromiso activo de la ciudadan\u00eda y ponen el \u00e9nfasis en la importancia de la participaci\u00f3n comunitaria y la responsabilidad en los procesos de desarrollo. Ofrece las herramientas para la toma de decisiones inclusiva, moviliza recursos y auspicia alianzas con gobiernos locales y otros agentes implicados. Las herramientas animan a las comunidades a identificar sus necesidades, establecer prioridades y actuar para afrontarlas. El potencial de transferibilidad y sostenibilidad de las directrices reside en su enfoque adaptable que puede aplicarse en distintos contextos y comunidades. Ofrece conocimiento y herramientas a las comunidades para seguir dirigiendo su propio desarrollo despu\u00e9s incluso de la implementaci\u00f3n de proyectos concretos. Las directrices fomentan la capacitaci\u00f3n, la colaboraci\u00f3n y la transferencia de conocimiento y buenas pr\u00e1cticas entre las comunidades.<\/td>\n<\/tr>\n<tr>\n<td width=\"208\">Enlaces relacionados<\/td>\n<td width=\"454\"><strong>Web de acceso a la herramienta:<\/strong><\/p>\n<p>Red Europea de Desarrollo Rural; Directrices de desarrollo local liderado por la comunidad para actores locales.<\/p>\n<p><a href=\"https:\/\/ec.europa.eu\/enrd\/publications\/community-led-local-development-local-actors_en.html\">https:\/\/ec.europa.eu\/enrd\/publications\/community-led-local-development-local-actors_en.html<\/a><\/p>\n<p><strong>Otros recursos relacionados en los que se basa esta herramienta:<\/strong><\/p>\n<p>Kit de herramientas para el desarrollo comunitario de ardsandnorth<\/p>\n<p><a href=\"https:\/\/www.ardsandnorthdown.gov.uk\/downloads\/Community_Development_Toolkit_online.pdf\">https:\/\/www.ardsandnorthdown.gov.uk\/downloads\/Community_Development_Toolkit_online.pdf<\/a><\/p>\n<p>\u201cDesarrollo impulsado por la comunidad: Un manual para practicantes\u201d del Banco Mundial<\/p>\n<p><a href=\"https:\/\/www.worldbank.org\/en\/topic\/communitydrivendevelopment\">https:\/\/www.worldbank.org\/en\/topic\/communitydrivendevelopment<\/a><\/p>\n<p>&nbsp;<\/p>\n<p>&nbsp;<\/p>\n<p>&nbsp;<\/td>\n<\/tr>\n<\/tbody>\n<\/table>\n<p>&nbsp;<\/p>\n<table>\n<tbody>\n<tr>\n<td><strong>Herramienta 2<\/strong><\/td>\n<td>Manual de Estrategias de desarrollo urbano sostenible<\/td>\n<\/tr>\n<tr>\n<td width=\"208\">Breve descripci\u00f3n de la herramienta<\/td>\n<td width=\"454\"><strong>Fecha<\/strong>: Enero de 2020<\/p>\n<p>&nbsp;<\/p>\n<p><strong>Objetivo<\/strong>: El documento aspira a ofrecer asesoramiento a los gobiernos locales sobre c\u00f3mo involucrar de forma efectiva a los ciudadanos en los procesos de planificaci\u00f3n urban\u00edstica, fomentando la transparencia, la inclusividad y la colaboraci\u00f3n.<\/p>\n<p>&nbsp;<\/p>\n<p><strong>Descripci\u00f3n<\/strong>: El documento, editado por la Comisi\u00f3n Europea, ofrece apoyo metodol\u00f3gico en el dise\u00f1o, implementaci\u00f3n y seguimiento de las estrategias de desarrollo urbano al amparo de\u00a0 la Pol\u00edtica de Cohesi\u00f3n.\u00a0 Se estructura en seis fundamentos o principios del enfoque integrado de la UE en cuanto a desarrollo urbano: dimensi\u00f3n estrat\u00e9gica; enfoque territorial; integraci\u00f3n transversal en distintos sectores; financiaci\u00f3n y fondos; seguimiento.<\/p>\n<p>\u25cf\u00a0\u00a0\u00a0\u00a0\u00a0\u00a0\u00a0 Cada cap\u00edtulo est\u00e1 dedicado a un fundamento y se centra en los asuntos cr\u00edticos m\u00e1s recurrentes que presentan un desaf\u00edo.<\/p>\n<p>\u25cf\u00a0\u00a0\u00a0\u00a0\u00a0\u00a0\u00a0 Para cada asunto se identifican los desaf\u00edos clave, se afrontan mediante ejemplos, datos, riesgos potenciales y enlaces a otros recursos.<\/p>\n<p>\u25cf\u00a0\u00a0\u00a0\u00a0\u00a0\u00a0\u00a0 Para cada asunto se ofrece una lista de recomendaciones.<\/td>\n<\/tr>\n<tr>\n<td>Grupo destinatario de la herramienta<\/p>\n<p>&nbsp;<\/td>\n<td width=\"454\">El Manual tiene como objetivos principales:<\/p>\n<p>\u25cf\u00a0\u00a0\u00a0\u00a0\u00a0\u00a0\u00a0 autoridades locales (ciudades, cuerpos intermedios)<\/p>\n<p>\u25cf\u00a0\u00a0\u00a0\u00a0\u00a0\u00a0\u00a0 autoridades gubernamentales (regionales, nacionales)<\/p>\n<p>\u25cf\u00a0\u00a0\u00a0\u00a0\u00a0\u00a0\u00a0 involucrados y otros agentes<\/p>\n<p>Es especialmente \u00fatil para las autoridades locales menos familiarizadas con el funcionamiento de los fondos europeos.<\/td>\n<\/tr>\n<tr>\n<td>La herramienta ha sido desarrollada por &#8230;<\/td>\n<td>El Centro de Investigaci\u00f3n Conjunto en colaboraci\u00f3n con DG REGIOl. Se refiere al Desarrollo Urbano Sostenible tal y como se define por el Fondo de Desarrollo Regional Europeo durante el actual ciclo de programaci\u00f3n(2014-2020) y el siguiente (2021-2027).<\/td>\n<\/tr>\n<tr>\n<td>\u00bfC\u00f3mo puede relacionarse esta herramienta con el proyecto CIVIC GREEN y su \u00e1mbito de aplicaci\u00f3n y actividades?<\/td>\n<td>El documento ofrece un marco para el activismo ciudadano mediante el fomento de la participaci\u00f3n inclusiva, el fomento del di\u00e1logo entre ciudadan\u00eda y gobiernos y apreciando el conocimiento local. Hace hincapi\u00e9 en el rol de la ciudadan\u00eda como co-creadores del ambiente urbano, fomentando un sentimiento de responsabilidad y empoderamiento.<\/p>\n<p>El potencial del documento para la transferibilidad y la sostenibilidad radica en sus directivas adaptables que pueden personalizarse para acomodarse a distintos contextos. Fomenta el compromiso a largo plazo y pone \u00e9nfasis en una comunicaci\u00f3n, evaluaci\u00f3n y retroalimentaci\u00f3n cont\u00ednuas. Sus principios los pueden aplicar los gobiernos locales de distintas regiones para aumentar la participaci\u00f3n ciudadana en la planificaci\u00f3n urbana.<\/td>\n<\/tr>\n<tr>\n<td>Enlaces relacionados<\/td>\n<td><strong>Web de acceso a la herramienta:<\/strong> El Manual para Estrategias de Desarrollo Urbano Sostenible fue publicado en enero de 2020 por el Centro de Investigaci\u00f3n conjunta (JRC) en colaboraci\u00f3n con DG REGIO<\/p>\n<p><a href=\"https:\/\/urban.jrc.ec.europa.eu\/urbanstrategies\/\">https:\/\/urban.jrc.ec.europa.eu\/urbanstrategies\/<\/a><\/p>\n<p><strong>Otros recursos relacionados en los que se basa la herramienta:<\/strong><\/p>\n<p>Herramientas para el Compromiso Civil en la Planificaci\u00f3n Urbana. Enero 2022.<\/p>\n<p>En libro: Enfoque hol\u00edstico en la toma de decisiones en el dise\u00f1o de ciudades inteligentes (pp. 115-145)<\/p>\n<p><a href=\"https:\/\/www.researchgate.net\/publication\/357483327_Tools_for_Citizen_Engagement_in_Urban_Planning\">https:\/\/www.researchgate.net\/publication\/357483327_Tools_for_Citizen_Engagement_in_Urban_Planning<\/a><\/p>\n<p><a href=\"https:\/\/link.springer.com\/chapter\/10.1007\/978-3-030-85566-6_7\">https:\/\/link.springer.com\/chapter\/10.1007\/978-3-030-85566-6_7<\/a><\/p>\n<p>GU\u00cdA DE PARTICIPACI\u00d3N CIUDADANA para los beneficiarios\/inversores del Centro del Proyecto de Transporte Europeo (CEUTP)<\/p>\n<p><a href=\"https:\/\/www.oecd.org\/gov\/open-government\/ceutp-citizen-participation-guidelines-for-transport-infrastructure-projects.pdf\">https:\/\/www.oecd.org\/gov\/open-government\/ceutp-citizen-participation-guidelines-for-transport-infrastructure-projects.pdf<\/a><\/p>\n<p>&nbsp;<\/td>\n<\/tr>\n<\/tbody>\n<\/table>\n<p>&nbsp;<\/p>\n<h2>Resources<\/h2>\n<table>\n<tbody>\n<tr>\n<td><strong>Recurso 1<\/strong><\/td>\n<td>Ekolojika<\/td>\n<\/tr>\n<tr>\n<td>Breve descripci\u00f3n del recurso<\/td>\n<td><strong>Objetivo:<\/strong> El prop\u00f3sito de Ekolojika es dar con soluciones sostenibles para problemas ecol\u00f3gicos y medioambientales del mundo y ense\u00f1ar enfoques con centro en el medioambiente a un p\u00fablico m\u00e1s amplio.<\/p>\n<p><strong>Breve descripci\u00f3n:<\/strong> Ekolojika es un organizaci\u00f3n basada en la web fundada en 2013 en La Universidad Tecnol\u00f3gica de Estambul (ITU). El equipo de Ekolojika consiste en estudiantes de ingenier\u00eda medioambiental de la ITU que colaboran con el Club de Ingenier\u00eda Medioambiental de la ITU. Hay unos 132 art\u00edculos sobre 22 temas distintos en el sitio web escritos por 43 autores distintos entre estudiantes y profesores de\u00a0 la universidad. Incluye art\u00edculos sobre medioambiente, sostenibilidad, econom\u00eda medioambiental, arte, gesti\u00f3n de residuos y \u00e9tica medioambiental. Adem\u00e1s podemos encontrar un glosario de t\u00e9rminos medioambientales e informaci\u00f3n detallada sobre otros proyectos.<\/p>\n<p>&nbsp;<\/p>\n<p><strong>Fecha: <\/strong>\u00a0Desde 2013<\/p>\n<p>(https:\/\/www.ekolojika.com\/ copied on 10.07.2023)<\/p>\n<p>&nbsp;<\/td>\n<\/tr>\n<tr>\n<td>Grupo destinatario del recurso<\/td>\n<td>Ekolojika es una organizaci\u00f3n basada en internet que incluye diversos recursos\u00a0 para personas tales como estudiantes, acad\u00e9micos, profesores y cualquiera que quiera mejorar su conocimiento del medio ambiente, sostenibilidad, gesti\u00f3n del agua, etc. La idea de esta organizaci\u00f3n viene de la necesidad de informar al p\u00fablico sobre distintos desaf\u00edos medioambientales y mejorar la concienciaci\u00f3n.<\/p>\n<p>&nbsp;<\/td>\n<\/tr>\n<tr>\n<td>El recurso es publicado\/difundido por &#8230;<\/td>\n<td>Ekolojika se fund\u00f3 en 2013 por los estudiantes de ingenier\u00eda medioambiental de la Universidad Tecnol\u00f3gica de Estambul (ITU) e ingenieros medioambientales. Las actividades se llevan a cabo en colaboraci\u00f3n con el Club de Ingenier\u00eda Medioambiental de la universidad. Los art\u00edculos est\u00e1n escritos por estudiantes y acad\u00e9micos. Adem\u00e1s, se han implementado otros proyectos como D\u00eda del Ecosistema Sostenible y Las L\u00e1grimas del Agua con otras universidades y escuelas.<\/p>\n<p>&nbsp;<\/td>\n<\/tr>\n<tr>\n<td>\u00bfC\u00f3mo puede relacionarse este recurso con el proyecto CIVIC GREEN y su \u00e1mbito de aplicaci\u00f3n y actividades?<\/td>\n<td>Ekolojika es una organizaci\u00f3n que apoya a las universidades, los estudiantes, acad\u00e9micas y las escuelas al ofrecerles informaci\u00f3n y materiales as\u00ed como proyectos y formaci\u00f3n para la concienciaci\u00f3n. Muy importante, ofrece una plataforma para los estudiantes para compartir sus conocimientos sobre el medioambiente y les ayuda a sentirse involucrados con la comunidad al hacerse responsables de informar al p\u00fablico y trabajar de forma voluntaria.<\/p>\n<p>&nbsp;<\/td>\n<\/tr>\n<tr>\n<td>Enlaces relacionados<\/td>\n<td><strong>Sitio web de los recursos:<\/strong><\/p>\n<p><a href=\"https:\/\/www.ekolojika.com\/\">https:\/\/www.ekolojika.com\/<\/a> (copied on 10.07.2023)<\/p>\n<p>&nbsp;<\/p>\n<p><strong>Otros recursos relacionados que esta herramienta utiliza:<\/strong><\/p>\n<p><a href=\"https:\/\/www.facebook.com\/ekolojika\">https:\/\/www.facebook.com\/ekolojika<\/a><\/p>\n<p><a href=\"https:\/\/www.instagram.com\/ekolojik.a\/\">https:\/\/www.instagram.com\/ekolojik.a\/<\/a><\/p>\n<p><a href=\"https:\/\/www.linkedin.com\/company\/ekolojika\/\">https:\/\/www.linkedin.com\/company\/ekolojika\/<\/a><\/p>\n<p><strong>\u00a0<\/strong><\/td>\n<\/tr>\n<\/tbody>\n<\/table>\n<p>&nbsp;<\/p>\n<table>\n<tbody>\n<tr>\n<td><strong>Recurso 2<\/strong><\/td>\n<td><strong>Serie de v\u00eddeos \u00ab\u00a1Tengo un par de palabras para un futuro verde!\u00bb<\/strong><\/td>\n<\/tr>\n<tr>\n<td>Breve descripci\u00f3n del recurso<\/td>\n<td><strong>Objetivo:<\/strong> Esta serie de v\u00eddeos se crearon para estimular la motivaci\u00f3n de la juventud porque les muestran las claves de la sostenibilidad y la innovaci\u00f3n. Pretende fomentar la motivaci\u00f3n y conciencia de la producci\u00f3n verde y la protecci\u00f3n medioambiental.<\/p>\n<p>&nbsp;<\/p>\n<p><strong>Breve descripci\u00f3n:<\/strong> La Plataforma de Dom\u00e9stico, Verde y Concienciaci\u00f3n innovadora cre\u00f3 esta serie que consiste en 8 v\u00eddeos con entrevistas a estudiantes en institutos\u00a0 de alta vocaci\u00f3n. Explican sus ideas y las iniciativas individuales sobre distintos temas como el de cero residuos, reciclaje, sostenibilidad, cambio clim\u00e1tico\u00a0 y desastres naturales, etc.<\/p>\n<p><strong>Fecha: 2020<\/strong><\/p>\n<p>&nbsp;<\/td>\n<\/tr>\n<tr>\n<td>Grupo destinatario del recurso<\/td>\n<td>El grupo objetivo de esta serie es la juventud, en especial aquellos cuyos estudios de vocaci\u00f3n profesional en institutos van a tener lugar en distintas fases de la cadena de producci\u00f3n.<\/td>\n<\/tr>\n<tr>\n<td>El recurso es publicado\/difundido por &#8230;<\/td>\n<td>Esta serie fue creada por Yerli Ye\u015fil Yeni Fark\u0131ndal\u0131k Platformu (Domestic, Green, Innovative Awareness Platform) en YouTube. La fundaron un grupo de gente joven apasionada por las pr\u00e1cticas innovadoras y verdes en la producci\u00f3n. La apoyan algunas instituciones y universidades p\u00fablicas y privadas de prestigio.<\/td>\n<\/tr>\n<tr>\n<td>\u00bfC\u00f3mo puede relacionarse este recurso con el proyecto CIVIC GREEN y su \u00e1mbito de aplicaci\u00f3n y actividades?<\/td>\n<td>Esta fundaci\u00f3n surgi\u00f3 para apoyar a la gente joven y a emprendedores con metodolog\u00edas innovadoras y sostenibles y ofrecerles pr\u00e1cticas en campus, contenidos y para implementar proyectos locales y nacionales. Todas estas actividades est\u00e1n enfocadas a contribuir a la concienciaci\u00f3n y conocimiento de la juventud para que sean capaces de integrar estas pr\u00e1cticas verdes e innovadoras en sus futuras actividades.<\/td>\n<\/tr>\n<tr>\n<td>Enlaces relacionados<\/td>\n<td><strong>Sitio web del recurso:<\/strong><\/p>\n<p><a href=\"https:\/\/www.youtube.com\/playlist?list=PLe89ucVFBrlbQa37T2rX1ruhoPeCok2Iu\">st?list=PLe89ucVFBrlbQa37T2rX1ruhoPeCok2Iu<\/a><\/p>\n<p>&nbsp;<\/p>\n<p><strong>Otros recursos relacionados en los que se basa este recurso:<\/strong><\/p>\n<p><a href=\"http:\/\/yerliyesilyeni.org\/\">http:\/\/yerliyesilyeni.org\/<\/a><\/p>\n<p><strong>\u00a0<\/strong><\/td>\n<\/tr>\n<\/tbody>\n<\/table>\n<p>&nbsp;<\/p>\n<p>&nbsp;<\/p>\n<p>&nbsp;<\/p>","protected":false},"excerpt":{"rendered":"<p>Buenas Pr\u00e1cticas Buena practica 1 MARCHA POR EL CLIMA B\u00c9LGICA &nbsp; Breve descripci\u00f3n de buenas pr\u00e1cticas Duraci\u00f3n: La \u00faltima Marcha del Clima en B\u00e9lgica tuvo lugar el 3 de diciembre de 2023 en Bruselas, con la participaci\u00f3n de miles de manifestantes &nbsp; Objetivos: La marcha por el clima es un acto que se celebra peri\u00f3dicamente&hellip;&nbsp;<a href=\"https:\/\/civicgreen.erasmus.site\/es\/platform\/1-civic-action-and-commitment\/community-of-practice\/\" rel=\"bookmark\">Leer m\u00e1s &raquo;<span class=\"screen-reader-text\">Comunidad de pr\u00e1ctica<\/span><\/a><\/p>\n","protected":false},"author":1,"featured_media":0,"parent":501,"menu_order":1,"comment_status":"closed","ping_status":"closed","template":"","meta":{"neve_meta_sidebar":"","neve_meta_container":"contained","neve_meta_enable_content_width":"off","neve_meta_content_width":100,"neve_meta_title_alignment":"","neve_meta_author_avatar":"","neve_post_elements_order":"","neve_meta_disable_header":"","neve_meta_disable_footer":"","neve_meta_disable_title":"on","footnotes":""},"class_list":["post-669","page","type-page","status-publish","hentry"],"_links":{"self":[{"href":"https:\/\/civicgreen.erasmus.site\/es\/wp-json\/wp\/v2\/pages\/669","targetHints":{"allow":["GET"]}}],"collection":[{"href":"https:\/\/civicgreen.erasmus.site\/es\/wp-json\/wp\/v2\/pages"}],"about":[{"href":"https:\/\/civicgreen.erasmus.site\/es\/wp-json\/wp\/v2\/types\/page"}],"author":[{"embeddable":true,"href":"https:\/\/civicgreen.erasmus.site\/es\/wp-json\/wp\/v2\/users\/1"}],"replies":[{"embeddable":true,"href":"https:\/\/civicgreen.erasmus.site\/es\/wp-json\/wp\/v2\/comments?post=669"}],"version-history":[{"count":25,"href":"https:\/\/civicgreen.erasmus.site\/es\/wp-json\/wp\/v2\/pages\/669\/revisions"}],"predecessor-version":[{"id":1469,"href":"https:\/\/civicgreen.erasmus.site\/es\/wp-json\/wp\/v2\/pages\/669\/revisions\/1469"}],"up":[{"embeddable":true,"href":"https:\/\/civicgreen.erasmus.site\/es\/wp-json\/wp\/v2\/pages\/501"}],"wp:attachment":[{"href":"https:\/\/civicgreen.erasmus.site\/es\/wp-json\/wp\/v2\/media?parent=669"}],"curies":[{"name":"wp","href":"https:\/\/api.w.org\/{rel}","templated":true}]}}