{"id":428,"date":"2024-04-24T19:41:15","date_gmt":"2024-04-24T19:41:15","guid":{"rendered":"https:\/\/civicgreen.erasmus.site\/?page_id=428"},"modified":"2024-06-12T15:20:49","modified_gmt":"2024-06-12T15:20:49","slug":"framework-parameters-of-civic-monitoring","status":"publish","type":"page","link":"https:\/\/civicgreen.erasmus.site\/fr\/civic-monitoring-tool\/framework-parameters-of-civic-monitoring\/","title":{"rendered":"CADRE : PARAM\u00c8TRES DE LA SURVEILLANCE CIVIQUE"},"content":{"rendered":"<p><nav aria-label=\"breadcrumbs\">\n            <div class=\"breadcrumb-container theme5\">\n                <ol>\n                                    <\/ol>\n            <\/div>\n        <\/nav>    <script type=\"application\/ld+json\">\n        {\n            \"@context\": \"http:\/\/schema.org\",\n            \"@type\": \"BreadcrumbList\",\n            \"itemListElement\": [\n                            ]\n        }\n    <\/script>\n   \n    <script>\n            <\/script>\n<\/p>\n<p><strong>Introduction <\/strong><\/p>\n<p>Le contr\u00f4le civique est une pratique vitale qui permet aux citoyens de s&rsquo;engager activement dans le contr\u00f4le des politiques publiques et de l&rsquo;allocation des ressources. Pour comprendre pleinement son impact, nous devons tenir compte de six param\u00e8tres essentiels. Ces param\u00e8tres &#8211; transparence, responsabilit\u00e9, participation, efficience et efficacit\u00e9, prestation de services et lutte contre la corruption &#8211; forment le cadre dans lequel le contr\u00f4le civique s&rsquo;efforce d&rsquo;am\u00e9liorer la gouvernance, de favoriser l&rsquo;implication des citoyens et de garantir une allocation responsable des ressources publiques.<\/p>\n<p><strong>(1) Transparence<\/strong><\/p>\n<p>La transparence est le fondement du contr\u00f4le civique. Elle implique que les actions, les d\u00e9cisions et les informations du gouvernement soient accessibles au public. L&rsquo;observation civique garantit que les donn\u00e9es, les budgets et les politiques pertinents sont ouvertement disponibles, ce qui permet aux citoyens d&rsquo;examiner les activit\u00e9s du gouvernement de mani\u00e8re efficace. Une gouvernance transparente renforce la confiance et permet aux citoyens de tenir les autorit\u00e9s pour responsables de leurs actions. C&rsquo;est gr\u00e2ce \u00e0 la transparence que le public peut \u00e9valuer comment l&rsquo;argent des contribuables est allou\u00e9 et si les politiques s&rsquo;alignent sur le bien commun, promouvant ainsi une citoyennet\u00e9 inform\u00e9e et une culture de gouvernance ouverte.<\/p>\n<p><strong>(2) Responsabilit\u00e9<\/strong><\/p>\n<p>La responsabilit\u00e9 compl\u00e8te la transparence, en garantissant que les personnes au pouvoir r\u00e9pondent de leurs actes. Les m\u00e9canismes de contr\u00f4le civique permettent de tenir les fonctionnaires, les agences et les institutions gouvernementales responsables de leurs d\u00e9cisions. Les citoyens peuvent exiger des explications sur les r\u00e9sultats des politiques, les allocations budg\u00e9taires et l&rsquo;ex\u00e9cution des projets. L&rsquo;obligation de rendre compte d\u00e9courage non seulement la corruption et l&rsquo;utilisation abusive des ressources, mais encourage \u00e9galement les organismes publics \u00e0 respecter les normes d&rsquo;int\u00e9grit\u00e9 les plus strictes. C&rsquo;est un \u00e9l\u00e9ment essentiel qui garantit l&rsquo;efficacit\u00e9 des efforts de surveillance civique, en favorisant une culture de la responsabilit\u00e9 et de la r\u00e9activit\u00e9 au sein des institutions publiques.<\/p>\n<p><strong>(3) Participation<\/strong><\/p>\n<p>La participation est le pouls du suivi civique. Elle implique l&rsquo;engagement actif des citoyens dans le processus de prise de d\u00e9cision, de l&rsquo;\u00e9laboration des politiques \u00e0 la mise en \u0153uvre des projets. Le suivi civique permet aux individus et aux communaut\u00e9s d&rsquo;exprimer leurs pr\u00e9occupations, leurs suggestions et leurs r\u00e9actions. Ce faisant, les citoyens passent du statut d&rsquo;observateurs passifs \u00e0 celui de co-cr\u00e9ateurs de politiques publiques. Leurs points de vue et leurs contributions am\u00e9liorent la qualit\u00e9, la pertinence et l&rsquo;efficacit\u00e9 des politiques. Le suivi civique encourage l&rsquo;inclusion, en garantissant que les divers besoins et aspirations de la population sont pris en compte, ce qui, en fin de compte, favorise un gouvernement d\u00e9mocratique et r\u00e9actif.<\/p>\n<p><strong>(4) Efficience et efficacit\u00e9 <\/strong><\/p>\n<p>L&rsquo;efficience et l&rsquo;efficacit\u00e9 sont des r\u00e9sultats cl\u00e9s du suivi civique. En s&rsquo;engageant activement dans l&rsquo;\u00e9valuation des politiques publiques, les citoyens et les outils de suivi civique contribuent \u00e0 garantir une utilisation optimale des ressources publiques. Ils mesurent la performance des politiques et des projets par rapport aux objectifs et aux r\u00e9sultats escompt\u00e9s. Les r\u00e9sultats du suivi peuvent aider les d\u00e9cideurs \u00e0 r\u00e9affecter les ressources ou \u00e0 modifier les strat\u00e9gies afin de maximiser l&rsquo;impact. Le suivi civique vise \u00e0 rendre les politiques publiques plus efficaces, en r\u00e9duisant les gaspillages et en am\u00e9liorant leur efficacit\u00e9 globale afin d&rsquo;apporter des avantages significatifs aux communaut\u00e9s.<\/p>\n<p><strong>(5) Prestation de services<\/strong><\/p>\n<p>Le contr\u00f4le civique influence consid\u00e9rablement la qualit\u00e9 et l&rsquo;accessibilit\u00e9 des services publics. Il permet aux citoyens d&rsquo;\u00e9valuer la prestation de services essentiels tels que les soins de sant\u00e9, l&rsquo;\u00e9ducation et les infrastructures. En surveillant activement ces services, les communaut\u00e9s peuvent tenir les gouvernements responsables de la fourniture de services opportuns, \u00e9quitables et de haute qualit\u00e9. Le suivi civique permet d&rsquo;identifier les lacunes dans la prestation des services, garantissant ainsi que les gouvernements r\u00e9pondent aux besoins sp\u00e9cifiques de leurs administr\u00e9s. Il encourage le d\u00e9veloppement de solutions innovantes, permettant aux gouvernements d&rsquo;am\u00e9liorer la prestation de services et de mieux servir leurs citoyens.<\/p>\n<p><strong>(6) Lutte contre la corruption <\/strong><\/p>\n<p>L&rsquo;un des principaux objectifs du contr\u00f4le civique est de lutter contre la corruption. La corruption \u00e9rode la confiance du public, sape l&rsquo;efficacit\u00e9 du gouvernement et d\u00e9tourne les ressources de leurs objectifs. Les outils de surveillance civique et l&rsquo;engagement des citoyens sont de puissants antidotes contre la corruption. Ils cr\u00e9ent un environnement dans lequel les pratiques corrompues sont expos\u00e9es, signal\u00e9es et dissuad\u00e9es. En participant activement au contr\u00f4le des politiques publiques, les citoyens deviennent des chiens de garde contre les activit\u00e9s corrompues. La surveillance civique encourage la d\u00e9nonciation des irr\u00e9gularit\u00e9s et des abus de fonds publics, ce qui rend plus difficile le d\u00e9veloppement de la corruption et favorise une culture de gouvernance \u00e9thique.<\/p>\n<p><img loading=\"lazy\" decoding=\"async\" class=\"wp-image-884 aligncenter\" src=\"https:\/\/civicgreen.erasmus.site\/wp-content\/uploads\/2024\/06\/image005-1.png\" alt=\"\" width=\"903\" height=\"369\" srcset=\"https:\/\/civicgreen.erasmus.site\/wp-content\/uploads\/2024\/06\/image005-1.png 1006w, https:\/\/civicgreen.erasmus.site\/wp-content\/uploads\/2024\/06\/image005-1-300x123.png 300w, https:\/\/civicgreen.erasmus.site\/wp-content\/uploads\/2024\/06\/image005-1-768x314.png 768w\" sizes=\"(max-width: 903px) 100vw, 903px\" \/><\/p>\n<p style=\"text-align: center;\"><strong>CADRE : PARAM\u00c8TRES DE LA SURVEILLANCE CIVIQUE<\/strong><\/p>\n<p>En conclusion, le suivi civique est un instrument puissant qui permet aux citoyens de s&rsquo;engager activement dans le contr\u00f4le des politiques publiques et de l&rsquo;allocation des ressources. Dans son cadre global, six param\u00e8tres fondamentaux &#8211; la transparence, la responsabilit\u00e9, la participation, l&rsquo;efficience et l&rsquo;efficacit\u00e9, la prestation de services et la lutte contre la corruption &#8211; servent de principes directeurs. La transparence et la responsabilit\u00e9 garantissent que les actions du gouvernement sont soumises \u00e0 l&rsquo;examen du public, tandis que la participation transforme les citoyens en co-cr\u00e9ateurs des politiques publiques. Le contr\u00f4le civique renforce l&rsquo;efficacit\u00e9 et l&rsquo;efficience en optimisant l&rsquo;allocation des ressources et la prestation des services, ce qui favorise en fin de compte la bonne gouvernance. En outre, il constitue un puissant moyen de dissuasion contre la corruption, en soutenant les principes d&rsquo;int\u00e9grit\u00e9 dans le service public. En tenant compte de ces param\u00e8tres, le contr\u00f4le civique renforce le r\u00f4le des citoyens dans l&rsquo;organisation de leurs communaut\u00e9s, en garantissant l&rsquo;allocation responsable des ressources publiques et en am\u00e9liorant la qualit\u00e9 globale de la gouvernance.<\/p>","protected":false},"excerpt":{"rendered":"<p>Introduction Le contr\u00f4le civique est une pratique vitale qui permet aux citoyens de s&rsquo;engager activement dans le contr\u00f4le des politiques publiques et de l&rsquo;allocation des ressources. Pour comprendre pleinement son impact, nous devons tenir compte de six param\u00e8tres essentiels. Ces param\u00e8tres &#8211; transparence, responsabilit\u00e9, participation, efficience et efficacit\u00e9, prestation de services et lutte contre la&hellip;&nbsp;<a href=\"https:\/\/civicgreen.erasmus.site\/fr\/civic-monitoring-tool\/framework-parameters-of-civic-monitoring\/\" rel=\"bookmark\">Lire la suite &raquo;<span class=\"screen-reader-text\">CADRE : PARAM\u00c8TRES DE LA SURVEILLANCE CIVIQUE<\/span><\/a><\/p>\n","protected":false},"author":1,"featured_media":0,"parent":103,"menu_order":0,"comment_status":"closed","ping_status":"closed","template":"","meta":{"neve_meta_sidebar":"","neve_meta_container":"","neve_meta_enable_content_width":"off","neve_meta_content_width":100,"neve_meta_title_alignment":"","neve_meta_author_avatar":"","neve_post_elements_order":"","neve_meta_disable_header":"","neve_meta_disable_footer":"","neve_meta_disable_title":"on","footnotes":""},"class_list":["post-428","page","type-page","status-publish","hentry"],"_links":{"self":[{"href":"https:\/\/civicgreen.erasmus.site\/fr\/wp-json\/wp\/v2\/pages\/428","targetHints":{"allow":["GET"]}}],"collection":[{"href":"https:\/\/civicgreen.erasmus.site\/fr\/wp-json\/wp\/v2\/pages"}],"about":[{"href":"https:\/\/civicgreen.erasmus.site\/fr\/wp-json\/wp\/v2\/types\/page"}],"author":[{"embeddable":true,"href":"https:\/\/civicgreen.erasmus.site\/fr\/wp-json\/wp\/v2\/users\/1"}],"replies":[{"embeddable":true,"href":"https:\/\/civicgreen.erasmus.site\/fr\/wp-json\/wp\/v2\/comments?post=428"}],"version-history":[{"count":10,"href":"https:\/\/civicgreen.erasmus.site\/fr\/wp-json\/wp\/v2\/pages\/428\/revisions"}],"predecessor-version":[{"id":909,"href":"https:\/\/civicgreen.erasmus.site\/fr\/wp-json\/wp\/v2\/pages\/428\/revisions\/909"}],"up":[{"embeddable":true,"href":"https:\/\/civicgreen.erasmus.site\/fr\/wp-json\/wp\/v2\/pages\/103"}],"wp:attachment":[{"href":"https:\/\/civicgreen.erasmus.site\/fr\/wp-json\/wp\/v2\/media?parent=428"}],"curies":[{"name":"wp","href":"https:\/\/api.w.org\/{rel}","templated":true}]}}