{"id":435,"date":"2024-04-24T19:45:55","date_gmt":"2024-04-24T19:45:55","guid":{"rendered":"https:\/\/civicgreen.erasmus.site\/?page_id=435"},"modified":"2024-06-12T15:22:03","modified_gmt":"2024-06-12T15:22:03","slug":"elements-of-civic-monitoring","status":"publish","type":"page","link":"https:\/\/civicgreen.erasmus.site\/fr\/civic-monitoring-tool\/elements-of-civic-monitoring\/","title":{"rendered":"\u00c9L\u00c9MENTS DE LA SURVEILLANCE CIVIQUE"},"content":{"rendered":"<p><nav aria-label=\"breadcrumbs\">\n            <div class=\"breadcrumb-container theme5\">\n                <ol>\n                                    <\/ol>\n            <\/div>\n        <\/nav>    <script type=\"application\/ld+json\">\n        {\n            \"@context\": \"http:\/\/schema.org\",\n            \"@type\": \"BreadcrumbList\",\n            \"itemListElement\": [\n                            ]\n        }\n    <\/script>\n   \n    <script>\n            <\/script>\n<\/p>\n<p><strong>Introduction <\/strong><\/p>\n<p>Le suivi civique est un processus dynamique qui permet aux citoyens de s&rsquo;engager activement dans l&rsquo;\u00e9valuation et le contr\u00f4le des politiques publiques et de l&rsquo;allocation des ressources. Cette pratique aux multiples facettes comprend six \u00e9l\u00e9ments cl\u00e9s qui constituent le c\u0153ur de son fonctionnement. Ces \u00e9l\u00e9ments &#8211; la collecte et l&rsquo;analyse des donn\u00e9es, la transparence, l&rsquo;engagement des citoyens, la responsabilit\u00e9 et le contr\u00f4le, et le plaidoyer pour la transformation &#8211; jettent les bases d&rsquo;un suivi civique efficace, favorisant la transparence, la responsabilit\u00e9 et l&rsquo;am\u00e9lioration de la gouvernance.<\/p>\n<p><strong>(1) Collecte de donn\u00e9es<\/strong><\/p>\n<p>La collecte de donn\u00e9es est la pierre angulaire du contr\u00f4le civique. Elle implique la collecte d&rsquo;informations pertinentes sur les politiques publiques, les budgets et l&rsquo;allocation des ressources. Ces donn\u00e9es peuvent provenir d&rsquo;un large \u00e9ventail de sources, depuis les documents officiels du gouvernement jusqu&rsquo;aux r\u00e9actions des communaut\u00e9s sur le terrain. Les outils de suivi civique jouent souvent un r\u00f4le essentiel dans la collecte et la consolidation des donn\u00e9es, en veillant \u00e0 ce qu&rsquo;elles soient exactes, pertinentes et accessibles aux citoyens. Une collecte de donn\u00e9es solide permet aux citoyens de prendre des d\u00e9cisions \u00e9clair\u00e9es, car elle fournit la base factuelle n\u00e9cessaire \u00e0 l&rsquo;\u00e9valuation des r\u00e9sultats des politiques et des performances du gouvernement.<\/p>\n<p><strong>(2) Analyse des donn\u00e9es<\/strong><\/p>\n<p>L&rsquo;analyse des donn\u00e9es est le processus qui consiste \u00e0 donner un sens aux informations collect\u00e9es dans le cadre de la surveillance civique. Elle consiste \u00e0 examiner les donn\u00e9es pour y d\u00e9celer des sch\u00e9mas, des tendances et des anomalies, qui peuvent fournir des indications pr\u00e9cieuses sur l&rsquo;impact et l&rsquo;efficacit\u00e9 des politiques publiques. L&rsquo;analyse des donn\u00e9es s&rsquo;appuie souvent sur des techniques quantitatives et qualitatives, ce qui permet aux observateurs civiques de tirer des conclusions \u00e9clair\u00e9es sur les r\u00e9sultats des politiques. Gr\u00e2ce \u00e0 une analyse efficace, les outils d&rsquo;observation civique aident les citoyens \u00e0 identifier les domaines dans lesquels les politiques r\u00e9ussissent ou \u00e9chouent, facilitant ainsi la prise de d\u00e9cision fond\u00e9e sur des donn\u00e9es probantes et contribuant \u00e0 l&rsquo;am\u00e9lioration g\u00e9n\u00e9rale de la gouvernance.<\/p>\n<p><strong>(3) Transparence ou acc\u00e8s \u00e0 l&rsquo;information<\/strong><\/p>\n<p>La transparence et l&rsquo;acc\u00e8s \u00e0 l&rsquo;information sont des principes fondamentaux du contr\u00f4le civique. Ces \u00e9l\u00e9ments garantissent que les actions, les d\u00e9cisions et les donn\u00e9es des gouvernements sont ouvertes et accessibles au public. L&rsquo;observation civique s&rsquo;efforce de d\u00e9cloisonner l&rsquo;information et de mettre les donn\u00e9es essentielles \u00e0 la disposition de tous les citoyens. Une gouvernance transparente permet aux citoyens d&rsquo;examiner et de comprendre comment les fonds publics sont allou\u00e9s, quelles politiques sont mises en \u0153uvre et si elles sont conformes au bien commun. Cet acc\u00e8s \u00e0 l&rsquo;information renforce non seulement la responsabilit\u00e9, mais favorise \u00e9galement la confiance entre les citoyens et les institutions gouvernementales, promouvant ainsi une culture de gouvernance ouverte et r\u00e9active.<\/p>\n<p><strong>(4) Engagement des citoyens<\/strong><\/p>\n<p>L&rsquo;engagement des citoyens est au c\u0153ur de la surveillance civique. Il encourage la participation active des individus et des communaut\u00e9s au processus de prise de d\u00e9cision. Les outils d&rsquo;observation civique fournissent des plateformes et des canaux permettant aux citoyens d&rsquo;exprimer leurs pr\u00e9occupations, leurs suggestions et leurs r\u00e9actions. En s&rsquo;engageant dans des dialogues et des consultations, les citoyens passent du statut d&rsquo;observateurs passifs \u00e0 celui de co-cr\u00e9ateurs de politiques publiques. Leurs points de vue et leurs contributions enrichissent l&rsquo;\u00e9laboration des politiques, les rendant plus pertinentes, plus r\u00e9actives et plus efficaces. Le suivi civique garantit que les divers besoins et aspirations de la population sont pris en compte, favorisant ainsi une forme de gouvernance d\u00e9mocratique et inclusive.<\/p>\n<p><strong>(5) Responsabilit\u00e9 et surveillance<\/strong><\/p>\n<p>La responsabilit\u00e9 et la surveillance sont des \u00e9l\u00e9ments essentiels du contr\u00f4le civique qui garantissent que les personnes au pouvoir sont responsables de leurs actions. Les m\u00e9canismes de suivi civique \u00e9tablissent des proc\u00e9dures permettant de tenir les fonctionnaires, les agences et les institutions gouvernementales responsables de leurs d\u00e9cisions. Les citoyens peuvent exiger des explications sur les r\u00e9sultats des politiques, les allocations budg\u00e9taires et l&rsquo;ex\u00e9cution des projets. L&rsquo;obligation de rendre compte d\u00e9courage non seulement la corruption et l&rsquo;utilisation abusive des ressources, mais encourage \u00e9galement les organismes publics \u00e0 respecter des normes d&rsquo;int\u00e9grit\u00e9 \u00e9lev\u00e9es. En favorisant une culture de la responsabilit\u00e9 et de la r\u00e9activit\u00e9 au sein des institutions publiques, l&rsquo;obligation de rendre compte et le contr\u00f4le sont essentiels pour garantir l&rsquo;efficacit\u00e9 des efforts de surveillance civique.<\/p>\n<p><strong>(6) Plaidoyer pour la transformation <\/strong><\/p>\n<p>Le plaidoyer pour la transformation est l&rsquo;\u00e9l\u00e9ment prospectif du suivi civique. Il s&rsquo;agit d&rsquo;utiliser les connaissances et les preuves recueillies par la collecte et l&rsquo;analyse des donn\u00e9es pour plaider en faveur de changements et d&rsquo;am\u00e9liorations des politiques. Les observateurs civiques, souvent en collaboration avec des organisations de la soci\u00e9t\u00e9 civile, s&rsquo;efforcent d&rsquo;apporter des changements positifs aux politiques publiques. Ils s&rsquo;engagent aupr\u00e8s des autorit\u00e9s gouvernementales et plaident en faveur de r\u00e9formes visant \u00e0 am\u00e9liorer l&rsquo;efficacit\u00e9 et la r\u00e9activit\u00e9 des politiques. En comblant le foss\u00e9 entre les pr\u00e9occupations des citoyens et les actions du gouvernement, le plaidoyer pour la transformation catalyse les am\u00e9liorations de la gouvernance, contribuant en fin de compte \u00e0 de meilleures politiques publiques et \u00e0 de meilleurs r\u00e9sultats.<\/p>\n<p><img loading=\"lazy\" decoding=\"async\" class=\"wp-image-884 aligncenter\" src=\"https:\/\/civicgreen.erasmus.site\/wp-content\/uploads\/2024\/06\/image005-1.png\" alt=\"\" width=\"903\" height=\"369\" srcset=\"https:\/\/civicgreen.erasmus.site\/wp-content\/uploads\/2024\/06\/image005-1.png 1006w, https:\/\/civicgreen.erasmus.site\/wp-content\/uploads\/2024\/06\/image005-1-300x123.png 300w, https:\/\/civicgreen.erasmus.site\/wp-content\/uploads\/2024\/06\/image005-1-768x314.png 768w\" sizes=\"(max-width: 903px) 100vw, 903px\" \/><\/p>\n<p style=\"text-align: center;\"><strong>\u00c9L\u00c9MENTS DE LA SURVEILLANCE CIVIQUE<\/strong><\/p>\n<p>Enfin, le suivi civique est un processus global qui permet aux citoyens de participer activement \u00e0 l&rsquo;\u00e9valuation et au contr\u00f4le des politiques publiques et de l&rsquo;affectation des ressources. Ses \u00e9l\u00e9ments cl\u00e9s &#8211; la collecte et l&rsquo;analyse des donn\u00e9es, la transparence, l&rsquo;engagement des citoyens, la responsabilit\u00e9 et le contr\u00f4le, et la promotion de la transformation &#8211; collaborent pour favoriser la transparence, la responsabilit\u00e9 et une meilleure gouvernance. Gr\u00e2ce \u00e0 ces \u00e9l\u00e9ments, le suivi civique sert de pont entre les citoyens et le gouvernement, permettant une prise de d\u00e9cision \u00e9clair\u00e9e, de meilleurs r\u00e9sultats politiques et la poursuite continue d&rsquo;une d\u00e9mocratie plus inclusive et r\u00e9active. En exploitant ces \u00e9l\u00e9ments, l&rsquo;observation civique contribue \u00e0 rendre les citoyens plus engag\u00e9s, mieux inform\u00e9s et plus autonomes.<\/p>\n<p>&nbsp;<\/p>","protected":false},"excerpt":{"rendered":"<p>Introduction Le suivi civique est un processus dynamique qui permet aux citoyens de s&rsquo;engager activement dans l&rsquo;\u00e9valuation et le contr\u00f4le des politiques publiques et de l&rsquo;allocation des ressources. Cette pratique aux multiples facettes comprend six \u00e9l\u00e9ments cl\u00e9s qui constituent le c\u0153ur de son fonctionnement. Ces \u00e9l\u00e9ments &#8211; la collecte et l&rsquo;analyse des donn\u00e9es, la transparence,&hellip;&nbsp;<a href=\"https:\/\/civicgreen.erasmus.site\/fr\/civic-monitoring-tool\/elements-of-civic-monitoring\/\" rel=\"bookmark\">Lire la suite &raquo;<span class=\"screen-reader-text\">\u00c9L\u00c9MENTS DE LA SURVEILLANCE CIVIQUE<\/span><\/a><\/p>\n","protected":false},"author":1,"featured_media":0,"parent":103,"menu_order":0,"comment_status":"closed","ping_status":"closed","template":"","meta":{"neve_meta_sidebar":"","neve_meta_container":"","neve_meta_enable_content_width":"off","neve_meta_content_width":100,"neve_meta_title_alignment":"","neve_meta_author_avatar":"","neve_post_elements_order":"","neve_meta_disable_header":"","neve_meta_disable_footer":"","neve_meta_disable_title":"on","footnotes":""},"class_list":["post-435","page","type-page","status-publish","hentry"],"_links":{"self":[{"href":"https:\/\/civicgreen.erasmus.site\/fr\/wp-json\/wp\/v2\/pages\/435","targetHints":{"allow":["GET"]}}],"collection":[{"href":"https:\/\/civicgreen.erasmus.site\/fr\/wp-json\/wp\/v2\/pages"}],"about":[{"href":"https:\/\/civicgreen.erasmus.site\/fr\/wp-json\/wp\/v2\/types\/page"}],"author":[{"embeddable":true,"href":"https:\/\/civicgreen.erasmus.site\/fr\/wp-json\/wp\/v2\/users\/1"}],"replies":[{"embeddable":true,"href":"https:\/\/civicgreen.erasmus.site\/fr\/wp-json\/wp\/v2\/comments?post=435"}],"version-history":[{"count":10,"href":"https:\/\/civicgreen.erasmus.site\/fr\/wp-json\/wp\/v2\/pages\/435\/revisions"}],"predecessor-version":[{"id":911,"href":"https:\/\/civicgreen.erasmus.site\/fr\/wp-json\/wp\/v2\/pages\/435\/revisions\/911"}],"up":[{"embeddable":true,"href":"https:\/\/civicgreen.erasmus.site\/fr\/wp-json\/wp\/v2\/pages\/103"}],"wp:attachment":[{"href":"https:\/\/civicgreen.erasmus.site\/fr\/wp-json\/wp\/v2\/media?parent=435"}],"curies":[{"name":"wp","href":"https:\/\/api.w.org\/{rel}","templated":true}]}}