{"id":441,"date":"2024-04-24T19:47:29","date_gmt":"2024-04-24T19:47:29","guid":{"rendered":"https:\/\/civicgreen.erasmus.site\/?page_id=441"},"modified":"2024-06-12T15:23:28","modified_gmt":"2024-06-12T15:23:28","slug":"the-6-phases-of-applying-a-civic-monitoring-tool","status":"publish","type":"page","link":"https:\/\/civicgreen.erasmus.site\/fr\/civic-monitoring-tool\/the-6-phases-of-applying-a-civic-monitoring-tool\/","title":{"rendered":"LES 6 PHASES DE L&rsquo;APPLICATION D&rsquo;UN OUTIL DE SUIVI CIVIQUE"},"content":{"rendered":"<p><nav aria-label=\"breadcrumbs\">\n            <div class=\"breadcrumb-container theme5\">\n                <ol>\n                                    <\/ol>\n            <\/div>\n        <\/nav>    <script type=\"application\/ld+json\">\n        {\n            \"@context\": \"http:\/\/schema.org\",\n            \"@type\": \"BreadcrumbList\",\n            \"itemListElement\": [\n                            ]\n        }\n    <\/script>\n   \n    <script>\n            <\/script>\n<\/p>\n<p>Les outils de suivi civique sont essentiels pour garantir la transparence, la responsabilit\u00e9 et la participation des citoyens \u00e0 la gouvernance. Pour maximiser leur impact, ces outils suivent un processus structur\u00e9 qui comprend six phases distinctes. Chaque phase joue un r\u00f4le essentiel dans l&rsquo;application des outils de suivi civique et contribue \u00e0 l&rsquo;efficacit\u00e9 globale du processus.<\/p>\n<p><img fetchpriority=\"high\" decoding=\"async\" class=\"wp-image-442 aligncenter\" src=\"https:\/\/civicgreen.erasmus.site\/wp-content\/uploads\/2024\/04\/image005.png\" alt=\"\" width=\"647\" height=\"504\" srcset=\"https:\/\/civicgreen.erasmus.site\/wp-content\/uploads\/2024\/04\/image005.png 989w, https:\/\/civicgreen.erasmus.site\/wp-content\/uploads\/2024\/04\/image005-300x234.png 300w, https:\/\/civicgreen.erasmus.site\/wp-content\/uploads\/2024\/04\/image005-768x599.png 768w\" sizes=\"(max-width: 647px) 100vw, 647px\" \/><\/p>\n<p style=\"text-align: center;\"><strong>LES PHASES D&rsquo;APPLICATION D&rsquo;UN OUTIL DE SUIVI CIVIQUE<\/strong><\/p>\n<ol>\n<li><strong> S\u00e9lection des projets :<\/strong><\/li>\n<\/ol>\n<p>La premi\u00e8re phase concerne la s\u00e9lection des projets, au cours de laquelle les outils de suivi civique sont utilis\u00e9s pour identifier et choisir des politiques publiques, des projets ou des allocations de ressources sp\u00e9cifiques \u00e0 \u00e9valuer. Cette phase commence souvent par l&rsquo;identification des questions ou des politiques qui int\u00e9ressent la communaut\u00e9. En impliquant les citoyens dans ce processus de s\u00e9lection, l&rsquo;outil permet de hi\u00e9rarchiser les domaines \u00e0 surveiller, en veillant \u00e0 ce qu&rsquo;ils correspondent aux pr\u00e9occupations et aux aspirations de la population locale.<\/p>\n<ol start=\"2\">\n<li><strong> Engagement communautaire :<\/strong><\/li>\n<\/ol>\n<p>L&rsquo;engagement communautaire est une \u00e9tape fondamentale du suivi civique. Dans cette phase, l&rsquo;outil est utilis\u00e9 pour faciliter les dialogues, les consultations et les discussions avec la communaut\u00e9 afin de la sensibiliser au projet ou \u00e0 la politique choisie. Il encourage la participation active et permet aux citoyens d&rsquo;exprimer leurs opinions et leurs pr\u00e9occupations. En encourageant les conversations ouvertes et la collaboration, l&rsquo;outil garantit que les citoyens sont inform\u00e9s, engag\u00e9s et impliqu\u00e9s dans le processus de suivi.<\/p>\n<ol start=\"3\">\n<li><strong> Recherche et analyse documentaires :<\/strong><\/li>\n<\/ol>\n<p>Les outils de suivi civique facilitent la collecte et l&rsquo;analyse des donn\u00e9es lors de la phase de recherche documentaire. Ils permettent de collecter des documents, des budgets et des rapports pertinents, ce qui permet aux observateurs d&rsquo;\u00e9valuer le contexte du projet et les r\u00e9sultats escompt\u00e9s. Les outils d&rsquo;analyse aident \u00e0 identifier les probl\u00e8mes potentiels ou les inefficacit\u00e9s, fournissant ainsi une base solide pour les \u00e9tapes suivantes du suivi.<\/p>\n<ol start=\"4\">\n<li><strong> Enqu\u00eate au sol :<\/strong><\/li>\n<\/ol>\n<p>La phase d&rsquo;enqu\u00eate sur le terrain consiste \u00e0 collecter des donn\u00e9es en temps r\u00e9el \u00e0 l&rsquo;aide d&rsquo;outils de surveillance civique. Ces outils utilisent souvent une combinaison de m\u00e9thodologies, y compris des enqu\u00eates, des visites sur le terrain et des entretiens, pour recueillir des informations directement sur le site du projet et aupr\u00e8s des communaut\u00e9s locales. Les observateurs documentent les observations, recueillent les r\u00e9actions des b\u00e9n\u00e9ficiaires et \u00e9valuent si le projet est conforme \u00e0 ses objectifs. Les enqu\u00eates sur le terrain permettent de s&rsquo;assurer que le suivi est bas\u00e9 sur des preuves concr\u00e8tes et la r\u00e9alit\u00e9 du terrain.<\/p>\n<ol start=\"5\">\n<li><strong> Rapport d&rsquo;\u00e9valuation :<\/strong><\/li>\n<\/ol>\n<p>Au cours de cette phase, des outils de suivi civique sont utilis\u00e9s pour compiler les donn\u00e9es et les id\u00e9es recueillies au cours des phases pr\u00e9c\u00e9dentes dans un rapport d&rsquo;\u00e9valuation complet. Ce rapport pr\u00e9sente les r\u00e9sultats, souligne les r\u00e9ussites, identifie les difficult\u00e9s et propose des recommandations fond\u00e9es sur des donn\u00e9es probantes en vue d&rsquo;am\u00e9liorer le projet ou la politique. Le rapport constitue un document essentiel pour les autorit\u00e9s gouvernementales et le public, favorisant la transparence et la responsabilit\u00e9.<\/p>\n<ol start=\"6\">\n<li><strong> Sensibilisation du public :<\/strong><\/li>\n<\/ol>\n<p>La sensibilisation du public est la derni\u00e8re phase, au cours de laquelle l&rsquo;outil de suivi civique joue un r\u00f4le cl\u00e9 dans la diffusion du rapport d&rsquo;\u00e9valuation et de ses conclusions. Il incite les citoyens \u00e0 discuter des r\u00e9sultats, \u00e0 plaider en faveur de changements politiques et \u00e0 faire conna\u00eetre les r\u00e9sultats du projet. Les outils de suivi civique aident \u00e0 cr\u00e9er des campagnes, \u00e0 organiser des ateliers et \u00e0 utiliser divers canaux de communication pour s&rsquo;assurer que les r\u00e9sultats sont largement partag\u00e9s et compris, favorisant ainsi une culture de la transparence et de la responsabilit\u00e9.<\/p>\n<p>En r\u00e9sum\u00e9, les six phases de l&rsquo;application d&rsquo;un outil de suivi civique &#8211; s\u00e9lection du projet, engagement de la communaut\u00e9, recherche documentaire et analyse, enqu\u00eate sur le terrain, rapport d&rsquo;\u00e9valuation et sensibilisation du public &#8211; constituent un processus complet qui permet aux citoyens de participer activement \u00e0 l&rsquo;\u00e9valuation des politiques publiques et \u00e0 l&rsquo;allocation des ressources. Ces outils sont essentiels pour promouvoir la transparence, la responsabilit\u00e9 et la prise de d\u00e9cision \u00e9clair\u00e9e, en veillant \u00e0 ce que la gouvernance r\u00e9ponde mieux aux besoins et aux pr\u00e9occupations de la communaut\u00e9.<\/p>","protected":false},"excerpt":{"rendered":"<p>Les outils de suivi civique sont essentiels pour garantir la transparence, la responsabilit\u00e9 et la participation des citoyens \u00e0 la gouvernance. Pour maximiser leur impact, ces outils suivent un processus structur\u00e9 qui comprend six phases distinctes. Chaque phase joue un r\u00f4le essentiel dans l&rsquo;application des outils de suivi civique et contribue \u00e0 l&rsquo;efficacit\u00e9 globale du&hellip;&nbsp;<a href=\"https:\/\/civicgreen.erasmus.site\/fr\/civic-monitoring-tool\/the-6-phases-of-applying-a-civic-monitoring-tool\/\" rel=\"bookmark\">Lire la suite &raquo;<span class=\"screen-reader-text\">LES 6 PHASES DE L&rsquo;APPLICATION D&rsquo;UN OUTIL DE SUIVI CIVIQUE<\/span><\/a><\/p>\n","protected":false},"author":1,"featured_media":0,"parent":103,"menu_order":0,"comment_status":"closed","ping_status":"closed","template":"","meta":{"neve_meta_sidebar":"","neve_meta_container":"","neve_meta_enable_content_width":"off","neve_meta_content_width":100,"neve_meta_title_alignment":"","neve_meta_author_avatar":"","neve_post_elements_order":"","neve_meta_disable_header":"","neve_meta_disable_footer":"","neve_meta_disable_title":"on","footnotes":""},"class_list":["post-441","page","type-page","status-publish","hentry"],"_links":{"self":[{"href":"https:\/\/civicgreen.erasmus.site\/fr\/wp-json\/wp\/v2\/pages\/441","targetHints":{"allow":["GET"]}}],"collection":[{"href":"https:\/\/civicgreen.erasmus.site\/fr\/wp-json\/wp\/v2\/pages"}],"about":[{"href":"https:\/\/civicgreen.erasmus.site\/fr\/wp-json\/wp\/v2\/types\/page"}],"author":[{"embeddable":true,"href":"https:\/\/civicgreen.erasmus.site\/fr\/wp-json\/wp\/v2\/users\/1"}],"replies":[{"embeddable":true,"href":"https:\/\/civicgreen.erasmus.site\/fr\/wp-json\/wp\/v2\/comments?post=441"}],"version-history":[{"count":8,"href":"https:\/\/civicgreen.erasmus.site\/fr\/wp-json\/wp\/v2\/pages\/441\/revisions"}],"predecessor-version":[{"id":913,"href":"https:\/\/civicgreen.erasmus.site\/fr\/wp-json\/wp\/v2\/pages\/441\/revisions\/913"}],"up":[{"embeddable":true,"href":"https:\/\/civicgreen.erasmus.site\/fr\/wp-json\/wp\/v2\/pages\/103"}],"wp:attachment":[{"href":"https:\/\/civicgreen.erasmus.site\/fr\/wp-json\/wp\/v2\/media?parent=441"}],"curies":[{"name":"wp","href":"https:\/\/api.w.org\/{rel}","templated":true}]}}