{"id":470,"date":"2024-04-25T13:03:46","date_gmt":"2024-04-25T13:03:46","guid":{"rendered":"https:\/\/civicgreen.erasmus.site\/?page_id=470"},"modified":"2024-06-13T09:45:54","modified_gmt":"2024-06-13T09:45:54","slug":"2-democratic-engagement","status":"publish","type":"page","link":"https:\/\/civicgreen.erasmus.site\/fr\/platform\/2-democratic-engagement\/","title":{"rendered":"2. ENGAGEMENT D\u00c9MOCRATIQUE"},"content":{"rendered":"\t\t<div data-elementor-type=\"wp-page\" data-elementor-id=\"470\" class=\"elementor elementor-470\">\n\t\t\t\t<div class=\"elementor-element elementor-element-18f8ca0e e-flex e-con-boxed e-con e-parent\" data-id=\"18f8ca0e\" data-element_type=\"container\" data-e-type=\"container\">\n\t\t\t\t\t<div class=\"e-con-inner\">\n\t\t\t\t<div class=\"elementor-element elementor-element-1c68eef6 elementor-widget elementor-widget-shortcode\" data-id=\"1c68eef6\" data-element_type=\"widget\" data-e-type=\"widget\" data-widget_type=\"shortcode.default\">\n\t\t\t\t<div class=\"elementor-widget-container\">\n\t\t\t\t\t\t\t<div class=\"elementor-shortcode\"><nav aria-label=\"breadcrumbs\">\n            <div class=\"breadcrumb-container theme5\">\n                <ol>\n                                    <\/ol>\n            <\/div>\n        <\/nav>    <script type=\"application\/ld+json\">\n        {\n            \"@context\": \"http:\/\/schema.org\",\n            \"@type\": \"BreadcrumbList\",\n            \"itemListElement\": [\n                            ]\n        }\n    <\/script>\n   \n    <script>\n            <\/script>\n\r\n<\/div>\n\t\t\t\t\t\t<\/div>\n\t\t\t\t<\/div>\n\t\t\t\t\t<\/div>\n\t\t\t\t<\/div>\n\t\t<div class=\"elementor-element elementor-element-27005b9 e-flex e-con-boxed e-con e-parent\" data-id=\"27005b9\" data-element_type=\"container\" data-e-type=\"container\">\n\t\t\t\t\t<div class=\"e-con-inner\">\n\t\t\t\t<div class=\"elementor-element elementor-element-342b5fa elementor-widget elementor-widget-image\" data-id=\"342b5fa\" data-element_type=\"widget\" data-e-type=\"widget\" data-widget_type=\"image.default\">\n\t\t\t\t<div class=\"elementor-widget-container\">\n\t\t\t\t\t\t\t\t\t\t\t\t\t\t\t<img fetchpriority=\"high\" decoding=\"async\" width=\"300\" height=\"300\" src=\"https:\/\/civicgreen.erasmus.site\/wp-content\/uploads\/2024\/04\/module-2.png\" class=\"attachment-medium size-medium wp-image-157\" alt=\"\" srcset=\"https:\/\/civicgreen.erasmus.site\/wp-content\/uploads\/2024\/04\/module-2.png 300w, https:\/\/civicgreen.erasmus.site\/wp-content\/uploads\/2024\/04\/module-2-150x150.png 150w\" sizes=\"(max-width: 300px) 100vw, 300px\" \/>\t\t\t\t\t\t\t\t\t\t\t\t\t\t\t<\/div>\n\t\t\t\t<\/div>\n\t\t\t\t\t<\/div>\n\t\t\t\t<\/div>\n\t\t<div class=\"elementor-element elementor-element-c8e516d e-flex e-con-boxed e-con e-parent\" data-id=\"c8e516d\" data-element_type=\"container\" data-e-type=\"container\">\n\t\t\t\t\t<div class=\"e-con-inner\">\n\t\t\t\t<div class=\"elementor-element elementor-element-1d8aecd elementor-widget elementor-widget-text-editor\" data-id=\"1d8aecd\" data-element_type=\"widget\" data-e-type=\"widget\" data-widget_type=\"text-editor.default\">\n\t\t\t\t<div class=\"elementor-widget-container\">\n\t\t\t\t\t\t\t\t\t<p><strong>MODULE 2 &#8211; ENGAGEMENT D\u00c9MOCRATIQUE<\/strong><\/p>\t\t\t\t\t\t\t\t<\/div>\n\t\t\t\t<\/div>\n\t\t\t\t\t<\/div>\n\t\t\t\t<\/div>\n\t\t<div class=\"elementor-element elementor-element-71994ea e-flex e-con-boxed e-con e-parent\" data-id=\"71994ea\" data-element_type=\"container\" data-e-type=\"container\">\n\t\t\t\t\t<div class=\"e-con-inner\">\n\t\t\t\t<div class=\"elementor-element elementor-element-b465a50 elementor-widget elementor-widget-text-editor\" data-id=\"b465a50\" data-element_type=\"widget\" data-e-type=\"widget\" data-widget_type=\"text-editor.default\">\n\t\t\t\t<div class=\"elementor-widget-container\">\n\t\t\t\t\t\t\t\t\t<p>L&rsquo;engagement d\u00e9mocratique implique que les citoyens participent activement aux processus d\u00e9mocratiques, tels que le vote et l&rsquo;engagement dans des initiatives communautaires, afin de contribuer au bien-\u00eatre de la soci\u00e9t\u00e9. Il exige des individus qu&rsquo;ils poss\u00e8dent des comp\u00e9tences efficaces en mati\u00e8re de communication et de r\u00e9flexion critique, ainsi qu&rsquo;un sens de la responsabilit\u00e9 civique et du respect de la diversit\u00e9. Par leur engagement, ils \u0153uvrent \u00e0 la promotion d&rsquo;une soci\u00e9t\u00e9 d\u00e9mocratique juste et inclusive.<\/p><p>Les citoyens ayant des comp\u00e9tences en mati\u00e8re d&rsquo;engagement d\u00e9mocratique poss\u00e8dent une connaissance des principes, des institutions et des valeurs d\u00e9mocratiques. Ils auront des comp\u00e9tences efficaces en mati\u00e8re de communication, de r\u00e9flexion critique et de recherche. Ils font preuve d&rsquo;un sens de la responsabilit\u00e9 civique, de respect de la diversit\u00e9 et d&rsquo;ouverture \u00e0 des perspectives diff\u00e9rentes. Ils s&rsquo;engageront activement dans des processus d\u00e9mocratiques, tels que le vote et la participation \u00e0 des initiatives communautaires. Ils contribueront \u00e0 l&rsquo;\u00e9laboration des politiques et d\u00e9fendront le bien commun. Dans l&rsquo;ensemble, ils joueront un r\u00f4le essentiel dans la promotion d&rsquo;une soci\u00e9t\u00e9 juste et d\u00e9mocratique.<\/p>\t\t\t\t\t\t\t\t<\/div>\n\t\t\t\t<\/div>\n\t\t\t\t\t<\/div>\n\t\t\t\t<\/div>\n\t\t<div class=\"elementor-element elementor-element-e90fa60 e-flex e-con-boxed e-con e-child\" data-id=\"e90fa60\" data-element_type=\"container\" data-e-type=\"container\">\n\t\t\t\t\t<div class=\"e-con-inner\">\n\t\t<div class=\"elementor-element elementor-element-03e30e3 e-grid e-con-boxed e-con e-child\" data-id=\"03e30e3\" data-element_type=\"container\" data-e-type=\"container\">\n\t\t\t\t\t<div class=\"e-con-inner\">\n\t\t\t\t<div class=\"elementor-element elementor-element-1f1be91 elementor-align-center elementor-widget elementor-widget-button\" data-id=\"1f1be91\" data-element_type=\"widget\" data-e-type=\"widget\" data-widget_type=\"button.default\">\n\t\t\t\t<div class=\"elementor-widget-container\">\n\t\t\t\t\t\t\t\t\t<div class=\"elementor-button-wrapper\">\n\t\t\t\t\t<a class=\"elementor-button elementor-button-link elementor-size-sm\" href=\"https:\/\/civicgreen.erasmus.site\/platform\/2-democratic-engagement\/e-learning\/\">\n\t\t\t\t\t\t<span class=\"elementor-button-content-wrapper\">\n\t\t\t\t\t\t\t\t\t<span class=\"elementor-button-text\">Apprentissage en ligne<\/span>\n\t\t\t\t\t<\/span>\n\t\t\t\t\t<\/a>\n\t\t\t\t<\/div>\n\t\t\t\t\t\t\t\t<\/div>\n\t\t\t\t<\/div>\n\t\t\t\t<div class=\"elementor-element elementor-element-d47a73e elementor-align-center elementor-widget elementor-widget-button\" data-id=\"d47a73e\" data-element_type=\"widget\" data-e-type=\"widget\" data-widget_type=\"button.default\">\n\t\t\t\t<div class=\"elementor-widget-container\">\n\t\t\t\t\t\t\t\t\t<div class=\"elementor-button-wrapper\">\n\t\t\t\t\t<a class=\"elementor-button elementor-button-link elementor-size-sm\" href=\"https:\/\/civicgreen.erasmus.site\/platform\/2-democratic-engagement\/community-of-practice\/\">\n\t\t\t\t\t\t<span class=\"elementor-button-content-wrapper\">\n\t\t\t\t\t\t\t\t\t<span class=\"elementor-button-text\">communaut\u00e9 de pratique<\/span>\n\t\t\t\t\t<\/span>\n\t\t\t\t\t<\/a>\n\t\t\t\t<\/div>\n\t\t\t\t\t\t\t\t<\/div>\n\t\t\t\t<\/div>\n\t\t\t\t\t<\/div>\n\t\t\t\t<\/div>\n\t\t\t\t\t<\/div>\n\t\t\t\t<\/div>\n\t\t\t\t<\/div>\n\t\t","protected":false},"excerpt":{"rendered":"<p>MODULE 2 &#8211; ENGAGEMENT D\u00c9MOCRATIQUE L&rsquo;engagement d\u00e9mocratique implique que les citoyens participent activement aux processus d\u00e9mocratiques, tels que le vote et l&rsquo;engagement dans des initiatives communautaires, afin de contribuer au bien-\u00eatre de la soci\u00e9t\u00e9. Il exige des individus qu&rsquo;ils poss\u00e8dent des comp\u00e9tences efficaces en mati\u00e8re de communication et de r\u00e9flexion critique, ainsi qu&rsquo;un sens de&hellip;&nbsp;<a href=\"https:\/\/civicgreen.erasmus.site\/fr\/platform\/2-democratic-engagement\/\" rel=\"bookmark\">Lire la suite &raquo;<span class=\"screen-reader-text\">2. ENGAGEMENT D\u00c9MOCRATIQUE<\/span><\/a><\/p>\n","protected":false},"author":1,"featured_media":0,"parent":41,"menu_order":0,"comment_status":"closed","ping_status":"closed","template":"","meta":{"neve_meta_sidebar":"","neve_meta_container":"","neve_meta_enable_content_width":"off","neve_meta_content_width":100,"neve_meta_title_alignment":"","neve_meta_author_avatar":"","neve_post_elements_order":"","neve_meta_disable_header":"","neve_meta_disable_footer":"","neve_meta_disable_title":"on","footnotes":""},"class_list":["post-470","page","type-page","status-publish","hentry"],"_links":{"self":[{"href":"https:\/\/civicgreen.erasmus.site\/fr\/wp-json\/wp\/v2\/pages\/470","targetHints":{"allow":["GET"]}}],"collection":[{"href":"https:\/\/civicgreen.erasmus.site\/fr\/wp-json\/wp\/v2\/pages"}],"about":[{"href":"https:\/\/civicgreen.erasmus.site\/fr\/wp-json\/wp\/v2\/types\/page"}],"author":[{"embeddable":true,"href":"https:\/\/civicgreen.erasmus.site\/fr\/wp-json\/wp\/v2\/users\/1"}],"replies":[{"embeddable":true,"href":"https:\/\/civicgreen.erasmus.site\/fr\/wp-json\/wp\/v2\/comments?post=470"}],"version-history":[{"count":67,"href":"https:\/\/civicgreen.erasmus.site\/fr\/wp-json\/wp\/v2\/pages\/470\/revisions"}],"predecessor-version":[{"id":1245,"href":"https:\/\/civicgreen.erasmus.site\/fr\/wp-json\/wp\/v2\/pages\/470\/revisions\/1245"}],"up":[{"embeddable":true,"href":"https:\/\/civicgreen.erasmus.site\/fr\/wp-json\/wp\/v2\/pages\/41"}],"wp:attachment":[{"href":"https:\/\/civicgreen.erasmus.site\/fr\/wp-json\/wp\/v2\/media?parent=470"}],"curies":[{"name":"wp","href":"https:\/\/api.w.org\/{rel}","templated":true}]}}