{"id":428,"date":"2024-04-24T19:41:15","date_gmt":"2024-04-24T19:41:15","guid":{"rendered":"https:\/\/civicgreen.erasmus.site\/?page_id=428"},"modified":"2024-06-12T15:20:49","modified_gmt":"2024-06-12T15:20:49","slug":"framework-parameters-of-civic-monitoring","status":"publish","type":"page","link":"https:\/\/civicgreen.erasmus.site\/pl\/civic-monitoring-tool\/framework-parameters-of-civic-monitoring\/","title":{"rendered":"RAMY: KRYTERIA MONITORINGU OBYWATELSKIEGO"},"content":{"rendered":"<p><nav aria-label=\"breadcrumbs\">\n            <div class=\"breadcrumb-container theme5\">\n                <ol>\n                                    <\/ol>\n            <\/div>\n        <\/nav>    <script type=\"application\/ld+json\">\n        {\n            \"@context\": \"http:\/\/schema.org\",\n            \"@type\": \"BreadcrumbList\",\n            \"itemListElement\": [\n                            ]\n        }\n    <\/script>\n   \n    <script>\n            <\/script>\n<\/p>\n<p><strong>Wst\u0119p <\/strong><\/p>\n<p>Monitoring obywatelski jest istotn\u0105 praktyk\u0105, kt\u00f3ra umo\u017cliwia obywatelom aktywne anga\u017cowanie si\u0119<br \/>\nw nadz\u00f3r nad polityk\u0105 publiczn\u0105 i alokacj\u0105 zasob\u00f3w. Aby w pe\u0142ni zrozumie\u0107 jego wp\u0142yw, musimy wzi\u0105\u0107 pod uwag\u0119 sze\u015b\u0107 podstawowych kryteri\u00f3w. Kryteria te \u2013 jawno\u015b\u0107, odpowiedzialno\u015b\u0107, uczestnictwo, wydajno\u015b\u0107<br \/>\ni skuteczno\u015b\u0107, \u015bwiadczenie us\u0142ug i przeciwdzia\u0142anie korupcji \u2013 tworz\u0105 ramy, za pomoc\u0105 kt\u00f3rych monitoring obywatelski d\u0105\u017cy do poprawy zarz\u0105dzania, wspierania zaanga\u017cowania obywateli i zapewnienia odpowiedzialnej alokacji zasob\u00f3w publicznych.<\/p>\n<p><strong>(1) Jawno\u015b\u0107<\/strong><\/p>\n<p>Jawno\u015b\u0107 jest podstaw\u0105 monitoringu obywatelskiego. Wi\u0105\u017ce si\u0119 ona z udost\u0119pnianiem dzia\u0142a\u0144, decyzji<br \/>\ni informacji rz\u0105dowych opinii publicznej. Monitoring obywatelski zapewnia, \u017ce odpowiednie dane, bud\u017cety<br \/>\ni polityki s\u0105 otwarcie dost\u0119pne, umo\u017cliwiaj\u0105c obywatelom skuteczn\u0105 kontrol\u0119 dzia\u0142a\u0144 rz\u0105du. Jawne rz\u0105dy buduj\u0105 zaufanie, umo\u017cliwiaj\u0105c obywatelom rozliczanie w\u0142adz z ich dzia\u0142a\u0144. To w\u0142a\u015bnie dzi\u0119ki jawno\u015bci opinia publiczna mo\u017ce oceni\u0107, w jaki spos\u00f3b przydzielane s\u0105 fundusze podatnik\u00f3w i czy polityka jest zgodna ze wsp\u00f3lnym dobrem, promuj\u0105c \u015bwiadomych obywateli i kultur\u0119 otwartego zarz\u0105dzania.<\/p>\n<p><strong>(2) Odpowiedzialno\u015b\u0107<\/strong><\/p>\n<p>Odpowiedzialno\u015b\u0107 uzupe\u0142nia jawno\u015b\u0107 poprzez zapewnienie, \u017ce osoby posiadaj\u0105ce w\u0142adz\u0119 s\u0105 za ni\u0105 odpowiedzialne. Mechanizmy monitoringu obywatelskiego tworz\u0105 mechanizmy poci\u0105gania urz\u0119dnik\u00f3w pa\u0144stwowych, agencji i instytucji do odpowiedzialno\u015bci za ich decyzje. Obywatele mog\u0105 domaga\u0107 si\u0119 wyja\u015bnie\u0144 dotycz\u0105cych wynik\u00f3w polityki, alokacji bud\u017cetowych i realizacji projekt\u00f3w. Odpowiedzialno\u015b\u0107 nie tylko zniech\u0119ca do korupcji i niew\u0142a\u015bciwego wykorzystywania zasob\u00f3w, ale tak\u017ce zach\u0119ca organy rz\u0105dowe<br \/>\ndo przestrzegania najwy\u017cszych standard\u00f3w uczciwo\u015bci. Jest to kluczowy element, kt\u00f3ry zapewnia skuteczno\u015b\u0107 dzia\u0142ania monitoringu obywatelskiego, wspieraj\u0105c kultur\u0119 odpowiedzialno\u015bci i szybko\u015bci reakcji<br \/>\nw instytucjach publicznych.<\/p>\n<p><strong>(3) Uczestnictwo<\/strong><\/p>\n<p>Uczestnictwo jest sercem monitoringu obywatelskiego. Obejmuje ono aktywne zaanga\u017cowanie obywateli<br \/>\nw proces podejmowania decyzji, od opracowywania polityki po wdra\u017canie projekt\u00f3w. Monitoring obywatelski umo\u017cliwia jednostkom i spo\u0142eczno\u015bciom wyra\u017canie swoich obaw, sugestii i opinii. W ten spos\u00f3b przekszta\u0142ca obywateli z biernych obserwator\u00f3w we wsp\u00f3\u0142tw\u00f3rc\u00f3w polityk publicznych. Ich spostrze\u017cenia<br \/>\ni wk\u0142ad poprawiaj\u0105 jako\u015b\u0107, adekwatno\u015b\u0107 i skuteczno\u015b\u0107 polityki. Monitoring obywatelski zach\u0119ca do integracji, zapewniaj\u0105c, \u017ce r\u00f3\u017cnorodne potrzeby i aspiracje ludzi s\u0105 brane pod uwag\u0119, ostatecznie promuj\u0105c demokratyczny i elastyczny rz\u0105d.<\/p>\n<p><strong>(4) Wydajno\u015b\u0107 i skuteczno\u015b\u0107<\/strong><\/p>\n<p>Efektywno\u015b\u0107 i skuteczno\u015b\u0107 s\u0105 kluczowymi rezultatami monitoringu obywatelskiego. Aktywnie anga\u017cuj\u0105c si\u0119 w ocen\u0119 polityk publicznych, obywatele i narz\u0119dzia monitoringu obywatelskiego pomagaj\u0105 zapewni\u0107 optymalne wykorzystanie zasob\u00f3w rz\u0105dowych. Mierz\u0105 one wydajno\u015b\u0107 polityk i projekt\u00f3w w odniesieniu do ich zamierzonych cel\u00f3w i wynik\u00f3w. Wyniki monitorowania mog\u0105 pom\u00f3c decydentom w realokacji zasob\u00f3w lub modyfikacji strategii w celu maksymalizacji wp\u0142ywu. Monitoring obywatelski ma na celu zwi\u0119kszenie wydajno\u015bci polityk publicznych, zmniejszenie marnotrawstwa i zwi\u0119kszenie ich og\u00f3lnej skuteczno\u015bci w celu zapewnienia znacz\u0105cych korzy\u015bci dla spo\u0142eczno\u015bci.<\/p>\n<p><strong>(5) \u015awiadczenie us\u0142ug<\/strong><\/p>\n<p>Monitoring obywatelski znacz\u0105co wp\u0142ywa na jako\u015b\u0107 i dost\u0119p do us\u0142ug publicznych. Umo\u017cliwia obywatelom ocen\u0119 \u015bwiadczenia podstawowych us\u0142ug, takich jak opieka zdrowotna, edukacja i infrastruktura. Poprzez aktywne monitorowanie tych us\u0142ug, spo\u0142eczno\u015bci mog\u0105 poci\u0105ga\u0107 rz\u0105dy do odpowiedzialno\u015bci za \u015bwiadczenie terminowych, sprawiedliwych i wysokiej jako\u015bci us\u0142ug. Monitoring obywatelski pomaga znale\u017a\u0107 luki<br \/>\nw \u015bwiadczeniu us\u0142ug, zapewniaj\u0105c, \u017ce rz\u0105d reaguje na konkretne potrzeby swoich wyborc\u00f3w.<br \/>\nZach\u0119ca do opracowywania innowacyjnych rozwi\u0105za\u0144, umo\u017cliwiaj\u0105c rz\u0105dom popraw\u0119 \u015bwiadczenia us\u0142ug<br \/>\ni lepsz\u0105 obs\u0142ug\u0119 obywateli.<\/p>\n<p><strong>(6) Przeciwdzia\u0142anie korupcji <\/strong><\/p>\n<p>Jednym z g\u0142\u00f3wnych cel\u00f3w monitoringu obywatelskiego jest zwalczanie korupcji. Korupcja podwa\u017ca zaufanie publiczne, skuteczno\u015b\u0107 rz\u0105du i odci\u0105ga zasoby od zamierzonych cel\u00f3w. Narz\u0119dzia monitoringu obywatelskiego i zaanga\u017cowanie obywateli s\u0105 silnym antidotum na korupcj\u0119. Tworz\u0105 one \u015brodowisko,<br \/>\nw kt\u00f3rym praktyki korupcyjne s\u0105 ujawniane, zg\u0142aszane i powstrzymywane. Aktywnie uczestnicz\u0105c w nadzorze nad polityk\u0105 publiczn\u0105, obywatele staj\u0105 si\u0119 stra\u017cnikami dzia\u0142a\u0144 korupcyjnych. Monitoring obywatelski promuje zg\u0142aszanie nieprawid\u0142owo\u015bci i nadu\u017cy\u0107 funduszy publicznych, utrudniaj\u0105c rozw\u00f3j korupcji<br \/>\ni wspieraj\u0105c kultur\u0119 etycznego zarz\u0105dzania.<\/p>\n<p><img loading=\"lazy\" decoding=\"async\" class=\"wp-image-871 size-full aligncenter\" src=\"https:\/\/civicgreen.erasmus.site\/wp-content\/uploads\/2024\/06\/image005.png\" alt=\"\" width=\"1006\" height=\"411\" srcset=\"https:\/\/civicgreen.erasmus.site\/wp-content\/uploads\/2024\/06\/image005.png 1006w, https:\/\/civicgreen.erasmus.site\/wp-content\/uploads\/2024\/06\/image005-300x123.png 300w, https:\/\/civicgreen.erasmus.site\/wp-content\/uploads\/2024\/06\/image005-768x314.png 768w\" sizes=\"(max-width: 1006px) 100vw, 1006px\" \/><\/p>\n<p style=\"text-align: center;\"><strong>RAMY: KRYTERIA MONITORINGU OBYWATELSKIEGO<\/strong><\/p>\n<p>Podsumowuj\u0105c, monitoring obywatelski jest pot\u0119\u017cnym narz\u0119dziem, kt\u00f3re umo\u017cliwia obywatelom aktywne anga\u017cowanie si\u0119 w nadz\u00f3r nad polityk\u0105 publiczn\u0105 i alokacj\u0105 zasob\u00f3w. W jego kompleksowych ramach sze\u015b\u0107 podstawowych kryteri\u00f3w \u2013 jawno\u015b\u0107, odpowiedzialno\u015b\u0107, uczestnictwo, wydajno\u015b\u0107 i skuteczno\u015b\u0107, \u015bwiadczenie us\u0142ug i przeciwdzia\u0142anie korupcji \u2013 s\u0142u\u017cy jako zasady przewodnie. Jawno\u015b\u0107 i odpowiedzialno\u015b\u0107 zapewniaj\u0105,<br \/>\n\u017ce dzia\u0142ania rz\u0105du s\u0105 otwarte na kontrol\u0119 publiczn\u0105, podczas gdy uczestnictwo przekszta\u0142ca obywateli we wsp\u00f3\u0142tw\u00f3rc\u00f3w polityki publicznej. Monitoring obywatelski zwi\u0119ksza wydajno\u015b\u0107 i skuteczno\u015b\u0107 poprzez optymalizacj\u0119 alokacji zasob\u00f3w i \u015bwiadczenia us\u0142ug, ostatecznie wspieraj\u0105c dobre rz\u0105dy. Ponadto s\u0142u\u017cy jako silny \u015brodek odstraszaj\u0105cy przed korupcj\u0105, podtrzymuj\u0105c zasady uczciwo\u015bci w s\u0142u\u017cbie publicznej. Przyjmuj\u0105c te kryteria, monitoring obywatelski podnosi rol\u0119 obywateli w kszta\u0142towaniu ich spo\u0142eczno\u015bci, zapewniaj\u0105c odpowiedzialn\u0105 alokacj\u0119 zasob\u00f3w publicznych i poprawiaj\u0105c og\u00f3ln\u0105 jako\u015b\u0107 rz\u0105dzenia.<\/p>","protected":false},"excerpt":{"rendered":"<p>Wst\u0119p Monitoring obywatelski jest istotn\u0105 praktyk\u0105, kt\u00f3ra umo\u017cliwia obywatelom aktywne anga\u017cowanie si\u0119 w nadz\u00f3r nad polityk\u0105 publiczn\u0105 i alokacj\u0105 zasob\u00f3w. Aby w pe\u0142ni zrozumie\u0107 jego wp\u0142yw, musimy wzi\u0105\u0107 pod uwag\u0119 sze\u015b\u0107 podstawowych kryteri\u00f3w. Kryteria te \u2013 jawno\u015b\u0107, odpowiedzialno\u015b\u0107, uczestnictwo, wydajno\u015b\u0107 i skuteczno\u015b\u0107, \u015bwiadczenie us\u0142ug i przeciwdzia\u0142anie korupcji \u2013 tworz\u0105 ramy, za pomoc\u0105 kt\u00f3rych monitoring obywatelski&hellip;&nbsp;<a href=\"https:\/\/civicgreen.erasmus.site\/pl\/civic-monitoring-tool\/framework-parameters-of-civic-monitoring\/\" rel=\"bookmark\">Dowiedz si\u0119 wi\u0119cej &raquo;<span class=\"screen-reader-text\">RAMY: KRYTERIA MONITORINGU OBYWATELSKIEGO<\/span><\/a><\/p>\n","protected":false},"author":1,"featured_media":0,"parent":103,"menu_order":0,"comment_status":"closed","ping_status":"closed","template":"","meta":{"neve_meta_sidebar":"","neve_meta_container":"","neve_meta_enable_content_width":"off","neve_meta_content_width":100,"neve_meta_title_alignment":"","neve_meta_author_avatar":"","neve_post_elements_order":"","neve_meta_disable_header":"","neve_meta_disable_footer":"","neve_meta_disable_title":"on","footnotes":""},"class_list":["post-428","page","type-page","status-publish","hentry"],"_links":{"self":[{"href":"https:\/\/civicgreen.erasmus.site\/pl\/wp-json\/wp\/v2\/pages\/428","targetHints":{"allow":["GET"]}}],"collection":[{"href":"https:\/\/civicgreen.erasmus.site\/pl\/wp-json\/wp\/v2\/pages"}],"about":[{"href":"https:\/\/civicgreen.erasmus.site\/pl\/wp-json\/wp\/v2\/types\/page"}],"author":[{"embeddable":true,"href":"https:\/\/civicgreen.erasmus.site\/pl\/wp-json\/wp\/v2\/users\/1"}],"replies":[{"embeddable":true,"href":"https:\/\/civicgreen.erasmus.site\/pl\/wp-json\/wp\/v2\/comments?post=428"}],"version-history":[{"count":10,"href":"https:\/\/civicgreen.erasmus.site\/pl\/wp-json\/wp\/v2\/pages\/428\/revisions"}],"predecessor-version":[{"id":909,"href":"https:\/\/civicgreen.erasmus.site\/pl\/wp-json\/wp\/v2\/pages\/428\/revisions\/909"}],"up":[{"embeddable":true,"href":"https:\/\/civicgreen.erasmus.site\/pl\/wp-json\/wp\/v2\/pages\/103"}],"wp:attachment":[{"href":"https:\/\/civicgreen.erasmus.site\/pl\/wp-json\/wp\/v2\/media?parent=428"}],"curies":[{"name":"wp","href":"https:\/\/api.w.org\/{rel}","templated":true}]}}