{"id":435,"date":"2024-04-24T19:45:55","date_gmt":"2024-04-24T19:45:55","guid":{"rendered":"https:\/\/civicgreen.erasmus.site\/?page_id=435"},"modified":"2024-06-12T15:22:03","modified_gmt":"2024-06-12T15:22:03","slug":"elements-of-civic-monitoring","status":"publish","type":"page","link":"https:\/\/civicgreen.erasmus.site\/pl\/civic-monitoring-tool\/elements-of-civic-monitoring\/","title":{"rendered":"ELEMENTY MONITORINGU OBYWATELSKIEGO"},"content":{"rendered":"<p><nav aria-label=\"breadcrumbs\">\n            <div class=\"breadcrumb-container theme5\">\n                <ol>\n                                    <\/ol>\n            <\/div>\n        <\/nav>    <script type=\"application\/ld+json\">\n        {\n            \"@context\": \"http:\/\/schema.org\",\n            \"@type\": \"BreadcrumbList\",\n            \"itemListElement\": [\n                            ]\n        }\n    <\/script>\n   \n    <script>\n            <\/script>\n<\/p>\n<p><strong>Wst\u0119p<\/strong><\/p>\n<p>Monitoring obywatelski to dynamiczny proces, kt\u00f3ry umo\u017cliwia obywatelom aktywne anga\u017cowanie si\u0119<br \/>\nw ocen\u0119 i nadz\u00f3r nad polityk\u0105 publiczn\u0105 i alokacj\u0105 zasob\u00f3w. Ta wieloaspektowa praktyka obejmuje sze\u015b\u0107 kluczowych element\u00f3w, kt\u00f3re stanowi\u0105 podstaw\u0119 jej dzia\u0142ania. Elementy te \u2013 gromadzenie danych, analiza danych, jawno\u015b\u0107, zaanga\u017cowanie obywateli, odpowiedzialno\u015b\u0107 i nadz\u00f3r oraz wspieranie transformacji \u2013 stanowi\u0105 podstaw\u0119 skutecznego monitoringu obywatelskiego, wspieraj\u0105c jawno\u015b\u0107, odpowiedzialno\u015b\u0107 i lepsze zarz\u0105dzanie.<\/p>\n<p><strong>(1) Gromadzenie danych<\/strong><\/p>\n<p>Gromadzenie danych jest podstaw\u0105 monitoringu obywatelskiego. Obejmuje ono gromadzenie istotnych informacji na temat polityk publicznych, bud\u017cet\u00f3w i alokacji zasob\u00f3w. Dane te mog\u0105 obejmowa\u0107 szeroki zakres \u017ar\u00f3de\u0142, od oficjalnych dokument\u00f3w rz\u0105dowych po informacje zwrotne od spo\u0142eczno\u015bci. Narz\u0119dzia monitoringu obywatelskiego cz\u0119sto odgrywaj\u0105 kluczow\u0105 rol\u0119 w gromadzeniu i \u0142\u0105czeniu danych, zapewniaj\u0105c, \u017ce s\u0105 one dok\u0142adne, istotne i dost\u0119pne dla obywateli. Intensywne gromadzenie danych umo\u017cliwia obywatelom podejmowanie \u015bwiadomych decyzji, poniewa\u017c zapewnia faktyczn\u0105 podstaw\u0119 do oceny wynik\u00f3w polityki i wynik\u00f3w rz\u0105du.<\/p>\n<p><strong>(2) Analiza danych<\/strong><\/p>\n<p>Analiza danych to proces nadawania sensu informacjom zebranym w ramach monitoringu obywatelskiego. Obejmuje ona badanie danych pod k\u0105tem wzorc\u00f3w, trend\u00f3w i anomalii, kt\u00f3re mog\u0105 zapewni\u0107 cenny wgl\u0105d we wp\u0142yw i skuteczno\u015b\u0107 polityk publicznych. Analiza danych cz\u0119sto opiera si\u0119 na technikach ilo\u015bciowych<br \/>\ni jako\u015bciowych, umo\u017cliwiaj\u0105c monitoruj\u0105cym obywatelom wyci\u0105ganie \u015bwiadomych wniosk\u00f3w na temat wynik\u00f3w polityki. Dzi\u0119ki skutecznej analizie, narz\u0119dzia monitorowania obywatelskiego pomagaj\u0105 obywatelom zidentyfikowa\u0107 obszary, w kt\u00f3rych polityka odnosi sukcesy lub pora\u017cki, u\u0142atwiaj\u0105c podejmowanie decyzji w oparciu o dowody i przyczyniaj\u0105c si\u0119 do og\u00f3lnej poprawy zarz\u0105dzania.<\/p>\n<p><strong>(3) Jawno\u015b\u0107 i dost\u0119p do informacji<\/strong><\/p>\n<p>Jawno\u015b\u0107 i dost\u0119p do informacji to podstawowe zasady monitoringu obywatelskiego. Elementy te zapewniaj\u0105, \u017ce dzia\u0142ania, decyzje i dane rz\u0105dowe s\u0105 otwarte i dost\u0119pne dla opinii publicznej. Monitoring obywatelski d\u0105\u017cy do rozbicia silos\u00f3w informacyjnych, udost\u0119pniaj\u0105c istotne dane wszystkim obywatelom. Jawne zarz\u0105dzanie umo\u017cliwia kontrol\u0119 i zrozumienie, w jaki spos\u00f3b przydzielane s\u0105 fundusze publiczne, jakie polityki s\u0105 wdra\u017cane i czy s\u0105 one zgodne ze wsp\u00f3lnym dobrem. Dost\u0119p do informacji nie tylko zwi\u0119ksza odpowiedzialno\u015b\u0107, ale tak\u017ce wzmacnia zaufanie mi\u0119dzy obywatelami a instytucjami rz\u0105dowymi, promuj\u0105c kultur\u0119 otwartego i elastycznego zarz\u0105dzania.<\/p>\n<p><strong>(4) Zaanga\u017cowanie obywateli<\/strong><\/p>\n<p>Zaanga\u017cowanie obywateli jest podstaw\u0105 monitoringu obywatelskiego. Zach\u0119ca ono jednostki i spo\u0142eczno\u015bci do aktywnego uczestnictwa w procesie podejmowania decyzji. Narz\u0119dzia monitoringu obywatelskiego zapewniaj\u0105 obywatelom platformy i kana\u0142y do wyra\u017cania swoich obaw, sugestii i opinii. Anga\u017cuj\u0105c si\u0119 w dialog i konsultacje, obywatele przekszta\u0142caj\u0105 si\u0119 z biernych obserwator\u00f3w we wsp\u00f3\u0142tw\u00f3rc\u00f3w polityk publicznych. Ich spostrze\u017cenia i wk\u0142ad wzbogacaj\u0105 rozw\u00f3j polityki, czyni\u0105c j\u0105 bardziej adekwatn\u0105, elastyczn\u0105 i skuteczn\u0105. Monitoring obywatelski zapewnia, \u017ce r\u00f3\u017cnorodne potrzeby i aspiracje ludno\u015bci s\u0105 brane pod uwag\u0119, promuj\u0105c w ten spos\u00f3b demokratyczn\u0105 i integracyjn\u0105 form\u0119 rz\u0105d\u00f3w.<\/p>\n<p><strong>(5) Odpowiedzialno\u015b\u0107 i nadz\u00f3r<\/strong><\/p>\n<p>Odpowiedzialno\u015b\u0107 i nadz\u00f3r to kluczowe elementy monitoringu obywatelskiego, kt\u00f3re zapewniaj\u0105, \u017ce osoby sprawuj\u0105ce w\u0142adz\u0119 odpowiadaj\u0105 za swoje dzia\u0142ania. Mechanizmy monitoringu obywatelskiego ustanawiaj\u0105 procedury poci\u0105gania urz\u0119dnik\u00f3w pa\u0144stwowych, agencji i instytucji do odpowiedzialno\u015bci za ich decyzje. Obywatele mog\u0105 domaga\u0107 si\u0119 wyja\u015bnie\u0144 dotycz\u0105cych wynik\u00f3w polityki, alokacji bud\u017cetowych i realizacji projekt\u00f3w. Odpowiedzialno\u015b\u0107 nie tylko zniech\u0119ca do korupcji i niew\u0142a\u015bciwego wykorzystywania zasob\u00f3w,<br \/>\nale tak\u017ce zach\u0119ca organy rz\u0105dowe do przestrzegania wysokich standard\u00f3w uczciwo\u015bci. Wspieraj\u0105c kultur\u0119 odpowiedzialno\u015bci i reagowania w instytucjach publicznych, rozliczalno\u015b\u0107 i nadz\u00f3r maj\u0105 kluczowe znaczenie dla zapewnienia skuteczno\u015bci obywatelskich wysi\u0142k\u00f3w w zakresie monitoringu.<\/p>\n<p><strong>(6) Wspieranie transformacji<\/strong><\/p>\n<p>Wspieranie transformacji to przysz\u0142o\u015bciowy element monitoringu obywatelskiego. Polega ono na wykorzystywaniu spostrze\u017ce\u0144 i dowod\u00f3w zebranych podczas gromadzenia i analizy danych w celu promowania zmian i ulepsze\u0144 w polityce. Obserwatorzy obywatelscy, cz\u0119sto we wsp\u00f3\u0142pracy z organizacjami obywatelskimi, pracuj\u0105 nad wprowadzeniem pozytywnych zmian w polityce publicznej. Wsp\u00f3\u0142pracuj\u0105<br \/>\nz w\u0142adzami rz\u0105dowymi i opowiadaj\u0105 si\u0119 za reformami w celu zwi\u0119kszenia skuteczno\u015bci polityki i zdolno\u015bci reagowania. Wype\u0142niaj\u0105c luk\u0119 mi\u0119dzy obawami obywateli a dzia\u0142aniami rz\u0105du, wspieranie transformacji przyspiesza popraw\u0119 zarz\u0105dzania, ostatecznie przyczyniaj\u0105c si\u0119 do lepszej polityki publicznej i wynik\u00f3w.<\/p>\n<p><img loading=\"lazy\" decoding=\"async\" class=\"wp-image-873 size-full aligncenter\" src=\"https:\/\/civicgreen.erasmus.site\/wp-content\/uploads\/2024\/06\/image007.png\" alt=\"\" width=\"965\" height=\"392\" srcset=\"https:\/\/civicgreen.erasmus.site\/wp-content\/uploads\/2024\/06\/image007.png 965w, https:\/\/civicgreen.erasmus.site\/wp-content\/uploads\/2024\/06\/image007-300x122.png 300w, https:\/\/civicgreen.erasmus.site\/wp-content\/uploads\/2024\/06\/image007-768x312.png 768w\" sizes=\"(max-width: 965px) 100vw, 965px\" \/><\/p>\n<p style=\"text-align: center;\"><strong>ELEMENTY MONITORINGU OBYWATELSKIEGO<\/strong><\/p>\n<p>Podsumowuj\u0105c, monitoring obywatelski to kompleksowy proces, kt\u00f3ry umo\u017cliwia obywatelom aktywne uczestnictwo w ocenie i nadzorze polityk publicznych oraz alokacji zasob\u00f3w. Jego kluczowe elementy \u2013 gromadzenie danych, analiza danych, jawno\u015b\u0107, zaanga\u017cowanie obywateli, odpowiedzialno\u015b\u0107 i nadz\u00f3r oraz wspieranie transformacji \u2013 wsp\u00f3\u0142graj\u0105 ze sob\u0105 w celu wspierania jawno\u015bci, odpowiedzialno\u015bci i lepszego zarz\u0105dzania. Dzi\u0119ki tym elementom monitoring obywatelski s\u0142u\u017cy jako \u0142\u0105cznik mi\u0119dzy obywatelami a rz\u0105dem, umo\u017cliwiaj\u0105c \u015bwiadome podejmowanie decyzji, lepsze wyniki polityki i ci\u0105g\u0142e d\u0105\u017cenie do bardziej integracyjnej i elastycznej demokracji. Wykorzystuj\u0105c te elementy, monitoring obywatelski przyczynia si\u0119 do obecno\u015bci bardziej zaanga\u017cowanych, poinformowanych i wzmocnionych obywateli.<\/p>","protected":false},"excerpt":{"rendered":"<p>Wst\u0119p Monitoring obywatelski to dynamiczny proces, kt\u00f3ry umo\u017cliwia obywatelom aktywne anga\u017cowanie si\u0119 w ocen\u0119 i nadz\u00f3r nad polityk\u0105 publiczn\u0105 i alokacj\u0105 zasob\u00f3w. Ta wieloaspektowa praktyka obejmuje sze\u015b\u0107 kluczowych element\u00f3w, kt\u00f3re stanowi\u0105 podstaw\u0119 jej dzia\u0142ania. Elementy te \u2013 gromadzenie danych, analiza danych, jawno\u015b\u0107, zaanga\u017cowanie obywateli, odpowiedzialno\u015b\u0107 i nadz\u00f3r oraz wspieranie transformacji \u2013 stanowi\u0105 podstaw\u0119 skutecznego monitoringu&hellip;&nbsp;<a href=\"https:\/\/civicgreen.erasmus.site\/pl\/civic-monitoring-tool\/elements-of-civic-monitoring\/\" rel=\"bookmark\">Dowiedz si\u0119 wi\u0119cej &raquo;<span class=\"screen-reader-text\">ELEMENTY MONITORINGU OBYWATELSKIEGO<\/span><\/a><\/p>\n","protected":false},"author":1,"featured_media":0,"parent":103,"menu_order":0,"comment_status":"closed","ping_status":"closed","template":"","meta":{"neve_meta_sidebar":"","neve_meta_container":"","neve_meta_enable_content_width":"off","neve_meta_content_width":100,"neve_meta_title_alignment":"","neve_meta_author_avatar":"","neve_post_elements_order":"","neve_meta_disable_header":"","neve_meta_disable_footer":"","neve_meta_disable_title":"on","footnotes":""},"class_list":["post-435","page","type-page","status-publish","hentry"],"_links":{"self":[{"href":"https:\/\/civicgreen.erasmus.site\/pl\/wp-json\/wp\/v2\/pages\/435","targetHints":{"allow":["GET"]}}],"collection":[{"href":"https:\/\/civicgreen.erasmus.site\/pl\/wp-json\/wp\/v2\/pages"}],"about":[{"href":"https:\/\/civicgreen.erasmus.site\/pl\/wp-json\/wp\/v2\/types\/page"}],"author":[{"embeddable":true,"href":"https:\/\/civicgreen.erasmus.site\/pl\/wp-json\/wp\/v2\/users\/1"}],"replies":[{"embeddable":true,"href":"https:\/\/civicgreen.erasmus.site\/pl\/wp-json\/wp\/v2\/comments?post=435"}],"version-history":[{"count":10,"href":"https:\/\/civicgreen.erasmus.site\/pl\/wp-json\/wp\/v2\/pages\/435\/revisions"}],"predecessor-version":[{"id":911,"href":"https:\/\/civicgreen.erasmus.site\/pl\/wp-json\/wp\/v2\/pages\/435\/revisions\/911"}],"up":[{"embeddable":true,"href":"https:\/\/civicgreen.erasmus.site\/pl\/wp-json\/wp\/v2\/pages\/103"}],"wp:attachment":[{"href":"https:\/\/civicgreen.erasmus.site\/pl\/wp-json\/wp\/v2\/media?parent=435"}],"curies":[{"name":"wp","href":"https:\/\/api.w.org\/{rel}","templated":true}]}}