{"id":441,"date":"2024-04-24T19:47:29","date_gmt":"2024-04-24T19:47:29","guid":{"rendered":"https:\/\/civicgreen.erasmus.site\/?page_id=441"},"modified":"2024-06-12T15:23:28","modified_gmt":"2024-06-12T15:23:28","slug":"the-6-phases-of-applying-a-civic-monitoring-tool","status":"publish","type":"page","link":"https:\/\/civicgreen.erasmus.site\/pl\/civic-monitoring-tool\/the-6-phases-of-applying-a-civic-monitoring-tool\/","title":{"rendered":"6 ETAP\u00d3W STOSOWANIA NARZ\u0118DZIA MONITORINGU OBYWATELSKIEGO"},"content":{"rendered":"<p><nav aria-label=\"breadcrumbs\">\n            <div class=\"breadcrumb-container theme5\">\n                <ol>\n                                    <\/ol>\n            <\/div>\n        <\/nav>    <script type=\"application\/ld+json\">\n        {\n            \"@context\": \"http:\/\/schema.org\",\n            \"@type\": \"BreadcrumbList\",\n            \"itemListElement\": [\n                            ]\n        }\n    <\/script>\n   \n    <script>\n            <\/script>\n<\/p>\n<p>Narz\u0119dzia monitoringu obywatelskiego odgrywaj\u0105 kluczow\u0105 rol\u0119 w zapewnianiu jawno\u015bci, odpowiedzialno\u015bci i udzia\u0142u obywateli w rz\u0105dzeniu. Aby zmaksymalizowa\u0107 ich wp\u0142yw, narz\u0119dzia te podlegaj\u0105 ustrukturyzowanemu procesowi, kt\u00f3ry obejmuje sze\u015b\u0107 odr\u0119bnych etap\u00f3w. Ka\u017cdy etap odgrywa istotn\u0105 rol\u0119 w stosowaniu narz\u0119dzi monitoringu obywatelskiego, przyczyniaj\u0105c si\u0119 do og\u00f3lnej skuteczno\u015bci procesu.<\/p>\n<p><img loading=\"lazy\" decoding=\"async\" class=\"wp-image-875 aligncenter\" src=\"https:\/\/civicgreen.erasmus.site\/wp-content\/uploads\/2024\/06\/image009.png\" alt=\"\" width=\"858\" height=\"669\" srcset=\"https:\/\/civicgreen.erasmus.site\/wp-content\/uploads\/2024\/06\/image009.png 989w, https:\/\/civicgreen.erasmus.site\/wp-content\/uploads\/2024\/06\/image009-300x234.png 300w, https:\/\/civicgreen.erasmus.site\/wp-content\/uploads\/2024\/06\/image009-768x599.png 768w\" sizes=\"(max-width: 858px) 100vw, 858px\" \/><\/p>\n<p style=\"text-align: center;\"><strong>ETAPY STOSOWANIA NARZ\u0118DZIA MONITORINGU OBYWATELSKIEGO <\/strong><\/p>\n<ol>\n<li><strong> Wyb\u00f3r projektu:<\/strong><\/li>\n<\/ol>\n<p>Pierwszy etap obejmuje wyb\u00f3r projektu, w kt\u00f3rym narz\u0119dzia monitoringu obywatelskiego s\u0105 wykorzystywane do identyfikacji i wyboru konkretnych polityk publicznych, projekt\u00f3w lub alokacji zasob\u00f3w do oceny. Etap ten cz\u0119sto rozpoczyna si\u0119 od identyfikacji kwestii lub polityk interesuj\u0105cych spo\u0142eczno\u015b\u0107. Anga\u017cuj\u0105c obywateli w ten proces selekcji, narz\u0119dzie pomaga ustali\u0107 priorytety obszar\u00f3w wymagaj\u0105cych monitorowania, zapewniaj\u0105c, \u017ce s\u0105 one zgodne z obawami i aspiracjami lokalnej spo\u0142eczno\u015bci.<\/p>\n<ol start=\"2\">\n<li><strong> Zaanga\u017cowanie spo\u0142eczno\u015bci:<\/strong><\/li>\n<\/ol>\n<p>Zaanga\u017cowanie spo\u0142eczno\u015bci jest podstawowym krokiem w monitoringu obywatelskim. Na tym etapie narz\u0119dzie jest wykorzystywane do u\u0142atwiania dialogu, konsultacji i dyskusji ze spo\u0142eczno\u015bci\u0105 w celu podniesienia \u015bwiadomo\u015bci na temat wybranego projektu lub polityki. Zach\u0119ca do aktywnego uczestnictwa, daj\u0105c obywatelom mo\u017cliwo\u015b\u0107 wyra\u017cania swoich opinii i obaw. Promuj\u0105c otwarte rozmowy i wsp\u00f3\u0142prac\u0119, narz\u0119dzie zapewnia, \u017ce obywatele s\u0105 poinformowani, zaanga\u017cowani i zaanga\u017cowani w ten proces.<\/p>\n<ol start=\"3\">\n<li><strong> Desk research i analiza:<\/strong><\/li>\n<\/ol>\n<p>Narz\u0119dzia monitoringu obywatelskiego u\u0142atwiaj\u0105 gromadzenie i analiz\u0119 danych na etapie analizy dokumentacji. Umo\u017cliwiaj\u0105 one gromadzenie odpowiednich dokument\u00f3w, bud\u017cet\u00f3w i raport\u00f3w, pozwalaj\u0105c obserwatorom na ocen\u0119 kontekstu projektu i oczekiwanych rezultat\u00f3w. Narz\u0119dzia analityczne pomagaj\u0105<br \/>\nw identyfikacji potencjalnych problem\u00f3w lub nieefektywno\u015bci, zapewniaj\u0105c solidne podstawy dla kolejnych etap\u00f3w monitorowania.<\/p>\n<ol start=\"4\">\n<li><strong> Badanie tematu:<\/strong><\/li>\n<\/ol>\n<p>Faza bada\u0144 tematu obejmuje gromadzenie danych w czasie rzeczywistym za pomoc\u0105 narz\u0119dzi monitoringu obywatelskiego. Narz\u0119dzia te cz\u0119sto wykorzystuj\u0105 po\u0142\u0105czenie metodologii, w tym ankiety, wizyty w terenie<br \/>\ni wywiady, w celu gromadzenia informacji bezpo\u015brednio z miejsca realizacji projektu i spo\u0142eczno\u015bci lokalnych. Monitoruj\u0105cy dokumentuj\u0105 obserwacje, zbieraj\u0105 informacje zwrotne od beneficjent\u00f3w i oceniaj\u0105, czy projekt jest zgodny z jego celami. Badania terenowe zapewniaj\u0105, \u017ce monitorowanie opiera si\u0119 na konkretnych dowodach i rzeczywisto\u015bci.<\/p>\n<ol start=\"5\">\n<li><strong> Raport ewaluacyjny:<\/strong><\/li>\n<\/ol>\n<p>Na tym etapie narz\u0119dzia monitoringu obywatelskiego s\u0105 wykorzystywane do zebrania danych i spostrze\u017ce\u0144 zebranych z poprzednich etap\u00f3w w kompleksowy raport ewaluacyjny. Raport ten przedstawia ustalenia, podkre\u015bla sukcesy, identyfikuje wyzwania i oferuje oparte na dowodach zalecenia dotycz\u0105ce ulepszenia projektu lub polityki. Raport s\u0142u\u017cy jako kluczowy dokument zar\u00f3wno dla w\u0142adz rz\u0105dowych, jak i opinii publicznej, wspieraj\u0105c przejrzysto\u015b\u0107 i odpowiedzialno\u015b\u0107.<\/p>\n<ol start=\"6\">\n<li><strong> \u015awiadomo\u015b\u0107 publiczna:<\/strong><\/li>\n<\/ol>\n<p>\u015awiadomo\u015b\u0107 spo\u0142eczna to ostatni etap, w kt\u00f3rym narz\u0119dzie monitoringu obywatelskiego odgrywa kluczow\u0105 rol\u0119 w rozpowszechnianiu raportu ewaluacyjnego i jego wynik\u00f3w. Anga\u017cuje ono obywateli w omawianie wynik\u00f3w, popieranie zmian w polityce i podnoszenie \u015bwiadomo\u015bci na temat rezultat\u00f3w projektu. Narz\u0119dzia monitoringu obywatelskiego pomagaj\u0105 w tworzeniu kampanii, prowadzeniu warsztat\u00f3w i korzystaniu<br \/>\nz r\u00f3\u017cnych kana\u0142\u00f3w komunikacji, aby zapewni\u0107, \u017ce wyniki s\u0105 szeroko rozpowszechniane i rozumiane, wspieraj\u0105c kultur\u0119 przejrzysto\u015bci i odpowiedzialno\u015bci.<\/p>\n<p>Podsumowuj\u0105c, sze\u015b\u0107 etap\u00f3w stosowania narz\u0119dzia monitoringu obywatelskiego \u2013 wyb\u00f3r projektu, zaanga\u017cowanie spo\u0142eczno\u015bci, desk research i analiza, badanie tematu, raport ewaluacyjny i \u015bwiadomo\u015b\u0107 spo\u0142eczna \u2013 stanowi kompleksowy proces, kt\u00f3ry umo\u017cliwia obywatelom aktywne uczestnictwo w ocenie polityki publicznej i alokacji zasob\u00f3w. Narz\u0119dzia te maj\u0105 kluczowe znaczenie dla promowania jawno\u015bci, odpowiedzialno\u015bci i \u015bwiadomego podejmowania decyzji, zapewniaj\u0105c, \u017ce zarz\u0105dzanie w wi\u0119kszym stopniu reaguje na potrzeby i obawy spo\u0142eczno\u015bci.<\/p>","protected":false},"excerpt":{"rendered":"<p>Narz\u0119dzia monitoringu obywatelskiego odgrywaj\u0105 kluczow\u0105 rol\u0119 w zapewnianiu jawno\u015bci, odpowiedzialno\u015bci i udzia\u0142u obywateli w rz\u0105dzeniu. Aby zmaksymalizowa\u0107 ich wp\u0142yw, narz\u0119dzia te podlegaj\u0105 ustrukturyzowanemu procesowi, kt\u00f3ry obejmuje sze\u015b\u0107 odr\u0119bnych etap\u00f3w. Ka\u017cdy etap odgrywa istotn\u0105 rol\u0119 w stosowaniu narz\u0119dzi monitoringu obywatelskiego, przyczyniaj\u0105c si\u0119 do og\u00f3lnej skuteczno\u015bci procesu. ETAPY STOSOWANIA NARZ\u0118DZIA MONITORINGU OBYWATELSKIEGO Wyb\u00f3r projektu: Pierwszy etap obejmuje&hellip;&nbsp;<a href=\"https:\/\/civicgreen.erasmus.site\/pl\/civic-monitoring-tool\/the-6-phases-of-applying-a-civic-monitoring-tool\/\" rel=\"bookmark\">Dowiedz si\u0119 wi\u0119cej &raquo;<span class=\"screen-reader-text\">6 ETAP\u00d3W STOSOWANIA NARZ\u0118DZIA MONITORINGU OBYWATELSKIEGO<\/span><\/a><\/p>\n","protected":false},"author":1,"featured_media":0,"parent":103,"menu_order":0,"comment_status":"closed","ping_status":"closed","template":"","meta":{"neve_meta_sidebar":"","neve_meta_container":"","neve_meta_enable_content_width":"off","neve_meta_content_width":100,"neve_meta_title_alignment":"","neve_meta_author_avatar":"","neve_post_elements_order":"","neve_meta_disable_header":"","neve_meta_disable_footer":"","neve_meta_disable_title":"on","footnotes":""},"class_list":["post-441","page","type-page","status-publish","hentry"],"_links":{"self":[{"href":"https:\/\/civicgreen.erasmus.site\/pl\/wp-json\/wp\/v2\/pages\/441","targetHints":{"allow":["GET"]}}],"collection":[{"href":"https:\/\/civicgreen.erasmus.site\/pl\/wp-json\/wp\/v2\/pages"}],"about":[{"href":"https:\/\/civicgreen.erasmus.site\/pl\/wp-json\/wp\/v2\/types\/page"}],"author":[{"embeddable":true,"href":"https:\/\/civicgreen.erasmus.site\/pl\/wp-json\/wp\/v2\/users\/1"}],"replies":[{"embeddable":true,"href":"https:\/\/civicgreen.erasmus.site\/pl\/wp-json\/wp\/v2\/comments?post=441"}],"version-history":[{"count":8,"href":"https:\/\/civicgreen.erasmus.site\/pl\/wp-json\/wp\/v2\/pages\/441\/revisions"}],"predecessor-version":[{"id":913,"href":"https:\/\/civicgreen.erasmus.site\/pl\/wp-json\/wp\/v2\/pages\/441\/revisions\/913"}],"up":[{"embeddable":true,"href":"https:\/\/civicgreen.erasmus.site\/pl\/wp-json\/wp\/v2\/pages\/103"}],"wp:attachment":[{"href":"https:\/\/civicgreen.erasmus.site\/pl\/wp-json\/wp\/v2\/media?parent=441"}],"curies":[{"name":"wp","href":"https:\/\/api.w.org\/{rel}","templated":true}]}}