{"id":470,"date":"2024-04-25T13:03:46","date_gmt":"2024-04-25T13:03:46","guid":{"rendered":"https:\/\/civicgreen.erasmus.site\/?page_id=470"},"modified":"2024-06-13T09:45:54","modified_gmt":"2024-06-13T09:45:54","slug":"2-democratic-engagement","status":"publish","type":"page","link":"https:\/\/civicgreen.erasmus.site\/pl\/platform\/2-democratic-engagement\/","title":{"rendered":"2. DEMOKRATYCZNE ZAANGA\u017bOWANIE"},"content":{"rendered":"\t\t<div data-elementor-type=\"wp-page\" data-elementor-id=\"470\" class=\"elementor elementor-470\">\n\t\t\t\t<div class=\"elementor-element elementor-element-18f8ca0e e-flex e-con-boxed e-con e-parent\" data-id=\"18f8ca0e\" data-element_type=\"container\" data-e-type=\"container\">\n\t\t\t\t\t<div class=\"e-con-inner\">\n\t\t\t\t<div class=\"elementor-element elementor-element-1c68eef6 elementor-widget elementor-widget-shortcode\" data-id=\"1c68eef6\" data-element_type=\"widget\" data-e-type=\"widget\" data-widget_type=\"shortcode.default\">\n\t\t\t\t<div class=\"elementor-widget-container\">\n\t\t\t\t\t\t\t<div class=\"elementor-shortcode\"><nav aria-label=\"breadcrumbs\">\n            <div class=\"breadcrumb-container theme5\">\n                <ol>\n                                    <\/ol>\n            <\/div>\n        <\/nav>    <script type=\"application\/ld+json\">\n        {\n            \"@context\": \"http:\/\/schema.org\",\n            \"@type\": \"BreadcrumbList\",\n            \"itemListElement\": [\n                            ]\n        }\n    <\/script>\n   \n    <script>\n            <\/script>\n\r\n<\/div>\n\t\t\t\t\t\t<\/div>\n\t\t\t\t<\/div>\n\t\t\t\t\t<\/div>\n\t\t\t\t<\/div>\n\t\t<div class=\"elementor-element elementor-element-27005b9 e-flex e-con-boxed e-con e-parent\" data-id=\"27005b9\" data-element_type=\"container\" data-e-type=\"container\">\n\t\t\t\t\t<div class=\"e-con-inner\">\n\t\t\t\t<div class=\"elementor-element elementor-element-342b5fa elementor-widget elementor-widget-image\" data-id=\"342b5fa\" data-element_type=\"widget\" data-e-type=\"widget\" data-widget_type=\"image.default\">\n\t\t\t\t<div class=\"elementor-widget-container\">\n\t\t\t\t\t\t\t\t\t\t\t\t\t\t\t<img fetchpriority=\"high\" decoding=\"async\" width=\"300\" height=\"300\" src=\"https:\/\/civicgreen.erasmus.site\/wp-content\/uploads\/2024\/04\/module-2.png\" class=\"attachment-medium size-medium wp-image-157\" alt=\"\" srcset=\"https:\/\/civicgreen.erasmus.site\/wp-content\/uploads\/2024\/04\/module-2.png 300w, https:\/\/civicgreen.erasmus.site\/wp-content\/uploads\/2024\/04\/module-2-150x150.png 150w\" sizes=\"(max-width: 300px) 100vw, 300px\" \/>\t\t\t\t\t\t\t\t\t\t\t\t\t\t\t<\/div>\n\t\t\t\t<\/div>\n\t\t\t\t\t<\/div>\n\t\t\t\t<\/div>\n\t\t<div class=\"elementor-element elementor-element-c8e516d e-flex e-con-boxed e-con e-parent\" data-id=\"c8e516d\" data-element_type=\"container\" data-e-type=\"container\">\n\t\t\t\t\t<div class=\"e-con-inner\">\n\t\t\t\t<div class=\"elementor-element elementor-element-1d8aecd elementor-widget elementor-widget-text-editor\" data-id=\"1d8aecd\" data-element_type=\"widget\" data-e-type=\"widget\" data-widget_type=\"text-editor.default\">\n\t\t\t\t<div class=\"elementor-widget-container\">\n\t\t\t\t\t\t\t\t\t<p><strong>MODU\u0141 2 \u2013 DEMOKRATYCZNE ZAANGA\u017bOWANIE<\/strong><\/p>\t\t\t\t\t\t\t\t<\/div>\n\t\t\t\t<\/div>\n\t\t\t\t\t<\/div>\n\t\t\t\t<\/div>\n\t\t<div class=\"elementor-element elementor-element-71994ea e-flex e-con-boxed e-con e-parent\" data-id=\"71994ea\" data-element_type=\"container\" data-e-type=\"container\">\n\t\t\t\t\t<div class=\"e-con-inner\">\n\t\t\t\t<div class=\"elementor-element elementor-element-b465a50 elementor-widget elementor-widget-text-editor\" data-id=\"b465a50\" data-element_type=\"widget\" data-e-type=\"widget\" data-widget_type=\"text-editor.default\">\n\t\t\t\t<div class=\"elementor-widget-container\">\n\t\t\t\t\t\t\t\t\t<p>Demokratyczne zaanga\u017cowanie obejmuje obywateli aktywnie uczestnicz\u0105cych w procesach demokratycznych, takich jak g\u0142osowanie i anga\u017cowanie si\u0119 w inicjatywy spo\u0142eczne, aby przyczyni\u0107 si\u0119 do dobrobytu spo\u0142ecze\u0144stwa. Wymaga to od jednostek posiadania umiej\u0119tno\u015bci skutecznej komunikacji i krytycznego my\u015blenia, a tak\u017ce poczucia odpowiedzialno\u015bci obywatelskiej i szacunku dla r\u00f3\u017cnorodno\u015bci. Poprzez swoje zaanga\u017cowanie dzia\u0142aj\u0105 na rzecz promowania sprawiedliwego i integracyjnego spo\u0142ecze\u0144stwa demokratycznego.<\/p><p>Obywatele posiadaj\u0105cy kompetencje w zakresie demokratycznego zaanga\u017cowania b\u0119d\u0105 posiada\u0107 wiedz\u0119 na temat zasad demokratycznych, instytucji i warto\u015bci. B\u0119d\u0105 posiada\u0107 umiej\u0119tno\u015bci skutecznej komunikacji, krytycznego my\u015blenia i prowadzenia bada\u0144. B\u0119d\u0105 wykazywa\u0107 poczucie odpowiedzialno\u015bci obywatelskiej, szacunek dla r\u00f3\u017cnorodno\u015bci i otwarto\u015b\u0107 na r\u00f3\u017cne perspektywy. B\u0119d\u0105 aktywnie anga\u017cowa\u0107 si\u0119 w procesy demokratyczne, takie jak g\u0142osowanie i uczestnictwo w inicjatywach spo\u0142ecznych. B\u0119d\u0105 przyczynia\u0107 si\u0119 do kszta\u0142towania polityki i dzia\u0142a\u0107 na rzecz wsp\u00f3lnego dobra. Og\u00f3lnie rzecz bior\u0105c, b\u0119d\u0105 odgrywa\u0107 istotn\u0105 rol\u0119 w promowaniu sprawiedliwego i demokratycznego spo\u0142ecze\u0144stwa.<\/p>\t\t\t\t\t\t\t\t<\/div>\n\t\t\t\t<\/div>\n\t\t\t\t\t<\/div>\n\t\t\t\t<\/div>\n\t\t<div class=\"elementor-element elementor-element-e90fa60 e-flex e-con-boxed e-con e-child\" data-id=\"e90fa60\" data-element_type=\"container\" data-e-type=\"container\">\n\t\t\t\t\t<div class=\"e-con-inner\">\n\t\t<div class=\"elementor-element elementor-element-03e30e3 e-grid e-con-boxed e-con e-child\" data-id=\"03e30e3\" data-element_type=\"container\" data-e-type=\"container\">\n\t\t\t\t\t<div class=\"e-con-inner\">\n\t\t\t\t<div class=\"elementor-element elementor-element-1f1be91 elementor-align-center elementor-widget elementor-widget-button\" data-id=\"1f1be91\" data-element_type=\"widget\" data-e-type=\"widget\" data-widget_type=\"button.default\">\n\t\t\t\t<div class=\"elementor-widget-container\">\n\t\t\t\t\t\t\t\t\t<div class=\"elementor-button-wrapper\">\n\t\t\t\t\t<a class=\"elementor-button elementor-button-link elementor-size-sm\" href=\"https:\/\/civicgreen.erasmus.site\/platform\/2-democratic-engagement\/e-learning\/\">\n\t\t\t\t\t\t<span class=\"elementor-button-content-wrapper\">\n\t\t\t\t\t\t\t\t\t<span class=\"elementor-button-text\">E-Learning<\/span>\n\t\t\t\t\t<\/span>\n\t\t\t\t\t<\/a>\n\t\t\t\t<\/div>\n\t\t\t\t\t\t\t\t<\/div>\n\t\t\t\t<\/div>\n\t\t\t\t<div class=\"elementor-element elementor-element-d47a73e elementor-align-center elementor-widget elementor-widget-button\" data-id=\"d47a73e\" data-element_type=\"widget\" data-e-type=\"widget\" data-widget_type=\"button.default\">\n\t\t\t\t<div class=\"elementor-widget-container\">\n\t\t\t\t\t\t\t\t\t<div class=\"elementor-button-wrapper\">\n\t\t\t\t\t<a class=\"elementor-button elementor-button-link elementor-size-sm\" href=\"https:\/\/civicgreen.erasmus.site\/platform\/2-democratic-engagement\/community-of-practice\/\">\n\t\t\t\t\t\t<span class=\"elementor-button-content-wrapper\">\n\t\t\t\t\t\t\t\t\t<span class=\"elementor-button-text\">wsp\u00f3lnota praktyk<\/span>\n\t\t\t\t\t<\/span>\n\t\t\t\t\t<\/a>\n\t\t\t\t<\/div>\n\t\t\t\t\t\t\t\t<\/div>\n\t\t\t\t<\/div>\n\t\t\t\t\t<\/div>\n\t\t\t\t<\/div>\n\t\t\t\t\t<\/div>\n\t\t\t\t<\/div>\n\t\t\t\t<\/div>\n\t\t","protected":false},"excerpt":{"rendered":"<p>MODU\u0141 2 \u2013 DEMOKRATYCZNE ZAANGA\u017bOWANIE Demokratyczne zaanga\u017cowanie obejmuje obywateli aktywnie uczestnicz\u0105cych w procesach demokratycznych, takich jak g\u0142osowanie i anga\u017cowanie si\u0119 w inicjatywy spo\u0142eczne, aby przyczyni\u0107 si\u0119 do dobrobytu spo\u0142ecze\u0144stwa. Wymaga to od jednostek posiadania umiej\u0119tno\u015bci skutecznej komunikacji i krytycznego my\u015blenia, a tak\u017ce poczucia odpowiedzialno\u015bci obywatelskiej i szacunku dla r\u00f3\u017cnorodno\u015bci. Poprzez swoje zaanga\u017cowanie dzia\u0142aj\u0105 na rzecz&hellip;&nbsp;<a href=\"https:\/\/civicgreen.erasmus.site\/pl\/platform\/2-democratic-engagement\/\" rel=\"bookmark\">Dowiedz si\u0119 wi\u0119cej &raquo;<span class=\"screen-reader-text\">2. DEMOKRATYCZNE ZAANGA\u017bOWANIE<\/span><\/a><\/p>\n","protected":false},"author":1,"featured_media":0,"parent":41,"menu_order":0,"comment_status":"closed","ping_status":"closed","template":"","meta":{"neve_meta_sidebar":"","neve_meta_container":"","neve_meta_enable_content_width":"off","neve_meta_content_width":100,"neve_meta_title_alignment":"","neve_meta_author_avatar":"","neve_post_elements_order":"","neve_meta_disable_header":"","neve_meta_disable_footer":"","neve_meta_disable_title":"on","footnotes":""},"class_list":["post-470","page","type-page","status-publish","hentry"],"_links":{"self":[{"href":"https:\/\/civicgreen.erasmus.site\/pl\/wp-json\/wp\/v2\/pages\/470","targetHints":{"allow":["GET"]}}],"collection":[{"href":"https:\/\/civicgreen.erasmus.site\/pl\/wp-json\/wp\/v2\/pages"}],"about":[{"href":"https:\/\/civicgreen.erasmus.site\/pl\/wp-json\/wp\/v2\/types\/page"}],"author":[{"embeddable":true,"href":"https:\/\/civicgreen.erasmus.site\/pl\/wp-json\/wp\/v2\/users\/1"}],"replies":[{"embeddable":true,"href":"https:\/\/civicgreen.erasmus.site\/pl\/wp-json\/wp\/v2\/comments?post=470"}],"version-history":[{"count":67,"href":"https:\/\/civicgreen.erasmus.site\/pl\/wp-json\/wp\/v2\/pages\/470\/revisions"}],"predecessor-version":[{"id":1245,"href":"https:\/\/civicgreen.erasmus.site\/pl\/wp-json\/wp\/v2\/pages\/470\/revisions\/1245"}],"up":[{"embeddable":true,"href":"https:\/\/civicgreen.erasmus.site\/pl\/wp-json\/wp\/v2\/pages\/41"}],"wp:attachment":[{"href":"https:\/\/civicgreen.erasmus.site\/pl\/wp-json\/wp\/v2\/media?parent=470"}],"curies":[{"name":"wp","href":"https:\/\/api.w.org\/{rel}","templated":true}]}}