{"id":501,"date":"2024-04-25T19:05:24","date_gmt":"2024-04-25T19:05:24","guid":{"rendered":"https:\/\/civicgreen.erasmus.site\/?page_id=501"},"modified":"2024-06-13T09:45:30","modified_gmt":"2024-06-13T09:45:30","slug":"1-civic-action-and-commitment","status":"publish","type":"page","link":"https:\/\/civicgreen.erasmus.site\/pl\/platform\/1-civic-action-and-commitment\/","title":{"rendered":"1. AKTYWNO\u015a\u0106 OBYWATELSKA I ZAANGA\u017bOWANIE"},"content":{"rendered":"\t\t<div data-elementor-type=\"wp-page\" data-elementor-id=\"501\" class=\"elementor elementor-501\">\n\t\t\t\t<div class=\"elementor-element elementor-element-18f8ca0e e-flex e-con-boxed e-con e-parent\" data-id=\"18f8ca0e\" data-element_type=\"container\" data-e-type=\"container\">\n\t\t\t\t\t<div class=\"e-con-inner\">\n\t\t\t\t<div class=\"elementor-element elementor-element-1c68eef6 elementor-widget elementor-widget-shortcode\" data-id=\"1c68eef6\" data-element_type=\"widget\" data-e-type=\"widget\" data-widget_type=\"shortcode.default\">\n\t\t\t\t<div class=\"elementor-widget-container\">\n\t\t\t\t\t\t\t<div class=\"elementor-shortcode\"><nav aria-label=\"breadcrumbs\">\n            <div class=\"breadcrumb-container theme5\">\n                <ol>\n                                    <\/ol>\n            <\/div>\n        <\/nav>    <script type=\"application\/ld+json\">\n        {\n            \"@context\": \"http:\/\/schema.org\",\n            \"@type\": \"BreadcrumbList\",\n            \"itemListElement\": [\n                            ]\n        }\n    <\/script>\n   \n    <script>\n            <\/script>\n\r\n<\/div>\n\t\t\t\t\t\t<\/div>\n\t\t\t\t<\/div>\n\t\t\t\t\t<\/div>\n\t\t\t\t<\/div>\n\t\t<div class=\"elementor-element elementor-element-c8e516d e-flex e-con-boxed e-con e-parent\" data-id=\"c8e516d\" data-element_type=\"container\" data-e-type=\"container\">\n\t\t\t\t\t<div class=\"e-con-inner\">\n\t\t\t\t<div class=\"elementor-element elementor-element-de6bf00 e-transform elementor-widget elementor-widget-image\" data-id=\"de6bf00\" data-element_type=\"widget\" data-e-type=\"widget\" data-settings=\"{&quot;_transform_translateX_effect&quot;:{&quot;unit&quot;:&quot;px&quot;,&quot;size&quot;:&quot;&quot;,&quot;sizes&quot;:[]},&quot;_transform_translateX_effect_tablet&quot;:{&quot;unit&quot;:&quot;px&quot;,&quot;size&quot;:&quot;&quot;,&quot;sizes&quot;:[]},&quot;_transform_translateX_effect_mobile&quot;:{&quot;unit&quot;:&quot;px&quot;,&quot;size&quot;:&quot;&quot;,&quot;sizes&quot;:[]},&quot;_transform_translateY_effect&quot;:{&quot;unit&quot;:&quot;px&quot;,&quot;size&quot;:&quot;&quot;,&quot;sizes&quot;:[]},&quot;_transform_translateY_effect_tablet&quot;:{&quot;unit&quot;:&quot;px&quot;,&quot;size&quot;:&quot;&quot;,&quot;sizes&quot;:[]},&quot;_transform_translateY_effect_mobile&quot;:{&quot;unit&quot;:&quot;px&quot;,&quot;size&quot;:&quot;&quot;,&quot;sizes&quot;:[]}}\" data-widget_type=\"image.default\">\n\t\t\t\t<div class=\"elementor-widget-container\">\n\t\t\t\t\t\t\t\t\t\t\t\t\t\t\t<img fetchpriority=\"high\" decoding=\"async\" width=\"300\" height=\"300\" src=\"https:\/\/civicgreen.erasmus.site\/wp-content\/uploads\/2024\/04\/module-1.png\" class=\"attachment-medium size-medium wp-image-153\" alt=\"\" srcset=\"https:\/\/civicgreen.erasmus.site\/wp-content\/uploads\/2024\/04\/module-1.png 300w, https:\/\/civicgreen.erasmus.site\/wp-content\/uploads\/2024\/04\/module-1-150x150.png 150w\" sizes=\"(max-width: 300px) 100vw, 300px\" \/>\t\t\t\t\t\t\t\t\t\t\t\t\t\t\t<\/div>\n\t\t\t\t<\/div>\n\t\t\t\t<div class=\"elementor-element elementor-element-1d8aecd elementor-widget elementor-widget-text-editor\" data-id=\"1d8aecd\" data-element_type=\"widget\" data-e-type=\"widget\" data-widget_type=\"text-editor.default\">\n\t\t\t\t<div class=\"elementor-widget-container\">\n\t\t\t\t\t\t\t\t\t<p><strong>MODU\u0141 1 \u2013 AKTYWNO\u015a\u0106 OBYWATELSKA I ZAANGA\u017bOWANIE<br \/><\/strong><\/p>\t\t\t\t\t\t\t\t<\/div>\n\t\t\t\t<\/div>\n\t\t\t\t\t<\/div>\n\t\t\t\t<\/div>\n\t\t<div class=\"elementor-element elementor-element-71994ea e-flex e-con-boxed e-con e-parent\" data-id=\"71994ea\" data-element_type=\"container\" data-e-type=\"container\">\n\t\t\t\t\t<div class=\"e-con-inner\">\n\t\t\t\t<div class=\"elementor-element elementor-element-b465a50 elementor-widget elementor-widget-text-editor\" data-id=\"b465a50\" data-element_type=\"widget\" data-e-type=\"widget\" data-widget_type=\"text-editor.default\">\n\t\t\t\t<div class=\"elementor-widget-container\">\n\t\t\t\t\t\t\t\t\t<p>Aktywno\u015b\u0107 obywatelska i zaanga\u017cowanie wi\u0105\u017c\u0105 si\u0119 z aktywnym uczestnictwem i po\u015bwi\u0119ceniem jednostek na rzecz pozytywnych zmian i wprowadzania zmian w spo\u0142ecze\u0144stwie. Obejmuj\u0105 one szeroki zakres dzia\u0142a\u0144, w tym zaanga\u017cowanie spo\u0142eczne, rzecznictwo, wolontariat i przyjmowanie r\u00f3l przyw\u00f3dczych w celu sprostania wyzwaniom spo\u0142ecznym, \u015brodowiskowym i politycznym. Aktywno\u015b\u0107 obywatelska obejmuje osoby uznaj\u0105ce swoj\u0105 odpowiedzialno\u015b\u0107 jako obywatele i aktywnie pracuj\u0105ce nad stworzeniem lepszej przysz\u0142o\u015bci dla siebie i swoich spo\u0142eczno\u015bci.<\/p><p>Obywatele posiadaj\u0105cy kompetencje w zakresie dzia\u0142a\u0144 obywatelskich i zaanga\u017cowania b\u0119d\u0105 g\u0142\u0119boko rozumie\u0107 kwestie spo\u0142eczne, \u015brodowiskowe i polityczne. B\u0119d\u0105 posiada\u0107 umiej\u0119tno\u015bci skutecznej komunikacji, wsp\u00f3\u0142pracy i rozwi\u0105zywania problem\u00f3w, co pozwoli im mobilizowa\u0107 zasoby i anga\u017cowa\u0107 si\u0119 w dzia\u0142ania zbiorowe. B\u0119d\u0105 wykazywa\u0107 si\u0119 empati\u0105, otwarto\u015bci\u0105 i odporno\u015bci\u0105, stawiaj\u0105c na pierwszym miejscu dobrobyt swoich spo\u0142eczno\u015bci i opowiadaj\u0105c si\u0119 za sprawiedliwo\u015bci\u0105 spo\u0142eczn\u0105 i zr\u00f3wnowa\u017conym rozwojem. Dzi\u0119ki swojej wiedzy, umiej\u0119tno\u015bciom i postawom osoby te b\u0119d\u0105 aktywnie przyczynia\u0107 si\u0119 do pozytywnych zmian, pracuj\u0105c na rzecz bardziej sprawiedliwej i zr\u00f3wnowa\u017conej przysz\u0142o\u015bci.<\/p>\t\t\t\t\t\t\t\t<\/div>\n\t\t\t\t<\/div>\n\t\t\t\t\t<\/div>\n\t\t\t\t<\/div>\n\t\t<div class=\"elementor-element elementor-element-e90fa60 e-flex e-con-boxed e-con e-child\" data-id=\"e90fa60\" data-element_type=\"container\" data-e-type=\"container\">\n\t\t\t\t\t<div class=\"e-con-inner\">\n\t\t<div class=\"elementor-element elementor-element-03e30e3 e-grid e-con-boxed e-con e-child\" data-id=\"03e30e3\" data-element_type=\"container\" data-e-type=\"container\">\n\t\t\t\t\t<div class=\"e-con-inner\">\n\t\t\t\t<div class=\"elementor-element elementor-element-1f1be91 elementor-align-center elementor-widget elementor-widget-button\" data-id=\"1f1be91\" data-element_type=\"widget\" data-e-type=\"widget\" data-widget_type=\"button.default\">\n\t\t\t\t<div class=\"elementor-widget-container\">\n\t\t\t\t\t\t\t\t\t<div class=\"elementor-button-wrapper\">\n\t\t\t\t\t<a class=\"elementor-button elementor-button-link elementor-size-sm\" href=\"https:\/\/civicgreen.erasmus.site\/platform\/1-civic-action-and-commitment\/e-learning\/\">\n\t\t\t\t\t\t<span class=\"elementor-button-content-wrapper\">\n\t\t\t\t\t\t\t\t\t<span class=\"elementor-button-text\">E-Learning<\/span>\n\t\t\t\t\t<\/span>\n\t\t\t\t\t<\/a>\n\t\t\t\t<\/div>\n\t\t\t\t\t\t\t\t<\/div>\n\t\t\t\t<\/div>\n\t\t\t\t<div class=\"elementor-element elementor-element-d47a73e elementor-align-center elementor-widget elementor-widget-button\" data-id=\"d47a73e\" data-element_type=\"widget\" data-e-type=\"widget\" data-widget_type=\"button.default\">\n\t\t\t\t<div class=\"elementor-widget-container\">\n\t\t\t\t\t\t\t\t\t<div class=\"elementor-button-wrapper\">\n\t\t\t\t\t<a class=\"elementor-button elementor-button-link elementor-size-sm\" href=\"https:\/\/civicgreen.erasmus.site\/platform\/1-civic-action-and-commitment\/community-of-practice\/\">\n\t\t\t\t\t\t<span class=\"elementor-button-content-wrapper\">\n\t\t\t\t\t\t\t\t\t<span class=\"elementor-button-text\">wsp\u00f3lnota praktyk<\/span>\n\t\t\t\t\t<\/span>\n\t\t\t\t\t<\/a>\n\t\t\t\t<\/div>\n\t\t\t\t\t\t\t\t<\/div>\n\t\t\t\t<\/div>\n\t\t\t\t\t<\/div>\n\t\t\t\t<\/div>\n\t\t\t\t\t<\/div>\n\t\t\t\t<\/div>\n\t\t\t\t<\/div>\n\t\t","protected":false},"excerpt":{"rendered":"<p>MODU\u0141 1 \u2013 AKTYWNO\u015a\u0106 OBYWATELSKA I ZAANGA\u017bOWANIE Aktywno\u015b\u0107 obywatelska i zaanga\u017cowanie wi\u0105\u017c\u0105 si\u0119 z aktywnym uczestnictwem i po\u015bwi\u0119ceniem jednostek na rzecz pozytywnych zmian i wprowadzania zmian w spo\u0142ecze\u0144stwie. Obejmuj\u0105 one szeroki zakres dzia\u0142a\u0144, w tym zaanga\u017cowanie spo\u0142eczne, rzecznictwo, wolontariat i przyjmowanie r\u00f3l przyw\u00f3dczych w celu sprostania wyzwaniom spo\u0142ecznym, \u015brodowiskowym i politycznym. Aktywno\u015b\u0107 obywatelska obejmuje osoby&hellip;&nbsp;<a href=\"https:\/\/civicgreen.erasmus.site\/pl\/platform\/1-civic-action-and-commitment\/\" rel=\"bookmark\">Dowiedz si\u0119 wi\u0119cej &raquo;<span class=\"screen-reader-text\">1. AKTYWNO\u015a\u0106 OBYWATELSKA I ZAANGA\u017bOWANIE<\/span><\/a><\/p>\n","protected":false},"author":1,"featured_media":0,"parent":41,"menu_order":0,"comment_status":"closed","ping_status":"closed","template":"","meta":{"neve_meta_sidebar":"","neve_meta_container":"","neve_meta_enable_content_width":"off","neve_meta_content_width":100,"neve_meta_title_alignment":"","neve_meta_author_avatar":"","neve_post_elements_order":"","neve_meta_disable_header":"","neve_meta_disable_footer":"","neve_meta_disable_title":"on","footnotes":""},"class_list":["post-501","page","type-page","status-publish","hentry"],"_links":{"self":[{"href":"https:\/\/civicgreen.erasmus.site\/pl\/wp-json\/wp\/v2\/pages\/501","targetHints":{"allow":["GET"]}}],"collection":[{"href":"https:\/\/civicgreen.erasmus.site\/pl\/wp-json\/wp\/v2\/pages"}],"about":[{"href":"https:\/\/civicgreen.erasmus.site\/pl\/wp-json\/wp\/v2\/types\/page"}],"author":[{"embeddable":true,"href":"https:\/\/civicgreen.erasmus.site\/pl\/wp-json\/wp\/v2\/users\/1"}],"replies":[{"embeddable":true,"href":"https:\/\/civicgreen.erasmus.site\/pl\/wp-json\/wp\/v2\/comments?post=501"}],"version-history":[{"count":56,"href":"https:\/\/civicgreen.erasmus.site\/pl\/wp-json\/wp\/v2\/pages\/501\/revisions"}],"predecessor-version":[{"id":1242,"href":"https:\/\/civicgreen.erasmus.site\/pl\/wp-json\/wp\/v2\/pages\/501\/revisions\/1242"}],"up":[{"embeddable":true,"href":"https:\/\/civicgreen.erasmus.site\/pl\/wp-json\/wp\/v2\/pages\/41"}],"wp:attachment":[{"href":"https:\/\/civicgreen.erasmus.site\/pl\/wp-json\/wp\/v2\/media?parent=501"}],"curies":[{"name":"wp","href":"https:\/\/api.w.org\/{rel}","templated":true}]}}