{"id":529,"date":"2024-04-25T19:27:47","date_gmt":"2024-04-25T19:27:47","guid":{"rendered":"https:\/\/civicgreen.erasmus.site\/?page_id=529"},"modified":"2024-06-13T09:47:17","modified_gmt":"2024-06-13T09:47:17","slug":"5-social-capital-social-cohesion","status":"publish","type":"page","link":"https:\/\/civicgreen.erasmus.site\/pl\/platform\/5-social-capital-social-cohesion\/","title":{"rendered":"5. KAPITA\u0141 I SP\u00d3JNO\u015a\u0106 SPO\u0141ECZNA"},"content":{"rendered":"\t\t<div data-elementor-type=\"wp-page\" data-elementor-id=\"529\" class=\"elementor elementor-529\">\n\t\t\t\t<div class=\"elementor-element elementor-element-18f8ca0e e-flex e-con-boxed e-con e-parent\" data-id=\"18f8ca0e\" data-element_type=\"container\" data-e-type=\"container\">\n\t\t\t\t\t<div class=\"e-con-inner\">\n\t\t\t\t<div class=\"elementor-element elementor-element-1c68eef6 elementor-widget elementor-widget-shortcode\" data-id=\"1c68eef6\" data-element_type=\"widget\" data-e-type=\"widget\" data-widget_type=\"shortcode.default\">\n\t\t\t\t<div class=\"elementor-widget-container\">\n\t\t\t\t\t\t\t<div class=\"elementor-shortcode\"><nav aria-label=\"breadcrumbs\">\n            <div class=\"breadcrumb-container theme5\">\n                <ol>\n                                    <\/ol>\n            <\/div>\n        <\/nav>    <script type=\"application\/ld+json\">\n        {\n            \"@context\": \"http:\/\/schema.org\",\n            \"@type\": \"BreadcrumbList\",\n            \"itemListElement\": [\n                            ]\n        }\n    <\/script>\n   \n    <script>\n            <\/script>\n\r\n<\/div>\n\t\t\t\t\t\t<\/div>\n\t\t\t\t<\/div>\n\t\t\t\t\t<\/div>\n\t\t\t\t<\/div>\n\t\t<div class=\"elementor-element elementor-element-c8e516d e-flex e-con-boxed e-con e-parent\" data-id=\"c8e516d\" data-element_type=\"container\" data-e-type=\"container\">\n\t\t\t\t\t<div class=\"e-con-inner\">\n\t\t\t\t<div class=\"elementor-element elementor-element-2b7e133 elementor-widget elementor-widget-image\" data-id=\"2b7e133\" data-element_type=\"widget\" data-e-type=\"widget\" data-widget_type=\"image.default\">\n\t\t\t\t<div class=\"elementor-widget-container\">\n\t\t\t\t\t\t\t\t\t\t\t\t\t\t\t<img fetchpriority=\"high\" decoding=\"async\" width=\"300\" height=\"300\" src=\"https:\/\/civicgreen.erasmus.site\/wp-content\/uploads\/2024\/04\/module-5.png\" class=\"attachment-large size-large wp-image-175\" alt=\"\" srcset=\"https:\/\/civicgreen.erasmus.site\/wp-content\/uploads\/2024\/04\/module-5.png 300w, https:\/\/civicgreen.erasmus.site\/wp-content\/uploads\/2024\/04\/module-5-150x150.png 150w\" sizes=\"(max-width: 300px) 100vw, 300px\" \/>\t\t\t\t\t\t\t\t\t\t\t\t\t\t\t<\/div>\n\t\t\t\t<\/div>\n\t\t\t\t<div class=\"elementor-element elementor-element-1d8aecd elementor-widget elementor-widget-text-editor\" data-id=\"1d8aecd\" data-element_type=\"widget\" data-e-type=\"widget\" data-widget_type=\"text-editor.default\">\n\t\t\t\t<div class=\"elementor-widget-container\">\n\t\t\t\t\t\t\t\t\t<p><strong>MODU\u0141 5 \u2013 KAPITA\u0141 I SP\u00d3JNO\u015a\u0106 SPO\u0141ECZNA<br \/><\/strong><\/p>\t\t\t\t\t\t\t\t<\/div>\n\t\t\t\t<\/div>\n\t\t\t\t\t<\/div>\n\t\t\t\t<\/div>\n\t\t<div class=\"elementor-element elementor-element-71994ea e-flex e-con-boxed e-con e-parent\" data-id=\"71994ea\" data-element_type=\"container\" data-e-type=\"container\">\n\t\t\t\t\t<div class=\"e-con-inner\">\n\t\t\t\t<div class=\"elementor-element elementor-element-b465a50 elementor-widget elementor-widget-text-editor\" data-id=\"b465a50\" data-element_type=\"widget\" data-e-type=\"widget\" data-widget_type=\"text-editor.default\">\n\t\t\t\t<div class=\"elementor-widget-container\">\n\t\t\t\t\t\t\t\t\t<p>Poj\u0119cia kapita\u0142u i sp\u00f3jno\u015bci spo\u0142ecznej s\u0105 cz\u0119sto u\u017cywane zamiennie, ale istniej\u0105 r\u00f3\u017cnice, kt\u00f3re nale\u017cy podkre\u015bli\u0107, poniewa\u017c mog\u0105 one pom\u00f3c jednostkom zrozumie\u0107, w jakim stopniu s\u0105 one zaanga\u017cowane i dzia\u0142aj\u0105 wsp\u00f3lnie na rzecz rozwi\u0105zania kwestii zwi\u0105zanych ze zmianami klimatu i zagro\u017ceniami dla \u015brodowiska.<\/p><p>Ten obszar kompetencji opisuje wiedz\u0119, umiej\u0119tno\u015bci i postawy, kt\u00f3re obywatele musz\u0105 zdoby\u0107, rozwin\u0105\u0107 lub poprawi\u0107, aby zmobilizowa\u0107 zasoby, nawi\u0105za\u0107 kontakty i sieci u\u0142atwiaj\u0105ce zbiorowe dzia\u0142ania na rzecz skutecznego zaanga\u017cowania si\u0119 w zmiany klimatu, a tak\u017ce zaanga\u017cowa\u0107 si\u0119 w realizacj\u0119 Cel\u00f3w Zr\u00f3wnowa\u017conego Rozwoju. Oczekuje si\u0119, \u017ce spo\u0142ecze\u0144stwo CIVIC GREEN podkre\u015bli poczucie jedno\u015bci i integracji w ramach spo\u0142eczno\u015bci, wspieraj\u0105c dobrobyt i odporno\u015b\u0107 spo\u0142eczno\u015bci, kt\u00f3re s\u0105 przygotowane na pilne wyzwania spowodowane zmianami klimatu.<\/p>\t\t\t\t\t\t\t\t<\/div>\n\t\t\t\t<\/div>\n\t\t\t\t\t<\/div>\n\t\t\t\t<\/div>\n\t\t<div class=\"elementor-element elementor-element-e90fa60 e-flex e-con-boxed e-con e-child\" data-id=\"e90fa60\" data-element_type=\"container\" data-e-type=\"container\">\n\t\t\t\t\t<div class=\"e-con-inner\">\n\t\t<div class=\"elementor-element elementor-element-03e30e3 e-grid e-con-boxed e-con e-child\" data-id=\"03e30e3\" data-element_type=\"container\" data-e-type=\"container\">\n\t\t\t\t\t<div class=\"e-con-inner\">\n\t\t\t\t<div class=\"elementor-element elementor-element-1f1be91 elementor-align-center elementor-widget elementor-widget-button\" data-id=\"1f1be91\" data-element_type=\"widget\" data-e-type=\"widget\" data-widget_type=\"button.default\">\n\t\t\t\t<div class=\"elementor-widget-container\">\n\t\t\t\t\t\t\t\t\t<div class=\"elementor-button-wrapper\">\n\t\t\t\t\t<a class=\"elementor-button elementor-button-link elementor-size-sm\" href=\"https:\/\/civicgreen.erasmus.site\/platform\/5-social-capital-social-cohesion\/e-learning\/\">\n\t\t\t\t\t\t<span class=\"elementor-button-content-wrapper\">\n\t\t\t\t\t\t\t\t\t<span class=\"elementor-button-text\">E-Learning<\/span>\n\t\t\t\t\t<\/span>\n\t\t\t\t\t<\/a>\n\t\t\t\t<\/div>\n\t\t\t\t\t\t\t\t<\/div>\n\t\t\t\t<\/div>\n\t\t\t\t<div class=\"elementor-element elementor-element-d47a73e elementor-align-center elementor-widget elementor-widget-button\" data-id=\"d47a73e\" data-element_type=\"widget\" data-e-type=\"widget\" data-widget_type=\"button.default\">\n\t\t\t\t<div class=\"elementor-widget-container\">\n\t\t\t\t\t\t\t\t\t<div class=\"elementor-button-wrapper\">\n\t\t\t\t\t<a class=\"elementor-button elementor-button-link elementor-size-sm\" href=\"https:\/\/civicgreen.erasmus.site\/platform\/5-social-capital-social-cohesion\/community-of-practice\/\">\n\t\t\t\t\t\t<span class=\"elementor-button-content-wrapper\">\n\t\t\t\t\t\t\t\t\t<span class=\"elementor-button-text\">wsp\u00f3lnota praktyk<\/span>\n\t\t\t\t\t<\/span>\n\t\t\t\t\t<\/a>\n\t\t\t\t<\/div>\n\t\t\t\t\t\t\t\t<\/div>\n\t\t\t\t<\/div>\n\t\t\t\t\t<\/div>\n\t\t\t\t<\/div>\n\t\t\t\t\t<\/div>\n\t\t\t\t<\/div>\n\t\t\t\t<\/div>\n\t\t","protected":false},"excerpt":{"rendered":"<p>MODU\u0141 5 \u2013 KAPITA\u0141 I SP\u00d3JNO\u015a\u0106 SPO\u0141ECZNA Poj\u0119cia kapita\u0142u i sp\u00f3jno\u015bci spo\u0142ecznej s\u0105 cz\u0119sto u\u017cywane zamiennie, ale istniej\u0105 r\u00f3\u017cnice, kt\u00f3re nale\u017cy podkre\u015bli\u0107, poniewa\u017c mog\u0105 one pom\u00f3c jednostkom zrozumie\u0107, w jakim stopniu s\u0105 one zaanga\u017cowane i dzia\u0142aj\u0105 wsp\u00f3lnie na rzecz rozwi\u0105zania kwestii zwi\u0105zanych ze zmianami klimatu i zagro\u017ceniami dla \u015brodowiska. Ten obszar kompetencji opisuje wiedz\u0119, umiej\u0119tno\u015bci&hellip;&nbsp;<a href=\"https:\/\/civicgreen.erasmus.site\/pl\/platform\/5-social-capital-social-cohesion\/\" rel=\"bookmark\">Dowiedz si\u0119 wi\u0119cej &raquo;<span class=\"screen-reader-text\">5. KAPITA\u0141 I SP\u00d3JNO\u015a\u0106 SPO\u0141ECZNA<\/span><\/a><\/p>\n","protected":false},"author":1,"featured_media":0,"parent":41,"menu_order":0,"comment_status":"closed","ping_status":"closed","template":"","meta":{"neve_meta_sidebar":"","neve_meta_container":"","neve_meta_enable_content_width":"off","neve_meta_content_width":100,"neve_meta_title_alignment":"","neve_meta_author_avatar":"","neve_post_elements_order":"","neve_meta_disable_header":"","neve_meta_disable_footer":"","neve_meta_disable_title":"on","footnotes":""},"class_list":["post-529","page","type-page","status-publish","hentry"],"_links":{"self":[{"href":"https:\/\/civicgreen.erasmus.site\/pl\/wp-json\/wp\/v2\/pages\/529","targetHints":{"allow":["GET"]}}],"collection":[{"href":"https:\/\/civicgreen.erasmus.site\/pl\/wp-json\/wp\/v2\/pages"}],"about":[{"href":"https:\/\/civicgreen.erasmus.site\/pl\/wp-json\/wp\/v2\/types\/page"}],"author":[{"embeddable":true,"href":"https:\/\/civicgreen.erasmus.site\/pl\/wp-json\/wp\/v2\/users\/1"}],"replies":[{"embeddable":true,"href":"https:\/\/civicgreen.erasmus.site\/pl\/wp-json\/wp\/v2\/comments?post=529"}],"version-history":[{"count":44,"href":"https:\/\/civicgreen.erasmus.site\/pl\/wp-json\/wp\/v2\/pages\/529\/revisions"}],"predecessor-version":[{"id":1254,"href":"https:\/\/civicgreen.erasmus.site\/pl\/wp-json\/wp\/v2\/pages\/529\/revisions\/1254"}],"up":[{"embeddable":true,"href":"https:\/\/civicgreen.erasmus.site\/pl\/wp-json\/wp\/v2\/pages\/41"}],"wp:attachment":[{"href":"https:\/\/civicgreen.erasmus.site\/pl\/wp-json\/wp\/v2\/media?parent=529"}],"curies":[{"name":"wp","href":"https:\/\/api.w.org\/{rel}","templated":true}]}}