{"id":428,"date":"2024-04-24T19:41:15","date_gmt":"2024-04-24T19:41:15","guid":{"rendered":"https:\/\/civicgreen.erasmus.site\/?page_id=428"},"modified":"2024-06-12T15:20:49","modified_gmt":"2024-06-12T15:20:49","slug":"framework-parameters-of-civic-monitoring","status":"publish","type":"page","link":"https:\/\/civicgreen.erasmus.site\/pt\/civic-monitoring-tool\/framework-parameters-of-civic-monitoring\/","title":{"rendered":"PAR\u00c2METROS DE MONITORIZA\u00c7\u00c3O C\u00cdVICA"},"content":{"rendered":"<p><nav aria-label=\"breadcrumbs\">\n            <div class=\"breadcrumb-container theme5\">\n                <ol>\n                                    <\/ol>\n            <\/div>\n        <\/nav>    <script type=\"application\/ld+json\">\n        {\n            \"@context\": \"http:\/\/schema.org\",\n            \"@type\": \"BreadcrumbList\",\n            \"itemListElement\": [\n                            ]\n        }\n    <\/script>\n   \n    <script>\n            <\/script>\n<\/p>\n<p><strong>Introdu\u00e7\u00e3o <\/strong><\/p>\n<p>A monitoriza\u00e7\u00e3o c\u00edvica \u00e9 uma pr\u00e1tica vital que permite aos cidad\u00e3os participarem ativamente na supervis\u00e3o das pol\u00edticas p\u00fablicas e na atribui\u00e7\u00e3o de recursos. Para compreender plenamente o seu impacte, temos de considerar seis par\u00e2metros essenciais. Estes par\u00e2metros &#8211; transpar\u00eancia, responsabilidade, participa\u00e7\u00e3o, efici\u00eancia e efic\u00e1cia, presta\u00e7\u00e3o de servi\u00e7os e combate \u00e0 corrup\u00e7\u00e3o &#8211; formam o quadro atrav\u00e9s do qual a monitoriza\u00e7\u00e3o c\u00edvica se esfor\u00e7a por melhorar a governa\u00e7\u00e3o, promover o envolvimento dos cidad\u00e3os e garantir uma atribui\u00e7\u00e3o respons\u00e1vel dos recursos p\u00fablicos.<\/p>\n<p><strong>(1) Transpar\u00eancia<\/strong><\/p>\n<p>A transpar\u00eancia \u00e9 a base do controlo c\u00edvico. Implica tornar as a\u00e7\u00f5es, decis\u00f5es e informa\u00e7\u00f5es governamentais acess\u00edveis ao p\u00fablico. A monitoriza\u00e7\u00e3o c\u00edvica garante que os dados, os or\u00e7amentos e as pol\u00edticas relevantes est\u00e3o dispon\u00edveis de forma acess\u00edvel, permitindo que os cidad\u00e3os examinem eficazmente as atividades do governo. Uma governa\u00e7\u00e3o transparente gera confian\u00e7a, permitindo que os cidad\u00e3os responsabilizem as autoridades pelas suas a\u00e7\u00f5es. \u00c9 atrav\u00e9s da transpar\u00eancia que o p\u00fablico pode avaliar a forma como os fundos dos contribuintes s\u00e3o atribu\u00eddos e se as pol\u00edticas est\u00e3o de acordo com o bem comum, promovendo uma cidadania informada e uma cultura de governa\u00e7\u00e3o aberta.<\/p>\n<p><strong>(2) Responsabiliza\u00e7\u00e3o<\/strong><\/p>\n<p>A responsabiliza\u00e7\u00e3o complementa a transpar\u00eancia, assegurando que os detentores do poder respondem pelas suas a\u00e7\u00f5es. Os mecanismos de controlo c\u00edvico estabelecem instrumentos para responsabilizar os funcion\u00e1rios p\u00fablicos, as ag\u00eancias e as institui\u00e7\u00f5es pelas suas decis\u00f5es. Os cidad\u00e3os podem exigir explica\u00e7\u00f5es sobre os resultados das pol\u00edticas, as dota\u00e7\u00f5es or\u00e7amentais e a execu\u00e7\u00e3o dos projetos. A responsabiliza\u00e7\u00e3o n\u00e3o s\u00f3 desencoraja a corrup\u00e7\u00e3o e a m\u00e1 utiliza\u00e7\u00e3o dos recursos, como tamb\u00e9m incentiva os organismos governamentais a manterem os mais elevados padr\u00f5es de integridade. \u00c9 uma componente cr\u00edtica que assegura a efic\u00e1cia dos esfor\u00e7os de monitoriza\u00e7\u00e3o c\u00edvica, promovendo uma cultura de responsabilidade e capacidade de resposta nas institui\u00e7\u00f5es p\u00fablicas.<\/p>\n<p><strong>(3) Participa\u00e7\u00e3o<\/strong><\/p>\n<p>A participa\u00e7\u00e3o \u00e9 o cora\u00e7\u00e3o do controlo c\u00edvico. Implica o envolvimento ativo dos cidad\u00e3os no processo de tomada de decis\u00f5es, desde o desenvolvimento de pol\u00edticas at\u00e9 \u00e0 implementa\u00e7\u00e3o de projetos. A monitoriza\u00e7\u00e3o c\u00edvica permite que os indiv\u00edduos e as comunidades manifestem as suas preocupa\u00e7\u00f5es, sugest\u00f5es e <em>feedback<\/em>. Ao faz\u00ea-lo, transforma os cidad\u00e3os de observadores passivos em cocriadores de pol\u00edticas p\u00fablicas. As suas ideias e contribui\u00e7\u00f5es melhoram a qualidade, a relev\u00e2ncia e a efic\u00e1cia das pol\u00edticas. A monitoriza\u00e7\u00e3o c\u00edvica incentiva a inclus\u00e3o, assegurando que as diversas necessidades e aspira\u00e7\u00f5es da popula\u00e7\u00e3o s\u00e3o tidas em conta, promovendo, em \u00faltima an\u00e1lise, um governo democr\u00e1tico e reativo.<\/p>\n<p><strong>(4) Efici\u00eancia e efic\u00e1cia <\/strong><\/p>\n<p>A efici\u00eancia e a efic\u00e1cia s\u00e3o os principais resultados da monitoriza\u00e7\u00e3o c\u00edvica. Ao participarem ativamente na avalia\u00e7\u00e3o das pol\u00edticas p\u00fablicas, os cidad\u00e3os e as ferramentas de monitoriza\u00e7\u00e3o c\u00edvica ajudam a garantir que os recursos governamentais s\u00e3o utilizados da melhor forma. Medem o desempenho das pol\u00edticas e dos projetos em rela\u00e7\u00e3o aos objetivos e resultados pretendidos. Os resultados da monitoriza\u00e7\u00e3o podem orientar os decisores na reafecta\u00e7\u00e3o de recursos ou na modifica\u00e7\u00e3o de estrat\u00e9gias para maximizar o impacte. A monitoriza\u00e7\u00e3o c\u00edvica tem como objetivo tornar as pol\u00edticas p\u00fablicas mais eficientes, reduzindo o desperd\u00edcio e melhorando a sua efic\u00e1cia global para proporcionar benef\u00edcios significativos \u00e0s comunidades.<\/p>\n<p><strong>(5) Presta\u00e7\u00e3o de servi\u00e7os<\/strong><\/p>\n<p>O controlo c\u00edvico influencia significativamente a qualidade e a acessibilidade dos servi\u00e7os p\u00fablicos. Permite que os cidad\u00e3os avaliem a presta\u00e7\u00e3o de servi\u00e7os essenciais, como os cuidados de sa\u00fade, a educa\u00e7\u00e3o e as infraestruturas. Ao monitorizar ativamente estes servi\u00e7os, as comunidades podem responsabilizar os governos pela presta\u00e7\u00e3o de servi\u00e7os atempados, equitativos e de elevada qualidade. A monitoriza\u00e7\u00e3o c\u00edvica ajuda a identificar lacunas na presta\u00e7\u00e3o de servi\u00e7os, garantindo que os governos respondem \u00e0s necessidades espec\u00edficas dos seus constituintes. Incentiva o desenvolvimento de solu\u00e7\u00f5es inovadoras, permitindo aos governos melhorar a presta\u00e7\u00e3o de servi\u00e7os e servir melhor os seus cidad\u00e3os.<\/p>\n<p><strong>(6) Combate \u00e0 Corrup\u00e7\u00e3o <\/strong><\/p>\n<p>Um dos principais objetivos do controlo c\u00edvico \u00e9 o combate \u00e0 corrup\u00e7\u00e3o. A corrup\u00e7\u00e3o corr\u00f3i a confian\u00e7a do p\u00fablico, mina a efic\u00e1cia do governo e desvia os recursos dos objetivos pretendidos. As ferramentas de monitoriza\u00e7\u00e3o c\u00edvica e o envolvimento dos cidad\u00e3os s\u00e3o ant\u00eddotos potentes contra a corrup\u00e7\u00e3o. Criam um ambiente em que as pr\u00e1ticas corruptas s\u00e3o expostas, denunciadas e dissuadidas. Ao participarem ativamente na supervis\u00e3o das pol\u00edticas p\u00fablicas, os cidad\u00e3os tornam-se vigilantes contra as atividades corruptas. A monitoriza\u00e7\u00e3o c\u00edvica promove a den\u00fancia de irregularidades e de utiliza\u00e7\u00e3o indevida de fundos p\u00fablicos, dificultando o desenvolvimento da corrup\u00e7\u00e3o e fomentando uma cultura de governa\u00e7\u00e3o \u00e9tica.<\/p>\n<p><img loading=\"lazy\" decoding=\"async\" class=\"size-full wp-image-894 aligncenter\" src=\"https:\/\/civicgreen.erasmus.site\/wp-content\/uploads\/2024\/06\/image005-2.png\" alt=\"\" width=\"795\" height=\"322\" srcset=\"https:\/\/civicgreen.erasmus.site\/wp-content\/uploads\/2024\/06\/image005-2.png 795w, https:\/\/civicgreen.erasmus.site\/wp-content\/uploads\/2024\/06\/image005-2-300x122.png 300w, https:\/\/civicgreen.erasmus.site\/wp-content\/uploads\/2024\/06\/image005-2-768x311.png 768w\" sizes=\"(max-width: 795px) 100vw, 795px\" \/><\/p>\n<p style=\"text-align: center;\"><strong>QUADRO 1: PAR\u00c2METROS DE MONITORIZA\u00c7\u00c3O C\u00cdVICA<\/strong><\/p>\n<p>Em conclus\u00e3o, a monitoriza\u00e7\u00e3o c\u00edvica \u00e9 um instrumento poderoso que permite aos cidad\u00e3os participarem ativamente na supervis\u00e3o das pol\u00edticas p\u00fablicas e na afeta\u00e7\u00e3o de recursos. No seu quadro abrangente, seis par\u00e2metros fundamentais &#8211; transpar\u00eancia, responsabiliza\u00e7\u00e3o, participa\u00e7\u00e3o, efici\u00eancia e efic\u00e1cia, presta\u00e7\u00e3o de servi\u00e7os e combate \u00e0 corrup\u00e7\u00e3o &#8211; servem de princ\u00edpios orientadores. A transpar\u00eancia e a responsabiliza\u00e7\u00e3o asseguram que as a\u00e7\u00f5es governamentais est\u00e3o abertas ao escrut\u00ednio p\u00fablico, enquanto a participa\u00e7\u00e3o transforma os cidad\u00e3os em cocriadores de pol\u00edticas p\u00fablicas. O controlo c\u00edvico aumenta a efici\u00eancia e a efic\u00e1cia, otimizando a afeta\u00e7\u00e3o de recursos e a presta\u00e7\u00e3o de servi\u00e7os e, em \u00faltima an\u00e1lise, promovendo a boa governa\u00e7\u00e3o. Al\u00e9m disso, funciona como um potente dissuasor da corrup\u00e7\u00e3o, defendendo os princ\u00edpios da integridade no servi\u00e7o p\u00fablico. Ao adotar estes par\u00e2metros, a monitoriza\u00e7\u00e3o c\u00edvica eleva o papel dos cidad\u00e3os na forma\u00e7\u00e3o das suas comunidades, garantindo a atribui\u00e7\u00e3o respons\u00e1vel dos recursos p\u00fablicos e melhorando a qualidade geral da governa\u00e7\u00e3o<\/p>","protected":false},"excerpt":{"rendered":"<p>Introdu\u00e7\u00e3o A monitoriza\u00e7\u00e3o c\u00edvica \u00e9 uma pr\u00e1tica vital que permite aos cidad\u00e3os participarem ativamente na supervis\u00e3o das pol\u00edticas p\u00fablicas e na atribui\u00e7\u00e3o de recursos. Para compreender plenamente o seu impacte, temos de considerar seis par\u00e2metros essenciais. Estes par\u00e2metros &#8211; transpar\u00eancia, responsabilidade, participa\u00e7\u00e3o, efici\u00eancia e efic\u00e1cia, presta\u00e7\u00e3o de servi\u00e7os e combate \u00e0 corrup\u00e7\u00e3o &#8211; formam o&hellip;&nbsp;<a href=\"https:\/\/civicgreen.erasmus.site\/pt\/civic-monitoring-tool\/framework-parameters-of-civic-monitoring\/\" rel=\"bookmark\">Ler mais &raquo;<span class=\"screen-reader-text\">PAR\u00c2METROS DE MONITORIZA\u00c7\u00c3O C\u00cdVICA<\/span><\/a><\/p>\n","protected":false},"author":1,"featured_media":0,"parent":103,"menu_order":0,"comment_status":"closed","ping_status":"closed","template":"","meta":{"neve_meta_sidebar":"","neve_meta_container":"","neve_meta_enable_content_width":"off","neve_meta_content_width":100,"neve_meta_title_alignment":"","neve_meta_author_avatar":"","neve_post_elements_order":"","neve_meta_disable_header":"","neve_meta_disable_footer":"","neve_meta_disable_title":"on","footnotes":""},"class_list":["post-428","page","type-page","status-publish","hentry"],"_links":{"self":[{"href":"https:\/\/civicgreen.erasmus.site\/pt\/wp-json\/wp\/v2\/pages\/428","targetHints":{"allow":["GET"]}}],"collection":[{"href":"https:\/\/civicgreen.erasmus.site\/pt\/wp-json\/wp\/v2\/pages"}],"about":[{"href":"https:\/\/civicgreen.erasmus.site\/pt\/wp-json\/wp\/v2\/types\/page"}],"author":[{"embeddable":true,"href":"https:\/\/civicgreen.erasmus.site\/pt\/wp-json\/wp\/v2\/users\/1"}],"replies":[{"embeddable":true,"href":"https:\/\/civicgreen.erasmus.site\/pt\/wp-json\/wp\/v2\/comments?post=428"}],"version-history":[{"count":10,"href":"https:\/\/civicgreen.erasmus.site\/pt\/wp-json\/wp\/v2\/pages\/428\/revisions"}],"predecessor-version":[{"id":909,"href":"https:\/\/civicgreen.erasmus.site\/pt\/wp-json\/wp\/v2\/pages\/428\/revisions\/909"}],"up":[{"embeddable":true,"href":"https:\/\/civicgreen.erasmus.site\/pt\/wp-json\/wp\/v2\/pages\/103"}],"wp:attachment":[{"href":"https:\/\/civicgreen.erasmus.site\/pt\/wp-json\/wp\/v2\/media?parent=428"}],"curies":[{"name":"wp","href":"https:\/\/api.w.org\/{rel}","templated":true}]}}