{"id":435,"date":"2024-04-24T19:45:55","date_gmt":"2024-04-24T19:45:55","guid":{"rendered":"https:\/\/civicgreen.erasmus.site\/?page_id=435"},"modified":"2024-06-12T15:22:03","modified_gmt":"2024-06-12T15:22:03","slug":"elements-of-civic-monitoring","status":"publish","type":"page","link":"https:\/\/civicgreen.erasmus.site\/pt\/civic-monitoring-tool\/elements-of-civic-monitoring\/","title":{"rendered":"ELEMENTOS DE CONTROLO C\u00cdVICO"},"content":{"rendered":"<p><nav aria-label=\"breadcrumbs\">\n            <div class=\"breadcrumb-container theme5\">\n                <ol>\n                                    <\/ol>\n            <\/div>\n        <\/nav>    <script type=\"application\/ld+json\">\n        {\n            \"@context\": \"http:\/\/schema.org\",\n            \"@type\": \"BreadcrumbList\",\n            \"itemListElement\": [\n                            ]\n        }\n    <\/script>\n   \n    <script>\n            <\/script>\n<\/p>\n<p><strong>Introdu\u00e7\u00e3o <\/strong><\/p>\n<p>A monitoriza\u00e7\u00e3o c\u00edvica \u00e9 um processo din\u00e2mico que permite aos cidad\u00e3os participarem ativamente na avalia\u00e7\u00e3o e supervis\u00e3o das pol\u00edticas p\u00fablicas e na atribui\u00e7\u00e3o de recursos. Esta pr\u00e1tica multifacetada engloba seis elementos-chave que constituem o n\u00facleo do seu funcionamento. Estes elementos &#8211; recolha de dados, an\u00e1lise de dados, transpar\u00eancia, envolvimento dos cidad\u00e3os, responsabiliza\u00e7\u00e3o e supervis\u00e3o, e defesa da transforma\u00e7\u00e3o &#8211; estabelecem as bases para uma monitoriza\u00e7\u00e3o c\u00edvica eficaz, promovendo a transpar\u00eancia, a responsabiliza\u00e7\u00e3o e uma melhor governa\u00e7\u00e3o.<\/p>\n<p><strong>(1) Recolha de dados<\/strong><\/p>\n<p>A recolha de dados \u00e9 a pedra angular do controlo c\u00edvico. Envolve a recolha de informa\u00e7\u00e3o pertinente sobre pol\u00edticas p\u00fablicas, or\u00e7amentos e afeta\u00e7\u00e3o de recursos. Estes dados podem abranger uma vasta gama de fontes, desde documentos oficiais do governo at\u00e9 ao <em>feedback<\/em> das comunidades no terreno. As ferramentas de monitoriza\u00e7\u00e3o c\u00edvica desempenham frequentemente um papel fundamental na recolha e consolida\u00e7\u00e3o de dados, garantindo que estes s\u00e3o exatos, relevantes e acess\u00edveis aos cidad\u00e3os. Uma recolha de dados s\u00f3lida permite aos cidad\u00e3os tomar decis\u00f5es informadas, uma vez que fornece a base factual para avaliar os resultados das pol\u00edticas e o desempenho do governo.<\/p>\n<p><strong>(2) An\u00e1lise de dados<\/strong><\/p>\n<p>A an\u00e1lise de dados \u00e9 o processo de dar sentido \u00e0 informa\u00e7\u00e3o recolhida atrav\u00e9s da monitoriza\u00e7\u00e3o c\u00edvica. Envolve o exame dos dados em busca de padr\u00f5es, tend\u00eancias e anomalias, que podem fornecer informa\u00e7\u00f5es valiosas sobre o impacte e a efic\u00e1cia das pol\u00edticas p\u00fablicas. Baseia-se frequentemente em t\u00e9cnicas quantitativas e qualitativas, permitindo aos monitores c\u00edvicos tirar conclus\u00f5es informadas sobre os resultados das pol\u00edticas. Atrav\u00e9s de uma an\u00e1lise eficaz, as ferramentas de monitoriza\u00e7\u00e3o c\u00edvica ajudam os cidad\u00e3os a identificar as \u00e1reas em que as pol\u00edticas est\u00e3o a ter \u00eaxito ou a falhar, facilitando a tomada de decis\u00f5es com base em provas e contribuindo para a melhoria geral da governa\u00e7\u00e3o.<\/p>\n<p>&nbsp;<\/p>\n<p><strong>(3) Transpar\u00eancia ou acesso \u00e0 informa\u00e7\u00e3o<\/strong><\/p>\n<p>A transpar\u00eancia e o acesso \u00e0 informa\u00e7\u00e3o s\u00e3o princ\u00edpios fundamentais do controlo c\u00edvico. Estes elementos garantem que as a\u00e7\u00f5es, decis\u00f5es e dados governamentais s\u00e3o abertos e acess\u00edveis ao p\u00fablico. A monitoriza\u00e7\u00e3o c\u00edvica esfor\u00e7a-se por quebrar os silos de informa\u00e7\u00e3o, disponibilizando dados essenciais a todos os cidad\u00e3os. Uma governa\u00e7\u00e3o transparente permite que os cidad\u00e3os examinem e compreendam a forma como os fundos p\u00fablicos s\u00e3o atribu\u00eddos, as pol\u00edticas que est\u00e3o a ser implementadas e se est\u00e3o em conformidade com o bem comum. Este acesso \u00e0 informa\u00e7\u00e3o n\u00e3o s\u00f3 aumenta a responsabiliza\u00e7\u00e3o, como tamb\u00e9m fomenta a confian\u00e7a entre os cidad\u00e3os e as institui\u00e7\u00f5es governamentais, promovendo uma cultura de governa\u00e7\u00e3o aberta e reativa.<\/p>\n<p><strong>(4) Envolvimento dos cidad\u00e3os<\/strong><\/p>\n<p>O envolvimento dos cidad\u00e3os est\u00e1 no centro do controlo c\u00edvico. Incentiva a participa\u00e7\u00e3o ativa dos indiv\u00edduos e das comunidades no processo de tomada de decis\u00f5es. As ferramentas de monitoriza\u00e7\u00e3o c\u00edvica fornecem plataformas e canais para os cidad\u00e3os expressarem as suas preocupa\u00e7\u00f5es, sugest\u00f5es e<em> feedback<\/em>. Ao participarem em di\u00e1logos e consultas, os cidad\u00e3os transformam-se de observadores passivos em cocriadores de pol\u00edticas p\u00fablicas. As suas ideias e contribui\u00e7\u00f5es enriquecem o desenvolvimento de pol\u00edticas, tornando-as mais relevantes, reativas e eficazes. A monitoriza\u00e7\u00e3o c\u00edvica garante que as diversas necessidades e aspira\u00e7\u00f5es da popula\u00e7\u00e3o s\u00e3o tidas em conta, promovendo assim uma forma de governa\u00e7\u00e3o democr\u00e1tica e inclusiva.<\/p>\n<p><strong>(5) Responsabiliza\u00e7\u00e3o e controlo<\/strong><\/p>\n<p>A responsabiliza\u00e7\u00e3o e a supervis\u00e3o s\u00e3o elementos essenciais da monitoriza\u00e7\u00e3o c\u00edvica que garantem que os detentores do poder respondem pelas suas a\u00e7\u00f5es. Os mecanismos de controlo c\u00edvico estabelecem procedimentos para responsabilizar os funcion\u00e1rios p\u00fablicos, as ag\u00eancias e as institui\u00e7\u00f5es pelas suas decis\u00f5es. Os cidad\u00e3os podem exigir explica\u00e7\u00f5es sobre os resultados das pol\u00edticas, as dota\u00e7\u00f5es or\u00e7amentais e a execu\u00e7\u00e3o dos projetos. A responsabiliza\u00e7\u00e3o n\u00e3o s\u00f3 desencoraja a corrup\u00e7\u00e3o e a m\u00e1 utiliza\u00e7\u00e3o dos recursos, como tamb\u00e9m incentiva os organismos governamentais a manterem elevados padr\u00f5es de integridade. Ao promover uma cultura de responsabilidade e capacidade de resposta no seio das institui\u00e7\u00f5es p\u00fablicas, a responsabiliza\u00e7\u00e3o e a supervis\u00e3o s\u00e3o fundamentais para garantir a efic\u00e1cia dos esfor\u00e7os de monitoriza\u00e7\u00e3o c\u00edvica.<\/p>\n<p><strong>(6) Advocacia para a transforma\u00e7\u00e3o <\/strong><\/p>\n<p>A defesa da transforma\u00e7\u00e3o \u00e9 o elemento prospetivo da monitoriza\u00e7\u00e3o c\u00edvica. Envolve a utiliza\u00e7\u00e3o dos conhecimentos e provas recolhidos atrav\u00e9s da recolha e an\u00e1lise de dados para defender mudan\u00e7as e melhorias nas pol\u00edticas. Os monitores c\u00edvicos, muitas vezes em colabora\u00e7\u00e3o com organiza\u00e7\u00f5es da sociedade civil, trabalham para provocar uma transforma\u00e7\u00e3o positiva nas pol\u00edticas p\u00fablicas. Envolvem-se com as autoridades governamentais e defendem reformas para melhorar a efic\u00e1cia e a capacidade de resposta das pol\u00edticas. Ao colmatar o fosso entre as preocupa\u00e7\u00f5es dos cidad\u00e3os e as a\u00e7\u00f5es do governo, a defesa da transforma\u00e7\u00e3o catalisa melhorias na governa\u00e7\u00e3o, contribuindo, em \u00faltima an\u00e1lise, para melhores pol\u00edticas e resultados p\u00fablicos.<\/p>\n<p><img loading=\"lazy\" decoding=\"async\" class=\"size-full wp-image-896 aligncenter\" src=\"https:\/\/civicgreen.erasmus.site\/wp-content\/uploads\/2024\/06\/image007-2.png\" alt=\"\" width=\"848\" height=\"344\" srcset=\"https:\/\/civicgreen.erasmus.site\/wp-content\/uploads\/2024\/06\/image007-2.png 848w, https:\/\/civicgreen.erasmus.site\/wp-content\/uploads\/2024\/06\/image007-2-300x122.png 300w, https:\/\/civicgreen.erasmus.site\/wp-content\/uploads\/2024\/06\/image007-2-768x312.png 768w\" sizes=\"(max-width: 848px) 100vw, 848px\" \/><\/p>\n<p style=\"text-align: center;\"><strong>QUADRO 2: ELEMENTOS DE CONTROLO C\u00cdVICO<\/strong><\/p>\n<p>Por \u00faltimo, a monitoriza\u00e7\u00e3o c\u00edvica \u00e9 um processo abrangente que permite aos cidad\u00e3os participarem ativamente na avalia\u00e7\u00e3o e supervis\u00e3o das pol\u00edticas p\u00fablicas e na atribui\u00e7\u00e3o de recursos. Os seus elementos-chave &#8211; recolha de dados, an\u00e1lise de dados, transpar\u00eancia, participa\u00e7\u00e3o dos cidad\u00e3os, responsabiliza\u00e7\u00e3o e controlo, e advocacia para a transforma\u00e7\u00e3o &#8211; colaboram para promover a transpar\u00eancia, a responsabiliza\u00e7\u00e3o e uma melhor governa\u00e7\u00e3o. Atrav\u00e9s destes elementos, a monitoriza\u00e7\u00e3o c\u00edvica serve de ponte entre os cidad\u00e3os e o governo, permitindo a tomada de decis\u00f5es informadas, melhores resultados pol\u00edticos e a procura cont\u00ednua de uma democracia mais inclusiva e reativa. Ao aproveitar estes elementos, a monitoriza\u00e7\u00e3o c\u00edvica contribui para uma cidadania mais empenhada, informada e capacitada.<\/p>","protected":false},"excerpt":{"rendered":"<p>Introdu\u00e7\u00e3o A monitoriza\u00e7\u00e3o c\u00edvica \u00e9 um processo din\u00e2mico que permite aos cidad\u00e3os participarem ativamente na avalia\u00e7\u00e3o e supervis\u00e3o das pol\u00edticas p\u00fablicas e na atribui\u00e7\u00e3o de recursos. Esta pr\u00e1tica multifacetada engloba seis elementos-chave que constituem o n\u00facleo do seu funcionamento. Estes elementos &#8211; recolha de dados, an\u00e1lise de dados, transpar\u00eancia, envolvimento dos cidad\u00e3os, responsabiliza\u00e7\u00e3o e supervis\u00e3o,&hellip;&nbsp;<a href=\"https:\/\/civicgreen.erasmus.site\/pt\/civic-monitoring-tool\/elements-of-civic-monitoring\/\" rel=\"bookmark\">Ler mais &raquo;<span class=\"screen-reader-text\">ELEMENTOS DE CONTROLO C\u00cdVICO<\/span><\/a><\/p>\n","protected":false},"author":1,"featured_media":0,"parent":103,"menu_order":0,"comment_status":"closed","ping_status":"closed","template":"","meta":{"neve_meta_sidebar":"","neve_meta_container":"","neve_meta_enable_content_width":"off","neve_meta_content_width":100,"neve_meta_title_alignment":"","neve_meta_author_avatar":"","neve_post_elements_order":"","neve_meta_disable_header":"","neve_meta_disable_footer":"","neve_meta_disable_title":"on","footnotes":""},"class_list":["post-435","page","type-page","status-publish","hentry"],"_links":{"self":[{"href":"https:\/\/civicgreen.erasmus.site\/pt\/wp-json\/wp\/v2\/pages\/435","targetHints":{"allow":["GET"]}}],"collection":[{"href":"https:\/\/civicgreen.erasmus.site\/pt\/wp-json\/wp\/v2\/pages"}],"about":[{"href":"https:\/\/civicgreen.erasmus.site\/pt\/wp-json\/wp\/v2\/types\/page"}],"author":[{"embeddable":true,"href":"https:\/\/civicgreen.erasmus.site\/pt\/wp-json\/wp\/v2\/users\/1"}],"replies":[{"embeddable":true,"href":"https:\/\/civicgreen.erasmus.site\/pt\/wp-json\/wp\/v2\/comments?post=435"}],"version-history":[{"count":10,"href":"https:\/\/civicgreen.erasmus.site\/pt\/wp-json\/wp\/v2\/pages\/435\/revisions"}],"predecessor-version":[{"id":911,"href":"https:\/\/civicgreen.erasmus.site\/pt\/wp-json\/wp\/v2\/pages\/435\/revisions\/911"}],"up":[{"embeddable":true,"href":"https:\/\/civicgreen.erasmus.site\/pt\/wp-json\/wp\/v2\/pages\/103"}],"wp:attachment":[{"href":"https:\/\/civicgreen.erasmus.site\/pt\/wp-json\/wp\/v2\/media?parent=435"}],"curies":[{"name":"wp","href":"https:\/\/api.w.org\/{rel}","templated":true}]}}