{"id":441,"date":"2024-04-24T19:47:29","date_gmt":"2024-04-24T19:47:29","guid":{"rendered":"https:\/\/civicgreen.erasmus.site\/?page_id=441"},"modified":"2024-06-12T15:23:28","modified_gmt":"2024-06-12T15:23:28","slug":"the-6-phases-of-applying-a-civic-monitoring-tool","status":"publish","type":"page","link":"https:\/\/civicgreen.erasmus.site\/pt\/civic-monitoring-tool\/the-6-phases-of-applying-a-civic-monitoring-tool\/","title":{"rendered":"AS SEIS FASES DE APLICA\u00c7\u00c3O DE UMA FERRAMENTA DE MONITORIZA\u00c7\u00c3O C\u00cdVICA"},"content":{"rendered":"<p><nav aria-label=\"breadcrumbs\">\n            <div class=\"breadcrumb-container theme5\">\n                <ol>\n                                    <\/ol>\n            <\/div>\n        <\/nav>    <script type=\"application\/ld+json\">\n        {\n            \"@context\": \"http:\/\/schema.org\",\n            \"@type\": \"BreadcrumbList\",\n            \"itemListElement\": [\n                            ]\n        }\n    <\/script>\n   \n    <script>\n            <\/script>\n<\/p>\n<p>As ferramentas de monitoriza\u00e7\u00e3o c\u00edvica s\u00e3o fundamentais para garantir a transpar\u00eancia, a responsabilidade e a participa\u00e7\u00e3o dos cidad\u00e3os na governa\u00e7\u00e3o. Para maximizar o seu impacte, estas ferramentas seguem um processo estruturado que engloba seis fases distintas. Cada fase desempenha um papel vital na aplica\u00e7\u00e3o das ferramentas de monitoriza\u00e7\u00e3o c\u00edvica, contribuindo para a efic\u00e1cia global do processo.<\/p>\n<p><img loading=\"lazy\" decoding=\"async\" class=\"wp-image-898 aligncenter\" src=\"https:\/\/civicgreen.erasmus.site\/wp-content\/uploads\/2024\/06\/image009-2.png\" alt=\"\" width=\"691\" height=\"539\" srcset=\"https:\/\/civicgreen.erasmus.site\/wp-content\/uploads\/2024\/06\/image009-2.png 989w, https:\/\/civicgreen.erasmus.site\/wp-content\/uploads\/2024\/06\/image009-2-300x234.png 300w, https:\/\/civicgreen.erasmus.site\/wp-content\/uploads\/2024\/06\/image009-2-768x599.png 768w\" sizes=\"(max-width: 691px) 100vw, 691px\" \/><\/p>\n<p style=\"text-align: center;\"><strong>QUADRO 3: AS FASES DE APLICA\u00c7\u00c3O DE UMA FERRAMENTA DE MONITORIZA\u00c7\u00c3O C\u00cdVICA<\/strong><\/p>\n<ol>\n<li><strong> Sele\u00e7\u00e3o do projeto:<\/strong><\/li>\n<\/ol>\n<p>A primeira fase envolve a sele\u00e7\u00e3o de projetos, em que s\u00e3o utilizadas ferramentas de monitoriza\u00e7\u00e3o c\u00edvica para identificar e escolher pol\u00edticas p\u00fablicas, projetos ou atribui\u00e7\u00f5es de recursos espec\u00edficos para avalia\u00e7\u00e3o. Esta fase come\u00e7a frequentemente com a identifica\u00e7\u00e3o de quest\u00f5es ou pol\u00edticas de interesse para a comunidade. Ao envolver os cidad\u00e3os neste processo de sele\u00e7\u00e3o, a ferramenta ajuda a dar prioridade \u00e0s \u00e1reas que precisam de ser monitorizadas, assegurando que se alinham com as preocupa\u00e7\u00f5es e aspira\u00e7\u00f5es da popula\u00e7\u00e3o local.<\/p>\n<ol start=\"2\">\n<li><strong> Envolvimento da comunidade:<\/strong><\/li>\n<\/ol>\n<p>O envolvimento da comunidade \u00e9 uma etapa fundamental da monitoriza\u00e7\u00e3o c\u00edvica. Nesta fase, a ferramenta \u00e9 utilizada para facilitar di\u00e1logos, consultas e debates com a comunidade para aumentar a sensibiliza\u00e7\u00e3o para o projeto ou a pol\u00edtica escolhida. Incentiva a participa\u00e7\u00e3o ativa, dando aos cidad\u00e3os a possibilidade de exprimirem as suas opini\u00f5es e preocupa\u00e7\u00f5es. Ao promover conversas abertas e colabora\u00e7\u00e3o, a ferramenta garante que os cidad\u00e3os est\u00e3o informados, empenhados e comprometidos com o processo de monitoriza\u00e7\u00e3o.<\/p>\n<ol start=\"3\">\n<li><strong> Investiga\u00e7\u00e3o e an\u00e1lise documental:<\/strong><\/li>\n<\/ol>\n<p>As ferramentas de monitoriza\u00e7\u00e3o c\u00edvica facilitam a recolha e an\u00e1lise de dados na fase de investiga\u00e7\u00e3o documental. Permitem a recolha de documentos, or\u00e7amentos e relat\u00f3rios relevantes, permitindo aos monitores avaliar os antecedentes do projeto e os resultados esperados. As ferramentas de an\u00e1lise ajudam a identificar potenciais problemas ou inefici\u00eancias, fornecendo uma base s\u00f3lida para as etapas de monitoriza\u00e7\u00e3o subsequentes.<\/p>\n<ol start=\"4\">\n<li><strong> Inqu\u00e9rito:<\/strong><\/li>\n<\/ol>\n<p>A fase de inqu\u00e9rito envolve a recolha de dados em tempo real atrav\u00e9s de ferramentas de monitoriza\u00e7\u00e3o c\u00edvica. Estas ferramentas utilizam frequentemente uma combina\u00e7\u00e3o de metodologias, incluindo inqu\u00e9ritos, visitas ao terreno e entrevistas, para recolher informa\u00e7\u00f5es diretamente do local do projeto e das comunidades locais. Os monitores documentam observa\u00e7\u00f5es, recolhem<em> feedback<\/em> dos benefici\u00e1rios e avaliam se o projeto est\u00e1 em conformidade com os seus objetivos. Os inqu\u00e9ritos no terreno garantem que a monitoriza\u00e7\u00e3o se baseia em provas concretas e na realidade do terreno.<\/p>\n<ol start=\"5\">\n<li><strong> Relat\u00f3rio de avalia\u00e7\u00e3o:<\/strong><\/li>\n<\/ol>\n<p>Nesta fase, s\u00e3o utilizadas ferramentas de monitoriza\u00e7\u00e3o c\u00edvica para compilar os dados e os conhecimentos recolhidos nas fases anteriores num relat\u00f3rio de avalia\u00e7\u00e3o abrangente. Este relat\u00f3rio descreve as conclus\u00f5es, destaca os sucessos, identifica os desafios e oferece recomenda\u00e7\u00f5es baseadas em fatos para melhorar o projeto ou a pol\u00edtica. O relat\u00f3rio serve como um documento cr\u00edtico para as autoridades governamentais e para o p\u00fablico, promovendo a transpar\u00eancia e a responsabiliza\u00e7\u00e3o.<\/p>\n<ol start=\"6\">\n<li><strong> Sensibiliza\u00e7\u00e3o do p\u00fablico:<\/strong><\/li>\n<\/ol>\n<p>A sensibiliza\u00e7\u00e3o do p\u00fablico \u00e9 a fase final, em que a ferramenta de monitoriza\u00e7\u00e3o c\u00edvica desempenha um papel fundamental na divulga\u00e7\u00e3o do relat\u00f3rio de avalia\u00e7\u00e3o e das suas conclus\u00f5es. Envolve os cidad\u00e3os na discuss\u00e3o dos resultados, na defesa de altera\u00e7\u00f5es pol\u00edticas e na sensibiliza\u00e7\u00e3o para os resultados do projeto. As ferramentas de monitoriza\u00e7\u00e3o c\u00edvica ajudam na cria\u00e7\u00e3o de campanhas, na realiza\u00e7\u00e3o de <em>workshops<\/em> e na utiliza\u00e7\u00e3o de v\u00e1rios canais de comunica\u00e7\u00e3o para garantir que as conclus\u00f5es s\u00e3o amplamente partilhadas e compreendidas, promovendo uma cultura de transpar\u00eancia e responsabilidade.<\/p>\n<p>Em resumo, as seis fases de aplica\u00e7\u00e3o de uma ferramenta de monitoriza\u00e7\u00e3o c\u00edvica &#8211; sele\u00e7\u00e3o de projetos, envolvimento da comunidade, investiga\u00e7\u00e3o e an\u00e1lise documental, fase de inqu\u00e9rito, relat\u00f3rio de avalia\u00e7\u00e3o e sensibiliza\u00e7\u00e3o do p\u00fablico &#8211; constituem um processo abrangente que permite aos cidad\u00e3os participar ativamente na avalia\u00e7\u00e3o das pol\u00edticas p\u00fablicas e na atribui\u00e7\u00e3o de recursos. Estas ferramentas s\u00e3o fundamentais para promover a transpar\u00eancia, a responsabiliza\u00e7\u00e3o e a tomada de decis\u00f5es informadas, garantindo que a governa\u00e7\u00e3o responde melhor \u00e0s necessidades e preocupa\u00e7\u00f5es da comunidade.<\/p>","protected":false},"excerpt":{"rendered":"<p>As ferramentas de monitoriza\u00e7\u00e3o c\u00edvica s\u00e3o fundamentais para garantir a transpar\u00eancia, a responsabilidade e a participa\u00e7\u00e3o dos cidad\u00e3os na governa\u00e7\u00e3o. Para maximizar o seu impacte, estas ferramentas seguem um processo estruturado que engloba seis fases distintas. Cada fase desempenha um papel vital na aplica\u00e7\u00e3o das ferramentas de monitoriza\u00e7\u00e3o c\u00edvica, contribuindo para a efic\u00e1cia global do&hellip;&nbsp;<a href=\"https:\/\/civicgreen.erasmus.site\/pt\/civic-monitoring-tool\/the-6-phases-of-applying-a-civic-monitoring-tool\/\" rel=\"bookmark\">Ler mais &raquo;<span class=\"screen-reader-text\">AS SEIS FASES DE APLICA\u00c7\u00c3O DE UMA FERRAMENTA DE MONITORIZA\u00c7\u00c3O C\u00cdVICA<\/span><\/a><\/p>\n","protected":false},"author":1,"featured_media":0,"parent":103,"menu_order":0,"comment_status":"closed","ping_status":"closed","template":"","meta":{"neve_meta_sidebar":"","neve_meta_container":"","neve_meta_enable_content_width":"off","neve_meta_content_width":100,"neve_meta_title_alignment":"","neve_meta_author_avatar":"","neve_post_elements_order":"","neve_meta_disable_header":"","neve_meta_disable_footer":"","neve_meta_disable_title":"on","footnotes":""},"class_list":["post-441","page","type-page","status-publish","hentry"],"_links":{"self":[{"href":"https:\/\/civicgreen.erasmus.site\/pt\/wp-json\/wp\/v2\/pages\/441","targetHints":{"allow":["GET"]}}],"collection":[{"href":"https:\/\/civicgreen.erasmus.site\/pt\/wp-json\/wp\/v2\/pages"}],"about":[{"href":"https:\/\/civicgreen.erasmus.site\/pt\/wp-json\/wp\/v2\/types\/page"}],"author":[{"embeddable":true,"href":"https:\/\/civicgreen.erasmus.site\/pt\/wp-json\/wp\/v2\/users\/1"}],"replies":[{"embeddable":true,"href":"https:\/\/civicgreen.erasmus.site\/pt\/wp-json\/wp\/v2\/comments?post=441"}],"version-history":[{"count":8,"href":"https:\/\/civicgreen.erasmus.site\/pt\/wp-json\/wp\/v2\/pages\/441\/revisions"}],"predecessor-version":[{"id":913,"href":"https:\/\/civicgreen.erasmus.site\/pt\/wp-json\/wp\/v2\/pages\/441\/revisions\/913"}],"up":[{"embeddable":true,"href":"https:\/\/civicgreen.erasmus.site\/pt\/wp-json\/wp\/v2\/pages\/103"}],"wp:attachment":[{"href":"https:\/\/civicgreen.erasmus.site\/pt\/wp-json\/wp\/v2\/media?parent=441"}],"curies":[{"name":"wp","href":"https:\/\/api.w.org\/{rel}","templated":true}]}}