{"id":669,"date":"2024-04-26T13:29:19","date_gmt":"2024-04-26T13:29:19","guid":{"rendered":"https:\/\/civicgreen.erasmus.site\/?page_id=669"},"modified":"2024-10-23T08:32:12","modified_gmt":"2024-10-23T08:32:12","slug":"community-of-practice","status":"publish","type":"page","link":"https:\/\/civicgreen.erasmus.site\/pt\/platform\/1-civic-action-and-commitment\/community-of-practice\/","title":{"rendered":"comunidade de pr\u00e1tica"},"content":{"rendered":"<p><nav aria-label=\"breadcrumbs\">\n            <div class=\"breadcrumb-container theme5\">\n                <ol>\n                                    <\/ol>\n            <\/div>\n        <\/nav>    <script type=\"application\/ld+json\">\n        {\n            \"@context\": \"http:\/\/schema.org\",\n            \"@type\": \"BreadcrumbList\",\n            \"itemListElement\": [\n                            ]\n        }\n    <\/script>\n   \n    <script>\n            <\/script>\n<\/p>\n<h2>Examples of Good Practices<\/h2>\n<table width=\"626\">\n<tbody>\n<tr>\n<td width=\"313\">Boa Pr\u00e1tica 1<\/td>\n<td width=\"313\">MARCHA PELO CLIMA NA B\u00c9LGICA<\/td>\n<\/tr>\n<tr>\n<td width=\"313\">Breve descri\u00e7\u00e3o da boa pr\u00e1tica<\/td>\n<td width=\"313\"><strong>Dura\u00e7\u00e3o:<\/strong> A \u00faltima marcha pelo clima na B\u00e9lgica ocorreu a 3 de dezembro de 2023 em Bruxelas e contou com a participa\u00e7\u00e3o de milhares de manifestantes.<\/p>\n<p>&nbsp;<\/p>\n<p><strong>Objetivo:<\/strong> A marcha pelo clima \u00e9 um evento que se realiza regularmente na B\u00e9lgica para exigir medidas concretas, tendo em vista a prote\u00e7\u00e3o do ambiente e o combate \u00e0s altera\u00e7\u00f5es clim\u00e1ticas. \u00c9 uma forma de os cidad\u00e3os fazerem ouvir a sua voz\u00a0 e exigirem a\u00e7\u00f5es concretas para lutar contra as altera\u00e7\u00f5es clim\u00e1ticas.<\/p>\n<p>&nbsp;<\/p>\n<p><strong>Implementa\u00e7\u00e3o:<\/strong> A marcha pelo clima \u00e9 frequentemente acompanhada por atividades como discursos, performances art\u00edsticas e<em> stands <\/em>de informa\u00e7\u00e3o sobre altera\u00e7\u00f5es clim\u00e1ticas.<\/p>\n<p>&nbsp;<\/td>\n<\/tr>\n<tr>\n<td width=\"313\">P\u00fablico-alvo da boa pr\u00e1tica<\/td>\n<td width=\"313\">O p\u00fablico-alvo da marcha pelo clima na B\u00e9lgica \u00e9 diverso e inclui diferentes segmentos da popula\u00e7\u00e3o\u00a0 empenhados na sensibiliza\u00e7\u00e3o e mobiliza\u00e7\u00e3o para a a\u00e7\u00e3o clim\u00e1tica. Alguns grupos envolvidos s\u00e3o: jovens ativistas, organiza\u00e7\u00f5es da sociedade civil, cidad\u00e3os comprometidos com a causa, sindicatos e grupos de trabalhadores, setor da educa\u00e7\u00e3o e parceiros pol\u00edticos e comunit\u00e1rios.<\/td>\n<\/tr>\n<tr>\n<td width=\"313\">Parceiros\/atores da boa pr\u00e1tica<\/td>\n<td width=\"313\">Amnistia Internacional, Extinction Rebellion, Oxfam B\u00e9lgica, Rise for Climate, WWF B\u00e9lgica e UNICEF B\u00e9lgica.<\/p>\n<p>A marcha pelo clima na B\u00e9lgica \u00e9 um movimento popular que visa exigir medidas concretas a favor\u00a0 da prote\u00e7\u00e3o do ambiente e da luta contra as altera\u00e7\u00f5es clim\u00e1ticas. Estes parceiros desempenham um papel importante na mobiliza\u00e7\u00e3o e sensibiliza\u00e7\u00e3o da popula\u00e7\u00e3o. Ajudam a sensibilizar e a tomar medidas contra as altera\u00e7\u00f5es clim\u00e1ticas.<\/td>\n<\/tr>\n<tr>\n<td width=\"313\">Fatores de sucesso e dificuldades\/barreiras da boa pr\u00e1tica<\/td>\n<td width=\"313\"><strong>Fatores de sucesso<\/strong><\/p>\n<p>Fatores chave que podem contribuir para o sucesso da marcha pelo clima: mobiliza\u00e7\u00e3o dos cidad\u00e3os, apoio de organiza\u00e7\u00f5es ambientais, envolvimento de jovens e estudantes, estrat\u00e9gia de comunica\u00e7\u00e3o eficaz, apoio de figuras p\u00fablicas. Ao reunir estes fatores de sucesso, a marcha pelo clima tem o potencial de sensibilizar a opini\u00e3o p\u00fablica, influenciar os decisores e ajudar a promover a\u00e7\u00f5es concretas na luta contra as altera\u00e7\u00f5es clim\u00e1ticas.<\/p>\n<p><strong>Dificuldades \/ Barreiras<\/strong><\/p>\n<p>Alguns dos principais desafios que a marcha pelo clima pode enfrentar: condi\u00e7\u00f5es climat\u00e9ricas, conflitos de agenda, oposi\u00e7\u00e3o pol\u00edtica ou social, recursos financeiros limitados, seguran\u00e7a e ordem p\u00fablica, comunica\u00e7\u00e3o ineficaz, cansa\u00e7o do protesto. Ao ultrapassar estes desafios e desenvolver estrat\u00e9gias para mitigar estas barreiras, a marcha pelo clima\u00a0 pode refor\u00e7ar o seu impacte e mobilizar um amplo apoio para a a\u00e7\u00e3o clim\u00e1tica.<\/td>\n<\/tr>\n<tr>\n<td width=\"313\">Como articular esta boa pr\u00e1tica com o projeto CIVIC GREEN, no seu \u00e2mbito e nas suas atividades?<\/td>\n<td width=\"313\">A boa pr\u00e1tica da marcha pelo clima tem um potencial significativo para a transferibilidade e sustentabilidade que pode ser aplicado ao CivicGreen e ter um impacte a longo prazo. Transferibilidade internacional, aplicabilidade local e regional, sensibiliza\u00e7\u00e3o cont\u00ednua, refor\u00e7o da press\u00e3o pol\u00edtica nacional e internacional, e colabora\u00e7\u00e3o multiatores.<\/p>\n<p>A mobiliza\u00e7\u00e3o bem-sucedida da marcha pelo clima na B\u00e9lgica pode encorajar a colabora\u00e7\u00e3o entre v\u00e1rios atores, incluindo organiza\u00e7\u00f5es da sociedade civil, institui\u00e7\u00f5es educativas, empresas e autoridades locais, para iniciativas clim\u00e1ticas conjuntas. A organiza\u00e7\u00e3o de marchas pelo clima regulares pode ajudar\u00a0 a manter uma sensibiliza\u00e7\u00e3o\u00a0 para as quest\u00f5es clim\u00e1ticas, criando uma cultura de participa\u00e7\u00e3o e de defesa de pol\u00edticas clim\u00e1ticas mais ambiciosas.<\/td>\n<\/tr>\n<tr>\n<td width=\"313\"><em>Links <\/em>relacionados<\/td>\n<td width=\"313\"><strong>Website: <\/strong><\/p>\n<p><a href=\"https:\/\/marcheclimat.be\/\">marcheclimat.be\/<\/a><\/p>\n<p><strong>Outros recursos relacionados:<\/strong><\/p>\n<p><a href=\"http:\/\/www.unicef.be\/fr\/event\/marche-pour-le-climat\">www.unicef.be\/fr\/event\/marche-pour-le-climat<\/a> (dispon\u00edvel em franc\u00eas)<\/p>\n<p>&nbsp;<\/p>\n<p><a href=\"https:\/\/klimaatcoalitie.be\/fr\/accueil\/\">klimaatcoalitie.be\/fr\/accueil\/<\/a> (dispon\u00edvel em franc\u00eas)<\/td>\n<\/tr>\n<\/tbody>\n<\/table>\n<p>&nbsp;<\/p>\n<p>&nbsp;<\/p>\n<h2>Tools<\/h2>\n<table width=\"627\">\n<tbody>\n<tr>\n<td width=\"313\">Ferramenta 1<\/td>\n<td width=\"313\">Orienta\u00e7\u00f5es sobre o desenvolvimento local de base comunit\u00e1ria para atores locais<\/td>\n<\/tr>\n<tr>\n<td width=\"313\">Breve descri\u00e7\u00e3o da ferramenta<\/td>\n<td width=\"313\"><strong>Data:\u00a0 <\/strong>agosto 2014<\/p>\n<p><strong>Objetivo: <\/strong>Promover o desenvolvimento local de base comunit\u00e1ria (DLBC) e refor\u00e7ar a participa\u00e7\u00e3o c\u00edvica a n\u00edvel local.<\/p>\n<p><strong>Breve descri\u00e7\u00e3o: <\/strong>Este projeto visa capacitar comunidades atrav\u00e9s da implementa\u00e7\u00e3o de iniciativas de desenvolvimento local lideradas pela comunidade. Procura identificar e abordar eficazmente os desafios locais, ao promover a participa\u00e7\u00e3o ativa dos atores locais, incluindo cidad\u00e3os, organiza\u00e7\u00f5es comunit\u00e1rias e institui\u00e7\u00f5es p\u00fablicas. Visa facilitar abordagens <em>bottom-up<\/em>, priorizar as necessidades da comunidade e implementar projetos de desenvolvimento sustent\u00e1vel que beneficiem a popula\u00e7\u00e3o local, atrav\u00e9s do apoio dos programas de financiamento da Uni\u00e3o Europeia, como os Fundos Europeus Estruturais (FEEI). Ao promover o DLBC, esfor\u00e7a-se por refor\u00e7ar as capacidades locais, incentivar a coes\u00e3o social e contribuir para o bem-estar e a prosperidade global da regi\u00e3o.<\/td>\n<\/tr>\n<tr>\n<td width=\"313\">P\u00fablico-alvo da ferramenta<\/td>\n<td width=\"313\">Atores locais: inclui indiv\u00edduos e organiza\u00e7\u00f5es ativamente envolvidas no desenvolvimento rural local. Pode abranger l\u00edderes comunit\u00e1rios locais, representantes de organiza\u00e7\u00f5es de base comunit\u00e1ria, organiza\u00e7\u00f5es n\u00e3o governamentais, empresas locais, agricultores e outros <em>stakeholders<\/em>.<\/p>\n<p>Autoridades locais: organismos da administra\u00e7\u00e3o local, como os munic\u00edpios e as administra\u00e7\u00f5es regionais. As orienta\u00e7\u00f5es visam apoi\u00e1-los no envolvimento com os atores locais e na implementa\u00e7\u00e3o de abordagens de base comunit\u00e1ria nas suas estrat\u00e9gias de desenvolvimento rural.<\/p>\n<p>Comunidades rurais: as orienta\u00e7\u00f5es visam beneficiar as comunidades rurais no seu conjunto, assegurando a sua participa\u00e7\u00e3o ativa e a sua capacita\u00e7\u00e3o na defini\u00e7\u00e3o dos seus pr\u00f3prios processos de desenvolvimento.<\/p>\n<p>Decisores pol\u00edticos nacionais e internacionais: as orienta\u00e7\u00f5es podem fornecer informa\u00e7\u00f5es sobre pr\u00e1ticas eficazes de desenvolvimento liderado pela comunidade para informar as suas decis\u00f5es pol\u00edticas.<\/p>\n<p>Institui\u00e7\u00f5es e redes da Uni\u00e3o Europeia: as autoridades e redes de desenvolvimento rural da Uni\u00e3o Europeia podem estar interessadas nas orienta\u00e7\u00f5es para alinhar os seus esfor\u00e7os com as abordagens de base comunit\u00e1ria e promover o desenvolvimento rural sustent\u00e1vel em toda a Europa.<\/td>\n<\/tr>\n<tr>\n<td width=\"313\">Esta ferramenta foi desenvolvida por<\/td>\n<td width=\"313\">Rede europeia de desenvolvimento rural; Orienta\u00e7\u00f5es dos Fundos Europeus Estruturais e de Investimento para os Estados-Membros e orienta\u00e7\u00f5es das autoridades respons\u00e1veis pelo programa para os benefici\u00e1rios.<\/td>\n<\/tr>\n<tr>\n<td width=\"313\">Como pode esta ferramenta ser relacionada com o Projeto CIVIC GREEN no seu \u00e2mbito e nas suas atividades?<\/td>\n<td width=\"313\">As orienta\u00e7\u00f5es promovem o envolvimento ativo dos cidad\u00e3os ao enfatizar a import\u00e2ncia da participa\u00e7\u00e3o e apropria\u00e7\u00e3o da comunidade nos processos de desenvolvimento. Fornece ferramentas para a tomada de decis\u00e3o inclusiva, mobiliza\u00e7\u00e3o de recursos e incentivo de parcerias com os governos locais e outros intervenientes. O conjunto de ferramentas incita as comunidades a identificarem as suas necessidades, estabelecerem prioridades e a agirem para as resolver.<\/p>\n<p>A transferibilidade e potencial de sustentabilidade das orienta\u00e7\u00f5es residem na sua abordagem adapt\u00e1vel que pode ser aplicada em v\u00e1rias comunidades e contextos. Fornece \u00e0s comunidades o conhecimento e as ferramentas para continuarem a impulsionar o seu pr\u00f3prio desenvolvimento mesmo ap\u00f3s a implementa\u00e7\u00e3o de projetos espec\u00edficos. O conjunto de ferramentas promove a capacita\u00e7\u00e3o, colabora\u00e7\u00e3o e transfer\u00eancia de conhecimento e melhores pr\u00e1ticas entre as comunidades.<\/td>\n<\/tr>\n<tr>\n<td width=\"313\"><em>Links <\/em>relacionados<\/td>\n<td width=\"313\"><strong>Website:<\/strong><\/p>\n<p><a href=\"https:\/\/ec.europa.eu\/enrd\/sites\/default\/files\/guidance_clld_local_actors_pt.pdf\"><strong>ec.europa.eu\/enrd\/sites\/default\/files\/guidance_clld_local_actors_pt.pdf<\/strong><\/a><\/p>\n<p><strong>Outros recursos relacionados:<\/strong><\/p>\n<p><a href=\"http:\/\/www.ardsandnorthdown.gov.uk\/downloads\/Community_Development_Toolkit_online.pdf\"><strong>www.ardsandnorthdown.gov.uk\/downloads\/Community_Development_Toolkit_online.pdf<\/strong><\/a> (dispon\u00edvel em ingl\u00eas)<\/p>\n<p><a href=\"http:\/\/www.worldbank.org\/en\/topic\/communitydrivendevelopment\"><strong>www.worldbank.org\/en\/topic\/communitydrivendevelopment<\/strong><\/a> (dispon\u00edvel em ingl\u00eas)<\/p>\n<p>&nbsp;<\/td>\n<\/tr>\n<\/tbody>\n<\/table>\n<p>&nbsp;<\/p>\n<table width=\"627\">\n<tbody>\n<tr>\n<td width=\"313\">Ferramenta 2<\/td>\n<td width=\"313\">Manual de estrat\u00e9gias de desenvolvimento urbano sustent\u00e1vel<\/td>\n<\/tr>\n<tr>\n<td width=\"313\">Breve descri\u00e7\u00e3o da ferramenta<\/td>\n<td width=\"313\"><strong>Data: <\/strong>janeiro de 2020.<\/p>\n<p><strong>Objetivo: <\/strong>O documento visa fornecer orienta\u00e7\u00f5es aos governos locais sobre como envolver efetivamente os cidad\u00e3os no processo de planeamento urbano, promovendo a transpar\u00eancia, a inclus\u00e3o e a colabora\u00e7\u00e3o.<\/p>\n<p><strong>Breve descri\u00e7\u00e3o:<\/strong> Este documento, publicado pela Comiss\u00e3o Europeia, fornece apoio metodol\u00f3gico para a conce\u00e7\u00e3o, monitoriza\u00e7\u00e3o e implementa\u00e7\u00e3o de estrat\u00e9gias de desenvolvimento urbano no \u00e2mbito da pol\u00edtica de coes\u00e3o. Est\u00e1 estruturado em torno de seis blocos\u00a0 da abordagem integrada da UE para o desenvolvimento urbano: dimens\u00e3o estrat\u00e9gica, enfoque territorial, governan\u00e7a, integra\u00e7\u00e3o intersetorial, financiamento e monitoriza\u00e7\u00e3o. Cada cap\u00edtulo dedica-se a um bloco e centra-se nas quest\u00f5es mais cr\u00edticas e recorrentes da causa. Para cada quest\u00e3o s\u00e3o identificados os principais desafios e abordados atrav\u00e9s de exemplos, dados, riscos potenciais e liga\u00e7\u00f5es a outros recursos, bem como uma s\u00e9rie de recomenda\u00e7\u00f5es.<\/td>\n<\/tr>\n<tr>\n<td width=\"313\">P\u00fablico-alvo da ferramenta<\/td>\n<td width=\"313\">O manual tem como principais destinat\u00e1rios:<\/p>\n<p>\u2022\u00a0 autoridades locais (cidades, organismos interm\u00e9dios);<\/p>\n<p>\u2022\u00a0 autoridades de gest\u00e3o (regi\u00f5es, governos nacionais);<\/p>\n<p>\u2022\u00a0 profissionais e outras partes interessadas relevantes.<\/p>\n<p>\u00c9 especialmente \u00fatil para as autoridades p\u00fablicas menos familiarizadas com o funcionamento dos fundos da UE.<\/td>\n<\/tr>\n<tr>\n<td width=\"313\">Esta ferramenta foi desenvolvida por<\/td>\n<td width=\"313\">O Centro comum de investiga\u00e7\u00e3o (JRC) em colabora\u00e7\u00e3o com a DG REGIO. Refere-se ao desenvolvimento urbano sustent\u00e1vel (SUD) apoiado pelo Fundo Europeu de Desenvolvimento regional durante o per\u00edodo de programa\u00e7\u00e3o (2014-2020) e o atual (2021-2027).<\/td>\n<\/tr>\n<tr>\n<td width=\"313\">Como pode esta ferramenta ser relacionada com o Projeto CIVIC GREEN no seu \u00e2mbito e nas suas atividades?<\/td>\n<td width=\"313\">O documento fornece um enquadramento para o envolvimento ativo dos cidad\u00e3os, promovendo a participa\u00e7\u00e3o inclusiva, incentivando o di\u00e1logo entre os cidad\u00e3os e o governo e valorizando o conhecimento local. Enfatiza o papel dos cidad\u00e3os como cocriadores do seu ambiente urbano, fomentando um sentido de propriedade e capacita\u00e7\u00e3o.<\/p>\n<p>O potencial de transferibilidade e sustentabilidade do documento reside nas suas diretrizes adapt\u00e1veis, que podem ser customizadas para se adequarem a diferentes contextos. Promove o envolvimento a longo prazo ao enfatizar a comunica\u00e7\u00e3o cont\u00ednua, a avalia\u00e7\u00e3o e os ciclos de <em>feedback<\/em>. Os seus princ\u00edpios podem ser aplicados por governos locais em v\u00e1rias regi\u00f5es para melhorar o envolvimento dos cidad\u00e3os no planeamento urbano.<\/td>\n<\/tr>\n<tr>\n<td width=\"313\"><em>Links <\/em>relacionados<\/td>\n<td width=\"313\"><strong>Website:<\/strong><\/p>\n<p><a href=\"https:\/\/urban.jrc.ec.europa.eu\/urbanstrategies\/\"><strong>urban.jrc.ec.europa.eu\/urbanstrategies\/<\/strong><\/a> (dispon\u00edvel em ingl\u00eas)<\/p>\n<p><strong>Outros recursos relacionados:<\/strong><\/p>\n<p><a href=\"https:\/\/www.researchgate.net\/publication\/357483327_Tools_for_Citizen_Engagement_in_Urban_Planning\"><strong>www.researchgate.net\/publication\/357483327_Tools_for_Citizen_Engagement_in_Urban_Planning<\/strong><\/a><\/p>\n<p><a href=\"https:\/\/link.springer.com\/chapter\/10.1007\/978-3-030-85566-6_7\"><strong>link.springer.com\/chapter\/10.1007\/978-3-030-85566-6_7<\/strong><\/a><strong><u>\u00a0 <\/u><\/strong>(dispon\u00edvel em ingl\u00eas)<\/p>\n<p><a href=\"https:\/\/web-archive.oecd.org\/2022-03-04\/626047-ceutp-citizen-participation-guidelines-for-transport-infrastructure-projects.pdf\"><strong>web-archive.oecd.org\/2022-03-04\/626047-ceutp-citizen-participation-guidelines-for-transport-infrastructure-projects.pdf<\/strong><\/a> (dispon\u00edvel em ingl\u00eas)<\/td>\n<\/tr>\n<\/tbody>\n<\/table>\n<p>&nbsp;<\/p>\n<h2>Resources<\/h2>\n<table>\n<tbody>\n<tr>\n<td width=\"313\">Recurso 1<\/td>\n<td width=\"313\">Ekolojika<\/td>\n<\/tr>\n<tr>\n<td width=\"313\">Breve descri\u00e7\u00e3o do recurso<\/td>\n<td width=\"313\"><strong>Data: Desde 2013.<\/strong>(https:\/\/www.ekolojika.com\/ copied on 10.07.2023)<\/p>\n<p><strong>Objetivo: <\/strong>O objetivo da\u00a0 Ekolojika \u00e9 explicar solu\u00e7\u00f5es sustent\u00e1veis para os problemas ambientais do mundo e apresentar abordagens ambientalistas a um p\u00fablico mais vasto.<\/p>\n<p><strong>Breve descri\u00e7\u00e3o:<\/strong> A Ekolojika \u00e9 uma organiza\u00e7\u00e3o online que foi fundada em 2013 na Universidade T\u00e9cnica de Istambul (UTI). A equipa da Ekolojika \u00e9 constitu\u00edda por jovens universit\u00e1rios e engenheiros ambientais da UTI e prossegue as suas atividades em coopera\u00e7\u00e3o com o clube de engenharia ambiental da mesma universidade. Existem atualmente 132 artigos sobre 22 t\u00f3picos diferentes no website Ekolojika, escritos por 43 autores diferentes, jovens universit\u00e1rios e acad\u00e9micos do departamento de engenharia ambiental da UTI. Inclui artigos sobre ambiente, sustentabilidade, economia ambiental, arte, gest\u00e3o de res\u00edduos e \u00e9tica ambiental. Al\u00e9m disso, o website cont\u00e9m um gloss\u00e1rio de termos ambientais e informa\u00e7\u00f5es pormenorizadas sobre outros projetos.<\/td>\n<\/tr>\n<tr>\n<td width=\"313\">P\u00fablico-alvo do recurso<\/td>\n<td width=\"313\">A Ekolojika inclui uma s\u00e9rie de recursos para indiv\u00edduos universit\u00e1rios, acad\u00e9micos, professores e todos os que desejam saber mais em termos de ambiente, sustentabilidade, gest\u00e3o da \u00e1gua, etc. A ideia desta organiza\u00e7\u00e3o online surge da necessidade de informar o p\u00fablico em geral sobre os diferentes aspetos dos desafios ambientais e de aumentar a sua consciencializa\u00e7\u00e3o.<\/td>\n<\/tr>\n<tr>\n<td width=\"313\">O recurso \u00e9 publicado\/transmitido por &#8230;<\/td>\n<td width=\"313\">O recurso est\u00e1 dispon\u00edvel online. A Ekolojika foi fundada em 2013 por universit\u00e1rios na \u00e1rea engenharia ambiental da Universidade T\u00e9cnica de Istambul (UTI) e engenheiros ambientais. As atividades foram realizadas em colabora\u00e7\u00e3o com o clube de engenharia ambiental da UTI. Os artigos s\u00e3o da autoria de jovens universit\u00e1rios e acad\u00e9micos da referida universidade.<\/td>\n<\/tr>\n<tr>\n<td width=\"313\">Como pode este recurso ser relacionado com o Projeto CIVIC GREEN no seu \u00e2mbito e nas suas atividades?<\/td>\n<td width=\"313\">A Ekolojika \u00e9 uma organiza\u00e7\u00e3o que apoia universidades e todo o seu ecossistema e tamb\u00e9m escolas de forma\u00e7\u00e3o, fornecendo artigos e materiais de sensibiliza\u00e7\u00e3o, bem como projetos e forma\u00e7\u00f5es. O mais importante \u00e9 que proporciona uma plataforma para os universit\u00e1rios partilharem os seus conhecimentos sobre o ambiente. Ajuda os mesmos a sentirem-se mais empenhados e comprometidos com a comunidade, ao assumirem a responsabilidade de chegar ao p\u00fablico mais vasto, trabalhando voluntariamente.<\/td>\n<\/tr>\n<tr>\n<td width=\"313\"><em>Links<\/em> relacionados<\/td>\n<td width=\"313\"><strong>Website:<\/strong><\/p>\n<p><a href=\"http:\/\/www.ekolojika.com\/\">www.ekolojika.com\/<\/a><\/p>\n<p><strong>Outros recursos relacionados:<\/strong><\/p>\n<p><a href=\"http:\/\/www.facebook.com\/ekolojika\">www.facebook.com\/ekolojika<\/a><\/p>\n<p><a href=\"https:\/\/www.instagram.com\/ekolojik.a\/\">www.instagram.com\/ekolojik.a\/<\/a><\/p>\n<p><a href=\"https:\/\/www.linkedin.com\/company\/ekolojika\/\">www.linkedin.com\/company\/ekolojika\/<\/a><\/td>\n<\/tr>\n<\/tbody>\n<\/table>\n<p>&nbsp;<\/p>\n<table width=\"627\">\n<tbody>\n<tr>\n<td width=\"313\">Recurso 2<\/td>\n<td width=\"313\">S\u00e9rie de v\u00eddeos <em>Eu tenho algo a dizer sobre o futuro verde!<\/em><\/td>\n<\/tr>\n<tr>\n<td width=\"313\">Breve descri\u00e7\u00e3o do recurso<\/td>\n<td width=\"313\"><strong>Objetivo: <\/strong>Esta s\u00e9rie de v\u00eddeos foi criada para motivar os jovens, apresentando no\u00e7\u00f5es b\u00e1sicas de sustentabilidade e inova\u00e7\u00e3o. O seu objetivo \u00e9 motivar e sensibilizar para a produ\u00e7\u00e3o ecol\u00f3gica e a prote\u00e7\u00e3o do ambiente.<\/p>\n<p><strong>Breve descri\u00e7\u00e3o:<\/strong> A s\u00e9rie foi criada pela <em>Yerli Ye\u015fil Yeni Fark\u0131ndal\u0131k Platformu \u2013 <\/em>Plataforma de sensibiliza\u00e7\u00e3o dom\u00e9stica, ecol\u00f3gica e inovadora. Consiste em oito v\u00eddeos e oito entrevistas com formandos de escolas profissionais. Os jovens explicam as suas ideias e iniciativas sobre v\u00e1rios temas ligados ao ambiente, como res\u00edduos zero, reciclagem, sustentabilidade, altera\u00e7\u00f5es clim\u00e1ticas e cat\u00e1strofes, etc<strong>.<\/strong><\/p>\n<p><strong>Data:<\/strong> 2020<\/td>\n<\/tr>\n<tr>\n<td width=\"313\">P\u00fablico-alvo do recurso<\/td>\n<td width=\"313\">O p\u00fablico-alvo desta s\u00e9rie s\u00e3o os jovens, especialmente aqueles que estudam em escolas profissionais, uma vez que participam em diferentes fases da cadeia de produ\u00e7\u00e3o.<\/td>\n<\/tr>\n<tr>\n<td width=\"313\">O recurso \u00e9 publicado\/transmitido por &#8230;<\/td>\n<td width=\"313\">Esta s\u00e9rie \u00e9 criada no Youtube pela Yerli Ye\u015fil Yeni Fark\u0131ndal\u0131k Platformu \u2013 Plataforma de sensibiliza\u00e7\u00e3o dom\u00e9stica, ecol\u00f3gica e inovadora, fundada por um grupo de jovens apaixonados por produ\u00e7\u00e3o, nomeadamente ligada \u00e0s pr\u00e1ticas ecol\u00f3gicas e inovadoras. Tem sido apoiada por algumas institui\u00e7\u00f5es p\u00fablicas e privadas prestigiadas e universidades.<\/td>\n<\/tr>\n<tr>\n<td width=\"313\">Como pode este recurso ser relacionado com o Projeto CIVIC GREEN no seu \u00e2mbito e nas suas atividades?<\/td>\n<td width=\"313\">Esta funda\u00e7\u00e3o foi criada para apoiar jovens e empreendedores em metodologias inovadoras e sustent\u00e1veis. D\u00e1 forma\u00e7\u00f5es, produz conte\u00fados para v\u00eddeo e implementa alguns projetos locais e nacionais. Estas atividades s\u00e3o realizadas para contribuir para a sensibiliza\u00e7\u00e3o e o conhecimento dos jovens para que possam integrar estas pr\u00e1ticas ecol\u00f3gicas e inovadoras nas suas atividades futuras.<\/td>\n<\/tr>\n<tr>\n<td width=\"313\"><em>Links<\/em> relacionados<\/td>\n<td width=\"313\"><strong>Website:<\/strong><\/p>\n<p><a href=\"https:\/\/www.youtube.com\/playlist?list=PLe89ucVFBrlbQa37T2rX1ruhoPeCok2Iu\">www.youtube.com\/playlist?list=PLe89ucVFBrlbQa37T2rX1ruhoPeCok2Iu \u00a0<\/a><\/p>\n<p><strong>\u00a0<\/strong><\/p>\n<p><strong>Outros recursos relacionados:<\/strong><\/p>\n<p><a href=\"http:\/\/yerliyesilyeni.org\/\">yerliyesilyeni.org\/<\/a><\/td>\n<\/tr>\n<\/tbody>\n<\/table>\n<p>&nbsp;<\/p>\n<p>&nbsp;<\/p>","protected":false},"excerpt":{"rendered":"<p>Examples of Good Practices Boa Pr\u00e1tica 1 MARCHA PELO CLIMA NA B\u00c9LGICA Breve descri\u00e7\u00e3o da boa pr\u00e1tica Dura\u00e7\u00e3o: A \u00faltima marcha pelo clima na B\u00e9lgica ocorreu a 3 de dezembro de 2023 em Bruxelas e contou com a participa\u00e7\u00e3o de milhares de manifestantes. &nbsp; Objetivo: A marcha pelo clima \u00e9 um evento que se realiza&hellip;&nbsp;<a href=\"https:\/\/civicgreen.erasmus.site\/pt\/platform\/1-civic-action-and-commitment\/community-of-practice\/\" rel=\"bookmark\">Ler mais &raquo;<span class=\"screen-reader-text\">comunidade de pr\u00e1tica<\/span><\/a><\/p>\n","protected":false},"author":1,"featured_media":0,"parent":501,"menu_order":1,"comment_status":"closed","ping_status":"closed","template":"","meta":{"neve_meta_sidebar":"","neve_meta_container":"contained","neve_meta_enable_content_width":"off","neve_meta_content_width":100,"neve_meta_title_alignment":"","neve_meta_author_avatar":"","neve_post_elements_order":"","neve_meta_disable_header":"","neve_meta_disable_footer":"","neve_meta_disable_title":"on","footnotes":""},"class_list":["post-669","page","type-page","status-publish","hentry"],"_links":{"self":[{"href":"https:\/\/civicgreen.erasmus.site\/pt\/wp-json\/wp\/v2\/pages\/669","targetHints":{"allow":["GET"]}}],"collection":[{"href":"https:\/\/civicgreen.erasmus.site\/pt\/wp-json\/wp\/v2\/pages"}],"about":[{"href":"https:\/\/civicgreen.erasmus.site\/pt\/wp-json\/wp\/v2\/types\/page"}],"author":[{"embeddable":true,"href":"https:\/\/civicgreen.erasmus.site\/pt\/wp-json\/wp\/v2\/users\/1"}],"replies":[{"embeddable":true,"href":"https:\/\/civicgreen.erasmus.site\/pt\/wp-json\/wp\/v2\/comments?post=669"}],"version-history":[{"count":25,"href":"https:\/\/civicgreen.erasmus.site\/pt\/wp-json\/wp\/v2\/pages\/669\/revisions"}],"predecessor-version":[{"id":1469,"href":"https:\/\/civicgreen.erasmus.site\/pt\/wp-json\/wp\/v2\/pages\/669\/revisions\/1469"}],"up":[{"embeddable":true,"href":"https:\/\/civicgreen.erasmus.site\/pt\/wp-json\/wp\/v2\/pages\/501"}],"wp:attachment":[{"href":"https:\/\/civicgreen.erasmus.site\/pt\/wp-json\/wp\/v2\/media?parent=669"}],"curies":[{"name":"wp","href":"https:\/\/api.w.org\/{rel}","templated":true}]}}