{"id":428,"date":"2024-04-24T19:41:15","date_gmt":"2024-04-24T19:41:15","guid":{"rendered":"https:\/\/civicgreen.erasmus.site\/?page_id=428"},"modified":"2024-06-12T15:20:49","modified_gmt":"2024-06-12T15:20:49","slug":"framework-parameters-of-civic-monitoring","status":"publish","type":"page","link":"https:\/\/civicgreen.erasmus.site\/tr\/civic-monitoring-tool\/framework-parameters-of-civic-monitoring\/","title":{"rendered":"\u00c7ER\u00c7EVE: SI\u0307VI\u0307L I\u0307ZLEME \u00d6L\u00c7\u00dcTLER\u0130"},"content":{"rendered":"<p><nav aria-label=\"breadcrumbs\">\n            <div class=\"breadcrumb-container theme5\">\n                <ol>\n                                    <\/ol>\n            <\/div>\n        <\/nav>    <script type=\"application\/ld+json\">\n        {\n            \"@context\": \"http:\/\/schema.org\",\n            \"@type\": \"BreadcrumbList\",\n            \"itemListElement\": [\n                            ]\n        }\n    <\/script>\n   \n    <script>\n            <\/script>\n<\/p>\n<p><strong>Giri\u015f<\/strong><\/p>\n<p>Sivil izleme, vatanda\u015flar\u0131n kamu politikalar\u0131n\u0131n ve kaynak tahsisinin denetimine aktif olarak kat\u0131lmalar\u0131n\u0131 sa\u011flayan \u00f6nemli bir uygulamad\u0131r. Bu uygulaman\u0131n tam etkisini anlamak i\u00e7in alt\u0131 ana parametreyi g\u00f6z \u00f6n\u00fcnde bulundurmal\u0131y\u0131z. Bu parametreler \u015feffafl\u0131k, hesap verebilirlik, kat\u0131l\u0131m, verimlilik ve etkinlik, hizmet sunumu ve yolsuzlukla m\u00fccadeledir. Ayr\u0131ca bu parametreler sivil izlemenin y\u00f6neti\u015fimi geli\u015ftirmeye, vatanda\u015flar\u0131n kat\u0131l\u0131m\u0131n\u0131 te\u015fvik etmeye ve kamu kaynaklar\u0131n\u0131n sorumlu bir \u015fekilde tahsis edilmesini sa\u011flamaya \u00e7al\u0131\u015ft\u0131\u011f\u0131 \u00e7er\u00e7eveyi olu\u015fturur.<\/p>\n<p><strong>(1) \u015eeffafl\u0131k<\/strong><\/p>\n<p>\u015eeffafl\u0131k, sivil izlemenin temel ta\u015f\u0131d\u0131r. H\u00fck\u00fcmet eylemlerinin, kararlar\u0131n\u0131n ve bilgilerinin kamuoyu taraf\u0131ndan eri\u015filebilir olmas\u0131n\u0131 gerektirir. Sivil izleme, ilgili verilerin, b\u00fct\u00e7elerin ve politikalar\u0131n a\u00e7\u0131k bir \u015fekilde eri\u015filebilir olmas\u0131n\u0131 sa\u011flayarak vatanda\u015flar\u0131n h\u00fck\u00fcmet faaliyetlerini etkili bir \u015fekilde g\u00f6zden ge\u00e7irmesine olanak tan\u0131r. \u015eeffaf bir y\u00f6netim g\u00fcven olu\u015fturur ve vatanda\u015flar\u0131 yetkilileri eylemlerinden sorumlu tutma konusunda g\u00fc\u00e7lendirir. \u015eeffafl\u0131k sayesinde kamuoyu, vergi m\u00fckelleflerinin fonlar\u0131n\u0131n nas\u0131l tahsis edildi\u011fini ve politikalar\u0131n kamu yarar\u0131na uygun olup olmad\u0131\u011f\u0131n\u0131 de\u011ferlendirebilir, b\u00f6ylece bilin\u00e7li bir vatanda\u015fl\u0131k ve a\u00e7\u0131k y\u00f6neti\u015fim k\u00fclt\u00fcr\u00fc te\u015fvik edilir.<\/p>\n<p><strong>(2) <\/strong><strong>Hesap Verebilirlik<\/strong><\/p>\n<p>Hesap verebilirlik \u015feffafl\u0131\u011f\u0131 tamamlar ve iktidardakilerin eylemlerinden sorumlu olmalar\u0131n\u0131 sa\u011flar. Sivil izleme mekanizmalar\u0131 h\u00fck\u00fcmet yetkililerini, kurumlar\u0131n\u0131 ve kurulu\u015flar\u0131n\u0131 kararlar\u0131ndan sorumlu tutacak mekanizmalar olu\u015fturur. Vatanda\u015flar politika sonu\u00e7lar\u0131, b\u00fct\u00e7e tahsisleri ve proje uygulamalar\u0131 hakk\u0131nda a\u00e7\u0131klama talep edebilirler. Hesap verebilirlik sadece yolsuzlu\u011fu ve kaynaklar\u0131n k\u00f6t\u00fcye kullan\u0131m\u0131n\u0131 engellemekle kalmaz, ayn\u0131 zamanda devlet kurumlar\u0131n\u0131 en y\u00fcksek d\u00fcr\u00fcstl\u00fck standartlar\u0131n\u0131 korumaya te\u015fvik eder. Bu, sivil izleme \u00e7al\u0131\u015fmalar\u0131n\u0131n etkinli\u011fini sa\u011flayan, kamu kurumlar\u0131nda sorumluluk ve duyarl\u0131l\u0131k k\u00fclt\u00fcr\u00fcn\u00fc te\u015fvik eden kritik bir bile\u015fendir.<\/p>\n<p><strong>(3) Kat\u0131l\u0131m<\/strong><\/p>\n<p>Kat\u0131l\u0131m, sivil izlemenin en \u00f6nemli \u00f6l\u00e7\u00fctlerindendir. Politika geli\u015ftirmeden proje uygulamaya kadar vatanda\u015flar\u0131n karar alma s\u00fcrecine aktif olarak dahil edilmesi demektir. Sivil izleme, bireyleri ve toplumu endi\u015felerini, \u00f6nerilerini ve geri bildirimlerini dile getirmeleri i\u00e7in g\u00fc\u00e7lendirir. Bunu yaparken, vatanda\u015flar\u0131 pasif g\u00f6zlemcilerden kamu politikalar\u0131n\u0131n ortak yarat\u0131c\u0131lar\u0131na d\u00f6n\u00fc\u015ft\u00fcr\u00fcr. Vatanda\u015flar\u0131n g\u00f6r\u00fc\u015fleri ve katk\u0131lar\u0131 politika kalitesini, uygunlu\u011funu ve etkinli\u011fini art\u0131r\u0131r. Sivil izleme kapsay\u0131c\u0131l\u0131\u011f\u0131 te\u015fvik eder, n\u00fcfusun farkl\u0131 ihtiya\u00e7 ve isteklerinin dikkate al\u0131nmas\u0131n\u0131 sa\u011flar ve nihayetinde daha demokratik ve duyarl\u0131 bir h\u00fck\u00fcmeti destekler.<\/p>\n<p><strong>(4) <\/strong><strong>Verimlilik ve Etkinlik<\/strong><\/p>\n<p>Verimlilik ve etkinlik sivil izlemenin temel sonu\u00e7lar\u0131d\u0131r. Vatanda\u015flar ve sivil izleme ara\u00e7lar\u0131, kamu politikalar\u0131n\u0131n de\u011ferlendirilmesine aktif olarak kat\u0131larak devlet kaynaklar\u0131n\u0131n en iyi \u015fekilde kullan\u0131lmas\u0131n\u0131 sa\u011flamaya yard\u0131mc\u0131 olur. Politika ve projelerin performans\u0131n\u0131 ama\u00e7lanan hedef ve sonu\u00e7lara g\u00f6re \u00f6l\u00e7erler. \u0130zleme sonu\u00e7lar\u0131, karar al\u0131c\u0131lara kaynaklar\u0131 yeniden tahsis etme veya etkiyi en \u00fcst d\u00fczeye \u00e7\u0131karmak i\u00e7in stratejileri de\u011fi\u015ftirme konusunda rehberlik eder. Sivil izleme, kamu politikalar\u0131n\u0131 daha verimli hale getirmeyi, israf\u0131 azaltmay\u0131 ve toplumlara anlaml\u0131 faydalar sa\u011flamak i\u00e7in genel etkinliklerini art\u0131rmay\u0131 ama\u00e7lamaktad\u0131r.<\/p>\n<p><strong>(5) Hizmet Sunumu<\/strong><\/p>\n<p>Sivil izleme, kamu hizmetlerinin kalitesini ve eri\u015filebilirli\u011fini \u00f6nemli \u00f6l\u00e7\u00fcde etkiler. Vatanda\u015flara sa\u011fl\u0131k, e\u011fitim ve altyap\u0131 gibi temel hizmetlerin sunumunu de\u011ferlendirme yetkisi verir. Halk bu hizmetleri aktif olarak izleyerek, zaman\u0131nda, adil ve y\u00fcksek kaliteli hizmetlerin sa\u011flanmas\u0131 konusunda h\u00fck\u00fcmetleri sorumlu tutabilir. Sivil izleme, hizmet sunumundaki bo\u015fluklar\u0131n tespit edilmesine yard\u0131mc\u0131 olarak h\u00fck\u00fcmetlerin se\u00e7menlerinin \u00f6zel ihtiya\u00e7lar\u0131na cevap vermesini sa\u011flar. Yenilik\u00e7i \u00e7\u00f6z\u00fcmlerin geli\u015ftirilmesini te\u015fvik ederek h\u00fck\u00fcmetlerin hizmet sunumunu geli\u015ftirmesine ve vatanda\u015flar\u0131na daha iyi hizmet vermesine olanak tan\u0131r.<\/p>\n<p><strong>(6) <\/strong><strong>Yolsuzlukla M\u00fccadele<\/strong><\/p>\n<p>Sivil izlemenin temel ama\u00e7lar\u0131ndan biri yolsuzlukla m\u00fccadele etmektir. Yolsuzluk kamu g\u00fcvenini azalt\u0131r, h\u00fck\u00fcmetin etkinli\u011fini zay\u0131flat\u0131r ve kaynaklar\u0131 ama\u00e7lar\u0131ndan sapt\u0131r\u0131r. Sivil izleme ara\u00e7lar\u0131 ve vatanda\u015f kat\u0131l\u0131m\u0131 yolsuzlu\u011fa kar\u015f\u0131 g\u00fc\u00e7l\u00fc y\u00f6ntemlerdir. Yolsuzluk uygulamalar\u0131n\u0131n if\u015fa edildi\u011fi, rapor edildi\u011fi ve cayd\u0131r\u0131ld\u0131\u011f\u0131 bir ortam yarat\u0131rlar. Vatanda\u015flar, kamu politikalar\u0131n\u0131n g\u00f6zetimine aktif olarak kat\u0131larak yolsuzluk faaliyetlerine dikkatli olurlar. Sivil izleme, usuls\u00fczl\u00fcklerin ve kamu fonlar\u0131n\u0131n k\u00f6t\u00fcye kullan\u0131m\u0131n\u0131n raporlanmas\u0131n\u0131 te\u015fvik ederek yolsuzlu\u011fun artmas\u0131n\u0131i zorla\u015ft\u0131r\u0131r ve etik bir y\u00f6neti\u015fim k\u00fclt\u00fcr\u00fcn\u00fc te\u015fvik eder.<\/p>\n<p><img loading=\"lazy\" decoding=\"async\" class=\" wp-image-908 aligncenter\" src=\"https:\/\/civicgreen.erasmus.site\/wp-content\/uploads\/2024\/06\/image005-3.png\" alt=\"\" width=\"853\" height=\"348\" srcset=\"https:\/\/civicgreen.erasmus.site\/wp-content\/uploads\/2024\/06\/image005-3.png 1007w, https:\/\/civicgreen.erasmus.site\/wp-content\/uploads\/2024\/06\/image005-3-300x122.png 300w, https:\/\/civicgreen.erasmus.site\/wp-content\/uploads\/2024\/06\/image005-3-768x313.png 768w\" sizes=\"(max-width: 853px) 100vw, 853px\" \/><\/p>\n<p style=\"text-align: center;\"><strong>\u00c7ER\u00c7EVE: SI\u0307VI\u0307L I\u0307ZLEME \u00d6L\u00c7\u00dcTLER\u0130<\/strong><\/p>\n<p>Sonu\u00e7 olarak, sivil izleme, vatanda\u015flar\u0131n kamu politikalar\u0131n\u0131n ve kaynak tahsisinin g\u00f6zetimine aktif olarak kat\u0131lmalar\u0131n\u0131 sa\u011flayan g\u00fc\u00e7l\u00fc bir ara\u00e7t\u0131r. Kapsaml\u0131 \u00e7er\u00e7evesi i\u00e7inde \u015feffafl\u0131k, hesap verebilirlik, kat\u0131l\u0131m, verimlilik ve etkinlik, hizmet sunumu ve yolsuzlukla m\u00fccadele\u00a0 olmak \u00fczere alt\u0131 temel parameter sunar ve yol g\u00f6sterici ilkeler olarak temel al\u0131n\u0131r. \u015eeffafl\u0131k ve hesap verebilirlik h\u00fck\u00fcmet eylemlerinin kamu denetimine a\u00e7\u0131k olmas\u0131n\u0131 sa\u011flarken, kat\u0131l\u0131mc\u0131l\u0131k vatanda\u015flar\u0131 kamu politikalar\u0131n\u0131n ortak yarat\u0131c\u0131lar\u0131na d\u00f6n\u00fc\u015ft\u00fcr\u00fcr. Sivil izleme, kaynak tahsisini ve hizmet sunumunu optimize ederek verimlili\u011fi ve etkinli\u011fi art\u0131r\u0131r ve nihayetinde iyi y\u00f6neti\u015fimi te\u015fvik eder. Ayr\u0131ca, kamu hizmetinde d\u00fcr\u00fcstl\u00fck ilkelerini koruyarak yolsuzlu\u011fa kar\u015f\u0131 g\u00fc\u00e7l\u00fc bir cayd\u0131r\u0131c\u0131d\u0131r. Bu parametreleri benimseyerek sivil izleme, vatanda\u015flar\u0131n kendi toplumlar\u0131n\u0131 \u015fekillendirmedeki rol\u00fcn\u00fc g\u00fc\u00e7lendirir, kamu kaynaklar\u0131n\u0131n sorumlu bir \u015fekilde tahsis edilmesini sa\u011flar ve y\u00f6neti\u015fimin genel kalitesini art\u0131r\u0131r.<\/p>","protected":false},"excerpt":{"rendered":"<p>Giri\u015f Sivil izleme, vatanda\u015flar\u0131n kamu politikalar\u0131n\u0131n ve kaynak tahsisinin denetimine aktif olarak kat\u0131lmalar\u0131n\u0131 sa\u011flayan \u00f6nemli bir uygulamad\u0131r. Bu uygulaman\u0131n tam etkisini anlamak i\u00e7in alt\u0131 ana parametreyi g\u00f6z \u00f6n\u00fcnde bulundurmal\u0131y\u0131z. Bu parametreler \u015feffafl\u0131k, hesap verebilirlik, kat\u0131l\u0131m, verimlilik ve etkinlik, hizmet sunumu ve yolsuzlukla m\u00fccadeledir. Ayr\u0131ca bu parametreler sivil izlemenin y\u00f6neti\u015fimi geli\u015ftirmeye, vatanda\u015flar\u0131n kat\u0131l\u0131m\u0131n\u0131 te\u015fvik etmeye ve&hellip;&nbsp;<a href=\"https:\/\/civicgreen.erasmus.site\/tr\/civic-monitoring-tool\/framework-parameters-of-civic-monitoring\/\" rel=\"bookmark\">Daha fazlas\u0131n\u0131 oku &raquo;<span class=\"screen-reader-text\">\u00c7ER\u00c7EVE: SI\u0307VI\u0307L I\u0307ZLEME \u00d6L\u00c7\u00dcTLER\u0130<\/span><\/a><\/p>\n","protected":false},"author":1,"featured_media":0,"parent":103,"menu_order":0,"comment_status":"closed","ping_status":"closed","template":"","meta":{"neve_meta_sidebar":"","neve_meta_container":"","neve_meta_enable_content_width":"off","neve_meta_content_width":100,"neve_meta_title_alignment":"","neve_meta_author_avatar":"","neve_post_elements_order":"","neve_meta_disable_header":"","neve_meta_disable_footer":"","neve_meta_disable_title":"on","footnotes":""},"class_list":["post-428","page","type-page","status-publish","hentry"],"_links":{"self":[{"href":"https:\/\/civicgreen.erasmus.site\/tr\/wp-json\/wp\/v2\/pages\/428","targetHints":{"allow":["GET"]}}],"collection":[{"href":"https:\/\/civicgreen.erasmus.site\/tr\/wp-json\/wp\/v2\/pages"}],"about":[{"href":"https:\/\/civicgreen.erasmus.site\/tr\/wp-json\/wp\/v2\/types\/page"}],"author":[{"embeddable":true,"href":"https:\/\/civicgreen.erasmus.site\/tr\/wp-json\/wp\/v2\/users\/1"}],"replies":[{"embeddable":true,"href":"https:\/\/civicgreen.erasmus.site\/tr\/wp-json\/wp\/v2\/comments?post=428"}],"version-history":[{"count":10,"href":"https:\/\/civicgreen.erasmus.site\/tr\/wp-json\/wp\/v2\/pages\/428\/revisions"}],"predecessor-version":[{"id":909,"href":"https:\/\/civicgreen.erasmus.site\/tr\/wp-json\/wp\/v2\/pages\/428\/revisions\/909"}],"up":[{"embeddable":true,"href":"https:\/\/civicgreen.erasmus.site\/tr\/wp-json\/wp\/v2\/pages\/103"}],"wp:attachment":[{"href":"https:\/\/civicgreen.erasmus.site\/tr\/wp-json\/wp\/v2\/media?parent=428"}],"curies":[{"name":"wp","href":"https:\/\/api.w.org\/{rel}","templated":true}]}}