{"id":435,"date":"2024-04-24T19:45:55","date_gmt":"2024-04-24T19:45:55","guid":{"rendered":"https:\/\/civicgreen.erasmus.site\/?page_id=435"},"modified":"2024-06-12T15:22:03","modified_gmt":"2024-06-12T15:22:03","slug":"elements-of-civic-monitoring","status":"publish","type":"page","link":"https:\/\/civicgreen.erasmus.site\/tr\/civic-monitoring-tool\/elements-of-civic-monitoring\/","title":{"rendered":"S\u0130V\u0130L \u0130ZLEMEN\u0130N UNSURLARI"},"content":{"rendered":"<p><nav aria-label=\"breadcrumbs\">\n            <div class=\"breadcrumb-container theme5\">\n                <ol>\n                                    <\/ol>\n            <\/div>\n        <\/nav>    <script type=\"application\/ld+json\">\n        {\n            \"@context\": \"http:\/\/schema.org\",\n            \"@type\": \"BreadcrumbList\",\n            \"itemListElement\": [\n                            ]\n        }\n    <\/script>\n   \n    <script>\n            <\/script>\n<\/p>\n<p><strong>Giri\u015f<\/strong><\/p>\n<p>Sivil izleme, vatanda\u015flar\u0131n kamu politikalar\u0131n\u0131n ve kaynak tahsisinin de\u011ferlendirilmesi ve g\u00f6zetimine aktif olarak kat\u0131lmalar\u0131n\u0131 sa\u011flayan dinamik bir s\u00fcre\u00e7tir. Bu \u00e7ok y\u00f6nl\u00fc uygulama, i\u015fleyi\u015finin \u00f6z\u00fcn\u00fc olu\u015fturan alt\u0131 temel unsuru kapsar. Bu unsurlar; veri toplama, veri analizi, \u015feffafl\u0131k, vatanda\u015f kat\u0131l\u0131m\u0131, hesap verebilirlik ve savunuculuk i\u00e7in g\u00f6zetim ve d\u00f6n\u00fc\u015f\u00fcmd\u00fcr ve bunlar \u015feffafl\u0131k, hesap verebilirlik ve geli\u015fmi\u015f y\u00f6neti\u015fimi te\u015fvik eden etkili bir sivil izleme i\u00e7in temel olu\u015fturur.<\/p>\n<p><strong>(1) <\/strong><strong>Veri Toplama<\/strong><\/p>\n<p>Veri toplama, sivil izlemenin temel ta\u015f\u0131d\u0131r. Kamu politikalar\u0131, b\u00fct\u00e7eler ve kaynaklar\u0131n tahsisi hakk\u0131nda ilgili bilgilerin toplanmas\u0131n\u0131 anlam\u0131na gelir. Bu veriler, resmi h\u00fck\u00fcmet belgelerinden halktan gelen geri bildirimlere kadar \u00e7ok \u00e7e\u015fitli kaynaklar\u0131 kapsayabilir. Sivil izleme ara\u00e7lar\u0131 genellikle verilerin toplanmas\u0131 ve birle\u015ftirilmesinde \u00f6nemli bir rol oynar ve bu verilerin do\u011fru, ilgili ve vatanda\u015flar i\u00e7in eri\u015filebilir olmas\u0131n\u0131 sa\u011flar. Sa\u011flam veri toplama, politika sonu\u00e7lar\u0131n\u0131 ve h\u00fck\u00fcmet performans\u0131n\u0131 de\u011ferlendirmek i\u00e7in ger\u00e7eklere dayal\u0131 bir temel sa\u011flad\u0131\u011f\u0131ndan, vatanda\u015flar\u0131 bilin\u00e7li kararlar alma konusunda g\u00fc\u00e7lendirir.<\/p>\n<p><strong>(2) <\/strong><strong>Veri Analizi<\/strong><\/p>\n<p>Veri analizi, sivil izleme yoluyla toplanan bilgilerin anlamland\u0131r\u0131lmas\u0131 s\u00fcrecidir. Kamu politikalar\u0131n\u0131n etkisi ve etkilili\u011fine ili\u015fkin de\u011ferli fikirler sa\u011flayabilecek analizler ve \u00e7\u0131kar\u0131mlar i\u00e7in verilerin incelenmesidir. Veri analizi genellikle nicel ve nitel tekniklere dayan\u0131r ve sivil izleme uzmanlar\u0131n\u0131n politika sonu\u00e7lar\u0131 hakk\u0131nda bilin\u00e7li \u00e7\u0131kar\u0131mlar yapmas\u0131n\u0131 sa\u011flar. Bu etkili analiz sayesinde sivil izleme ara\u00e7lar\u0131, vatanda\u015flar\u0131n politikalar\u0131n ba\u015far\u0131l\u0131 ya da ba\u015far\u0131s\u0131z oldu\u011fu alanlar\u0131 belirlemelerine yard\u0131mc\u0131 olarak kan\u0131ta dayal\u0131 karar vermeyi kolayla\u015ft\u0131r\u0131r ve y\u00f6neti\u015fimin genel olarak iyile\u015ftirilmesine katk\u0131da bulunur.<\/p>\n<p><strong>(3) <\/strong><strong>\u015eeffafl\u0131k ve Bilgiye Eri\u015fim<\/strong><\/p>\n<p>\u015eeffafl\u0131k ve bilgiye eri\u015fim, sivil izlemenin temel ilkeleridir. Bu unsurlar h\u00fck\u00fcmet eylemlerinin, kararlar\u0131n\u0131n ve verilerinin kamuya a\u00e7\u0131k ve eri\u015filebilir olmas\u0131n\u0131 sa\u011flar. Sivil izleme, bilgi gizlili\u011fini y\u0131kmak ve temel verileri t\u00fcm vatanda\u015flar\u0131n eri\u015fimine a\u00e7mak i\u00e7in \u00e7al\u0131\u015f\u0131r. \u015eeffaf y\u00f6neti\u015fim, vatanda\u015flar\u0131 kamu fonlar\u0131n\u0131n nas\u0131l tahsis edildi\u011fini, hangi politikalar\u0131n uyguland\u0131\u011f\u0131n\u0131 ve bunlar\u0131n kamu yarar\u0131na uygun olup olmad\u0131\u011f\u0131n\u0131 inceleme ve anlama konusunda g\u00fc\u00e7lendirir. Bilgiye eri\u015fim sadece hesap verebilirli\u011fi art\u0131rmakla kalmaz, ayn\u0131 zamanda vatanda\u015flar ve devlet kurumlar\u0131 aras\u0131nda g\u00fcveni art\u0131rarak a\u00e7\u0131k ve duyarl\u0131 bir y\u00f6neti\u015fim k\u00fclt\u00fcr\u00fcn\u00fc te\u015fvik eder.<\/p>\n<p><strong>(4) <\/strong><strong>Vatanda\u015f Kat\u0131l\u0131m\u0131<\/strong><\/p>\n<p>Vatanda\u015f kat\u0131l\u0131m\u0131, sivil izlemenin merkezinde yer al\u0131r. Bireylerin ve toplumun karar alma s\u00fcrecine aktif kat\u0131l\u0131m\u0131n\u0131 te\u015fvik eder. Sivil izleme ara\u00e7lar\u0131, vatanda\u015flar\u0131n endi\u015felerini, \u00f6nerilerini ve geri bildirimlerini dile getirmeleri i\u00e7in platformlar ve kanallar sa\u011flar. Diyaloglara ve isti\u015farelere kat\u0131larak vatanda\u015flar pasif g\u00f6zlemcilerden kamu politikalar\u0131n\u0131n ortak yarat\u0131c\u0131lar\u0131na d\u00f6n\u00fc\u015f\u00fcrler. Vatanda\u015flar\u0131n g\u00f6r\u00fc\u015flerini ve katk\u0131lar\u0131 politika geli\u015ftirmeyi zenginle\u015ftirerek daha ilgili, duyarl\u0131 ve etkili hale getirir. Sivil izleme, n\u00fcfusun farkl\u0131 ihtiya\u00e7 ve isteklerinin dikkate al\u0131nmas\u0131n\u0131 sa\u011flar ve b\u00f6ylece demokratik ve kapsay\u0131c\u0131 bir y\u00f6neti\u015fim bi\u00e7imini te\u015fvik eder.<\/p>\n<p><strong>(5) <\/strong><strong>Hesap Verebilirlik ve G\u00f6zetim<\/strong><\/p>\n<p>Hesap verebilirlik ve g\u00f6zetim, iktidardakilerin eylemlerinden sorumlu olmalar\u0131n\u0131 sa\u011flayan sivil izlemenin kritik unsurlar\u0131d\u0131r. Sivil izleme mekanizmalar\u0131 h\u00fck\u00fcmet yetkililerini, kurumlar\u0131n\u0131 ve kurulu\u015flar\u0131n\u0131 kararlar\u0131ndan sorumlu tutmak i\u00e7in prosed\u00fcrler olu\u015fturur. B\u00f6ylece vatanda\u015flar politika sonu\u00e7lar\u0131, b\u00fct\u00e7e tahsisleri ve proje uygulamalar\u0131 hakk\u0131nda a\u00e7\u0131klama talep edebilirler. Hesap verebilirlik sadece yolsuzlu\u011fu ve kaynaklar\u0131n k\u00f6t\u00fcye kullan\u0131m\u0131n\u0131 engellemekle kalmaz, ayn\u0131 zamanda devlet kurumlar\u0131n\u0131 y\u00fcksek d\u00fcr\u00fcstl\u00fck standartlar\u0131n\u0131 korumas\u0131n\u0131 da sa\u011flar. Hesap verebilirlik ve g\u00f6zetim, kamu kurumlar\u0131nda sorumluluk ve duyarl\u0131l\u0131k k\u00fclt\u00fcr\u00fcn\u00fc te\u015fvik ederek sivil izleme \u00e7abalar\u0131n\u0131n etkinli\u011fini sa\u011flamada \u00e7ok \u00f6nemli bir rol oynar.<\/p>\n<p><strong>(6) <\/strong><strong>D\u00f6n\u00fc\u015f\u00fcm i\u00e7in Savunuculuk<\/strong><\/p>\n<p>D\u00f6n\u00fc\u015f\u00fcm i\u00e7in savunuculuk, sivil izlemenin ileriye d\u00f6n\u00fck bir unsurudur. Veri toplama ve analiz yoluyla elde edilen g\u00f6r\u00fc\u015f ve bilgilerin politika de\u011fi\u015fiklikleri ve iyile\u015ftirmeleri i\u00e7in kullan\u0131lmas\u0131n\u0131 anlam\u0131na gelir. Sivil izleme uzmanlar\u0131, genellikle sivil toplum kurulu\u015flar\u0131yla i\u015fbirli\u011fi i\u00e7inde, kamu politikalar\u0131nda olumlu d\u00f6n\u00fc\u015f\u00fcmler sa\u011flamak i\u00e7in \u00e7al\u0131\u015f\u0131rlar. H\u00fck\u00fcmet yetkilileriyle ileti\u015fim kurar ve politikalar\u0131n etkinli\u011fini ve duyarl\u0131l\u0131\u011f\u0131n\u0131 art\u0131racak reformlar\u0131 savunurlar. D\u00f6n\u00fc\u015f\u00fcm i\u00e7in savunuculuk, vatanda\u015flar\u0131n endi\u015feleri ile h\u00fck\u00fcmet eylemleri aras\u0131ndaki bo\u015flu\u011fu doldurarak y\u00f6neti\u015fimde iyile\u015ftirmeleri kolayla\u015ft\u0131r\u0131r ve nihayetinde daha iyi kamu politikalar\u0131 ve sonu\u00e7lar\u0131na katk\u0131da bulunur.<\/p>\n<p><img loading=\"lazy\" decoding=\"async\" class=\" wp-image-910 aligncenter\" src=\"https:\/\/civicgreen.erasmus.site\/wp-content\/uploads\/2024\/06\/image007-3.png\" alt=\"\" width=\"847\" height=\"344\" srcset=\"https:\/\/civicgreen.erasmus.site\/wp-content\/uploads\/2024\/06\/image007-3.png 965w, https:\/\/civicgreen.erasmus.site\/wp-content\/uploads\/2024\/06\/image007-3-300x122.png 300w, https:\/\/civicgreen.erasmus.site\/wp-content\/uploads\/2024\/06\/image007-3-768x312.png 768w\" sizes=\"(max-width: 847px) 100vw, 847px\" \/><\/p>\n<p style=\"text-align: center;\"><strong>S\u0130V\u0130L \u0130ZLEMEN\u0130N UNSURLARI<\/strong><\/p>\n<p>Son olarak, sivil izleme, vatanda\u015flar\u0131n kamu politikalar\u0131n\u0131n ve kaynak tahsisinin de\u011ferlendirilmesi ve g\u00f6zetimine aktif olarak kat\u0131lmalar\u0131n\u0131 sa\u011flayan kapsaml\u0131 bir s\u00fcre\u00e7tir. Bu s\u00fcrecin temel unsurlar\u0131 olan <em>veri toplama, veri analizi, \u015feffafl\u0131k, vatanda\u015f kat\u0131l\u0131m\u0131, hesap verebilirlik ve g\u00f6zetim ve d\u00f6n\u00fc\u015f\u00fcm i\u00e7in savunuculuk; \u015feffafl\u0131k, ve hesap verebilirlik<\/em> daha iyi y\u00f6neti\u015fimi sa\u011flamak i\u00e7in i\u015fbirli\u011fi yapar. Bu unsurlar arac\u0131l\u0131\u011f\u0131yla sivil izleme, vatanda\u015flar ve h\u00fck\u00fcmet aras\u0131nda bir k\u00f6pr\u00fc g\u00f6revi g\u00f6rerek bilin\u00e7li karar alma, politika sonu\u00e7lar\u0131n\u0131n iyile\u015ftirilmesi ve daha kapsay\u0131c\u0131 ve duyarl\u0131 bir demokrasinin s\u00fcrd\u00fcr\u00fclmesini sa\u011flar. Sivil izleme, bu unsurlar\u0131 kullanarak daha ilgili, bilgili ve g\u00fc\u00e7lendirilmi\u015f bir vatanda\u015f kitlesine katk\u0131da bulunur.<\/p>","protected":false},"excerpt":{"rendered":"<p>Giri\u015f Sivil izleme, vatanda\u015flar\u0131n kamu politikalar\u0131n\u0131n ve kaynak tahsisinin de\u011ferlendirilmesi ve g\u00f6zetimine aktif olarak kat\u0131lmalar\u0131n\u0131 sa\u011flayan dinamik bir s\u00fcre\u00e7tir. Bu \u00e7ok y\u00f6nl\u00fc uygulama, i\u015fleyi\u015finin \u00f6z\u00fcn\u00fc olu\u015fturan alt\u0131 temel unsuru kapsar. Bu unsurlar; veri toplama, veri analizi, \u015feffafl\u0131k, vatanda\u015f kat\u0131l\u0131m\u0131, hesap verebilirlik ve savunuculuk i\u00e7in g\u00f6zetim ve d\u00f6n\u00fc\u015f\u00fcmd\u00fcr ve bunlar \u015feffafl\u0131k, hesap verebilirlik ve geli\u015fmi\u015f y\u00f6neti\u015fimi&hellip;&nbsp;<a href=\"https:\/\/civicgreen.erasmus.site\/tr\/civic-monitoring-tool\/elements-of-civic-monitoring\/\" rel=\"bookmark\">Daha fazlas\u0131n\u0131 oku &raquo;<span class=\"screen-reader-text\">S\u0130V\u0130L \u0130ZLEMEN\u0130N UNSURLARI<\/span><\/a><\/p>\n","protected":false},"author":1,"featured_media":0,"parent":103,"menu_order":0,"comment_status":"closed","ping_status":"closed","template":"","meta":{"neve_meta_sidebar":"","neve_meta_container":"","neve_meta_enable_content_width":"off","neve_meta_content_width":100,"neve_meta_title_alignment":"","neve_meta_author_avatar":"","neve_post_elements_order":"","neve_meta_disable_header":"","neve_meta_disable_footer":"","neve_meta_disable_title":"on","footnotes":""},"class_list":["post-435","page","type-page","status-publish","hentry"],"_links":{"self":[{"href":"https:\/\/civicgreen.erasmus.site\/tr\/wp-json\/wp\/v2\/pages\/435","targetHints":{"allow":["GET"]}}],"collection":[{"href":"https:\/\/civicgreen.erasmus.site\/tr\/wp-json\/wp\/v2\/pages"}],"about":[{"href":"https:\/\/civicgreen.erasmus.site\/tr\/wp-json\/wp\/v2\/types\/page"}],"author":[{"embeddable":true,"href":"https:\/\/civicgreen.erasmus.site\/tr\/wp-json\/wp\/v2\/users\/1"}],"replies":[{"embeddable":true,"href":"https:\/\/civicgreen.erasmus.site\/tr\/wp-json\/wp\/v2\/comments?post=435"}],"version-history":[{"count":10,"href":"https:\/\/civicgreen.erasmus.site\/tr\/wp-json\/wp\/v2\/pages\/435\/revisions"}],"predecessor-version":[{"id":911,"href":"https:\/\/civicgreen.erasmus.site\/tr\/wp-json\/wp\/v2\/pages\/435\/revisions\/911"}],"up":[{"embeddable":true,"href":"https:\/\/civicgreen.erasmus.site\/tr\/wp-json\/wp\/v2\/pages\/103"}],"wp:attachment":[{"href":"https:\/\/civicgreen.erasmus.site\/tr\/wp-json\/wp\/v2\/media?parent=435"}],"curies":[{"name":"wp","href":"https:\/\/api.w.org\/{rel}","templated":true}]}}