{"id":441,"date":"2024-04-24T19:47:29","date_gmt":"2024-04-24T19:47:29","guid":{"rendered":"https:\/\/civicgreen.erasmus.site\/?page_id=441"},"modified":"2024-06-12T15:23:28","modified_gmt":"2024-06-12T15:23:28","slug":"the-6-phases-of-applying-a-civic-monitoring-tool","status":"publish","type":"page","link":"https:\/\/civicgreen.erasmus.site\/tr\/civic-monitoring-tool\/the-6-phases-of-applying-a-civic-monitoring-tool\/","title":{"rendered":"BI\u0307R SI\u0307VI\u0307L I\u0307ZLEME ARACINI UYGULAMANIN 6 A\u015eAMASI"},"content":{"rendered":"<p><nav aria-label=\"breadcrumbs\">\n            <div class=\"breadcrumb-container theme5\">\n                <ol>\n                                    <\/ol>\n            <\/div>\n        <\/nav>    <script type=\"application\/ld+json\">\n        {\n            \"@context\": \"http:\/\/schema.org\",\n            \"@type\": \"BreadcrumbList\",\n            \"itemListElement\": [\n                            ]\n        }\n    <\/script>\n   \n    <script>\n            <\/script>\n<\/p>\n<p>Sivil izleme ara\u00e7lar\u0131 \u015feffafl\u0131\u011f\u0131n, hesap verebilirli\u011fin ve vatanda\u015flar\u0131n y\u00f6netime kat\u0131l\u0131m\u0131n\u0131n sa\u011flanmas\u0131nda \u00f6nemli bir rol oynar. Bu ara\u00e7lar, etkilerini en \u00fcst d\u00fczeye \u00e7\u0131karmak i\u00e7in alt\u0131 farkl\u0131 a\u015famay\u0131 kapsayan, yap\u0131land\u0131r\u0131lm\u0131\u015f bir s\u00fcre\u00e7 izler. Her bir a\u015fama, sivil izleme ara\u00e7lar\u0131n\u0131n uygulanmas\u0131nda hayati bir rol oynar ve s\u00fcrecin genel etkinli\u011fine katk\u0131da bulunur.<\/p>\n<p><img loading=\"lazy\" decoding=\"async\" class=\"wp-image-912 aligncenter\" src=\"https:\/\/civicgreen.erasmus.site\/wp-content\/uploads\/2024\/06\/image009-3.png\" alt=\"\" width=\"711\" height=\"554\" srcset=\"https:\/\/civicgreen.erasmus.site\/wp-content\/uploads\/2024\/06\/image009-3.png 989w, https:\/\/civicgreen.erasmus.site\/wp-content\/uploads\/2024\/06\/image009-3-300x234.png 300w, https:\/\/civicgreen.erasmus.site\/wp-content\/uploads\/2024\/06\/image009-3-768x599.png 768w\" sizes=\"(max-width: 711px) 100vw, 711px\" \/><\/p>\n<p style=\"text-align: center;\"><strong>BI\u0307R SI\u0307VI\u0307L I\u0307ZLEME ARACINI UYGULAMA A\u015eAMALARI<\/strong><\/p>\n<ol>\n<li><strong> Proje Se\u00e7imi:<\/strong><\/li>\n<\/ol>\n<p>\u0130lk a\u015fama, de\u011ferlendirme i\u00e7in belirli kamu politikalar\u0131n\u0131, projeleri veya kaynak tahsislerini belirlemek ve se\u00e7mek i\u00e7in sivil izleme ara\u00e7lar\u0131n\u0131n kullan\u0131ld\u0131\u011f\u0131 proje se\u00e7imidir. Bu a\u015fama genellikle toplumu ilgilendiren konular\u0131n veya politikalar\u0131n belirlenmesiyle ba\u015flar. Vatanda\u015flar\u0131 bu se\u00e7im s\u00fcrecine dahil ederek, ara\u00e7 izlenmesi gereken alanlar\u0131n \u00f6nceliklendirilmesine yard\u0131mc\u0131 olur ve yerel n\u00fcfusun endi\u015feleri ve istekleri ile uyumlu olmas\u0131n\u0131 sa\u011flar.<\/p>\n<ol start=\"2\">\n<li><strong> Toplumsal Kat\u0131l\u0131m:<\/strong><\/li>\n<\/ol>\n<p>Toplumsal kat\u0131l\u0131m\u0131, sivil izlemenin temel ad\u0131mlar\u0131ndan biridir. Bu a\u015famada ara\u00e7, se\u00e7ilen proje veya politika hakk\u0131nda fark\u0131ndal\u0131k yaratmak i\u00e7in toplumsal diyaloglar\u0131, isti\u015fareleri ve tart\u0131\u015fmalar\u0131 kolayla\u015ft\u0131rmak i\u00e7in kullan\u0131l\u0131r. Aktif kat\u0131l\u0131m\u0131 te\u015fvik eder, vatanda\u015flar\u0131n g\u00f6r\u00fc\u015flerini ve endi\u015felerini dile getirmelerini sa\u011flar. Ara\u00e7, a\u00e7\u0131k ileti\u015fimi ve i\u015fbirli\u011fini te\u015fvik ederek vatanda\u015flar\u0131n bilgilendirilmesini, kat\u0131l\u0131m\u0131n\u0131 ve izleme s\u00fcrecine ba\u011fl\u0131 kalmas\u0131n\u0131 sa\u011flar.<\/p>\n<ol start=\"3\">\n<li><strong> Ara\u015ft\u0131rma ve Analiz:<\/strong><\/li>\n<\/ol>\n<p>Sivil izleme ara\u00e7lar\u0131, masa ba\u015f\u0131 ara\u015ft\u0131rma a\u015famas\u0131nda veri toplama ve bunlar\u0131n analizini kolayla\u015ft\u0131r\u0131r. \u0130lgili belgelerin, b\u00fct\u00e7elerin ve raporlar\u0131n toplanmas\u0131n\u0131 sa\u011flayarak izleyicilerin projenin arka plan\u0131n\u0131 ve beklenen sonu\u00e7lar\u0131n\u0131 de\u011ferlendirmesine olanak tan\u0131r. Analiz ara\u00e7lar\u0131, potansiyel sorunlar\u0131n veya verimsizliklerin belirlenmesine yard\u0131mc\u0131 olarak sonraki izleme ad\u0131mlar\u0131 i\u00e7in sa\u011flam bir temel olu\u015fturur.<\/p>\n<ol start=\"4\">\n<li><strong> Saha Ara\u015ft\u0131rmas\u0131:<\/strong><\/li>\n<\/ol>\n<p>Zemin et\u00fcd\u00fc a\u015famas\u0131, sivil izleme ara\u00e7lar\u0131 arac\u0131l\u0131\u011f\u0131yla ger\u00e7ek zamanl\u0131 veri toplanmas\u0131d\u0131r. Bu ara\u00e7lar genellikle do\u011frudan proje sahas\u0131ndan ve yerel topluluklardan bilgi toplamak i\u00e7in anketler, saha ziyaretleri ve g\u00f6r\u00fc\u015fmeler gibi metodolojilerin bir kar\u0131\u015f\u0131m\u0131n\u0131 kullan\u0131r. \u0130zleyiciler g\u00f6zlemlerini belgelendirir, geri bildirim toplar ve projenin hedefleriyle uyumlu olup olmad\u0131\u011f\u0131n\u0131 de\u011ferlendirir. Saha ara\u015ft\u0131rmalar\u0131, izlemenin somut kan\u0131tlara ve sahadaki ger\u00e7ekli\u011fe dayanmas\u0131n\u0131 sa\u011flar.<\/p>\n<ol start=\"5\">\n<li><strong> De\u011ferlendirme Raporu:<\/strong><\/li>\n<\/ol>\n<p>Bu a\u015famada, \u00f6nceki a\u015famalardan toplanan verileri ve g\u00f6r\u00fc\u015flerin kapsaml\u0131 bir de\u011ferlendirme raporunda derlemek i\u00e7in sivil izleme ara\u00e7lar\u0131 kullan\u0131l\u0131r. Bu raporda bulgular \u00f6zetlenir, ba\u015far\u0131lar vurgulan\u0131r, problemler tan\u0131mlan\u0131r ve projenin veya politikan\u0131n iyile\u015ftirilmesi i\u00e7in kan\u0131ta dayal\u0131 \u00f6neriler sunulur. Rapor, hem h\u00fck\u00fcmet yetkilileri hem de kamuoyu i\u00e7in kritik bir belge i\u015flevi g\u00f6rerek \u015feffafl\u0131\u011f\u0131 ve hesap verebilirli\u011fi te\u015fvik eder.<\/p>\n<ol start=\"6\">\n<li><strong> Kamusal Fark\u0131ndal\u0131k:<\/strong><\/li>\n<\/ol>\n<p>KAmusal fark\u0131ndal\u0131k, sivil izleme arac\u0131n\u0131n de\u011ferlendirme raporunun ve bulgular\u0131n\u0131n yayg\u0131nla\u015ft\u0131r\u0131lmas\u0131nda kilit bir rol oynayan son a\u015famad\u0131r. Vatanda\u015flar\u0131 sonu\u00e7lar\u0131n tart\u0131\u015f\u0131lmas\u0131na, politika de\u011fi\u015fikliklerinin savunulmas\u0131na ve projenin sonu\u00e7lar\u0131 hakk\u0131nda fark\u0131ndal\u0131k yarat\u0131lmas\u0131na dahil eder. Sivil izleme ara\u00e7lar\u0131, bulgular\u0131n yayg\u0131n bir \u015fekilde payla\u015f\u0131lmas\u0131n\u0131 ve anla\u015f\u0131lmas\u0131n\u0131 sa\u011flamak i\u00e7in kampanyalar olu\u015fturulmas\u0131na, \u00e7al\u0131\u015ftaylar d\u00fczenlenmesine ve \u00e7e\u015fitli ileti\u015fim kanallar\u0131n\u0131n kullan\u0131lmas\u0131na yard\u0131mc\u0131 olarak \u015feffafl\u0131k ve hesap verebilirlik k\u00fclt\u00fcr\u00fcn\u00fc te\u015fvik eder.<\/p>\n<p>\u00d6zetle, bir sivil izleme arac\u0131n\u0131 uygulaman\u0131n alt\u0131 a\u015famas\u0131 &#8211; <em>proje se\u00e7imi, toplumsal kat\u0131l\u0131m, ara\u015ft\u0131rma ve analiz, saha ara\u015ft\u0131rmas\u0131, de\u011ferlendirme raporu ve kamusal fark\u0131ndal\u0131k <\/em>&#8211; vatanda\u015flar\u0131n kamu politikalar\u0131n\u0131n de\u011ferlendirilmesine ve kaynak tahsisine aktif olarak kat\u0131lmalar\u0131n\u0131 sa\u011flayan kapsaml\u0131 bir s\u00fcre\u00e7 olu\u015fturur. Bu ara\u00e7lar \u015feffafl\u0131k, hesap verebilirlik ve bilin\u00e7li karar alma s\u00fcre\u00e7lerini destekleyerek y\u00f6neti\u015fimin toplumun ihtiya\u00e7 ve endi\u015felerine daha duyarl\u0131 olmas\u0131n\u0131 sa\u011flamak konusunda kritik \u00f6neme sahiptir.<\/p>","protected":false},"excerpt":{"rendered":"<p>Sivil izleme ara\u00e7lar\u0131 \u015feffafl\u0131\u011f\u0131n, hesap verebilirli\u011fin ve vatanda\u015flar\u0131n y\u00f6netime kat\u0131l\u0131m\u0131n\u0131n sa\u011flanmas\u0131nda \u00f6nemli bir rol oynar. Bu ara\u00e7lar, etkilerini en \u00fcst d\u00fczeye \u00e7\u0131karmak i\u00e7in alt\u0131 farkl\u0131 a\u015famay\u0131 kapsayan, yap\u0131land\u0131r\u0131lm\u0131\u015f bir s\u00fcre\u00e7 izler. Her bir a\u015fama, sivil izleme ara\u00e7lar\u0131n\u0131n uygulanmas\u0131nda hayati bir rol oynar ve s\u00fcrecin genel etkinli\u011fine katk\u0131da bulunur. BI\u0307R SI\u0307VI\u0307L I\u0307ZLEME ARACINI UYGULAMA A\u015eAMALARI Proje&hellip;&nbsp;<a href=\"https:\/\/civicgreen.erasmus.site\/tr\/civic-monitoring-tool\/the-6-phases-of-applying-a-civic-monitoring-tool\/\" rel=\"bookmark\">Daha fazlas\u0131n\u0131 oku &raquo;<span class=\"screen-reader-text\">BI\u0307R SI\u0307VI\u0307L I\u0307ZLEME ARACINI UYGULAMANIN 6 A\u015eAMASI<\/span><\/a><\/p>\n","protected":false},"author":1,"featured_media":0,"parent":103,"menu_order":0,"comment_status":"closed","ping_status":"closed","template":"","meta":{"neve_meta_sidebar":"","neve_meta_container":"","neve_meta_enable_content_width":"off","neve_meta_content_width":100,"neve_meta_title_alignment":"","neve_meta_author_avatar":"","neve_post_elements_order":"","neve_meta_disable_header":"","neve_meta_disable_footer":"","neve_meta_disable_title":"on","footnotes":""},"class_list":["post-441","page","type-page","status-publish","hentry"],"_links":{"self":[{"href":"https:\/\/civicgreen.erasmus.site\/tr\/wp-json\/wp\/v2\/pages\/441","targetHints":{"allow":["GET"]}}],"collection":[{"href":"https:\/\/civicgreen.erasmus.site\/tr\/wp-json\/wp\/v2\/pages"}],"about":[{"href":"https:\/\/civicgreen.erasmus.site\/tr\/wp-json\/wp\/v2\/types\/page"}],"author":[{"embeddable":true,"href":"https:\/\/civicgreen.erasmus.site\/tr\/wp-json\/wp\/v2\/users\/1"}],"replies":[{"embeddable":true,"href":"https:\/\/civicgreen.erasmus.site\/tr\/wp-json\/wp\/v2\/comments?post=441"}],"version-history":[{"count":8,"href":"https:\/\/civicgreen.erasmus.site\/tr\/wp-json\/wp\/v2\/pages\/441\/revisions"}],"predecessor-version":[{"id":913,"href":"https:\/\/civicgreen.erasmus.site\/tr\/wp-json\/wp\/v2\/pages\/441\/revisions\/913"}],"up":[{"embeddable":true,"href":"https:\/\/civicgreen.erasmus.site\/tr\/wp-json\/wp\/v2\/pages\/103"}],"wp:attachment":[{"href":"https:\/\/civicgreen.erasmus.site\/tr\/wp-json\/wp\/v2\/media?parent=441"}],"curies":[{"name":"wp","href":"https:\/\/api.w.org\/{rel}","templated":true}]}}