{"id":501,"date":"2024-04-25T19:05:24","date_gmt":"2024-04-25T19:05:24","guid":{"rendered":"https:\/\/civicgreen.erasmus.site\/?page_id=501"},"modified":"2024-06-13T09:45:30","modified_gmt":"2024-06-13T09:45:30","slug":"1-civic-action-and-commitment","status":"publish","type":"page","link":"https:\/\/civicgreen.erasmus.site\/tr\/platform\/1-civic-action-and-commitment\/","title":{"rendered":"1. SIVIL EYLEM VE BA\u011eLILIK"},"content":{"rendered":"\t\t<div data-elementor-type=\"wp-page\" data-elementor-id=\"501\" class=\"elementor elementor-501\">\n\t\t\t\t<div class=\"elementor-element elementor-element-18f8ca0e e-flex e-con-boxed e-con e-parent\" data-id=\"18f8ca0e\" data-element_type=\"container\" data-e-type=\"container\">\n\t\t\t\t\t<div class=\"e-con-inner\">\n\t\t\t\t<div class=\"elementor-element elementor-element-1c68eef6 elementor-widget elementor-widget-shortcode\" data-id=\"1c68eef6\" data-element_type=\"widget\" data-e-type=\"widget\" data-widget_type=\"shortcode.default\">\n\t\t\t\t<div class=\"elementor-widget-container\">\n\t\t\t\t\t\t\t<div class=\"elementor-shortcode\"><nav aria-label=\"breadcrumbs\">\n            <div class=\"breadcrumb-container theme5\">\n                <ol>\n                                    <\/ol>\n            <\/div>\n        <\/nav>    <script type=\"application\/ld+json\">\n        {\n            \"@context\": \"http:\/\/schema.org\",\n            \"@type\": \"BreadcrumbList\",\n            \"itemListElement\": [\n                            ]\n        }\n    <\/script>\n   \n    <script>\n            <\/script>\n\r\n<\/div>\n\t\t\t\t\t\t<\/div>\n\t\t\t\t<\/div>\n\t\t\t\t\t<\/div>\n\t\t\t\t<\/div>\n\t\t<div class=\"elementor-element elementor-element-c8e516d e-flex e-con-boxed e-con e-parent\" data-id=\"c8e516d\" data-element_type=\"container\" data-e-type=\"container\">\n\t\t\t\t\t<div class=\"e-con-inner\">\n\t\t\t\t<div class=\"elementor-element elementor-element-de6bf00 e-transform elementor-widget elementor-widget-image\" data-id=\"de6bf00\" data-element_type=\"widget\" data-e-type=\"widget\" data-settings=\"{&quot;_transform_translateX_effect&quot;:{&quot;unit&quot;:&quot;px&quot;,&quot;size&quot;:&quot;&quot;,&quot;sizes&quot;:[]},&quot;_transform_translateX_effect_tablet&quot;:{&quot;unit&quot;:&quot;px&quot;,&quot;size&quot;:&quot;&quot;,&quot;sizes&quot;:[]},&quot;_transform_translateX_effect_mobile&quot;:{&quot;unit&quot;:&quot;px&quot;,&quot;size&quot;:&quot;&quot;,&quot;sizes&quot;:[]},&quot;_transform_translateY_effect&quot;:{&quot;unit&quot;:&quot;px&quot;,&quot;size&quot;:&quot;&quot;,&quot;sizes&quot;:[]},&quot;_transform_translateY_effect_tablet&quot;:{&quot;unit&quot;:&quot;px&quot;,&quot;size&quot;:&quot;&quot;,&quot;sizes&quot;:[]},&quot;_transform_translateY_effect_mobile&quot;:{&quot;unit&quot;:&quot;px&quot;,&quot;size&quot;:&quot;&quot;,&quot;sizes&quot;:[]}}\" data-widget_type=\"image.default\">\n\t\t\t\t<div class=\"elementor-widget-container\">\n\t\t\t\t\t\t\t\t\t\t\t\t\t\t\t<img fetchpriority=\"high\" decoding=\"async\" width=\"300\" height=\"300\" src=\"https:\/\/civicgreen.erasmus.site\/wp-content\/uploads\/2024\/04\/module-1.png\" class=\"attachment-medium size-medium wp-image-153\" alt=\"\" srcset=\"https:\/\/civicgreen.erasmus.site\/wp-content\/uploads\/2024\/04\/module-1.png 300w, https:\/\/civicgreen.erasmus.site\/wp-content\/uploads\/2024\/04\/module-1-150x150.png 150w\" sizes=\"(max-width: 300px) 100vw, 300px\" \/>\t\t\t\t\t\t\t\t\t\t\t\t\t\t\t<\/div>\n\t\t\t\t<\/div>\n\t\t\t\t<div class=\"elementor-element elementor-element-1d8aecd elementor-widget elementor-widget-text-editor\" data-id=\"1d8aecd\" data-element_type=\"widget\" data-e-type=\"widget\" data-widget_type=\"text-editor.default\">\n\t\t\t\t<div class=\"elementor-widget-container\">\n\t\t\t\t\t\t\t\t\t<p><strong>1. MOD\u00dcL: SIVIL EYLEM VE BA\u011eLILIK<br \/><\/strong><\/p>\t\t\t\t\t\t\t\t<\/div>\n\t\t\t\t<\/div>\n\t\t\t\t\t<\/div>\n\t\t\t\t<\/div>\n\t\t<div class=\"elementor-element elementor-element-71994ea e-flex e-con-boxed e-con e-parent\" data-id=\"71994ea\" data-element_type=\"container\" data-e-type=\"container\">\n\t\t\t\t\t<div class=\"e-con-inner\">\n\t\t\t\t<div class=\"elementor-element elementor-element-b465a50 elementor-widget elementor-widget-text-editor\" data-id=\"b465a50\" data-element_type=\"widget\" data-e-type=\"widget\" data-widget_type=\"text-editor.default\">\n\t\t\t\t<div class=\"elementor-widget-container\">\n\t\t\t\t\t\t\t\t\t<p>Sivil eylem ve ba\u011fl\u0131l\u0131k, bireylerin olumlu y\u00f6nde de\u011fi\u015fimi ba\u015flatmak ve toplumda bir fark yaratmak i\u00e7in aktif kat\u0131l\u0131m\u0131n\u0131 ve \u00f6zverisini gerektirir. Toplumsal kat\u0131l\u0131m, savunuculuk, g\u00f6n\u00fcll\u00fcl\u00fck ve sosyal, \u00e7evresel ve siyasi sorunlar\u0131n \u00fcstesinden gelmek i\u00e7in liderlik rolleri \u00fcstlenme gibi \u00e7e\u015fitli faaliyetleri kapsar. Sivil eylem, bireylerin vatanda\u015f olarak kendi sorumluluklar\u0131n\u0131n fark\u0131na varmalar\u0131n\u0131 ve kendileri ve toplum i\u00e7in daha iyi bir gelecek yaratmak \u00fczere aktif olarak \u00e7al\u0131\u015fmalar\u0131 anlam\u0131na gelir.<\/p><p>Sivil eylem ve ba\u011fl\u0131l\u0131k yetkinli\u011fine sahip ki\u015filer sosyal, \u00e7evresel ve siyasi konular hakk\u0131nda derin bir anlay\u0131\u015fa sahip olurlar. Ayr\u0131ca, etkili ileti\u015fim, i\u015fbirli\u011fi ve sorun \u00e7\u00f6zme becerilerine sahip olarak kaynaklar\u0131 do\u011fru bir bi\u00e7imde harekete ge\u00e7irebilir ve kolektif eylemde bulunabilirler. Toplumun refah\u0131na \u00f6ncelik vererek ve sosyal adalet ve s\u00fcrd\u00fcr\u00fclebilirli\u011fi savunarak empati, kapsay\u0131c\u0131l\u0131k ve esneklik g\u00f6sterebilirler. Bu ki\u015filer kazand\u0131klar\u0131 bilgi, beceri ve tutumlar\u0131yla, daha e\u015fitlik\u00e7i ve s\u00fcrd\u00fcr\u00fclebilir bir gelecek i\u00e7in \u00e7al\u0131\u015farak olumlu de\u011fi\u015fime aktif olarak katk\u0131da bulunurlar.<\/p>\t\t\t\t\t\t\t\t<\/div>\n\t\t\t\t<\/div>\n\t\t\t\t\t<\/div>\n\t\t\t\t<\/div>\n\t\t<div class=\"elementor-element elementor-element-e90fa60 e-flex e-con-boxed e-con e-child\" data-id=\"e90fa60\" data-element_type=\"container\" data-e-type=\"container\">\n\t\t\t\t\t<div class=\"e-con-inner\">\n\t\t<div class=\"elementor-element elementor-element-03e30e3 e-grid e-con-boxed e-con e-child\" data-id=\"03e30e3\" data-element_type=\"container\" data-e-type=\"container\">\n\t\t\t\t\t<div class=\"e-con-inner\">\n\t\t\t\t<div class=\"elementor-element elementor-element-1f1be91 elementor-align-center elementor-widget elementor-widget-button\" data-id=\"1f1be91\" data-element_type=\"widget\" data-e-type=\"widget\" data-widget_type=\"button.default\">\n\t\t\t\t<div class=\"elementor-widget-container\">\n\t\t\t\t\t\t\t\t\t<div class=\"elementor-button-wrapper\">\n\t\t\t\t\t<a class=\"elementor-button elementor-button-link elementor-size-sm\" href=\"https:\/\/civicgreen.erasmus.site\/platform\/1-civic-action-and-commitment\/e-learning\/\">\n\t\t\t\t\t\t<span class=\"elementor-button-content-wrapper\">\n\t\t\t\t\t\t\t\t\t<span class=\"elementor-button-text\">E-\u00d6\u011frenme<\/span>\n\t\t\t\t\t<\/span>\n\t\t\t\t\t<\/a>\n\t\t\t\t<\/div>\n\t\t\t\t\t\t\t\t<\/div>\n\t\t\t\t<\/div>\n\t\t\t\t<div class=\"elementor-element elementor-element-d47a73e elementor-align-center elementor-widget elementor-widget-button\" data-id=\"d47a73e\" data-element_type=\"widget\" data-e-type=\"widget\" data-widget_type=\"button.default\">\n\t\t\t\t<div class=\"elementor-widget-container\">\n\t\t\t\t\t\t\t\t\t<div class=\"elementor-button-wrapper\">\n\t\t\t\t\t<a class=\"elementor-button elementor-button-link elementor-size-sm\" href=\"https:\/\/civicgreen.erasmus.site\/platform\/1-civic-action-and-commitment\/community-of-practice\/\">\n\t\t\t\t\t\t<span class=\"elementor-button-content-wrapper\">\n\t\t\t\t\t\t\t\t\t<span class=\"elementor-button-text\">Uygulama seti<\/span>\n\t\t\t\t\t<\/span>\n\t\t\t\t\t<\/a>\n\t\t\t\t<\/div>\n\t\t\t\t\t\t\t\t<\/div>\n\t\t\t\t<\/div>\n\t\t\t\t\t<\/div>\n\t\t\t\t<\/div>\n\t\t\t\t\t<\/div>\n\t\t\t\t<\/div>\n\t\t\t\t<\/div>\n\t\t","protected":false},"excerpt":{"rendered":"<p>1. MOD\u00dcL: SIVIL EYLEM VE BA\u011eLILIK Sivil eylem ve ba\u011fl\u0131l\u0131k, bireylerin olumlu y\u00f6nde de\u011fi\u015fimi ba\u015flatmak ve toplumda bir fark yaratmak i\u00e7in aktif kat\u0131l\u0131m\u0131n\u0131 ve \u00f6zverisini gerektirir. Toplumsal kat\u0131l\u0131m, savunuculuk, g\u00f6n\u00fcll\u00fcl\u00fck ve sosyal, \u00e7evresel ve siyasi sorunlar\u0131n \u00fcstesinden gelmek i\u00e7in liderlik rolleri \u00fcstlenme gibi \u00e7e\u015fitli faaliyetleri kapsar. Sivil eylem, bireylerin vatanda\u015f olarak kendi sorumluluklar\u0131n\u0131n fark\u0131na varmalar\u0131n\u0131&hellip;&nbsp;<a href=\"https:\/\/civicgreen.erasmus.site\/tr\/platform\/1-civic-action-and-commitment\/\" rel=\"bookmark\">Daha fazlas\u0131n\u0131 oku &raquo;<span class=\"screen-reader-text\">1. SIVIL EYLEM VE BA\u011eLILIK<\/span><\/a><\/p>\n","protected":false},"author":1,"featured_media":0,"parent":41,"menu_order":0,"comment_status":"closed","ping_status":"closed","template":"","meta":{"neve_meta_sidebar":"","neve_meta_container":"","neve_meta_enable_content_width":"off","neve_meta_content_width":100,"neve_meta_title_alignment":"","neve_meta_author_avatar":"","neve_post_elements_order":"","neve_meta_disable_header":"","neve_meta_disable_footer":"","neve_meta_disable_title":"on","footnotes":""},"class_list":["post-501","page","type-page","status-publish","hentry"],"_links":{"self":[{"href":"https:\/\/civicgreen.erasmus.site\/tr\/wp-json\/wp\/v2\/pages\/501","targetHints":{"allow":["GET"]}}],"collection":[{"href":"https:\/\/civicgreen.erasmus.site\/tr\/wp-json\/wp\/v2\/pages"}],"about":[{"href":"https:\/\/civicgreen.erasmus.site\/tr\/wp-json\/wp\/v2\/types\/page"}],"author":[{"embeddable":true,"href":"https:\/\/civicgreen.erasmus.site\/tr\/wp-json\/wp\/v2\/users\/1"}],"replies":[{"embeddable":true,"href":"https:\/\/civicgreen.erasmus.site\/tr\/wp-json\/wp\/v2\/comments?post=501"}],"version-history":[{"count":56,"href":"https:\/\/civicgreen.erasmus.site\/tr\/wp-json\/wp\/v2\/pages\/501\/revisions"}],"predecessor-version":[{"id":1242,"href":"https:\/\/civicgreen.erasmus.site\/tr\/wp-json\/wp\/v2\/pages\/501\/revisions\/1242"}],"up":[{"embeddable":true,"href":"https:\/\/civicgreen.erasmus.site\/tr\/wp-json\/wp\/v2\/pages\/41"}],"wp:attachment":[{"href":"https:\/\/civicgreen.erasmus.site\/tr\/wp-json\/wp\/v2\/media?parent=501"}],"curies":[{"name":"wp","href":"https:\/\/api.w.org\/{rel}","templated":true}]}}