{"id":506,"date":"2024-04-25T19:10:13","date_gmt":"2024-04-25T19:10:13","guid":{"rendered":"https:\/\/civicgreen.erasmus.site\/?page_id=506"},"modified":"2024-06-13T09:49:19","modified_gmt":"2024-06-13T09:49:19","slug":"8-grassroots-activism","status":"publish","type":"page","link":"https:\/\/civicgreen.erasmus.site\/tr\/platform\/8-grassroots-activism\/","title":{"rendered":"8. TABAN HAREKET\u0130"},"content":{"rendered":"\t\t<div data-elementor-type=\"wp-page\" data-elementor-id=\"506\" class=\"elementor elementor-506\">\n\t\t\t\t<div class=\"elementor-element elementor-element-18f8ca0e e-flex e-con-boxed e-con e-parent\" data-id=\"18f8ca0e\" data-element_type=\"container\" data-e-type=\"container\">\n\t\t\t\t\t<div class=\"e-con-inner\">\n\t\t\t\t<div class=\"elementor-element elementor-element-1c68eef6 elementor-widget elementor-widget-shortcode\" data-id=\"1c68eef6\" data-element_type=\"widget\" data-e-type=\"widget\" data-widget_type=\"shortcode.default\">\n\t\t\t\t<div class=\"elementor-widget-container\">\n\t\t\t\t\t\t\t<div class=\"elementor-shortcode\"><nav aria-label=\"breadcrumbs\">\n            <div class=\"breadcrumb-container theme5\">\n                <ol>\n                                    <\/ol>\n            <\/div>\n        <\/nav>    <script type=\"application\/ld+json\">\n        {\n            \"@context\": \"http:\/\/schema.org\",\n            \"@type\": \"BreadcrumbList\",\n            \"itemListElement\": [\n                            ]\n        }\n    <\/script>\n   \n    <script>\n            <\/script>\n\r\n<\/div>\n\t\t\t\t\t\t<\/div>\n\t\t\t\t<\/div>\n\t\t\t\t\t<\/div>\n\t\t\t\t<\/div>\n\t\t<div class=\"elementor-element elementor-element-c8e516d e-flex e-con-boxed e-con e-parent\" data-id=\"c8e516d\" data-element_type=\"container\" data-e-type=\"container\">\n\t\t\t\t\t<div class=\"e-con-inner\">\n\t\t\t\t<div class=\"elementor-element elementor-element-5d94774 elementor-widget elementor-widget-image\" data-id=\"5d94774\" data-element_type=\"widget\" data-e-type=\"widget\" data-widget_type=\"image.default\">\n\t\t\t\t<div class=\"elementor-widget-container\">\n\t\t\t\t\t\t\t\t\t\t\t\t\t\t\t<img fetchpriority=\"high\" decoding=\"async\" width=\"300\" height=\"300\" src=\"https:\/\/civicgreen.erasmus.site\/wp-content\/uploads\/2024\/04\/module-8.png\" class=\"attachment-large size-large wp-image-144\" alt=\"\" srcset=\"https:\/\/civicgreen.erasmus.site\/wp-content\/uploads\/2024\/04\/module-8.png 300w, https:\/\/civicgreen.erasmus.site\/wp-content\/uploads\/2024\/04\/module-8-150x150.png 150w\" sizes=\"(max-width: 300px) 100vw, 300px\" \/>\t\t\t\t\t\t\t\t\t\t\t\t\t\t\t<\/div>\n\t\t\t\t<\/div>\n\t\t\t\t<div class=\"elementor-element elementor-element-1d8aecd elementor-widget elementor-widget-text-editor\" data-id=\"1d8aecd\" data-element_type=\"widget\" data-e-type=\"widget\" data-widget_type=\"text-editor.default\">\n\t\t\t\t<div class=\"elementor-widget-container\">\n\t\t\t\t\t\t\t\t\t<p><strong>8. MOD\u00dcL: TABAN HAREKET\u0130<\/strong><\/p>\t\t\t\t\t\t\t\t<\/div>\n\t\t\t\t<\/div>\n\t\t\t\t\t<\/div>\n\t\t\t\t<\/div>\n\t\t<div class=\"elementor-element elementor-element-71994ea e-flex e-con-boxed e-con e-parent\" data-id=\"71994ea\" data-element_type=\"container\" data-e-type=\"container\">\n\t\t\t\t\t<div class=\"e-con-inner\">\n\t\t\t\t<div class=\"elementor-element elementor-element-b465a50 elementor-widget elementor-widget-text-editor\" data-id=\"b465a50\" data-element_type=\"widget\" data-e-type=\"widget\" data-widget_type=\"text-editor.default\">\n\t\t\t\t<div class=\"elementor-widget-container\">\n\t\t\t\t\t\t\t\t\t<p>Tabandan hareketi, \u00e7evresel, sosyal ve ekonomik sorunlar\u0131 ele alan s\u00fcrd\u00fcr\u00fclebilir uygulamalar\u0131 ve giri\u015fimleri te\u015fvik etmek ve uygulamak i\u00e7in bir araya gelen bireylerin, topluluklar\u0131n ve k\u00fc\u00e7\u00fck gruplar\u0131n tabandan yukar\u0131ya \u00f6rg\u00fctlenme yakla\u015f\u0131m\u0131n\u0131 ifade eder. Tabandan gelen bu \u00e7abalar, yerel d\u00fczeyde s\u00fcrd\u00fcr\u00fclebilirlik hedeflerinin ilerletilmesinde \u00f6nemli bir rol oynar ve genellikle daha geni\u015f k\u00fcresel s\u00fcrd\u00fcr\u00fclebilirlik \u00e7abalar\u0131na katk\u0131da bulunur.<\/p><p>Bu yetkinlik alan\u0131, vatanda\u015flar\u0131 kendi toplumlar\u0131nda s\u00fcrd\u00fcr\u00fclebilirli\u011fi yayg\u0131nla\u015ft\u0131ran tabandan gelen giri\u015fimlere liderlik etmeleri ve bu giri\u015fimlere kat\u0131lmalar\u0131 i\u00e7in bilgi, beceri ve tutumlarla donatmak \u00fczere tasarlanm\u0131\u015ft\u0131r. Bu yetkinlik alan\u0131, bireyleri tabandan yukar\u0131ya do\u011fru olumlu bir de\u011fi\u015fim yaratmalar\u0131 ve daha s\u00fcrd\u00fcr\u00fclebilir bir d\u00fcnyaya katk\u0131da bulunmalar\u0131 i\u00e7in g\u00fc\u00e7lendiren geni\u015f bir konu yelpazesini kapsamaktad\u0131r.<\/p>\t\t\t\t\t\t\t\t<\/div>\n\t\t\t\t<\/div>\n\t\t\t\t\t<\/div>\n\t\t\t\t<\/div>\n\t\t<div class=\"elementor-element elementor-element-e90fa60 e-flex e-con-boxed e-con e-child\" data-id=\"e90fa60\" data-element_type=\"container\" data-e-type=\"container\">\n\t\t\t\t\t<div class=\"e-con-inner\">\n\t\t<div class=\"elementor-element elementor-element-03e30e3 e-grid e-con-boxed e-con e-child\" data-id=\"03e30e3\" data-element_type=\"container\" data-e-type=\"container\">\n\t\t\t\t\t<div class=\"e-con-inner\">\n\t\t\t\t<div class=\"elementor-element elementor-element-1f1be91 elementor-align-center elementor-widget elementor-widget-button\" data-id=\"1f1be91\" data-element_type=\"widget\" data-e-type=\"widget\" data-widget_type=\"button.default\">\n\t\t\t\t<div class=\"elementor-widget-container\">\n\t\t\t\t\t\t\t\t\t<div class=\"elementor-button-wrapper\">\n\t\t\t\t\t<a class=\"elementor-button elementor-button-link elementor-size-sm\" href=\"https:\/\/civicgreen.erasmus.site\/platform\/8-grassroots-activism\/e-learning\/\">\n\t\t\t\t\t\t<span class=\"elementor-button-content-wrapper\">\n\t\t\t\t\t\t\t\t\t<span class=\"elementor-button-text\">E-\u00d6\u011frenme<\/span>\n\t\t\t\t\t<\/span>\n\t\t\t\t\t<\/a>\n\t\t\t\t<\/div>\n\t\t\t\t\t\t\t\t<\/div>\n\t\t\t\t<\/div>\n\t\t\t\t<div class=\"elementor-element elementor-element-d47a73e elementor-align-center elementor-widget elementor-widget-button\" data-id=\"d47a73e\" data-element_type=\"widget\" data-e-type=\"widget\" data-widget_type=\"button.default\">\n\t\t\t\t<div class=\"elementor-widget-container\">\n\t\t\t\t\t\t\t\t\t<div class=\"elementor-button-wrapper\">\n\t\t\t\t\t<a class=\"elementor-button elementor-button-link elementor-size-sm\" href=\"https:\/\/civicgreen.erasmus.site\/platform\/8-grassroots-activism\/community-of-practice\/\">\n\t\t\t\t\t\t<span class=\"elementor-button-content-wrapper\">\n\t\t\t\t\t\t\t\t\t<span class=\"elementor-button-text\">Uygulama seti<\/span>\n\t\t\t\t\t<\/span>\n\t\t\t\t\t<\/a>\n\t\t\t\t<\/div>\n\t\t\t\t\t\t\t\t<\/div>\n\t\t\t\t<\/div>\n\t\t\t\t\t<\/div>\n\t\t\t\t<\/div>\n\t\t\t\t\t<\/div>\n\t\t\t\t<\/div>\n\t\t\t\t<\/div>\n\t\t","protected":false},"excerpt":{"rendered":"<p>8. MOD\u00dcL: TABAN HAREKET\u0130 Tabandan hareketi, \u00e7evresel, sosyal ve ekonomik sorunlar\u0131 ele alan s\u00fcrd\u00fcr\u00fclebilir uygulamalar\u0131 ve giri\u015fimleri te\u015fvik etmek ve uygulamak i\u00e7in bir araya gelen bireylerin, topluluklar\u0131n ve k\u00fc\u00e7\u00fck gruplar\u0131n tabandan yukar\u0131ya \u00f6rg\u00fctlenme yakla\u015f\u0131m\u0131n\u0131 ifade eder. Tabandan gelen bu \u00e7abalar, yerel d\u00fczeyde s\u00fcrd\u00fcr\u00fclebilirlik hedeflerinin ilerletilmesinde \u00f6nemli bir rol oynar ve genellikle daha geni\u015f k\u00fcresel s\u00fcrd\u00fcr\u00fclebilirlik&hellip;&nbsp;<a href=\"https:\/\/civicgreen.erasmus.site\/tr\/platform\/8-grassroots-activism\/\" rel=\"bookmark\">Daha fazlas\u0131n\u0131 oku &raquo;<span class=\"screen-reader-text\">8. TABAN HAREKET\u0130<\/span><\/a><\/p>\n","protected":false},"author":1,"featured_media":0,"parent":41,"menu_order":0,"comment_status":"closed","ping_status":"closed","template":"","meta":{"neve_meta_sidebar":"","neve_meta_container":"","neve_meta_enable_content_width":"off","neve_meta_content_width":100,"neve_meta_title_alignment":"","neve_meta_author_avatar":"","neve_post_elements_order":"","neve_meta_disable_header":"","neve_meta_disable_footer":"","neve_meta_disable_title":"on","footnotes":""},"class_list":["post-506","page","type-page","status-publish","hentry"],"_links":{"self":[{"href":"https:\/\/civicgreen.erasmus.site\/tr\/wp-json\/wp\/v2\/pages\/506","targetHints":{"allow":["GET"]}}],"collection":[{"href":"https:\/\/civicgreen.erasmus.site\/tr\/wp-json\/wp\/v2\/pages"}],"about":[{"href":"https:\/\/civicgreen.erasmus.site\/tr\/wp-json\/wp\/v2\/types\/page"}],"author":[{"embeddable":true,"href":"https:\/\/civicgreen.erasmus.site\/tr\/wp-json\/wp\/v2\/users\/1"}],"replies":[{"embeddable":true,"href":"https:\/\/civicgreen.erasmus.site\/tr\/wp-json\/wp\/v2\/comments?post=506"}],"version-history":[{"count":75,"href":"https:\/\/civicgreen.erasmus.site\/tr\/wp-json\/wp\/v2\/pages\/506\/revisions"}],"predecessor-version":[{"id":1263,"href":"https:\/\/civicgreen.erasmus.site\/tr\/wp-json\/wp\/v2\/pages\/506\/revisions\/1263"}],"up":[{"embeddable":true,"href":"https:\/\/civicgreen.erasmus.site\/tr\/wp-json\/wp\/v2\/pages\/41"}],"wp:attachment":[{"href":"https:\/\/civicgreen.erasmus.site\/tr\/wp-json\/wp\/v2\/media?parent=506"}],"curies":[{"name":"wp","href":"https:\/\/api.w.org\/{rel}","templated":true}]}}