{"id":520,"date":"2024-04-25T19:16:45","date_gmt":"2024-04-25T19:16:45","guid":{"rendered":"https:\/\/civicgreen.erasmus.site\/?page_id=520"},"modified":"2024-06-13T09:46:54","modified_gmt":"2024-06-13T09:46:54","slug":"4-advocacy-for-change","status":"publish","type":"page","link":"https:\/\/civicgreen.erasmus.site\/tr\/platform\/4-advocacy-for-change\/","title":{"rendered":"4. DE\u011e\u0130\u015e\u0130M \u0130\u00c7\u0130N SAVUNUCULUK"},"content":{"rendered":"\t\t<div data-elementor-type=\"wp-page\" data-elementor-id=\"520\" class=\"elementor elementor-520\">\n\t\t\t\t<div class=\"elementor-element elementor-element-18f8ca0e e-flex e-con-boxed e-con e-parent\" data-id=\"18f8ca0e\" data-element_type=\"container\" data-e-type=\"container\">\n\t\t\t\t\t<div class=\"e-con-inner\">\n\t\t\t\t<div class=\"elementor-element elementor-element-1c68eef6 elementor-widget elementor-widget-shortcode\" data-id=\"1c68eef6\" data-element_type=\"widget\" data-e-type=\"widget\" data-widget_type=\"shortcode.default\">\n\t\t\t\t<div class=\"elementor-widget-container\">\n\t\t\t\t\t\t\t<div class=\"elementor-shortcode\"><nav aria-label=\"breadcrumbs\">\n            <div class=\"breadcrumb-container theme5\">\n                <ol>\n                                    <\/ol>\n            <\/div>\n        <\/nav>    <script type=\"application\/ld+json\">\n        {\n            \"@context\": \"http:\/\/schema.org\",\n            \"@type\": \"BreadcrumbList\",\n            \"itemListElement\": [\n                            ]\n        }\n    <\/script>\n   \n    <script>\n            <\/script>\n\r\n<\/div>\n\t\t\t\t\t\t<\/div>\n\t\t\t\t<\/div>\n\t\t\t\t<div class=\"elementor-element elementor-element-a04f32b elementor-widget elementor-widget-image\" data-id=\"a04f32b\" data-element_type=\"widget\" data-e-type=\"widget\" data-widget_type=\"image.default\">\n\t\t\t\t<div class=\"elementor-widget-container\">\n\t\t\t\t\t\t\t\t\t\t\t\t\t\t\t<img fetchpriority=\"high\" decoding=\"async\" width=\"300\" height=\"300\" src=\"https:\/\/civicgreen.erasmus.site\/wp-content\/uploads\/2024\/04\/module-4.png\" class=\"attachment-medium size-medium wp-image-165\" alt=\"\" srcset=\"https:\/\/civicgreen.erasmus.site\/wp-content\/uploads\/2024\/04\/module-4.png 300w, https:\/\/civicgreen.erasmus.site\/wp-content\/uploads\/2024\/04\/module-4-150x150.png 150w\" sizes=\"(max-width: 300px) 100vw, 300px\" \/>\t\t\t\t\t\t\t\t\t\t\t\t\t\t\t<\/div>\n\t\t\t\t<\/div>\n\t\t\t\t\t<\/div>\n\t\t\t\t<\/div>\n\t\t<div class=\"elementor-element elementor-element-c8e516d e-flex e-con-boxed e-con e-parent\" data-id=\"c8e516d\" data-element_type=\"container\" data-e-type=\"container\">\n\t\t\t\t\t<div class=\"e-con-inner\">\n\t\t\t\t<div class=\"elementor-element elementor-element-1d8aecd elementor-widget elementor-widget-text-editor\" data-id=\"1d8aecd\" data-element_type=\"widget\" data-e-type=\"widget\" data-widget_type=\"text-editor.default\">\n\t\t\t\t<div class=\"elementor-widget-container\">\n\t\t\t\t\t\t\t\t\t<p><strong>4. MOD\u00dcL: DE\u011e\u0130\u015e\u0130M \u0130\u00c7\u0130N SAVUNUCULUK<br \/><\/strong><\/p>\t\t\t\t\t\t\t\t<\/div>\n\t\t\t\t<\/div>\n\t\t\t\t\t<\/div>\n\t\t\t\t<\/div>\n\t\t<div class=\"elementor-element elementor-element-71994ea e-flex e-con-boxed e-con e-parent\" data-id=\"71994ea\" data-element_type=\"container\" data-e-type=\"container\">\n\t\t\t\t\t<div class=\"e-con-inner\">\n\t\t\t\t<div class=\"elementor-element elementor-element-b465a50 elementor-widget elementor-widget-text-editor\" data-id=\"b465a50\" data-element_type=\"widget\" data-e-type=\"widget\" data-widget_type=\"text-editor.default\">\n\t\t\t\t<div class=\"elementor-widget-container\">\n\t\t\t\t\t\t\t\t\t<p>De\u011fi\u015fim i\u00e7in savunuculuk, toplumda anlaml\u0131 d\u00f6n\u00fc\u015f\u00fcmleri etkin bir \u015fekilde sa\u011flamak ve takip etmektir. Ayr\u0131ca, fark\u0131ndal\u0131\u011f\u0131 art\u0131rmay\u0131, politikalar\u0131 etkilemeyi ve acil sorunlar\u0131 ele almak ve olumlu etki yaratmak i\u00e7in seferber olmay\u0131 gerektirir. Stratejik ileti\u015fim, i\u015fbirli\u011fi ve kat\u0131l\u0131m yoluyla, savunucular sosyal, \u00e7evresel ve siyasi de\u011fi\u015fimi sa\u011flamak i\u00e7in \u00e7al\u0131\u015f\u0131rlar.<\/p><p>De\u011fi\u015fim i\u00e7in savunuculuk yetkinliklerine sahip ki\u015filer, sosyal adalet ve e\u015fitlik i\u00e7in g\u00fc\u00e7l\u00fc bir tutku sergilerler. Mesajlar\u0131n\u0131 etkili bir \u015fekilde ifade etmelerine ve \u00e7e\u015fitli payda\u015flarla etkile\u015fim kurmalar\u0131na olanak tan\u0131yan m\u00fckemmel ileti\u015fim becerilerine sahip olurlar. Bu bireyler proaktif, diren\u00e7li ve kararl\u0131 davran\u0131\u015flar g\u00f6stererek savunuculuk ve aktivizm yoluyla olumlu toplumsal d\u00f6n\u00fc\u015f\u00fcmler yaratmak i\u00e7in s\u00fcrekli \u00e7al\u0131\u015f\u0131rlar.<\/p>\t\t\t\t\t\t\t\t<\/div>\n\t\t\t\t<\/div>\n\t\t\t\t\t<\/div>\n\t\t\t\t<\/div>\n\t\t<div class=\"elementor-element elementor-element-e90fa60 e-flex e-con-boxed e-con e-child\" data-id=\"e90fa60\" data-element_type=\"container\" data-e-type=\"container\">\n\t\t\t\t\t<div class=\"e-con-inner\">\n\t\t<div class=\"elementor-element elementor-element-03e30e3 e-grid e-con-boxed e-con e-child\" data-id=\"03e30e3\" data-element_type=\"container\" data-e-type=\"container\">\n\t\t\t\t\t<div class=\"e-con-inner\">\n\t\t\t\t<div class=\"elementor-element elementor-element-1f1be91 elementor-align-center elementor-widget elementor-widget-button\" data-id=\"1f1be91\" data-element_type=\"widget\" data-e-type=\"widget\" data-widget_type=\"button.default\">\n\t\t\t\t<div class=\"elementor-widget-container\">\n\t\t\t\t\t\t\t\t\t<div class=\"elementor-button-wrapper\">\n\t\t\t\t\t<a class=\"elementor-button elementor-button-link elementor-size-sm\" href=\"https:\/\/civicgreen.erasmus.site\/platform\/4-advocacy-for-change\/e-learning\/\">\n\t\t\t\t\t\t<span class=\"elementor-button-content-wrapper\">\n\t\t\t\t\t\t\t\t\t<span class=\"elementor-button-text\">E-\u00d6\u011frenme<\/span>\n\t\t\t\t\t<\/span>\n\t\t\t\t\t<\/a>\n\t\t\t\t<\/div>\n\t\t\t\t\t\t\t\t<\/div>\n\t\t\t\t<\/div>\n\t\t\t\t<div class=\"elementor-element elementor-element-d47a73e elementor-align-center elementor-widget elementor-widget-button\" data-id=\"d47a73e\" data-element_type=\"widget\" data-e-type=\"widget\" data-widget_type=\"button.default\">\n\t\t\t\t<div class=\"elementor-widget-container\">\n\t\t\t\t\t\t\t\t\t<div class=\"elementor-button-wrapper\">\n\t\t\t\t\t<a class=\"elementor-button elementor-button-link elementor-size-sm\" href=\"https:\/\/civicgreen.erasmus.site\/platform\/4-advocacy-for-change\/community-of-practice\/\">\n\t\t\t\t\t\t<span class=\"elementor-button-content-wrapper\">\n\t\t\t\t\t\t\t\t\t<span class=\"elementor-button-text\">Uygulama seti<\/span>\n\t\t\t\t\t<\/span>\n\t\t\t\t\t<\/a>\n\t\t\t\t<\/div>\n\t\t\t\t\t\t\t\t<\/div>\n\t\t\t\t<\/div>\n\t\t\t\t\t<\/div>\n\t\t\t\t<\/div>\n\t\t\t\t\t<\/div>\n\t\t\t\t<\/div>\n\t\t\t\t<\/div>\n\t\t","protected":false},"excerpt":{"rendered":"<p>4. MOD\u00dcL: DE\u011e\u0130\u015e\u0130M \u0130\u00c7\u0130N SAVUNUCULUK De\u011fi\u015fim i\u00e7in savunuculuk, toplumda anlaml\u0131 d\u00f6n\u00fc\u015f\u00fcmleri etkin bir \u015fekilde sa\u011flamak ve takip etmektir. Ayr\u0131ca, fark\u0131ndal\u0131\u011f\u0131 art\u0131rmay\u0131, politikalar\u0131 etkilemeyi ve acil sorunlar\u0131 ele almak ve olumlu etki yaratmak i\u00e7in seferber olmay\u0131 gerektirir. Stratejik ileti\u015fim, i\u015fbirli\u011fi ve kat\u0131l\u0131m yoluyla, savunucular sosyal, \u00e7evresel ve siyasi de\u011fi\u015fimi sa\u011flamak i\u00e7in \u00e7al\u0131\u015f\u0131rlar. De\u011fi\u015fim i\u00e7in savunuculuk yetkinliklerine&hellip;&nbsp;<a href=\"https:\/\/civicgreen.erasmus.site\/tr\/platform\/4-advocacy-for-change\/\" rel=\"bookmark\">Daha fazlas\u0131n\u0131 oku &raquo;<span class=\"screen-reader-text\">4. DE\u011e\u0130\u015e\u0130M \u0130\u00c7\u0130N SAVUNUCULUK<\/span><\/a><\/p>\n","protected":false},"author":1,"featured_media":0,"parent":41,"menu_order":0,"comment_status":"closed","ping_status":"closed","template":"","meta":{"neve_meta_sidebar":"","neve_meta_container":"","neve_meta_enable_content_width":"off","neve_meta_content_width":100,"neve_meta_title_alignment":"","neve_meta_author_avatar":"","neve_post_elements_order":"","neve_meta_disable_header":"","neve_meta_disable_footer":"","neve_meta_disable_title":"on","footnotes":""},"class_list":["post-520","page","type-page","status-publish","hentry"],"_links":{"self":[{"href":"https:\/\/civicgreen.erasmus.site\/tr\/wp-json\/wp\/v2\/pages\/520","targetHints":{"allow":["GET"]}}],"collection":[{"href":"https:\/\/civicgreen.erasmus.site\/tr\/wp-json\/wp\/v2\/pages"}],"about":[{"href":"https:\/\/civicgreen.erasmus.site\/tr\/wp-json\/wp\/v2\/types\/page"}],"author":[{"embeddable":true,"href":"https:\/\/civicgreen.erasmus.site\/tr\/wp-json\/wp\/v2\/users\/1"}],"replies":[{"embeddable":true,"href":"https:\/\/civicgreen.erasmus.site\/tr\/wp-json\/wp\/v2\/comments?post=520"}],"version-history":[{"count":51,"href":"https:\/\/civicgreen.erasmus.site\/tr\/wp-json\/wp\/v2\/pages\/520\/revisions"}],"predecessor-version":[{"id":1251,"href":"https:\/\/civicgreen.erasmus.site\/tr\/wp-json\/wp\/v2\/pages\/520\/revisions\/1251"}],"up":[{"embeddable":true,"href":"https:\/\/civicgreen.erasmus.site\/tr\/wp-json\/wp\/v2\/pages\/41"}],"wp:attachment":[{"href":"https:\/\/civicgreen.erasmus.site\/tr\/wp-json\/wp\/v2\/media?parent=520"}],"curies":[{"name":"wp","href":"https:\/\/api.w.org\/{rel}","templated":true}]}}