{"id":529,"date":"2024-04-25T19:27:47","date_gmt":"2024-04-25T19:27:47","guid":{"rendered":"https:\/\/civicgreen.erasmus.site\/?page_id=529"},"modified":"2024-06-13T09:47:17","modified_gmt":"2024-06-13T09:47:17","slug":"5-social-capital-social-cohesion","status":"publish","type":"page","link":"https:\/\/civicgreen.erasmus.site\/tr\/platform\/5-social-capital-social-cohesion\/","title":{"rendered":"5. SOSYAL SERMAYE VE TOPLUMSAL UYUM"},"content":{"rendered":"\t\t<div data-elementor-type=\"wp-page\" data-elementor-id=\"529\" class=\"elementor elementor-529\">\n\t\t\t\t<div class=\"elementor-element elementor-element-18f8ca0e e-flex e-con-boxed e-con e-parent\" data-id=\"18f8ca0e\" data-element_type=\"container\" data-e-type=\"container\">\n\t\t\t\t\t<div class=\"e-con-inner\">\n\t\t\t\t<div class=\"elementor-element elementor-element-1c68eef6 elementor-widget elementor-widget-shortcode\" data-id=\"1c68eef6\" data-element_type=\"widget\" data-e-type=\"widget\" data-widget_type=\"shortcode.default\">\n\t\t\t\t<div class=\"elementor-widget-container\">\n\t\t\t\t\t\t\t<div class=\"elementor-shortcode\"><nav aria-label=\"breadcrumbs\">\n            <div class=\"breadcrumb-container theme5\">\n                <ol>\n                                    <\/ol>\n            <\/div>\n        <\/nav>    <script type=\"application\/ld+json\">\n        {\n            \"@context\": \"http:\/\/schema.org\",\n            \"@type\": \"BreadcrumbList\",\n            \"itemListElement\": [\n                            ]\n        }\n    <\/script>\n   \n    <script>\n            <\/script>\n\r\n<\/div>\n\t\t\t\t\t\t<\/div>\n\t\t\t\t<\/div>\n\t\t\t\t\t<\/div>\n\t\t\t\t<\/div>\n\t\t<div class=\"elementor-element elementor-element-c8e516d e-flex e-con-boxed e-con e-parent\" data-id=\"c8e516d\" data-element_type=\"container\" data-e-type=\"container\">\n\t\t\t\t\t<div class=\"e-con-inner\">\n\t\t\t\t<div class=\"elementor-element elementor-element-2b7e133 elementor-widget elementor-widget-image\" data-id=\"2b7e133\" data-element_type=\"widget\" data-e-type=\"widget\" data-widget_type=\"image.default\">\n\t\t\t\t<div class=\"elementor-widget-container\">\n\t\t\t\t\t\t\t\t\t\t\t\t\t\t\t<img fetchpriority=\"high\" decoding=\"async\" width=\"300\" height=\"300\" src=\"https:\/\/civicgreen.erasmus.site\/wp-content\/uploads\/2024\/04\/module-5.png\" class=\"attachment-large size-large wp-image-175\" alt=\"\" srcset=\"https:\/\/civicgreen.erasmus.site\/wp-content\/uploads\/2024\/04\/module-5.png 300w, https:\/\/civicgreen.erasmus.site\/wp-content\/uploads\/2024\/04\/module-5-150x150.png 150w\" sizes=\"(max-width: 300px) 100vw, 300px\" \/>\t\t\t\t\t\t\t\t\t\t\t\t\t\t\t<\/div>\n\t\t\t\t<\/div>\n\t\t\t\t<div class=\"elementor-element elementor-element-1d8aecd elementor-widget elementor-widget-text-editor\" data-id=\"1d8aecd\" data-element_type=\"widget\" data-e-type=\"widget\" data-widget_type=\"text-editor.default\">\n\t\t\t\t<div class=\"elementor-widget-container\">\n\t\t\t\t\t\t\t\t\t<p><strong>5. MOD\u00dcL: SOSYAL SERMAYE VE TOPLUMSAL UYUM<br \/><\/strong><\/p>\t\t\t\t\t\t\t\t<\/div>\n\t\t\t\t<\/div>\n\t\t\t\t\t<\/div>\n\t\t\t\t<\/div>\n\t\t<div class=\"elementor-element elementor-element-71994ea e-flex e-con-boxed e-con e-parent\" data-id=\"71994ea\" data-element_type=\"container\" data-e-type=\"container\">\n\t\t\t\t\t<div class=\"e-con-inner\">\n\t\t\t\t<div class=\"elementor-element elementor-element-b465a50 elementor-widget elementor-widget-text-editor\" data-id=\"b465a50\" data-element_type=\"widget\" data-e-type=\"widget\" data-widget_type=\"text-editor.default\">\n\t\t\t\t<div class=\"elementor-widget-container\">\n\t\t\t\t\t\t\t\t\t<p>Sosyal sermaye ve toplumsal uyum kavramlar\u0131 genellikle birbirlerinin yerine kullan\u0131lmakla birlikte, ana hatlar\u0131yla belirtilmesi gereken baz\u0131 farkl\u0131l\u0131klar vard\u0131r \u00e7\u00fcnk\u00fc bu kavramlar bireylerin iklim de\u011fi\u015fikli\u011fi ve \u00e7evresel sorunlarla m\u00fccadele etmek i\u00e7in ne \u00f6l\u00e7\u00fcde kararl\u0131 olduklar\u0131n\u0131 ve birlikte hareket ettiklerini anlamalar\u0131na yard\u0131mc\u0131 olur.<\/p><p>Bu yetkinlik alan\u0131, vatanda\u015flar\u0131n S\u00fcrd\u00fcr\u00fclebilir Kalk\u0131nma Hedeflerine ba\u011fl\u0131l\u0131klar\u0131n\u0131n yan\u0131 s\u0131ra iklim de\u011fi\u015fikli\u011fi konusunda etkin bir kat\u0131l\u0131m i\u00e7in kolektif eylemi kolayla\u015ft\u0131ran kaynaklar\u0131 harekete ge\u00e7irmek, ba\u011flant\u0131lar ve a\u011flar kurmak i\u00e7in edinmeleri, geli\u015ftirmeleri veya iyile\u015ftirmeleri gereken bilgi, beceri ve tutumlar\u0131 tan\u0131mlamaktad\u0131r. YE\u015e\u0130L KATILIM (CIVIC GREEN) projesi vatanda\u015flar\u0131n, bir toplum i\u00e7inde birlik ve beraberlik duygusunu art\u0131rarak, iklim de\u011fi\u015fikli\u011finin neden oldu\u011fu acil sorunlara kar\u015f\u0131 haz\u0131rl\u0131kl\u0131 olan refah ve diren\u00e7li toplumlar\u0131 geli\u015ftirmeyi hedeflemektedir.<\/p>\t\t\t\t\t\t\t\t<\/div>\n\t\t\t\t<\/div>\n\t\t\t\t\t<\/div>\n\t\t\t\t<\/div>\n\t\t<div class=\"elementor-element elementor-element-e90fa60 e-flex e-con-boxed e-con e-child\" data-id=\"e90fa60\" data-element_type=\"container\" data-e-type=\"container\">\n\t\t\t\t\t<div class=\"e-con-inner\">\n\t\t<div class=\"elementor-element elementor-element-03e30e3 e-grid e-con-boxed e-con e-child\" data-id=\"03e30e3\" data-element_type=\"container\" data-e-type=\"container\">\n\t\t\t\t\t<div class=\"e-con-inner\">\n\t\t\t\t<div class=\"elementor-element elementor-element-1f1be91 elementor-align-center elementor-widget elementor-widget-button\" data-id=\"1f1be91\" data-element_type=\"widget\" data-e-type=\"widget\" data-widget_type=\"button.default\">\n\t\t\t\t<div class=\"elementor-widget-container\">\n\t\t\t\t\t\t\t\t\t<div class=\"elementor-button-wrapper\">\n\t\t\t\t\t<a class=\"elementor-button elementor-button-link elementor-size-sm\" href=\"https:\/\/civicgreen.erasmus.site\/platform\/5-social-capital-social-cohesion\/e-learning\/\">\n\t\t\t\t\t\t<span class=\"elementor-button-content-wrapper\">\n\t\t\t\t\t\t\t\t\t<span class=\"elementor-button-text\">E-\u00d6\u011frenme<\/span>\n\t\t\t\t\t<\/span>\n\t\t\t\t\t<\/a>\n\t\t\t\t<\/div>\n\t\t\t\t\t\t\t\t<\/div>\n\t\t\t\t<\/div>\n\t\t\t\t<div class=\"elementor-element elementor-element-d47a73e elementor-align-center elementor-widget elementor-widget-button\" data-id=\"d47a73e\" data-element_type=\"widget\" data-e-type=\"widget\" data-widget_type=\"button.default\">\n\t\t\t\t<div class=\"elementor-widget-container\">\n\t\t\t\t\t\t\t\t\t<div class=\"elementor-button-wrapper\">\n\t\t\t\t\t<a class=\"elementor-button elementor-button-link elementor-size-sm\" href=\"https:\/\/civicgreen.erasmus.site\/platform\/5-social-capital-social-cohesion\/community-of-practice\/\">\n\t\t\t\t\t\t<span class=\"elementor-button-content-wrapper\">\n\t\t\t\t\t\t\t\t\t<span class=\"elementor-button-text\">Uygulama seti<\/span>\n\t\t\t\t\t<\/span>\n\t\t\t\t\t<\/a>\n\t\t\t\t<\/div>\n\t\t\t\t\t\t\t\t<\/div>\n\t\t\t\t<\/div>\n\t\t\t\t\t<\/div>\n\t\t\t\t<\/div>\n\t\t\t\t\t<\/div>\n\t\t\t\t<\/div>\n\t\t\t\t<\/div>\n\t\t","protected":false},"excerpt":{"rendered":"<p>5. MOD\u00dcL: SOSYAL SERMAYE VE TOPLUMSAL UYUM Sosyal sermaye ve toplumsal uyum kavramlar\u0131 genellikle birbirlerinin yerine kullan\u0131lmakla birlikte, ana hatlar\u0131yla belirtilmesi gereken baz\u0131 farkl\u0131l\u0131klar vard\u0131r \u00e7\u00fcnk\u00fc bu kavramlar bireylerin iklim de\u011fi\u015fikli\u011fi ve \u00e7evresel sorunlarla m\u00fccadele etmek i\u00e7in ne \u00f6l\u00e7\u00fcde kararl\u0131 olduklar\u0131n\u0131 ve birlikte hareket ettiklerini anlamalar\u0131na yard\u0131mc\u0131 olur. Bu yetkinlik alan\u0131, vatanda\u015flar\u0131n S\u00fcrd\u00fcr\u00fclebilir Kalk\u0131nma Hedeflerine&hellip;&nbsp;<a href=\"https:\/\/civicgreen.erasmus.site\/tr\/platform\/5-social-capital-social-cohesion\/\" rel=\"bookmark\">Daha fazlas\u0131n\u0131 oku &raquo;<span class=\"screen-reader-text\">5. SOSYAL SERMAYE VE TOPLUMSAL UYUM<\/span><\/a><\/p>\n","protected":false},"author":1,"featured_media":0,"parent":41,"menu_order":0,"comment_status":"closed","ping_status":"closed","template":"","meta":{"neve_meta_sidebar":"","neve_meta_container":"","neve_meta_enable_content_width":"off","neve_meta_content_width":100,"neve_meta_title_alignment":"","neve_meta_author_avatar":"","neve_post_elements_order":"","neve_meta_disable_header":"","neve_meta_disable_footer":"","neve_meta_disable_title":"on","footnotes":""},"class_list":["post-529","page","type-page","status-publish","hentry"],"_links":{"self":[{"href":"https:\/\/civicgreen.erasmus.site\/tr\/wp-json\/wp\/v2\/pages\/529","targetHints":{"allow":["GET"]}}],"collection":[{"href":"https:\/\/civicgreen.erasmus.site\/tr\/wp-json\/wp\/v2\/pages"}],"about":[{"href":"https:\/\/civicgreen.erasmus.site\/tr\/wp-json\/wp\/v2\/types\/page"}],"author":[{"embeddable":true,"href":"https:\/\/civicgreen.erasmus.site\/tr\/wp-json\/wp\/v2\/users\/1"}],"replies":[{"embeddable":true,"href":"https:\/\/civicgreen.erasmus.site\/tr\/wp-json\/wp\/v2\/comments?post=529"}],"version-history":[{"count":44,"href":"https:\/\/civicgreen.erasmus.site\/tr\/wp-json\/wp\/v2\/pages\/529\/revisions"}],"predecessor-version":[{"id":1254,"href":"https:\/\/civicgreen.erasmus.site\/tr\/wp-json\/wp\/v2\/pages\/529\/revisions\/1254"}],"up":[{"embeddable":true,"href":"https:\/\/civicgreen.erasmus.site\/tr\/wp-json\/wp\/v2\/pages\/41"}],"wp:attachment":[{"href":"https:\/\/civicgreen.erasmus.site\/tr\/wp-json\/wp\/v2\/media?parent=529"}],"curies":[{"name":"wp","href":"https:\/\/api.w.org\/{rel}","templated":true}]}}