{"id":540,"date":"2024-04-25T19:28:03","date_gmt":"2024-04-25T19:28:03","guid":{"rendered":"https:\/\/civicgreen.erasmus.site\/?page_id=540"},"modified":"2024-06-13T09:48:09","modified_gmt":"2024-06-13T09:48:09","slug":"7-citizens-lobbying","status":"publish","type":"page","link":"https:\/\/civicgreen.erasmus.site\/tr\/platform\/7-citizens-lobbying\/","title":{"rendered":"7. TOPLUMSAL \u00d6RG\u00dcTLENME"},"content":{"rendered":"\t\t<div data-elementor-type=\"wp-page\" data-elementor-id=\"540\" class=\"elementor elementor-540\">\n\t\t\t\t<div class=\"elementor-element elementor-element-18f8ca0e e-flex e-con-boxed e-con e-parent\" data-id=\"18f8ca0e\" data-element_type=\"container\" data-e-type=\"container\">\n\t\t\t\t\t<div class=\"e-con-inner\">\n\t\t\t\t<div class=\"elementor-element elementor-element-1c68eef6 elementor-widget elementor-widget-shortcode\" data-id=\"1c68eef6\" data-element_type=\"widget\" data-e-type=\"widget\" data-widget_type=\"shortcode.default\">\n\t\t\t\t<div class=\"elementor-widget-container\">\n\t\t\t\t\t\t\t<div class=\"elementor-shortcode\"><nav aria-label=\"breadcrumbs\">\n            <div class=\"breadcrumb-container theme5\">\n                <ol>\n                                    <\/ol>\n            <\/div>\n        <\/nav>    <script type=\"application\/ld+json\">\n        {\n            \"@context\": \"http:\/\/schema.org\",\n            \"@type\": \"BreadcrumbList\",\n            \"itemListElement\": [\n                            ]\n        }\n    <\/script>\n   \n    <script>\n            <\/script>\n\r\n<\/div>\n\t\t\t\t\t\t<\/div>\n\t\t\t\t<\/div>\n\t\t\t\t\t<\/div>\n\t\t\t\t<\/div>\n\t\t<div class=\"elementor-element elementor-element-c8e516d e-flex e-con-boxed e-con e-parent\" data-id=\"c8e516d\" data-element_type=\"container\" data-e-type=\"container\">\n\t\t\t\t\t<div class=\"e-con-inner\">\n\t\t\t\t<div class=\"elementor-element elementor-element-27433db elementor-widget elementor-widget-image\" data-id=\"27433db\" data-element_type=\"widget\" data-e-type=\"widget\" data-widget_type=\"image.default\">\n\t\t\t\t<div class=\"elementor-widget-container\">\n\t\t\t\t\t\t\t\t\t\t\t\t\t\t\t<img fetchpriority=\"high\" decoding=\"async\" width=\"300\" height=\"300\" src=\"https:\/\/civicgreen.erasmus.site\/wp-content\/uploads\/2024\/04\/module-7.png\" class=\"attachment-large size-large wp-image-183\" alt=\"\" srcset=\"https:\/\/civicgreen.erasmus.site\/wp-content\/uploads\/2024\/04\/module-7.png 300w, https:\/\/civicgreen.erasmus.site\/wp-content\/uploads\/2024\/04\/module-7-150x150.png 150w\" sizes=\"(max-width: 300px) 100vw, 300px\" \/>\t\t\t\t\t\t\t\t\t\t\t\t\t\t\t<\/div>\n\t\t\t\t<\/div>\n\t\t\t\t<div class=\"elementor-element elementor-element-1d8aecd elementor-widget elementor-widget-text-editor\" data-id=\"1d8aecd\" data-element_type=\"widget\" data-e-type=\"widget\" data-widget_type=\"text-editor.default\">\n\t\t\t\t<div class=\"elementor-widget-container\">\n\t\t\t\t\t\t\t\t\t<p><strong>7. MOD\u00dcL: TOPLUMSAL \u00d6RG\u00dcTLENME<\/strong><\/p>\t\t\t\t\t\t\t\t<\/div>\n\t\t\t\t<\/div>\n\t\t\t\t\t<\/div>\n\t\t\t\t<\/div>\n\t\t<div class=\"elementor-element elementor-element-71994ea e-flex e-con-boxed e-con e-parent\" data-id=\"71994ea\" data-element_type=\"container\" data-e-type=\"container\">\n\t\t\t\t\t<div class=\"e-con-inner\">\n\t\t\t\t<div class=\"elementor-element elementor-element-b465a50 elementor-widget elementor-widget-text-editor\" data-id=\"b465a50\" data-element_type=\"widget\" data-e-type=\"widget\" data-widget_type=\"text-editor.default\">\n\t\t\t\t<div class=\"elementor-widget-container\">\n\t\t\t\t\t\t\t\t\t<p>Toplumsal \u00f6rg\u00fctlenme olarak da bilinen tabandan \u00f6rg\u00fctlenme, bireylerin veya vatanda\u015f gruplar\u0131n\u0131n mevzuat\u0131 ve kamu politikas\u0131n\u0131 etkilemek i\u00e7in politika yap\u0131c\u0131larla aktif olarak etkile\u015fim kurdu\u011fu bir savunuculuk bi\u00e7imidir. S\u00fcrd\u00fcr\u00fclebilir kalk\u0131nma ba\u011flam\u0131nda bak\u0131ld\u0131\u011f\u0131nda, toplumsal \u00f6rg\u00fctlenme olumlu de\u011fi\u015fimin sa\u011flanmas\u0131nda ve s\u00fcrd\u00fcr\u00fclebilir uygulamalar\u0131n te\u015fvik edilmesinde \u00f6nemli bir rol oynamaktad\u0131r.<\/p><p>Bu yetkinlik alan\u0131, kat\u0131l\u0131mc\u0131lar\u0131 s\u00fcrd\u00fcr\u00fclebilir politikalar\u0131 etkin bir \u015fekilde savunmak ve karar al\u0131c\u0131lar\u0131 etkilemek i\u00e7in bilgi, beceri ve g\u00fcven ile g\u00fc\u00e7lendirmeyi ama\u00e7lamaktad\u0131r. \u0130nsanlar\u0131 de\u011fi\u015fimin birer akt\u00f6r\u00fc olmalar\u0131 i\u00e7in g\u00fc\u00e7lendirir ve s\u00fcrd\u00fcr\u00fclebilir kalk\u0131nma ilkelerinin toplumun ve y\u00f6neti\u015fimin dokusuna entegre edilmesini sa\u011flar.<\/p>\t\t\t\t\t\t\t\t<\/div>\n\t\t\t\t<\/div>\n\t\t\t\t\t<\/div>\n\t\t\t\t<\/div>\n\t\t<div class=\"elementor-element elementor-element-e90fa60 e-flex e-con-boxed e-con e-child\" data-id=\"e90fa60\" data-element_type=\"container\" data-e-type=\"container\">\n\t\t\t\t\t<div class=\"e-con-inner\">\n\t\t<div class=\"elementor-element elementor-element-03e30e3 e-grid e-con-boxed e-con e-child\" data-id=\"03e30e3\" data-element_type=\"container\" data-e-type=\"container\">\n\t\t\t\t\t<div class=\"e-con-inner\">\n\t\t\t\t<div class=\"elementor-element elementor-element-1f1be91 elementor-align-center elementor-widget elementor-widget-button\" data-id=\"1f1be91\" data-element_type=\"widget\" data-e-type=\"widget\" data-widget_type=\"button.default\">\n\t\t\t\t<div class=\"elementor-widget-container\">\n\t\t\t\t\t\t\t\t\t<div class=\"elementor-button-wrapper\">\n\t\t\t\t\t<a class=\"elementor-button elementor-button-link elementor-size-sm\" href=\"https:\/\/civicgreen.erasmus.site\/platform\/7-citizens-lobbying\/e-learning\/\">\n\t\t\t\t\t\t<span class=\"elementor-button-content-wrapper\">\n\t\t\t\t\t\t\t\t\t<span class=\"elementor-button-text\">E-\u00d6\u011frenme<\/span>\n\t\t\t\t\t<\/span>\n\t\t\t\t\t<\/a>\n\t\t\t\t<\/div>\n\t\t\t\t\t\t\t\t<\/div>\n\t\t\t\t<\/div>\n\t\t\t\t<div class=\"elementor-element elementor-element-d47a73e elementor-align-center elementor-widget elementor-widget-button\" data-id=\"d47a73e\" data-element_type=\"widget\" data-e-type=\"widget\" data-widget_type=\"button.default\">\n\t\t\t\t<div class=\"elementor-widget-container\">\n\t\t\t\t\t\t\t\t\t<div class=\"elementor-button-wrapper\">\n\t\t\t\t\t<a class=\"elementor-button elementor-button-link elementor-size-sm\" href=\"https:\/\/civicgreen.erasmus.site\/platform\/7-citizens-lobbying\/community-of-practice\/\">\n\t\t\t\t\t\t<span class=\"elementor-button-content-wrapper\">\n\t\t\t\t\t\t\t\t\t<span class=\"elementor-button-text\">Uygulama seti<\/span>\n\t\t\t\t\t<\/span>\n\t\t\t\t\t<\/a>\n\t\t\t\t<\/div>\n\t\t\t\t\t\t\t\t<\/div>\n\t\t\t\t<\/div>\n\t\t\t\t\t<\/div>\n\t\t\t\t<\/div>\n\t\t\t\t\t<\/div>\n\t\t\t\t<\/div>\n\t\t\t\t<\/div>\n\t\t","protected":false},"excerpt":{"rendered":"<p>7. MOD\u00dcL: TOPLUMSAL \u00d6RG\u00dcTLENME Toplumsal \u00f6rg\u00fctlenme olarak da bilinen tabandan \u00f6rg\u00fctlenme, bireylerin veya vatanda\u015f gruplar\u0131n\u0131n mevzuat\u0131 ve kamu politikas\u0131n\u0131 etkilemek i\u00e7in politika yap\u0131c\u0131larla aktif olarak etkile\u015fim kurdu\u011fu bir savunuculuk bi\u00e7imidir. S\u00fcrd\u00fcr\u00fclebilir kalk\u0131nma ba\u011flam\u0131nda bak\u0131ld\u0131\u011f\u0131nda, toplumsal \u00f6rg\u00fctlenme olumlu de\u011fi\u015fimin sa\u011flanmas\u0131nda ve s\u00fcrd\u00fcr\u00fclebilir uygulamalar\u0131n te\u015fvik edilmesinde \u00f6nemli bir rol oynamaktad\u0131r. Bu yetkinlik alan\u0131, kat\u0131l\u0131mc\u0131lar\u0131 s\u00fcrd\u00fcr\u00fclebilir politikalar\u0131 etkin&hellip;&nbsp;<a href=\"https:\/\/civicgreen.erasmus.site\/tr\/platform\/7-citizens-lobbying\/\" rel=\"bookmark\">Daha fazlas\u0131n\u0131 oku &raquo;<span class=\"screen-reader-text\">7. TOPLUMSAL \u00d6RG\u00dcTLENME<\/span><\/a><\/p>\n","protected":false},"author":1,"featured_media":0,"parent":41,"menu_order":0,"comment_status":"closed","ping_status":"closed","template":"","meta":{"neve_meta_sidebar":"","neve_meta_container":"","neve_meta_enable_content_width":"off","neve_meta_content_width":100,"neve_meta_title_alignment":"","neve_meta_author_avatar":"","neve_post_elements_order":"","neve_meta_disable_header":"","neve_meta_disable_footer":"","neve_meta_disable_title":"on","footnotes":""},"class_list":["post-540","page","type-page","status-publish","hentry"],"_links":{"self":[{"href":"https:\/\/civicgreen.erasmus.site\/tr\/wp-json\/wp\/v2\/pages\/540","targetHints":{"allow":["GET"]}}],"collection":[{"href":"https:\/\/civicgreen.erasmus.site\/tr\/wp-json\/wp\/v2\/pages"}],"about":[{"href":"https:\/\/civicgreen.erasmus.site\/tr\/wp-json\/wp\/v2\/types\/page"}],"author":[{"embeddable":true,"href":"https:\/\/civicgreen.erasmus.site\/tr\/wp-json\/wp\/v2\/users\/1"}],"replies":[{"embeddable":true,"href":"https:\/\/civicgreen.erasmus.site\/tr\/wp-json\/wp\/v2\/comments?post=540"}],"version-history":[{"count":50,"href":"https:\/\/civicgreen.erasmus.site\/tr\/wp-json\/wp\/v2\/pages\/540\/revisions"}],"predecessor-version":[{"id":1260,"href":"https:\/\/civicgreen.erasmus.site\/tr\/wp-json\/wp\/v2\/pages\/540\/revisions\/1260"}],"up":[{"embeddable":true,"href":"https:\/\/civicgreen.erasmus.site\/tr\/wp-json\/wp\/v2\/pages\/41"}],"wp:attachment":[{"href":"https:\/\/civicgreen.erasmus.site\/tr\/wp-json\/wp\/v2\/media?parent=540"}],"curies":[{"name":"wp","href":"https:\/\/api.w.org\/{rel}","templated":true}]}}