{"id":8,"date":"2024-04-24T10:28:08","date_gmt":"2024-04-24T10:28:08","guid":{"rendered":"https:\/\/civicgreen.erasmus.site\/?page_id=8"},"modified":"2024-10-23T08:59:33","modified_gmt":"2024-10-23T08:59:33","slug":"home","status":"publish","type":"page","link":"https:\/\/civicgreen.erasmus.site\/tr\/","title":{"rendered":"Ana Sayfa"},"content":{"rendered":"\t\t<div data-elementor-type=\"wp-page\" data-elementor-id=\"8\" class=\"elementor elementor-8\">\n\t\t\t\t<div class=\"elementor-element elementor-element-2d6cc51 e-flex e-con-boxed e-con e-parent\" data-id=\"2d6cc51\" data-element_type=\"container\" data-e-type=\"container\">\n\t\t\t\t\t<div class=\"e-con-inner\">\n\t\t\t\t<div class=\"elementor-element elementor-element-25c3be6 elementor-widget elementor-widget-text-editor\" data-id=\"25c3be6\" data-element_type=\"widget\" data-e-type=\"widget\" data-widget_type=\"text-editor.default\">\n\t\t\t\t<div class=\"elementor-widget-container\">\n\t\t\t\t\t\t\t\t\t<p><strong>YE\u015e\u0130L KATILIM PROJES\u0130 <span style=\"color: #497b68;\">TOPLUM PLATFORMU\u2019NA<\/span> HO\u015eGELDINIZ<\/strong><\/p>\t\t\t\t\t\t\t\t<\/div>\n\t\t\t\t<\/div>\n\t\t\t\t\t<\/div>\n\t\t\t\t<\/div>\n\t\t<div class=\"elementor-element elementor-element-a98be08 e-flex e-con-boxed e-con e-parent\" data-id=\"a98be08\" data-element_type=\"container\" data-e-type=\"container\">\n\t\t\t\t\t<div class=\"e-con-inner\">\n\t\t<div class=\"elementor-element elementor-element-1ea8f78 e-con-full e-flex e-con e-child\" data-id=\"1ea8f78\" data-element_type=\"container\" data-e-type=\"container\">\n\t\t\t\t<div class=\"elementor-element elementor-element-1ad40ce elementor-widget elementor-widget-text-editor\" data-id=\"1ad40ce\" data-element_type=\"widget\" data-e-type=\"widget\" data-widget_type=\"text-editor.default\">\n\t\t\t\t<div class=\"elementor-widget-container\">\n\t\t\t\t\t\t\t\t\t<p>Toplumsal d\u00fczeyde (yerel, ulusal ve Avrupa) neler olup bitti\u011fini anlamak, insanlar\u0131 kendi ya\u015fam deneyimlerine yak\u0131n konular hakk\u0131nda harekete ge\u00e7meye sevk eder. Bu do\u011frultuda, YE\u015e\u0130L KATILIM (CIVIC GREEN) Projesi Toplumsal Platformu, vatanda\u015flar\u0131n \u00e7evre politikalar\u0131 ve projelerinin izlenmesine aktif olarak katk\u0131da bulunur.<\/p><p>Bu \u00e7evrimi\u00e7i sivil kat\u0131l\u0131m platformu, halk\u0131n \u00e7evresel konularda kat\u0131l\u0131m\u0131n\u0131 ve eylemini art\u0131rmay\u0131 hedeflemektedir. Bir vatanda\u015f giri\u015fimcili\u011fi platformu olarak tasarlanan bu platform, e-\u00f6\u011frenme i\u00e7eriklerine ek olarak \u015funlar\u0131 da i\u00e7ermektedir:<\/p><ol><li>Vatanda\u015flar\u0131n \u00e7evre konular\u0131nda ve toplumsal hayatta ilerlemesine yard\u0131mc\u0131 olan \u0130yi Uygulama \u00d6rnekleri Seti<\/li><li>Vatanda\u015flar\u0131n iklim de\u011fi\u015fikli\u011fi konular\u0131nda kamusal sorumlulu\u011fun \u00e7e\u015fitli boyutlar\u0131n\u0131 izlemelerine, analiz etmelerine ve de\u011ferlendirmelerine destek olacak bir Sivil \u0130zleme Arac\u0131.<\/li><li>YE\u015e\u0130L KATILIM (CIVIC GREEN) Projesi Toplumsal Platformu ayr\u0131ca Sivil Kat\u0131l\u0131m\u0131 G\u00fc\u00e7lendirme\u00a0 \u0130\u00e7in Haz\u0131rlanan Yetkinlikler \u00c7er\u00e7evesi ve proje tan\u0131t\u0131m materyallerini de i\u00e7ermektedir.<\/li><\/ol><p><\/p>\t\t\t\t\t\t\t\t<\/div>\n\t\t\t\t<\/div>\n\t\t\t\t<div class=\"elementor-element elementor-element-d18722f elementor-align-center elementor-widget elementor-widget-button\" data-id=\"d18722f\" data-element_type=\"widget\" data-e-type=\"widget\" data-widget_type=\"button.default\">\n\t\t\t\t<div class=\"elementor-widget-container\">\n\t\t\t\t\t\t\t\t\t<div class=\"elementor-button-wrapper\">\n\t\t\t\t\t<a class=\"elementor-button elementor-button-link elementor-size-sm\" href=\"https:\/\/civicgreen.erasmus.site\/platform\/\">\n\t\t\t\t\t\t<span class=\"elementor-button-content-wrapper\">\n\t\t\t\t\t\t<span class=\"elementor-button-icon\">\n\t\t\t\t<svg aria-hidden=\"true\" class=\"e-font-icon-svg e-fas-chevron-right\" viewBox=\"0 0 320 512\" xmlns=\"http:\/\/www.w3.org\/2000\/svg\"><path d=\"M285.476 272.971L91.132 467.314c-9.373 9.373-24.569 9.373-33.941 0l-22.667-22.667c-9.357-9.357-9.375-24.522-.04-33.901L188.505 256 34.484 101.255c-9.335-9.379-9.317-24.544.04-33.901l22.667-22.667c9.373-9.373 24.569-9.373 33.941 0L285.475 239.03c9.373 9.372 9.373 24.568.001 33.941z\"><\/path><\/svg>\t\t\t<\/span>\n\t\t\t\t\t\t\t\t\t<span class=\"elementor-button-text\">Platform\u2019a Giri\u015f<\/span>\n\t\t\t\t\t<\/span>\n\t\t\t\t\t<\/a>\n\t\t\t\t<\/div>\n\t\t\t\t\t\t\t\t<\/div>\n\t\t\t\t<\/div>\n\t\t\t\t<\/div>\n\t\t<div class=\"elementor-element elementor-element-2f75b19 e-con-full e-flex e-con e-child\" data-id=\"2f75b19\" data-element_type=\"container\" data-e-type=\"container\">\n\t\t\t\t<div class=\"elementor-element elementor-element-478ed94 elementor-widget elementor-widget-video\" data-id=\"478ed94\" data-element_type=\"widget\" data-e-type=\"widget\" data-settings=\"{&quot;video_type&quot;:&quot;hosted&quot;,&quot;controls&quot;:&quot;yes&quot;}\" data-widget_type=\"video.default\">\n\t\t\t\t<div class=\"elementor-widget-container\">\n\t\t\t\t\t\t\t<div class=\"e-hosted-video elementor-wrapper elementor-open-inline\">\n\t\t\t\t\t<video class=\"elementor-video\" src=\"https:\/\/civicgreen.erasmus.site\/wp-content\/uploads\/2024\/10\/CIVIC-GREEN-PLATFORM-INTRO-VIDEO.mp4\" controls=\"\" preload=\"metadata\" controlsList=\"nodownload\" poster=\"https:\/\/civicgreen.erasmus.site\/wp-content\/uploads\/2024\/10\/civic-logo.png\"><\/video>\n\t\t\t\t<\/div>\n\t\t\t\t\t\t<\/div>\n\t\t\t\t<\/div>\n\t\t\t\t<\/div>\n\t\t\t\t\t<\/div>\n\t\t\t\t<\/div>\n\t\t\t\t<\/div>\n\t\t","protected":false},"excerpt":{"rendered":"<p>YE\u015e\u0130L KATILIM PROJES\u0130 TOPLUM PLATFORMU\u2019NA HO\u015eGELDINIZ Toplumsal d\u00fczeyde (yerel, ulusal ve Avrupa) neler olup bitti\u011fini anlamak, insanlar\u0131 kendi ya\u015fam deneyimlerine yak\u0131n konular hakk\u0131nda harekete ge\u00e7meye sevk eder. Bu do\u011frultuda, YE\u015e\u0130L KATILIM (CIVIC GREEN) Projesi Toplumsal Platformu, vatanda\u015flar\u0131n \u00e7evre politikalar\u0131 ve projelerinin izlenmesine aktif olarak katk\u0131da bulunur. Bu \u00e7evrimi\u00e7i sivil kat\u0131l\u0131m platformu, halk\u0131n \u00e7evresel konularda kat\u0131l\u0131m\u0131n\u0131&hellip;&nbsp;<a href=\"https:\/\/civicgreen.erasmus.site\/tr\/\" rel=\"bookmark\">Daha fazlas\u0131n\u0131 oku &raquo;<span class=\"screen-reader-text\">Ana Sayfa<\/span><\/a><\/p>\n","protected":false},"author":1,"featured_media":0,"parent":0,"menu_order":0,"comment_status":"closed","ping_status":"closed","template":"page-templates\/template-pagebuilder-full-width.php","meta":{"neve_meta_sidebar":"","neve_meta_container":"","neve_meta_enable_content_width":"off","neve_meta_content_width":100,"neve_meta_title_alignment":"","neve_meta_author_avatar":"","neve_post_elements_order":"","neve_meta_disable_header":"","neve_meta_disable_footer":"","neve_meta_disable_title":"","footnotes":""},"class_list":["post-8","page","type-page","status-publish","hentry"],"_links":{"self":[{"href":"https:\/\/civicgreen.erasmus.site\/tr\/wp-json\/wp\/v2\/pages\/8","targetHints":{"allow":["GET"]}}],"collection":[{"href":"https:\/\/civicgreen.erasmus.site\/tr\/wp-json\/wp\/v2\/pages"}],"about":[{"href":"https:\/\/civicgreen.erasmus.site\/tr\/wp-json\/wp\/v2\/types\/page"}],"author":[{"embeddable":true,"href":"https:\/\/civicgreen.erasmus.site\/tr\/wp-json\/wp\/v2\/users\/1"}],"replies":[{"embeddable":true,"href":"https:\/\/civicgreen.erasmus.site\/tr\/wp-json\/wp\/v2\/comments?post=8"}],"version-history":[{"count":50,"href":"https:\/\/civicgreen.erasmus.site\/tr\/wp-json\/wp\/v2\/pages\/8\/revisions"}],"predecessor-version":[{"id":1487,"href":"https:\/\/civicgreen.erasmus.site\/tr\/wp-json\/wp\/v2\/pages\/8\/revisions\/1487"}],"wp:attachment":[{"href":"https:\/\/civicgreen.erasmus.site\/tr\/wp-json\/wp\/v2\/media?parent=8"}],"curies":[{"name":"wp","href":"https:\/\/api.w.org\/{rel}","templated":true}]}}